{"id":24,"date":"2021-01-21T10:25:34","date_gmt":"2021-01-21T10:25:34","guid":{"rendered":"https:\/\/institucional.us.es\/aaaetsi\/?page_id=24"},"modified":"2022-03-22T13:51:36","modified_gmt":"2022-03-22T12:51:36","slug":"historia","status":"publish","type":"page","link":"https:\/\/institucional.us.es\/aaaetsi\/historia\/","title":{"rendered":"Historia"},"content":{"rendered":"\n<hr class=\"wp-block-separator has-text-color has-background has-black-background-color has-black-color is-style-default\"\/>\n\n\n\n<p class=\"has-text-align-left\">La <strong>Asociaci\u00f3n de Antiguos Alumnos<\/strong> de la Escuela Superior de Ingenier\u00eda de Sevilla da sus primeros pasos al comienzo de los 90, cuando se estaban cumpliendo veinticinco a\u00f1os de historia de la Escuela. Los comienzos no fueron f\u00e1ciles y hubieron de transcurrir varios a\u00f1os hasta que se fueron cumpliendo los hitos de tener unos estatutos, de tener una Junta Rectora, de celebrar la primera Asamblea General y de realizar las primeras actividades. Nos acerc\u00e1bamos de esta forma a la tradici\u00f3n de los grandes centros culturales, cient\u00edficos y tecnol\u00f3gicos a los que nos sentimos orgullosos de pertenecer.<\/p>\n\n\n\n<div class=\"wp-block-image\"><figure class=\"aligncenter size-large\"><img loading=\"lazy\" decoding=\"async\" width=\"356\" height=\"224\" src=\"https:\/\/institucional.us.es\/aaaetsi\/wp-content\/uploads\/2021\/05\/25_aniversario.png\" alt=\"etsi_25\" class=\"wp-image-707\" srcset=\"https:\/\/institucional.us.es\/aaaetsi\/wp-content\/uploads\/2021\/05\/25_aniversario.png 356w, https:\/\/institucional.us.es\/aaaetsi\/wp-content\/uploads\/2021\/05\/25_aniversario-200x126.png 200w\" sizes=\"auto, (max-width: 356px) 100vw, 356px\" \/><figcaption><em>Edificios de la Escuela T\u00e9cnica Superior de Ingenier\u00eda<\/em><\/figcaption><\/figure><\/div>\n\n\n\n<p>Todos los que hemos colaborado en la creaci\u00f3n de esta Asociaci\u00f3n hemos pensado que el mayor activo que tiene la Escuela no est\u00e1 constituido por el edificio, los laboratorios o la producci\u00f3n cient\u00edfica o tecnol\u00f3gica realizada, con ser todos ellos aspectos de enorme relevancia, sino que su activo se basa fundamentalmente en el colectivo de personas que compartieron a\u00f1os decisivos de su formaci\u00f3n en este Centro. A todas estas personas va dirigida esta Asociaci\u00f3n, en la esperanza de que las relaciones que alcanzamos durante nuestra estancia en la Escuela se prolonguen en nuestra vida profesional y en el deseo de que ello pueda redundar en una mejora permanente de la propia Escuela.<\/p>\n\n\n\n<p>La Asociaci\u00f3n, que surge inicialmente para agrupar a los antiguos alumnos de Ingenier\u00eda Industrial, modifica sus <a rel=\"noreferrer noopener\" href=\"https:\/\/institucional.us.es\/aaaetsi\/wp-content\/uploads\/2021\/01\/pdf_estatuto.pdf\" data-type=\"URL\" data-id=\"https:\/\/institucional.us.es\/aaaetsi\/wp-content\/uploads\/2021\/01\/pdf_estatuto.pdf\" target=\"_blank\">Estatutos<\/a> en febrero de 1999 para dar cabida a las nuevas titulaciones de Ingenier\u00eda incorporadas a la Escuela y a las que puedan incorporarse en el futuro.<\/p>\n","protected":false},"excerpt":{"rendered":"<p>La Asociaci\u00f3n de Antiguos Alumnos de la Escuela Superior de Ingenier\u00eda de Sevilla da sus primeros pasos al comienzo de los 90, cuando se estaban cumpliendo veinticinco a\u00f1os de historia de la Escuela. Los comienzos no fueron f\u00e1ciles y hubieron de transcurrir varios a\u00f1os hasta que se fueron cumpliendo los hitos de tener unos estatutos, [&hellip;]<\/p>\n","protected":false},"author":1,"featured_media":0,"parent":0,"menu_order":0,"comment_status":"closed","ping_status":"closed","template":"","meta":{"_acf_changed":false,"footnotes":""},"class_list":["post-24","page","type-page","status-publish","hentry"],"acf":[],"post_mailing_queue_ids":[],"_links":{"self":[{"href":"https:\/\/institucional.us.es\/aaaetsi\/wp-json\/wp\/v2\/pages\/24","targetHints":{"allow":["GET"]}}],"collection":[{"href":"https:\/\/institucional.us.es\/aaaetsi\/wp-json\/wp\/v2\/pages"}],"about":[{"href":"https:\/\/institucional.us.es\/aaaetsi\/wp-json\/wp\/v2\/types\/page"}],"author":[{"embeddable":true,"href":"https:\/\/institucional.us.es\/aaaetsi\/wp-json\/wp\/v2\/users\/1"}],"replies":[{"embeddable":true,"href":"https:\/\/institucional.us.es\/aaaetsi\/wp-json\/wp\/v2\/comments?post=24"}],"version-history":[{"count":11,"href":"https:\/\/institucional.us.es\/aaaetsi\/wp-json\/wp\/v2\/pages\/24\/revisions"}],"predecessor-version":[{"id":1892,"href":"https:\/\/institucional.us.es\/aaaetsi\/wp-json\/wp\/v2\/pages\/24\/revisions\/1892"}],"wp:attachment":[{"href":"https:\/\/institucional.us.es\/aaaetsi\/wp-json\/wp\/v2\/media?parent=24"}],"curies":[{"name":"wp","href":"https:\/\/api.w.org\/{rel}","templated":true}]}}