{"id":28,"date":"2021-01-21T10:30:27","date_gmt":"2021-01-21T10:30:27","guid":{"rendered":"https:\/\/institucional.us.es\/aaaetsi\/?page_id=28"},"modified":"2022-03-22T13:52:05","modified_gmt":"2022-03-22T12:52:05","slug":"junta-rectora","status":"publish","type":"page","link":"https:\/\/institucional.us.es\/aaaetsi\/junta-rectora\/","title":{"rendered":"Junta Rectora"},"content":{"rendered":"\n<hr class=\"wp-block-separator has-text-color has-background has-black-background-color has-black-color is-style-default\"\/>\n\n\n\n<p>La Junta Rectora de la Asociaci\u00f3n, elegida en Asamblea General, est\u00e1 compuesta por las siguientes personas:<\/p>\n\n\n\n<figure class=\"wp-block-table aligncenter is-style-stripes\"><table class=\"has-background\" style=\"background-color:#f3f4f5\"><tbody><tr><td class=\"has-text-align-center\" data-align=\"center\"><strong>PRESIDENTE<\/strong><\/td><\/tr><tr><td class=\"has-text-align-center\" data-align=\"center\"> <img loading=\"lazy\" decoding=\"async\" width=\"150\" height=\"195\" class=\"wp-image-717\" style=\"width: 150px;\" src=\"https:\/\/institucional.us.es\/aaaetsi\/wp-content\/uploads\/2021\/05\/director_aaa.jpg\" alt=\"director\"><br><strong>D. Francisco Campos Garc\u00eda<\/strong><\/td><\/tr><\/tbody><\/table><\/figure>\n\n\n\n<figure class=\"wp-block-table is-style-regular\"><table class=\"has-background has-fixed-layout\" style=\"background-color:#f3f4f5\"><thead><tr><th class=\"has-text-align-center\" data-align=\"center\">VICEPRESIDENTE<\/th><th class=\"has-text-align-center\" data-align=\"center\">SECRETARIO<\/th><th class=\"has-text-align-center\" data-align=\"center\">TESORERO<\/th><\/tr><\/thead><tbody><tr><td class=\"has-text-align-center\" data-align=\"center\">D. Rafael Estepa Alonso<\/td><td class=\"has-text-align-center\" data-align=\"center\">D. Rafael P\u00e9rez Rubio<\/td><td class=\"has-text-align-center\" data-align=\"center\">D. Manuel L\u00f3pez Casero<\/td><\/tr><\/tbody><\/table><\/figure>\n\n\n\n<figure class=\"wp-block-table is-style-stripes\"><table class=\"has-background has-fixed-layout\" style=\"background-color:#f3f4f5\"><thead><tr><th>VOCALES<\/th><\/tr><\/thead><tbody><tr><td>D. Jos\u00e9 Lu\u00eds Mart\u00ednez Ramos<\/td><\/tr><tr><td>D. Miguel de la Torre Lucena<\/td><\/tr><tr><td>D. Jos\u00e9 Mariano Gonz\u00e1lez Romano<\/td><\/tr><tr><td>D. Miguel \u00c1ngel Iglesias L\u00f3pez<\/td><\/tr><tr><td>D. Jorge \u00c1ngel Santamar\u00eda Mifsut<\/td><\/tr><tr><td>D. Francisco Carrasco Arenas<\/td><\/tr><tr><td>D. Alfonso Valenzuela Romero<\/td><\/tr><tr><td>D\u00f1a. Mar\u00eda Oliva Coca de La Torre<\/td><\/tr><tr><td>D. Lu\u00eds Miguel Pons Moriche<\/td><\/tr><\/tbody><\/table><\/figure>\n","protected":false},"excerpt":{"rendered":"<p>La Junta Rectora de la Asociaci\u00f3n, elegida en Asamblea General, est\u00e1 compuesta por las siguientes personas: PRESIDENTE D. Francisco Campos Garc\u00eda VICEPRESIDENTE SECRETARIO TESORERO D. Rafael Estepa Alonso D. Rafael P\u00e9rez Rubio D. Manuel L\u00f3pez Casero VOCALES D. Jos\u00e9 Lu\u00eds Mart\u00ednez Ramos D. Miguel de la Torre Lucena D. Jos\u00e9 Mariano Gonz\u00e1lez Romano D. Miguel [&hellip;]<\/p>\n","protected":false},"author":1,"featured_media":0,"parent":0,"menu_order":0,"comment_status":"closed","ping_status":"closed","template":"","meta":{"_acf_changed":false,"footnotes":""},"class_list":["post-28","page","type-page","status-publish","hentry"],"acf":[],"post_mailing_queue_ids":[],"_links":{"self":[{"href":"https:\/\/institucional.us.es\/aaaetsi\/wp-json\/wp\/v2\/pages\/28","targetHints":{"allow":["GET"]}}],"collection":[{"href":"https:\/\/institucional.us.es\/aaaetsi\/wp-json\/wp\/v2\/pages"}],"about":[{"href":"https:\/\/institucional.us.es\/aaaetsi\/wp-json\/wp\/v2\/types\/page"}],"author":[{"embeddable":true,"href":"https:\/\/institucional.us.es\/aaaetsi\/wp-json\/wp\/v2\/users\/1"}],"replies":[{"embeddable":true,"href":"https:\/\/institucional.us.es\/aaaetsi\/wp-json\/wp\/v2\/comments?post=28"}],"version-history":[{"count":18,"href":"https:\/\/institucional.us.es\/aaaetsi\/wp-json\/wp\/v2\/pages\/28\/revisions"}],"predecessor-version":[{"id":1893,"href":"https:\/\/institucional.us.es\/aaaetsi\/wp-json\/wp\/v2\/pages\/28\/revisions\/1893"}],"wp:attachment":[{"href":"https:\/\/institucional.us.es\/aaaetsi\/wp-json\/wp\/v2\/media?parent=28"}],"curies":[{"name":"wp","href":"https:\/\/api.w.org\/{rel}","templated":true}]}}