{"id":3,"date":"2021-01-21T08:50:03","date_gmt":"2021-01-21T08:50:03","guid":{"rendered":"http:\/\/institucional.us.es\/aaaetsi\/?page_id=3"},"modified":"2022-03-22T14:20:07","modified_gmt":"2022-03-22T13:20:07","slug":"politica-privacidad","status":"publish","type":"page","link":"https:\/\/institucional.us.es\/aaaetsi\/politica-privacidad\/","title":{"rendered":"Aviso legal"},"content":{"rendered":"\n<hr class=\"wp-block-separator has-text-color has-background has-black-background-color has-black-color is-style-default\"\/>\n\n\n\n<h4 class=\"has-text-align-center wp-block-heading\">Informaci\u00f3n general en relaci\u00f3n con el portal https:\/\/institucional.us.es\/aaaetsi\/<\/h4>\n\n\n\n<p>En cumplimiento de lo previsto en la&nbsp;<strong>Ley 34\/2002<\/strong>, de 11 de julio, de Servicios de la Sociedad de la Informaci\u00f3n y de Comercio Electr\u00f3nico, as\u00ed como en otras normas de legal aplicaci\u00f3n, se pone en conocimiento de los usuarios del Portal de Internet&nbsp;<strong>https:\/\/institucional.us.es\/aaaetsi\/<\/strong>&nbsp;los siguientes datos de informaci\u00f3n general:<\/p>\n\n\n\n<ol class=\"wp-block-list\"><li>El presente portal constituye el Sitio Oficial en Internet de la&nbsp;<strong>ASOCIACI\u00d3N DE ANTIGUOS ALUMNOS DE LA ESCUELA T\u00c9CNICA SUPERIOR DE INGENIER\u00cdA<\/strong>&nbsp;de la UNIVERSIDAD DE SEVILLA. Ha sido creado y es mantenido a instancias de la&nbsp;<em>UNIVERSIDAD DE SEVILLA<\/em>, quien es su propietaria, as\u00ed como de aquellos nombres de dominio que a \u00e9l conducen.<\/li><li>La UNIVERSIDAD DE SEVILLA es una instituci\u00f3n p\u00fablica educativa.<\/li><li>La UNIVERSIDAD DE SEVILLA est\u00e1 provista de C.I.F. n\u00b0 Q-4118001-I<\/li><li>La sede de la UNIVERSIDAD DE SEVILLA se encuentra en:<ul><li>C\/ S. Fernando, 4&nbsp;<em>(C.P. 41004)<\/em>&nbsp;SEVILLA<\/li><li>ESPA\u00d1A<\/li><\/ul><\/li><li>Los usuarios del presente portal podr\u00e1n establecer una comunicaci\u00f3n directa y efectiva con la UNIVERSIDAD DE SEVILLA mediante comunicaci\u00f3n escrita remitida a su domicilio social, indicado en el punto 4 de los que componen esta Informaci\u00f3n General.<\/li><\/ol>\n","protected":false},"excerpt":{"rendered":"<p>Informaci\u00f3n general en relaci\u00f3n con el portal https:\/\/institucional.us.es\/aaaetsi\/ En cumplimiento de lo previsto en la&nbsp;Ley 34\/2002, de 11 de julio, de Servicios de la Sociedad de la Informaci\u00f3n y de Comercio Electr\u00f3nico, as\u00ed como en otras normas de legal aplicaci\u00f3n, se pone en conocimiento de los usuarios del Portal de Internet&nbsp;https:\/\/institucional.us.es\/aaaetsi\/&nbsp;los siguientes datos de informaci\u00f3n [&hellip;]<\/p>\n","protected":false},"author":1,"featured_media":0,"parent":0,"menu_order":0,"comment_status":"closed","ping_status":"open","template":"","meta":{"_acf_changed":false,"footnotes":""},"class_list":["post-3","page","type-page","status-publish","hentry"],"acf":[],"post_mailing_queue_ids":[],"_links":{"self":[{"href":"https:\/\/institucional.us.es\/aaaetsi\/wp-json\/wp\/v2\/pages\/3","targetHints":{"allow":["GET"]}}],"collection":[{"href":"https:\/\/institucional.us.es\/aaaetsi\/wp-json\/wp\/v2\/pages"}],"about":[{"href":"https:\/\/institucional.us.es\/aaaetsi\/wp-json\/wp\/v2\/types\/page"}],"author":[{"embeddable":true,"href":"https:\/\/institucional.us.es\/aaaetsi\/wp-json\/wp\/v2\/users\/1"}],"replies":[{"embeddable":true,"href":"https:\/\/institucional.us.es\/aaaetsi\/wp-json\/wp\/v2\/comments?post=3"}],"version-history":[{"count":3,"href":"https:\/\/institucional.us.es\/aaaetsi\/wp-json\/wp\/v2\/pages\/3\/revisions"}],"predecessor-version":[{"id":1906,"href":"https:\/\/institucional.us.es\/aaaetsi\/wp-json\/wp\/v2\/pages\/3\/revisions\/1906"}],"wp:attachment":[{"href":"https:\/\/institucional.us.es\/aaaetsi\/wp-json\/wp\/v2\/media?parent=3"}],"curies":[{"name":"wp","href":"https:\/\/api.w.org\/{rel}","templated":true}]}}