{"id":62,"date":"2021-01-26T07:42:24","date_gmt":"2021-01-26T07:42:24","guid":{"rendered":"https:\/\/institucional.us.es\/aaaetsi\/?page_id=62"},"modified":"2022-03-22T14:13:10","modified_gmt":"2022-03-22T13:13:10","slug":"empleo","status":"publish","type":"page","link":"https:\/\/institucional.us.es\/aaaetsi\/empleo\/","title":{"rendered":"Empleo"},"content":{"rendered":"\n<hr class=\"wp-block-separator has-text-color has-background has-black-background-color has-black-color is-style-default\"\/>\n\n\n<ul class=\"wp-block-latest-posts__list is-grid columns-4 has-dates wp-block-latest-posts\"><li><a class=\"wp-block-latest-posts__post-title\" href=\"https:\/\/institucional.us.es\/aaaetsi\/2026\/02\/18\/oferta-de-empleo-vacante-bim-grado-de-civil-y-miccp\/\">Oferta de empleo vacante BIM (Grado de Civil y MICCP)<\/a><time datetime=\"2026-02-18T14:11:09+01:00\" class=\"wp-block-latest-posts__post-date\">mi\u00e9rcoles 18 de febrero de 2026<\/time><\/li>\n<li><a class=\"wp-block-latest-posts__post-title\" href=\"https:\/\/institucional.us.es\/aaaetsi\/2026\/02\/10\/vacante-de-empleo-dinotec-portal-etsi\/\">VACANTE DE EMPLEO DINOTEC &#8211; PORTAL ETSI<\/a><time datetime=\"2026-02-10T15:16:58+01:00\" class=\"wp-block-latest-posts__post-date\">martes 10 de febrero de 2026<\/time><\/li>\n<li><a class=\"wp-block-latest-posts__post-title\" href=\"https:\/\/institucional.us.es\/aaaetsi\/2026\/01\/23\/oferta-de-empleo-grupo-tragsa-ref-51800\/\">OFERTA DE EMPLEO &#8211; GRUPO TRAGSA. REF 51800<\/a><time datetime=\"2026-01-23T13:32:57+01:00\" class=\"wp-block-latest-posts__post-date\">viernes 23 de enero de 2026<\/time><\/li>\n<li><a class=\"wp-block-latest-posts__post-title\" href=\"https:\/\/institucional.us.es\/aaaetsi\/2026\/01\/14\/oferta-trabajo-imse-photonics-research-assistant\/\">Oferta trabajo IMSE &#8211; Photonics Research Assistant<\/a><time datetime=\"2026-01-14T13:29:22+01:00\" class=\"wp-block-latest-posts__post-date\">mi\u00e9rcoles 14 de enero de 2026<\/time><\/li>\n<li><a class=\"wp-block-latest-posts__post-title\" href=\"https:\/\/institucional.us.es\/aaaetsi\/2025\/10\/24\/insiteca-ingenieros-supervisores-y-coordinadores-de-seguridad-y-salud-en-obras-en-estaciones-o-areas-de-servicios\/\">Insiteca Ingenieros Supervisores y Coordinadores de Seguridad y Salud en Obras en Estaciones \u00f3 \u00c1reas de Servicios<\/a><time datetime=\"2025-10-24T10:33:48+02:00\" class=\"wp-block-latest-posts__post-date\">viernes 24 de octubre de 2025<\/time><\/li>\n<li><a class=\"wp-block-latest-posts__post-title\" href=\"https:\/\/institucional.us.es\/aaaetsi\/2025\/10\/10\/oferta-de-empleo-deutz-ia-engineer\/\">Oferta de empleo Deutz IA Engineer<\/a><time datetime=\"2025-10-10T10:26:03+02:00\" class=\"wp-block-latest-posts__post-date\">viernes 10 de octubre de 2025<\/time><\/li>\n<li><a class=\"wp-block-latest-posts__post-title\" href=\"https:\/\/institucional.us.es\/aaaetsi\/2025\/09\/17\/oferta-empleo-solvinco_tekla\/\">Oferta empleo SOLVINCO_Tekla<\/a><time datetime=\"2025-09-17T11:47:43+02:00\" class=\"wp-block-latest-posts__post-date\">mi\u00e9rcoles 17 de septiembre de 2025<\/time><\/li>\n<li><a class=\"wp-block-latest-posts__post-title\" href=\"https:\/\/institucional.us.es\/aaaetsi\/2025\/06\/26\/oferta-de-empleo-tecnico-a-de-energia-sevilla-ref-25172\/\">Oferta de empleo: T\u00e9cnico\/a de Energ\u00eda (Sevilla) &#8211; REF. 25172<\/a><time datetime=\"2025-06-26T12:43:03+02:00\" class=\"wp-block-latest-posts__post-date\">jueves 26 de junio de 2025<\/time><\/li>\n<li><a class=\"wp-block-latest-posts__post-title\" href=\"https:\/\/institucional.us.es\/aaaetsi\/2025\/06\/16\/oferta-de-empleo-cemosa\/\">OFERTA DE EMPLEO CEMOSA<\/a><time datetime=\"2025-06-16T12:09:27+02:00\" class=\"wp-block-latest-posts__post-date\">lunes 16 de junio de 2025<\/time><\/li>\n<li><a class=\"wp-block-latest-posts__post-title\" href=\"https:\/\/institucional.us.es\/aaaetsi\/2025\/06\/12\/oferta-de-trabajo-redio\/\">Oferta de trabajo REDIO<\/a><time datetime=\"2025-06-12T13:17:23+02:00\" class=\"wp-block-latest-posts__post-date\">jueves 12 de junio de 2025<\/time><\/li>\n<li><a class=\"wp-block-latest-posts__post-title\" href=\"https:\/\/institucional.us.es\/aaaetsi\/2025\/05\/23\/oferta-para-ingenieria-de-diseno-ingenieria-industrial-o-similar-23-05-2025\/\">Oferta para ingenier\u00eda de dise\u00f1o, ingenier\u00eda industrial o similar 23\/05\/2025<\/a><time datetime=\"2025-05-23T12:04:51+02:00\" class=\"wp-block-latest-posts__post-date\">viernes 23 de mayo de 2025<\/time><\/li>\n<li><a class=\"wp-block-latest-posts__post-title\" href=\"https:\/\/institucional.us.es\/aaaetsi\/2025\/04\/24\/oferta-de-empleo-eqo-de-huelva\/\">OFERTA DE EMPLEO EQO de Huelva<\/a><time datetime=\"2025-04-24T14:20:36+02:00\" class=\"wp-block-latest-posts__post-date\">jueves 24 de abril de 2025<\/time><\/li>\n<li><a class=\"wp-block-latest-posts__post-title\" href=\"https:\/\/institucional.us.es\/aaaetsi\/2025\/04\/01\/idom-perfiles-ingenieros-civiles\/\">IDOM- Perfiles Ingenieros Civiles<\/a><time datetime=\"2025-04-01T14:09:11+02:00\" class=\"wp-block-latest-posts__post-date\">martes 1 de abril de 2025<\/time><\/li>\n<li><a class=\"wp-block-latest-posts__post-title\" href=\"https:\/\/institucional.us.es\/aaaetsi\/2025\/03\/19\/posicion-de-beca-atlantica-sustainable-infrastructure\/\">Posici\u00f3n de Beca | Atlantica Sustainable Infrastructure<\/a><time datetime=\"2025-03-19T14:46:16+01:00\" class=\"wp-block-latest-posts__post-date\">mi\u00e9rcoles 19 de marzo de 2025<\/time><\/li>\n<li><a class=\"wp-block-latest-posts__post-title\" href=\"https:\/\/institucional.us.es\/aaaetsi\/2025\/02\/04\/oferta-grupo-tragsa-ref-47303\/\">OFERTA GRUPO TRAGSA &#8211; Ref. 47303<\/a><time datetime=\"2025-02-04T10:34:00+01:00\" class=\"wp-block-latest-posts__post-date\">martes 4 de febrero de 2025<\/time><\/li>\n<li><a class=\"wp-block-latest-posts__post-title\" href=\"https:\/\/institucional.us.es\/aaaetsi\/2025\/01\/21\/7-perfiles-tecnicos-para-cadiz\/\">7 perfiles t\u00e9cnicos para C\u00e1diz<\/a><time datetime=\"2025-01-21T14:00:15+01:00\" class=\"wp-block-latest-posts__post-date\">martes 21 de enero de 2025<\/time><\/li>\n<\/ul>\n\n\n<p class=\"has-small-font-size\">\u00daltimas Ofertas de empleo publicadas, puede consultar todas las Ofertas de empleo pulsando&nbsp;<a href=\"https:\/\/institucional.us.es\/aaaetsi\/category\/empleo\/\" data-type=\"category\" data-id=\"6\">aqu\u00ed<\/a>.<\/p>\n","protected":false},"excerpt":{"rendered":"<p>\u00daltimas Ofertas de empleo publicadas, puede consultar todas las Ofertas de empleo pulsando&nbsp;aqu\u00ed.<\/p>\n","protected":false},"author":1,"featured_media":0,"parent":0,"menu_order":0,"comment_status":"closed","ping_status":"closed","template":"","meta":{"_acf_changed":false,"footnotes":""},"class_list":["post-62","page","type-page","status-publish","hentry"],"acf":[],"post_mailing_queue_ids":[],"_links":{"self":[{"href":"https:\/\/institucional.us.es\/aaaetsi\/wp-json\/wp\/v2\/pages\/62","targetHints":{"allow":["GET"]}}],"collection":[{"href":"https:\/\/institucional.us.es\/aaaetsi\/wp-json\/wp\/v2\/pages"}],"about":[{"href":"https:\/\/institucional.us.es\/aaaetsi\/wp-json\/wp\/v2\/types\/page"}],"author":[{"embeddable":true,"href":"https:\/\/institucional.us.es\/aaaetsi\/wp-json\/wp\/v2\/users\/1"}],"replies":[{"embeddable":true,"href":"https:\/\/institucional.us.es\/aaaetsi\/wp-json\/wp\/v2\/comments?post=62"}],"version-history":[{"count":8,"href":"https:\/\/institucional.us.es\/aaaetsi\/wp-json\/wp\/v2\/pages\/62\/revisions"}],"predecessor-version":[{"id":1899,"href":"https:\/\/institucional.us.es\/aaaetsi\/wp-json\/wp\/v2\/pages\/62\/revisions\/1899"}],"wp:attachment":[{"href":"https:\/\/institucional.us.es\/aaaetsi\/wp-json\/wp\/v2\/media?parent=62"}],"curies":[{"name":"wp","href":"https:\/\/api.w.org\/{rel}","templated":true}]}}