{"id":668,"date":"2021-05-05T14:23:21","date_gmt":"2021-05-05T12:23:21","guid":{"rendered":"https:\/\/institucional.us.es\/aaaetsi\/?page_id=668"},"modified":"2022-03-22T14:16:02","modified_gmt":"2022-03-22T13:16:02","slug":"alta-nuevo-socio","status":"publish","type":"page","link":"https:\/\/institucional.us.es\/aaaetsi\/alta-nuevo-socio\/","title":{"rendered":"Alta de nuevo socio"},"content":{"rendered":"\n<hr class=\"wp-block-separator has-text-color has-background has-black-background-color has-black-color is-style-default\"\/>\n\n\n\n<h2 class=\"has-text-align-center wp-block-heading\">Formulario de alta en la asociaci\u00f3n de antiguos alumnos \u00ab<span class=\"has-inline-color has-luminous-vivid-orange-color\">Antonio de Ulloa<\/span>\u00bb de la Escuela Superior de Ingenier\u00eda de la Universidad de Sevilla<\/h2>\n\n\n\n<div class=\"wpcf7 no-js\" id=\"wpcf7-f667-o1\" lang=\"es-ES\" dir=\"ltr\" data-wpcf7-id=\"667\">\n<div class=\"screen-reader-response\"><p role=\"status\" aria-live=\"polite\" aria-atomic=\"true\"><\/p> <ul><\/ul><\/div>\n<form action=\"\/aaaetsi\/wp-json\/wp\/v2\/pages\/668#wpcf7-f667-o1\" method=\"post\" class=\"wpcf7-form init\" aria-label=\"Formulario de contacto\" novalidate=\"novalidate\" data-status=\"init\">\n<fieldset class=\"hidden-fields-container\"><input type=\"hidden\" name=\"_wpcf7\" value=\"667\" \/><input type=\"hidden\" name=\"_wpcf7_version\" value=\"6.1.5\" \/><input type=\"hidden\" name=\"_wpcf7_locale\" value=\"es_ES\" \/><input type=\"hidden\" name=\"_wpcf7_unit_tag\" value=\"wpcf7-f667-o1\" \/><input type=\"hidden\" name=\"_wpcf7_container_post\" value=\"0\" \/><input type=\"hidden\" name=\"_wpcf7_posted_data_hash\" value=\"\" \/><input type=\"hidden\" name=\"_wpcf7dtx_version\" value=\"5.0.5\" \/><input type=\"hidden\" name=\"_wpcf7_recaptcha_response\" value=\"\" \/>\n<\/fieldset>\n<fieldset class=\"datos_actividad\">\n\t<legend>Datos Personales\n\t<\/legend>\n\t<p><label> NIF<span class=\"wpcf7-form-control-wrap\" data-name=\"nif\"><input size=\"15\" maxlength=\"400\" class=\"wpcf7-form-control wpcf7-text wpcf7-validates-as-required\" aria-required=\"true\" aria-invalid=\"false\" value=\"\" type=\"text\" name=\"nif\" \/><\/span> <\/label><br \/>\n<label> Nombre <span class=\"wpcf7-form-control-wrap\" data-name=\"nombre\"><input size=\"40\" maxlength=\"400\" class=\"wpcf7-form-control wpcf7-text wpcf7-validates-as-required\" aria-required=\"true\" aria-invalid=\"false\" value=\"\" type=\"text\" name=\"nombre\" \/><\/span> <\/label><br \/>\n<label> Apellidos<span class=\"wpcf7-form-control-wrap\" data-name=\"apellidos\"><input size=\"40\" maxlength=\"400\" class=\"wpcf7-form-control wpcf7-text wpcf7-validates-as-required\" aria-required=\"true\" aria-invalid=\"false\" value=\"\" type=\"text\" name=\"apellidos\" \/><\/span> <\/label><br \/>\n<label> Direcci\u00f3n<span class=\"wpcf7-form-control-wrap\" data-name=\"direccion\"><input size=\"40\" maxlength=\"400\" class=\"wpcf7-form-control wpcf7-text wpcf7-validates-as-required\" aria-required=\"true\" aria-invalid=\"false\" value=\"\" type=\"text\" name=\"direccion\" \/><\/span> <\/label><br \/>\n<label> Provincia<span class=\"wpcf7-form-control-wrap\" data-name=\"provincia\"><input size=\"40\" maxlength=\"400\" class=\"wpcf7-form-control wpcf7-text wpcf7-validates-as-required\" aria-required=\"true\" aria-invalid=\"false\" value=\"\" type=\"text\" name=\"provincia\" \/><\/span> <\/label><br \/>\n<label> Localidad<span class=\"wpcf7-form-control-wrap\" data-name=\"localidad\"><input size=\"40\" maxlength=\"400\" class=\"wpcf7-form-control wpcf7-text wpcf7-validates-as-required\" aria-required=\"true\" aria-invalid=\"false\" value=\"\" type=\"text\" name=\"localidad\" \/><\/span> <\/label><br \/>\n<label> CP<span class=\"wpcf7-form-control-wrap\" data-name=\"codigo_postal\"><input class=\"wpcf7-form-control wpcf7-number wpcf7-validates-as-required wpcf7-validates-as-number\" min=\"00000\" max=\"99999\" aria-required=\"true\" aria-invalid=\"false\" value=\"\" type=\"number\" name=\"codigo_postal\" \/><\/span> <\/label><br \/>\n<label> Tel\u00e9fono<span class=\"wpcf7-form-control-wrap\" data-name=\"telefono\"><input size=\"15\" maxlength=\"400\" class=\"wpcf7-form-control wpcf7-tel wpcf7-validates-as-required wpcf7-text wpcf7-validates-as-tel\" aria-required=\"true\" aria-invalid=\"false\" value=\"\" type=\"tel\" name=\"telefono\" \/><\/span><\/label><br \/>\n<label> Correo electr\u00f3nico<span class=\"wpcf7-form-control-wrap\" data-name=\"correo_electronico\"><input size=\"40\" maxlength=\"400\" class=\"wpcf7-form-control wpcf7-email wpcf7-validates-as-required wpcf7-text wpcf7-validates-as-email\" aria-required=\"true\" aria-invalid=\"false\" value=\"\" type=\"email\" name=\"correo_electronico\" \/><\/span> <\/label><br \/>\n<label> Titulaci\u00f3n<span class=\"wpcf7-form-control-wrap\" data-name=\"titulacion\"><input size=\"40\" maxlength=\"400\" class=\"wpcf7-form-control wpcf7-text wpcf7-validates-as-required\" aria-required=\"true\" aria-invalid=\"false\" value=\"\" type=\"text\" name=\"titulacion\" \/><\/span> <\/label><br \/>\n<label> A\u00f1o de ingreso<span class=\"wpcf7-form-control-wrap\" data-name=\"ano_ingreso\"><input class=\"wpcf7-form-control wpcf7-number wpcf7-validates-as-required wpcf7-validates-as-number\" min=\"1950\" max=\"2100\" aria-required=\"true\" aria-invalid=\"false\" value=\"\" type=\"number\" name=\"ano_ingreso\" \/><\/span> <\/label><br \/>\n<label> A\u00f1o de finalizaci\u00f3n<span class=\"wpcf7-form-control-wrap\" data-name=\"ano_fin\"><input class=\"wpcf7-form-control wpcf7-number wpcf7-validates-as-required wpcf7-validates-as-number\" min=\"1950\" max=\"2100\" aria-required=\"true\" aria-invalid=\"false\" value=\"\" type=\"number\" name=\"ano_fin\" \/><\/span> <\/label><br \/>\n<label> Fecha de nacimiento:<\/label><br \/>\ndia<span class=\"wpcf7-form-control-wrap\" data-name=\"fecha_nacimiento_dia\"><input class=\"wpcf7-form-control wpcf7-number wpcf7-validates-as-required wpcf7-validates-as-number\" min=\"01\" max=\"31\" aria-required=\"true\" aria-invalid=\"false\" value=\"\" type=\"number\" name=\"fecha_nacimiento_dia\" \/><\/span> mes<span class=\"wpcf7-form-control-wrap\" data-name=\"fecha_nacimiento_mes\"><input class=\"wpcf7-form-control wpcf7-number wpcf7-validates-as-required wpcf7-validates-as-number\" min=\"01\" max=\"12\" aria-required=\"true\" aria-invalid=\"false\" value=\"\" type=\"number\" name=\"fecha_nacimiento_mes\" \/><\/span> a\u00f1o<span class=\"wpcf7-form-control-wrap\" data-name=\"fecha_nacimiento_ano\"><input class=\"wpcf7-form-control wpcf7-number wpcf7-validates-as-required wpcf7-validates-as-number\" min=\"1900\" max=\"2100\" aria-required=\"true\" aria-invalid=\"false\" value=\"\" type=\"number\" name=\"fecha_nacimiento_ano\" \/><\/span>\n\t<\/p>\n<\/fieldset>\n<fieldset class=\"datos_actividad\">\n\t<legend>Redes Sociales (Opcional)\n\t<\/legend>\n\t<p><label> LinkedIn<span class=\"wpcf7-form-control-wrap\" data-name=\"linkedIn\"><input size=\"40\" maxlength=\"400\" class=\"wpcf7-form-control wpcf7-text\" aria-invalid=\"false\" value=\"\" type=\"text\" name=\"linkedIn\" \/><\/span> <\/label><br \/>\n<label> Instagram<span class=\"wpcf7-form-control-wrap\" data-name=\"instagram\"><input size=\"40\" maxlength=\"400\" class=\"wpcf7-form-control wpcf7-text\" aria-invalid=\"false\" value=\"\" type=\"text\" name=\"instagram\" \/><\/span> <\/label><br \/>\n<label> Facebook<span class=\"wpcf7-form-control-wrap\" data-name=\"facebook\"><input size=\"40\" maxlength=\"400\" class=\"wpcf7-form-control wpcf7-text\" aria-invalid=\"false\" value=\"\" type=\"text\" name=\"facebook\" \/><\/span> <\/label><br \/>\n<label> Twitter<span class=\"wpcf7-form-control-wrap\" data-name=\"twitter\"><input size=\"40\" maxlength=\"400\" class=\"wpcf7-form-control wpcf7-text\" aria-invalid=\"false\" value=\"\" type=\"text\" name=\"twitter\" \/><\/span> <\/label>\n\t<\/p>\n<\/fieldset>\n<fieldset class=\"datos_actividad\">\n\t<legend>Datos Profesionales\n\t<\/legend>\n\t<p><label> Empresa<span class=\"wpcf7-form-control-wrap\" data-name=\"empresa\"><input size=\"40\" maxlength=\"400\" class=\"wpcf7-form-control wpcf7-text wpcf7-validates-as-required\" aria-required=\"true\" aria-invalid=\"false\" value=\"\" type=\"text\" name=\"empresa\" \/><\/span> <\/label><br \/>\n<label> Sector<span class=\"wpcf7-form-control-wrap\" data-name=\"sector\"><input size=\"40\" maxlength=\"400\" class=\"wpcf7-form-control wpcf7-text wpcf7-validates-as-required\" aria-required=\"true\" aria-invalid=\"false\" value=\"\" type=\"text\" name=\"sector\" \/><\/span> <\/label><br \/>\n<label> Direcci\u00f3n<span class=\"wpcf7-form-control-wrap\" data-name=\"direccion_empresa\"><input size=\"40\" maxlength=\"400\" class=\"wpcf7-form-control wpcf7-text wpcf7-validates-as-required\" aria-required=\"true\" aria-invalid=\"false\" value=\"\" type=\"text\" name=\"direccion_empresa\" \/><\/span> <\/label><br \/>\n<label> Provincia<span class=\"wpcf7-form-control-wrap\" data-name=\"provincia_empresa\"><input size=\"40\" maxlength=\"400\" class=\"wpcf7-form-control wpcf7-text wpcf7-validates-as-required\" aria-required=\"true\" aria-invalid=\"false\" value=\"\" type=\"text\" name=\"provincia_empresa\" \/><\/span> <\/label><br \/>\n<label> Localidad<span class=\"wpcf7-form-control-wrap\" data-name=\"localidad_empresa\"><input size=\"40\" maxlength=\"400\" class=\"wpcf7-form-control wpcf7-text wpcf7-validates-as-required\" aria-required=\"true\" aria-invalid=\"false\" value=\"\" type=\"text\" name=\"localidad_empresa\" \/><\/span> <\/label><br \/>\n<label> CP<span class=\"wpcf7-form-control-wrap\" data-name=\"codigo_postal_empresa\"><input class=\"wpcf7-form-control wpcf7-number wpcf7-validates-as-required wpcf7-validates-as-number\" min=\"00000\" max=\"99999\" aria-required=\"true\" aria-invalid=\"false\" value=\"\" type=\"number\" name=\"codigo_postal_empresa\" \/><\/span> <\/label>\n\t<\/p>\n<\/fieldset>\n<p><span class=\"wpcf7-form-control-wrap\" data-name=\"aceptar_solicitud\"><span class=\"wpcf7-form-control wpcf7-acceptance\"><span class=\"wpcf7-list-item\"><input type=\"checkbox\" name=\"aceptar_solicitud\" value=\"1\" aria-invalid=\"false\" \/><\/span><\/span><\/span><strong>Solicito mi incorporaci\u00f3n a la Asociaci\u00f3n de Antiguos Alumnos bajo las <a class=\"enlace_ext\" href=\"condiciones-alta-nuevo-socio\/\" target=\"_blank\">siguientes condiciones<\/a>, as\u00ed como la suscripci\u00f3n a actividades, noticias y ofertas de empleo publicadas por la Asociaci\u00f3n.<\/strong>\n<\/p>\n<p><span class=\"wpcf7-form-control-wrap\" data-name=\"autorizo_solicitud\"><span class=\"wpcf7-form-control wpcf7-acceptance optional\"><span class=\"wpcf7-list-item\"><input type=\"checkbox\" name=\"autorizo_solicitud\" value=\"1\" aria-invalid=\"false\" \/><\/span><\/span><\/span><strong>Autorizo a la misma a que utilice los datos proporcionados para su operativa, quedando expresamente prohibido la cesi\u00f3n de mis datos a terceras partes.<\/strong>\n<\/p>\n<fieldset class=\"datos_actividad\">\n\t<legend>DATOS DE LA CUENTA BANCARIA PARA EL COBRO DE LA CUOTA DE ASOCIADO\n\t<\/legend>\n\t<p><label>\u00bfEst\u00e1 exento del pago del abono?<\/label><br \/>\n<span class=\"wpcf7-form-control-wrap\" data-name=\"exento_pago\"><span class=\"wpcf7-form-control wpcf7-checkbox wpcf7-validates-as-required wpcf7-exclusive-checkbox\"><span class=\"wpcf7-list-item first\"><label><input type=\"checkbox\" name=\"exento_pago\" value=\"SI\" \/><span class=\"wpcf7-list-item-label\">SI<\/span><\/label><\/span><span class=\"wpcf7-list-item last\"><label><input type=\"checkbox\" name=\"exento_pago\" value=\"NO\" \/><span class=\"wpcf7-list-item-label\">NO<\/span><\/label><\/span><\/span><\/span>\n\t<\/p>\n\t<p><label>Si ha marcado <ins>NO<\/ins>, indicar el n\u00famero de cuenta bancario IBAN:<\/label><br \/>\n<label>C\u00f3digo Pa\u00eds<\/label><span class=\"wpcf7-form-control-wrap\" data-name=\"iban_codigo_pais\"><input size=\"2\" maxlength=\"400\" class=\"wpcf7-form-control wpcf7-text\" aria-invalid=\"false\" value=\"\" type=\"text\" name=\"iban_codigo_pais\" \/><\/span><label>D\u00edgito de control<\/label><span class=\"wpcf7-form-control-wrap\" data-name=\"iban_codigo_control\"><input class=\"wpcf7-form-control wpcf7-number wpcf7-validates-as-number\" min=\"00\" max=\"99\" aria-invalid=\"false\" value=\"\" type=\"number\" name=\"iban_codigo_control\" \/><\/span><label>Entidad<\/label><span class=\"wpcf7-form-control-wrap\" data-name=\"iban_codigo_banco\"><input class=\"wpcf7-form-control wpcf7-number wpcf7-validates-as-number\" min=\"0000\" max=\"9999\" aria-invalid=\"false\" value=\"\" type=\"number\" name=\"iban_codigo_banco\" \/><\/span><label>Oficina<\/label><span class=\"wpcf7-form-control-wrap\" data-name=\"iban_codigo_sucursal\"><input class=\"wpcf7-form-control wpcf7-number wpcf7-validates-as-number\" min=\"0000\" max=\"9999\" aria-invalid=\"false\" value=\"\" type=\"number\" name=\"iban_codigo_sucursal\" \/><\/span><label>D\u00edgito de Control<\/label><span class=\"wpcf7-form-control-wrap\" data-name=\"iban_codigo_control2\"><input class=\"wpcf7-form-control wpcf7-number wpcf7-validates-as-number\" min=\"00\" max=\"99\" aria-invalid=\"false\" value=\"\" type=\"number\" name=\"iban_codigo_control2\" \/><\/span><label>N\u00famero de Cuenta<\/label><span class=\"wpcf7-form-control-wrap\" data-name=\"iban_codigo_cuenta_cliente\"><input class=\"wpcf7-form-control wpcf7-number wpcf7-validates-as-number\" min=\"0000000000\" max=\"9999999999\" aria-invalid=\"false\" value=\"\" type=\"number\" name=\"iban_codigo_cuenta_cliente\" \/><\/span>\n\t<\/p>\n<\/fieldset>\n<div style=\"text-align:center;\">\n\t<p><input class=\"wpcf7-form-control wpcf7-submit has-spinner\" type=\"submit\" value=\"Solicitar alta\" \/>\n\t<\/p>\n<\/div><div class=\"wpcf7-response-output\" aria-hidden=\"true\"><\/div>\n<\/form>\n<\/div>\n\n","protected":false},"excerpt":{"rendered":"<p>Formulario de alta en la asociaci\u00f3n de antiguos alumnos \u00abAntonio de Ulloa\u00bb de la Escuela Superior de Ingenier\u00eda de la Universidad de Sevilla<\/p>\n","protected":false},"author":1,"featured_media":0,"parent":0,"menu_order":0,"comment_status":"closed","ping_status":"closed","template":"","meta":{"_acf_changed":false,"footnotes":""},"class_list":["post-668","page","type-page","status-publish","hentry"],"acf":[],"post_mailing_queue_ids":[],"_links":{"self":[{"href":"https:\/\/institucional.us.es\/aaaetsi\/wp-json\/wp\/v2\/pages\/668","targetHints":{"allow":["GET"]}}],"collection":[{"href":"https:\/\/institucional.us.es\/aaaetsi\/wp-json\/wp\/v2\/pages"}],"about":[{"href":"https:\/\/institucional.us.es\/aaaetsi\/wp-json\/wp\/v2\/types\/page"}],"author":[{"embeddable":true,"href":"https:\/\/institucional.us.es\/aaaetsi\/wp-json\/wp\/v2\/users\/1"}],"replies":[{"embeddable":true,"href":"https:\/\/institucional.us.es\/aaaetsi\/wp-json\/wp\/v2\/comments?post=668"}],"version-history":[{"count":9,"href":"https:\/\/institucional.us.es\/aaaetsi\/wp-json\/wp\/v2\/pages\/668\/revisions"}],"predecessor-version":[{"id":1903,"href":"https:\/\/institucional.us.es\/aaaetsi\/wp-json\/wp\/v2\/pages\/668\/revisions\/1903"}],"wp:attachment":[{"href":"https:\/\/institucional.us.es\/aaaetsi\/wp-json\/wp\/v2\/media?parent=668"}],"curies":[{"name":"wp","href":"https:\/\/api.w.org\/{rel}","templated":true}]}}