{"id":738,"date":"2021-05-07T09:33:26","date_gmt":"2021-05-07T07:33:26","guid":{"rendered":"https:\/\/institucional.us.es\/aaaetsi\/?page_id=738"},"modified":"2021-05-14T13:56:08","modified_gmt":"2021-05-14T11:56:08","slug":"faqs-preguntas-frecuentes","status":"publish","type":"page","link":"https:\/\/institucional.us.es\/aaaetsi\/faqs-preguntas-frecuentes\/","title":{"rendered":"FAQs &#8211; Preguntas frecuentes"},"content":{"rendered":"\n<hr class=\"wp-block-separator\"\/>\n\n\n\n<h2 class=\"wp-block-heading\">\u00bfComo darse de baja en la asociaci\u00f3n?<\/h2>\n\n\n\n<p>Para darse de baja en la asociaci\u00f3n, utilice el formulario de<a href=\"https:\/\/institucional.us.es\/aaaetsi\/baja-de-socio\" data-type=\"URL\"> solicitud de baja<\/a> y acepte las condiciones del mismo, una vez recibida su solicitud de baja se proceder\u00e1 a la misma, eliminado su informaci\u00f3n y dando de bajo su suscripci\u00f3n a actividades, noticias y ofertas de empleo relativas a la Asociaci\u00f3n, as\u00ed como dejar\u00e1 de disfrutar de las ventajas y descuentos para socios en las empresas con las que tenemos firmados acuerdos de colaboraci\u00f3n.  <\/p>\n","protected":false},"excerpt":{"rendered":"<p>\u00bfComo darse de baja en la asociaci\u00f3n? Para darse de baja en la asociaci\u00f3n, utilice el formulario de solicitud de baja y acepte las condiciones del mismo, una vez recibida su solicitud de baja se proceder\u00e1 a la misma, eliminado su informaci\u00f3n y dando de bajo su suscripci\u00f3n a actividades, noticias y ofertas de empleo [&hellip;]<\/p>\n","protected":false},"author":1,"featured_media":0,"parent":0,"menu_order":0,"comment_status":"closed","ping_status":"closed","template":"","meta":{"_acf_changed":false,"footnotes":""},"class_list":["post-738","page","type-page","status-publish","hentry"],"acf":[],"post_mailing_queue_ids":[],"_links":{"self":[{"href":"https:\/\/institucional.us.es\/aaaetsi\/wp-json\/wp\/v2\/pages\/738","targetHints":{"allow":["GET"]}}],"collection":[{"href":"https:\/\/institucional.us.es\/aaaetsi\/wp-json\/wp\/v2\/pages"}],"about":[{"href":"https:\/\/institucional.us.es\/aaaetsi\/wp-json\/wp\/v2\/types\/page"}],"author":[{"embeddable":true,"href":"https:\/\/institucional.us.es\/aaaetsi\/wp-json\/wp\/v2\/users\/1"}],"replies":[{"embeddable":true,"href":"https:\/\/institucional.us.es\/aaaetsi\/wp-json\/wp\/v2\/comments?post=738"}],"version-history":[{"count":13,"href":"https:\/\/institucional.us.es\/aaaetsi\/wp-json\/wp\/v2\/pages\/738\/revisions"}],"predecessor-version":[{"id":772,"href":"https:\/\/institucional.us.es\/aaaetsi\/wp-json\/wp\/v2\/pages\/738\/revisions\/772"}],"wp:attachment":[{"href":"https:\/\/institucional.us.es\/aaaetsi\/wp-json\/wp\/v2\/media?parent=738"}],"curies":[{"name":"wp","href":"https:\/\/api.w.org\/{rel}","templated":true}]}}