{"id":744,"date":"2021-05-07T09:49:26","date_gmt":"2021-05-07T07:49:26","guid":{"rendered":"https:\/\/institucional.us.es\/aaaetsi\/?page_id=744"},"modified":"2022-03-22T14:18:36","modified_gmt":"2022-03-22T13:18:36","slug":"baja-de-socio","status":"publish","type":"page","link":"https:\/\/institucional.us.es\/aaaetsi\/baja-de-socio\/","title":{"rendered":"Baja de socio"},"content":{"rendered":"\n<hr class=\"wp-block-separator has-text-color has-background has-black-background-color has-black-color is-style-default\"\/>\n\n\n\n<h2 class=\"has-text-align-center wp-block-heading\">Formulario de solicitud de baja en la asociaci\u00f3n de antiguos alumnos \u201c<span class=\"has-inline-color has-luminous-vivid-orange-color\">Antonio de Ulloa<\/span>\u201d de la Escuela Superior de Ingenier\u00eda de la Universidad de Sevilla<\/h2>\n\n\n\n<p><strong>\u00bfEsta seguro que quiere darse de baja de la Asociaci\u00f3n?<\/strong>, si realiza la baja, no recibir\u00e1 informaci\u00f3n importante acerca de las actividades que realiza la Asociaci\u00f3n, \u00faltimas noticias, ofertas de empleo, ni tampoco disfrutar\u00e1 de las promociones y descuentos con las empresas con las que tenemos firmados acuerdos.<\/p>\n\n\n\n<div class=\"wpcf7 no-js\" id=\"wpcf7-f743-o1\" lang=\"es-ES\" dir=\"ltr\" data-wpcf7-id=\"743\">\n<div class=\"screen-reader-response\"><p role=\"status\" aria-live=\"polite\" aria-atomic=\"true\"><\/p> <ul><\/ul><\/div>\n<form action=\"\/aaaetsi\/wp-json\/wp\/v2\/pages\/744#wpcf7-f743-o1\" method=\"post\" class=\"wpcf7-form init\" aria-label=\"Formulario de contacto\" novalidate=\"novalidate\" data-status=\"init\">\n<fieldset class=\"hidden-fields-container\"><input type=\"hidden\" name=\"_wpcf7\" value=\"743\" \/><input type=\"hidden\" name=\"_wpcf7_version\" value=\"6.1.5\" \/><input type=\"hidden\" name=\"_wpcf7_locale\" value=\"es_ES\" \/><input type=\"hidden\" name=\"_wpcf7_unit_tag\" value=\"wpcf7-f743-o1\" \/><input type=\"hidden\" name=\"_wpcf7_container_post\" value=\"0\" \/><input type=\"hidden\" name=\"_wpcf7_posted_data_hash\" value=\"\" \/><input type=\"hidden\" name=\"_wpcf7dtx_version\" value=\"5.0.5\" \/><input type=\"hidden\" name=\"_wpcf7_recaptcha_response\" value=\"\" \/>\n<\/fieldset>\n<span class=\"wpcf7-form-control-wrap fecha_solicitud\" data-name=\"fecha_solicitud\"><input type=\"hidden\" name=\"fecha_solicitud\" class=\"wpcf7-form-control wpcf7-hidden wpcf7dtx wpcf7dtx-hidden\" aria-invalid=\"false\" value=\"2021-05-07 09:49:26\"><\/span>\n<fieldset class=\"datos_actividad\">\n\t<legend>Datos Personales\n\t<\/legend>\n\t<p><label> NIF<span class=\"wpcf7-form-control-wrap\" data-name=\"nif\"><input size=\"15\" maxlength=\"400\" class=\"wpcf7-form-control wpcf7-text wpcf7-validates-as-required\" aria-required=\"true\" aria-invalid=\"false\" value=\"\" type=\"text\" name=\"nif\" \/><\/span> <\/label><br \/>\n<label> Nombre <span class=\"wpcf7-form-control-wrap\" data-name=\"nombre\"><input size=\"40\" maxlength=\"400\" class=\"wpcf7-form-control wpcf7-text wpcf7-validates-as-required\" aria-required=\"true\" aria-invalid=\"false\" value=\"\" type=\"text\" name=\"nombre\" \/><\/span> <\/label><br \/>\n<label> Apellidos<span class=\"wpcf7-form-control-wrap\" data-name=\"apellidos\"><input size=\"40\" maxlength=\"400\" class=\"wpcf7-form-control wpcf7-text wpcf7-validates-as-required\" aria-required=\"true\" aria-invalid=\"false\" value=\"\" type=\"text\" name=\"apellidos\" \/><\/span> <\/label><br \/>\n<label> Correo electr\u00f3nico<span class=\"wpcf7-form-control-wrap\" data-name=\"correo_electronico\"><input size=\"40\" maxlength=\"400\" class=\"wpcf7-form-control wpcf7-email wpcf7-validates-as-required wpcf7-text wpcf7-validates-as-email\" aria-required=\"true\" aria-invalid=\"false\" value=\"\" type=\"email\" name=\"correo_electronico\" \/><\/span> <\/label>\n\t<\/p>\n<\/fieldset>\n<p><span class=\"wpcf7-form-control-wrap\" data-name=\"aceptar_solicitud\"><span class=\"wpcf7-form-control wpcf7-acceptance\"><span class=\"wpcf7-list-item\"><input type=\"checkbox\" name=\"aceptar_solicitud\" value=\"1\" aria-invalid=\"false\" \/><\/span><\/span><\/span> Solicito mi baja en la Asociaci\u00f3n de Antiguos Alumnos y que se elimine toda mi informaci\u00f3n y mi suscripci\u00f3n a actividades, noticias y ofertas de empleo.\n<\/p>\n<div style=\"text-align:center;\">\n\t<p><input class=\"wpcf7-form-control wpcf7-submit has-spinner\" type=\"submit\" value=\"Solicitar Baja\" \/>\n\t<\/p>\n<\/div><div class=\"wpcf7-response-output\" aria-hidden=\"true\"><\/div>\n<\/form>\n<\/div>\n\n\n\n\n<p><\/p>\n","protected":false},"excerpt":{"rendered":"<p>Formulario de solicitud de baja en la asociaci\u00f3n de antiguos alumnos \u201cAntonio de Ulloa\u201d de la Escuela Superior de Ingenier\u00eda de la Universidad de Sevilla \u00bfEsta seguro que quiere darse de baja de la Asociaci\u00f3n?, si realiza la baja, no recibir\u00e1 informaci\u00f3n importante acerca de las actividades que realiza la Asociaci\u00f3n, \u00faltimas noticias, ofertas de [&hellip;]<\/p>\n","protected":false},"author":1,"featured_media":0,"parent":0,"menu_order":0,"comment_status":"closed","ping_status":"closed","template":"","meta":{"_acf_changed":false,"footnotes":""},"class_list":["post-744","page","type-page","status-publish","hentry"],"acf":[],"post_mailing_queue_ids":[],"_links":{"self":[{"href":"https:\/\/institucional.us.es\/aaaetsi\/wp-json\/wp\/v2\/pages\/744","targetHints":{"allow":["GET"]}}],"collection":[{"href":"https:\/\/institucional.us.es\/aaaetsi\/wp-json\/wp\/v2\/pages"}],"about":[{"href":"https:\/\/institucional.us.es\/aaaetsi\/wp-json\/wp\/v2\/types\/page"}],"author":[{"embeddable":true,"href":"https:\/\/institucional.us.es\/aaaetsi\/wp-json\/wp\/v2\/users\/1"}],"replies":[{"embeddable":true,"href":"https:\/\/institucional.us.es\/aaaetsi\/wp-json\/wp\/v2\/comments?post=744"}],"version-history":[{"count":7,"href":"https:\/\/institucional.us.es\/aaaetsi\/wp-json\/wp\/v2\/pages\/744\/revisions"}],"predecessor-version":[{"id":1904,"href":"https:\/\/institucional.us.es\/aaaetsi\/wp-json\/wp\/v2\/pages\/744\/revisions\/1904"}],"wp:attachment":[{"href":"https:\/\/institucional.us.es\/aaaetsi\/wp-json\/wp\/v2\/media?parent=744"}],"curies":[{"name":"wp","href":"https:\/\/api.w.org\/{rel}","templated":true}]}}