{"id":909,"date":"2021-05-17T12:00:50","date_gmt":"2021-05-17T10:00:50","guid":{"rendered":"https:\/\/institucional.us.es\/aaaetsi\/?page_id=909"},"modified":"2022-03-22T14:21:15","modified_gmt":"2022-03-22T13:21:15","slug":"formulario-de-suscripcion","status":"publish","type":"page","link":"https:\/\/institucional.us.es\/aaaetsi\/formulario-de-suscripcion\/","title":{"rendered":"Formulario de suscripci\u00f3n"},"content":{"rendered":"\n<hr class=\"wp-block-separator has-text-color has-background has-black-background-color has-black-color is-style-default\"\/>\n\n\n\n<p>Desde este formulario puede suscribirse a las publicaciones que se realizan en la p\u00e1gina web de la Asociaci\u00f3n de Antiguos alumnos <strong>\u00abAntonio de Ulloa\u00bb<\/strong>, recibir\u00e1 en el correo electr\u00f3nico indicado la informaci\u00f3n sobre Actividades, Noticias y Ofertas de empleo.<\/p>\n\n\n<div class=\"emaillist\" id=\"es_form_f2-n1\"><form action=\"\/aaaetsi\/wp-json\/wp\/v2\/pages\/909#es_form_f2-n1\" method=\"post\" class=\"es_subscription_form es_shortcode_form  es_ajax_subscription_form\" id=\"es_subscription_form_69dfff6dc1cb0\" data-source=\"ig-es\" data-form-id=\"2\"><div class=\"es_caption\">Indique su correo electr\u00f3nico y las listas a las que se quiere suscribir<\/div><div class=\"es-field-wrap ig-es-form-field\"><label class=\"es-field-label\">Correo electr\u00f3nico*<br \/><input class=\"es_required_field es_txt_email ig_es_form_field_email ig-es-form-input\" type=\"email\" name=\"esfpx_email\" value=\"\" placeholder=\"\" required=\"required\" \/><\/label><\/div><div class=\"es-field-wrap es-list-field\"><p><b style=\"font-weight: 600; color: #374151; font-size: 14px; display: block; margin-bottom: 8px;\">Lists*<\/b><\/p><div style=\"margin-bottom: 8px;\"><label for=\"list_3_69dfff6dc1fee\" style=\"display: flex; align-items: center; cursor: pointer; user-select: none;\"><div style=\"position: relative; display: inline-flex; align-items: center; justify-content: center; width: 20px; height: 20px; margin-right: 8px;\"><input type=\"checkbox\" id=\"list_3_69dfff6dc1fee\" name=\"esfpx_lists[]\" value=\"f92ef9961d02\" style=\"position: absolute; opacity: 0; width: 100%; height: 100%; cursor: pointer; margin: 0;\" \/><div style=\"width: 20px; height: 20px; border: 2px solid #d1d5db; border-radius: 4px; background: white; transition: all 0.2s; pointer-events: none;\"><\/div><svg viewBox=\"0 0 12 9\"><path d=\"M10.28.28a.75.75 0 0 1 .976.073l.084.094a.75.75 0 0 1-.073.976l-.094.084-6.5 5.25a.75.75 0 0 1-.871.031l-.088-.062-3.25-2.75a.75.75 0 0 1 .896-1.198l.081.06 2.807 2.375L10.28.28Z\"><\/path><\/svg><\/div><span style=\"color: #4b5563; font-size: 14px;\">Actividades<\/span><\/label><\/div><div style=\"margin-bottom: 8px;\"><label for=\"list_4_69dfff6dc1ff8\" style=\"display: flex; align-items: center; cursor: pointer; user-select: none;\"><div style=\"position: relative; display: inline-flex; align-items: center; justify-content: center; width: 20px; height: 20px; margin-right: 8px;\"><input type=\"checkbox\" id=\"list_4_69dfff6dc1ff8\" name=\"esfpx_lists[]\" value=\"38161c429c17\" style=\"position: absolute; opacity: 0; width: 100%; height: 100%; cursor: pointer; margin: 0;\" \/><div style=\"width: 20px; height: 20px; border: 2px solid #d1d5db; border-radius: 4px; background: white; transition: all 0.2s; pointer-events: none;\"><\/div><svg viewBox=\"0 0 12 9\"><path d=\"M10.28.28a.75.75 0 0 1 .976.073l.084.094a.75.75 0 0 1-.073.976l-.094.084-6.5 5.25a.75.75 0 0 1-.871.031l-.088-.062-3.25-2.75a.75.75 0 0 1 .896-1.198l.081.06 2.807 2.375L10.28.28Z\"><\/path><\/svg><\/div><span style=\"color: #4b5563; font-size: 14px;\">Noticias<\/span><\/label><\/div><div style=\"margin-bottom: 8px;\"><label for=\"list_5_69dfff6dc1ffd\" style=\"display: flex; align-items: center; cursor: pointer; user-select: none;\"><div style=\"position: relative; display: inline-flex; align-items: center; justify-content: center; width: 20px; height: 20px; margin-right: 8px;\"><input type=\"checkbox\" id=\"list_5_69dfff6dc1ffd\" name=\"esfpx_lists[]\" value=\"dbec3e023c54\" style=\"position: absolute; opacity: 0; width: 100%; height: 100%; cursor: pointer; margin: 0;\" \/><div style=\"width: 20px; height: 20px; border: 2px solid #d1d5db; border-radius: 4px; background: white; transition: all 0.2s; pointer-events: none;\"><\/div><svg viewBox=\"0 0 12 9\"><path d=\"M10.28.28a.75.75 0 0 1 .976.073l.084.094a.75.75 0 0 1-.073.976l-.094.084-6.5 5.25a.75.75 0 0 1-.871.031l-.088-.062-3.25-2.75a.75.75 0 0 1 .896-1.198l.081.06 2.807 2.375L10.28.28Z\"><\/path><\/svg><\/div><span style=\"color: #4b5563; font-size: 14px;\">Empleo<\/span><\/label><\/div><\/div><style>\n\t\t.es-list-field input[type=\"checkbox\"]:checked + div {\n\t\t\tbackground-color: #3b82f6 !important;\n\t\t\tborder-color: #3b82f6 !important;\n\t\t}\n\t\t.es-list-field input[type=\"checkbox\"]:checked + div + svg {\n\t\t\topacity: 1 !important;\n\t\t}\n\t\t.es-list-field input[type=\"checkbox\"]:hover:not(:checked) + div {\n\t\t\tborder-color: #9ca3af !important;\n\t\t}\n\t\t<\/style><input type=\"hidden\" name=\"esfpx_form_id\" value=\"2\" \/><input type=\"hidden\" name=\"es\" value=\"subscribe\" \/>\n\t\t\t<input type=\"hidden\" name=\"esfpx_es_form_identifier\" value=\"f2-n1\" \/>\n\t\t\t<input type=\"hidden\" name=\"esfpx_es_email_page\" value=\"909\" \/>\n\t\t\t<input type=\"hidden\" name=\"esfpx_es_email_page_url\" value=\"https:\/\/institucional.us.es\/aaaetsi\/formulario-de-suscripcion\/\" \/>\n\t\t\t<input type=\"hidden\" name=\"esfpx_status\" value=\"Unconfirmed\" \/>\n\t\t\t<input type=\"hidden\" name=\"esfpx_es-subscribe\" id=\"es-subscribe-69dfff6dc1cb0\" value=\"26ab0044d3\" \/>\n\t\t\t<label style=\"position:absolute;top:-99999px;left:-99999px;z-index:-99;\" aria-hidden=\"true\"><span hidden>Por favor, deja este campo vac\u00edo.<\/span><input type=\"email\" name=\"esfpx_es_hp_email\" class=\"es_required_field\" tabindex=\"-1\" autocomplete=\"-1\" value=\"\" \/><\/label><label style=\"display: inline\"><input type=\"checkbox\" name=\"es_gdpr_consent\" value=\"true\" required=\"required\" \/>&nbsp;Por favor, acepta los t\u00e9rminos y condiciones<\/label><br \/><input type=\"submit\" name=\"submit\" class=\"es_subscription_form_submit es_submit_button es_textbox_button\" id=\"es_subscription_form_submit_69dfff6dc1cb0\" value=\"Suscribirse\" \/><span class=\"es_spinner_image\" id=\"spinner-image\"><img decoding=\"async\" src=\"https:\/\/institucional.us.es\/aaaetsi\/wp-content\/plugins\/email-subscribers\/lite\/public\/images\/spinner.gif\" alt=\"Loading\" \/><\/span><\/form><span class=\"es_subscription_message \" id=\"es_subscription_message_69dfff6dc1cb0\" role=\"alert\" aria-live=\"assertive\"><\/span><\/div>\n\n\n\n<figure class=\"wp-block-table is-style-regular\"><table class=\"has-background\" style=\"background-color:#f3f4f5\"><thead><tr><th>PROTECCI\u00d3N DE DATOS DE CAR\u00c1CTER PERSONAL<\/th><\/tr><\/thead><tbody><tr><td><strong>Responsable:<\/strong> Asociaci\u00f3n de Antiguos Alumnos \u00abAntonio de Ulloa\u00bb.<\/td><\/tr><tr><td><strong>Finalidad: <\/strong>Gestionar las suscripciones a publicaciones oficiales de la asociaci\u00f3n.<\/td><\/tr><tr><td><strong>Destinatarios:<\/strong> Los datos no ser\u00e1n comunicados a terceros.<\/td><\/tr><tr><td><strong>Derechos:<\/strong> Acceder, rectificar y suprimir los datos de car\u00e1cter personal, as\u00ed como otros derechos reconocidos por la normativa vigente.<\/td><\/tr><\/tbody><tfoot><tr><td><a class=\"enlace_ext\" href=\"https:\/\/institucional.us.es\/aaaetsi\/proteccion-de-datos\/\" data-type=\"page\" data-id=\"212\" target=\"_blank\" rel=\"noreferrer noopener\"><em>M\u00e1s informaci\u00f3n acerca de la protecci\u00f3n de datos<\/em><\/a><\/td><\/tr><\/tfoot><\/table><\/figure>\n\n\n\n<p><\/p>\n","protected":false},"excerpt":{"rendered":"<p>Desde este formulario puede suscribirse a las publicaciones que se realizan en la p\u00e1gina web de la Asociaci\u00f3n de Antiguos alumnos \u00abAntonio de Ulloa\u00bb, recibir\u00e1 en el correo electr\u00f3nico indicado la informaci\u00f3n sobre Actividades, Noticias y Ofertas de empleo. PROTECCI\u00d3N DE DATOS DE CAR\u00c1CTER PERSONAL Responsable: Asociaci\u00f3n de Antiguos Alumnos \u00abAntonio de Ulloa\u00bb. Finalidad: Gestionar [&hellip;]<\/p>\n","protected":false},"author":1,"featured_media":0,"parent":0,"menu_order":0,"comment_status":"closed","ping_status":"closed","template":"","meta":{"_acf_changed":false,"footnotes":""},"class_list":["post-909","page","type-page","status-publish","hentry"],"acf":[],"post_mailing_queue_ids":[],"_links":{"self":[{"href":"https:\/\/institucional.us.es\/aaaetsi\/wp-json\/wp\/v2\/pages\/909","targetHints":{"allow":["GET"]}}],"collection":[{"href":"https:\/\/institucional.us.es\/aaaetsi\/wp-json\/wp\/v2\/pages"}],"about":[{"href":"https:\/\/institucional.us.es\/aaaetsi\/wp-json\/wp\/v2\/types\/page"}],"author":[{"embeddable":true,"href":"https:\/\/institucional.us.es\/aaaetsi\/wp-json\/wp\/v2\/users\/1"}],"replies":[{"embeddable":true,"href":"https:\/\/institucional.us.es\/aaaetsi\/wp-json\/wp\/v2\/comments?post=909"}],"version-history":[{"count":12,"href":"https:\/\/institucional.us.es\/aaaetsi\/wp-json\/wp\/v2\/pages\/909\/revisions"}],"predecessor-version":[{"id":1908,"href":"https:\/\/institucional.us.es\/aaaetsi\/wp-json\/wp\/v2\/pages\/909\/revisions\/1908"}],"wp:attachment":[{"href":"https:\/\/institucional.us.es\/aaaetsi\/wp-json\/wp\/v2\/media?parent=909"}],"curies":[{"name":"wp","href":"https:\/\/api.w.org\/{rel}","templated":true}]}}