{"id":107,"date":"2016-03-13T11:42:33","date_gmt":"2016-03-13T11:42:33","guid":{"rendered":"http:\/\/cientificaspasadopresenteyfuturo.wordpress.com\/?page_id=1"},"modified":"2025-12-04T10:51:09","modified_gmt":"2025-12-04T09:51:09","slug":"dosier-de-prensa","status":"publish","type":"page","link":"https:\/\/institucional.us.es\/cientificas\/dosier-de-prensa\/","title":{"rendered":"Dosier de prensa"},"content":{"rendered":"\n<details class=\"wp-block-details is-layout-flow wp-block-details-is-layout-flow\"><summary><strong>Reportajes<\/strong><\/summary>\n<div class=\"wp-block-group has-global-padding is-layout-constrained wp-block-group-is-layout-constrained\">\n<div class=\"wp-block-group has-global-padding is-layout-constrained wp-block-group-is-layout-constrained\">\n<div class=\"wp-block-group has-global-padding is-layout-constrained wp-block-group-is-layout-constrained\">\n<ul class=\"wp-block-list\">\n<li><span style=\"font-weight: 400;\"><a href=\"http:\/\/www.canalsur.es\/multimedia.html?id=1259943\">ConCiencia CanalSur. Marzo 2018.<\/a><\/span><\/li>\n<\/ul>\n\n\n\n<ul class=\"wp-block-list\">\n<li><span style=\"font-weight: 400;\"><a href=\"http:\/\/rtve.es\/v\/4387237\">Lab24&nbsp; Canal 24 horas. TVE<\/a>.<\/span> <span style=\"font-weight: 400;\">Enero 2018<\/span><span style=\"font-weight: 400;\">&nbsp;(minuto 14).<\/span><\/li>\n<\/ul>\n<\/div>\n\n\n\n<ul class=\"wp-block-list\">\n<li><span style=\"font-weight: 400;\"><a href=\"http:\/\/www.historiasdeluz.es\/historia-del-dia\/educacion\/noticias-andalucia-cientificas-teatro\">Historias de luz<\/a>. Marzo 2016 (e<\/span><span style=\"font-weight: 400;\">nlace de youtube: <\/span><a href=\"https:\/\/youtu.be\/8ImUqhe1iCE\"><span style=\"font-weight: 400;\">https:\/\/youtu.be\/8ImUqhe1iCE<\/span><\/a>).<\/li>\n<\/ul>\n<\/div>\n\n\n\n<ul class=\"wp-block-list\">\n<li><span style=\"font-weight: 400;\">Ucc+i. Unidad de Cultura Cient\u00edfica de la Universidad de Sevilla. Resumen y entrevistas de la primera representaci\u00f3n. Marzo de 2016.&nbsp;<a href=\"http:\/\/tv.us.es\/ucci-cientificas-pasado-presente-y-futuro\/\">Aqu\u00ed en TvUs<\/a> y <a href=\"https:\/\/www.youtube.com\/watch?v=NAG4ao_-rWY&amp;t=7s\">aqu\u00ed en Youtube <\/a><\/span><\/li>\n<\/ul>\n<\/div>\n<\/details>\n\n\n\n<details class=\"wp-block-details is-layout-flow wp-block-details-is-layout-flow\"><summary><strong>Televisi\u00f3n<\/strong><\/summary>\n<div class=\"wp-block-group has-global-padding is-layout-constrained wp-block-group-is-layout-constrained\">\n<div class=\"wp-block-group has-global-padding is-layout-constrained wp-block-group-is-layout-constrained\">\n<ul class=\"wp-block-list\">\n<li><span style=\"font-weight: 400;\"><a href=\"http:\/\/www.rtve.es\/alacarta\/videos\/noticias-andalucia\/noticias-andalucia-8-3-2017\/3937954\/#aHR0cDovL3d3dy5ydHZlLmVzL2FsYWNhcnRhL2ludGVybm8vY29udGVudHRhYmxlLnNodG1sP3BicT0yJm1vbnRoRmlsdGVyPTMmb3JkZXJDcml0ZXJpYT1ERVNDJm1vZGw9VE9DJnllYXJGaWx0ZXI9MjAxNyZsb2NhbGU9ZXMmcGFnZVNpemU9MTUmY3R4PTMyNDM2JnR5cGVGaWx0ZXI9Mzk4MTYmYWR2U2VhcmNoT3Blbj1mYWxzZQ==\">TV1 Noticias Andaluc\u00eda (08\/03\/17).<\/a>&nbsp;Minuto 9:33.<\/span><\/li>\n<\/ul>\n\n\n\n<ul class=\"wp-block-list\">\n<li><a href=\"https:\/\/www.youtube.com\/watch?v=G7Z9_7TugEo&amp;feature=youtu.be\"><span style=\"font-weight: 400;\">Canal Sur Noticias. 17\/02\/2016.<\/span><\/a><\/li>\n<\/ul>\n<\/div>\n\n\n\n<ul class=\"wp-block-list\">\n<li><span style=\"font-weight: 400;\"><a href=\"http:\/\/www.canalsur.es\/noticias\/cientificas-andaluzas-llevan-al-escenario-a-las-primeras-investigadoras-\/1140281.html\">Canal Sur Noticias. 11\/02\/2017.<\/a><\/span><\/li>\n<\/ul>\n<\/div>\n<\/details>\n\n\n\n<details class=\"wp-block-details is-layout-flow wp-block-details-is-layout-flow\"><summary><strong>Radio<\/strong><\/summary>\n<div class=\"wp-block-group has-global-padding is-layout-constrained wp-block-group-is-layout-constrained\">\n<div class=\"wp-block-group has-global-padding is-layout-constrained wp-block-group-is-layout-constrained\">\n<ul class=\"wp-block-list\">\n<li><span style=\"font-weight: 400;\"><a href=\"http:\/\/www.rtve.es\/alacarta\/videos\/noticias-andalucia\/noticias-andalucia-8-3-2017\/3937954\/#aHR0cDovL3d3dy5ydHZlLmVzL2FsYWNhcnRhL2ludGVybm8vY29udGVudHRhYmxlLnNodG1sP3BicT0yJm1vbnRoRmlsdGVyPTMmb3JkZXJDcml0ZXJpYT1ERVNDJm1vZGw9VE9DJnllYXJGaWx0ZXI9MjAxNyZsb2NhbGU9ZXMmcGFnZVNpemU9MTUmY3R4PTMyNDM2JnR5cGVGaWx0ZXI9Mzk4MTYmYWR2U2VhcmNoT3Blbj1mYWxzZQ==\">TV1 Noticias Andaluc\u00eda (08\/03\/17).<\/a>&nbsp;Minuto 9:33.<\/span><\/li>\n<\/ul>\n\n\n\n<ul class=\"wp-block-list\">\n<li><a href=\"https:\/\/www.youtube.com\/watch?v=G7Z9_7TugEo&amp;feature=youtu.be\"><span style=\"font-weight: 400;\">Canal Sur Noticias. 17\/02\/2016.<\/span><\/a><\/li>\n<\/ul>\n<\/div>\n\n\n\n<ul class=\"wp-block-list\">\n<li><span style=\"font-weight: 400;\"><a href=\"http:\/\/www.canalsur.es\/noticias\/cientificas-andaluzas-llevan-al-escenario-a-las-primeras-investigadoras-\/1140281.html\">Canal Sur Noticias. 11\/02\/2017.<\/a><\/span><\/li>\n<\/ul>\n<\/div>\n<\/details>\n\n\n\n<details class=\"wp-block-details is-layout-flow wp-block-details-is-layout-flow\"><summary><strong>Prensa<\/strong><\/summary>\n<div class=\"wp-block-group has-global-padding is-layout-constrained wp-block-group-is-layout-constrained\">\n<div class=\"wp-block-group has-global-padding is-layout-constrained wp-block-group-is-layout-constrained\">\n<div class=\"wp-block-group has-global-padding is-layout-constrained wp-block-group-is-layout-constrained\">\n<div class=\"wp-block-group has-global-padding is-layout-constrained wp-block-group-is-layout-constrained\">\n<ul class=\"wp-block-list\">\n<li><span style=\"font-weight: 400;\"><a href=\"http:\/\/www.rtve.es\/alacarta\/videos\/noticias-andalucia\/noticias-andalucia-8-3-2017\/3937954\/#aHR0cDovL3d3dy5ydHZlLmVzL2FsYWNhcnRhL2ludGVybm8vY29udGVudHRhYmxlLnNodG1sP3BicT0yJm1vbnRoRmlsdGVyPTMmb3JkZXJDcml0ZXJpYT1ERVNDJm1vZGw9VE9DJnllYXJGaWx0ZXI9MjAxNyZsb2NhbGU9ZXMmcGFnZVNpemU9MTUmY3R4PTMyNDM2JnR5cGVGaWx0ZXI9Mzk4MTYmYWR2U2VhcmNoT3Blbj1mYWxzZQ==\">TV1 Noticias Andaluc\u00eda (08\/03\/17).<\/a>&nbsp;Minuto 9:33.<\/span><\/li>\n<\/ul>\n\n\n\n<ul class=\"wp-block-list\">\n<li><a href=\"https:\/\/www.youtube.com\/watch?v=G7Z9_7TugEo&amp;feature=youtu.be\"><span style=\"font-weight: 400;\">Canal Sur Noticias. 17\/02\/2016.<\/span><\/a><\/li>\n<\/ul>\n<\/div>\n<\/div>\n<\/div>\n\n\n\n<ul class=\"wp-block-list\">\n<li><span style=\"font-weight: 400;\"><a href=\"http:\/\/www.canalsur.es\/noticias\/cientificas-andaluzas-llevan-al-escenario-a-las-primeras-investigadoras-\/1140281.html\">Canal Sur Noticias. 11\/02\/2017.<\/a><\/span><\/li>\n<\/ul>\n<\/div>\n<\/details>\n\n\n\n<details class=\"wp-block-details is-layout-flow wp-block-details-is-layout-flow\"><summary><strong>Webs<\/strong><\/summary>\n<div class=\"wp-block-group has-global-padding is-layout-constrained wp-block-group-is-layout-constrained\">\n<ul class=\"wp-block-list\">\n<li><a href=\"http:\/\/mujeresconciencia.com\/2016\/07\/06\/cientificas-pasado-presente-y-futuro\/\">Web mujeresconciencia 06\/07\/2016<\/a><\/li>\n\n\n\n<li><a href=\"https:\/\/lanochedelosinvestigadores.fundaciondescubre.es\/actividades\/cientificas-pasado-presente-y-futuro\/\">Web Fundaci\u00f3n Descubre.<\/a><\/li>\n\n\n\n<li><a href=\"https:\/\/fundaciondescubre.es\/blog\/2017\/01\/13\/cientificas-pasado-presente-y-futuro\/\">Web Fundaci\u00f3n Descubre 13\/01\/2017.<\/a><\/li>\n\n\n\n<li><a href=\"https:\/\/www.informatica.us.es\/index.php\/proximos-eventos\/102-cientificas-pasado-presente-y-futuro-3\">Web de la Escuela T\u00e9cnica Superior de Ing. Inform\u00e1tica (Noviembre 2016)<\/a>\u00a0<\/li>\n\n\n\n<li><a href=\"https:\/\/www.informatica.us.es\/index.php\/eventos-pasados\/29-cientificas-pasado-presente-y-futuro\">Web de la ETSII (Marzo 2016)<\/a><\/li>\n\n\n\n<li><a href=\"http:\/\/benilde.org\/2016\/02\/24\/cientificas-pasado-presente-y-futuro\/\">Web Benilde (Marzo 2016)<\/a><\/li>\n\n\n\n<li><a href=\"https:\/\/fiestadelahistoria.wordpress.com\/cientificas-pasado-presente-y-futuro\/\">Web Fiesta de la Historia 2016<\/a><\/li>\n\n\n\n<li><a href=\"http:\/\/canalciencia.us.es\/?p=2869&amp;utm_campaign=shareaholic&amp;utm_medium=google_plus&amp;utm_source=socialnetwork\">Unidad de Cultura cient\u00edfica US (2016)<\/a><\/li>\n\n\n\n<li><a href=\"http:\/\/www.muncyt.es\/portal\/site\/MUNCYT\/menuitem.8dbda8254659d9883c791a1801432ea0\/?vgnextoid=88df732c6d925510VgnVCM1000001d04140aRCRD&amp;vgnextchannel=9ec5e42baddea410VgnVCM1000001d04140aRCRD\">Web MUseo Nacional de Ciencia Y Tecnolog\u00eda de A Coru\u00f1a<\/a><\/li>\n\n\n\n<li><a href=\"http:\/\/www.muncyt.es\/portal\/site\/MUNCYT\/menuitem.8dbda8254659d9883c791a1801432ea0\/?vgnextoid=c5a459eeb4b25510VgnVCM1000001d04140aRCRD&amp;vgnextchannel=5f45e42baddea410VgnVCM1000001d04140aRCRD\">Web MUseo Nacional de Ciencia Y Tecnolog\u00eda de Alcobendas<\/a><\/li>\n\n\n\n<li><a href=\"http:\/\/blogsaverroes.juntadeandalucia.es\/iesbellavista\/2016\/11\/18\/cientificas-pasado-presente-y-futuro\/\">Blog IES Bellavista (asistencia a la representaci\u00f3n noviembre 2016)<\/a><\/li>\n\n\n\n<li><a href=\"http:\/\/comunicacion.us.es\/agenda\/miercoles-30-noviembre-2016-0939\/iii-jornada-de-educacion-cientifica-mujeres-con-ciencia-en\">Portal de Comunicaci\u00f3n de la US. III Jornadas de Educaci\u00f3n Cient\u00edfica.<\/a><\/li>\n\n\n\n<li><a href=\"https:\/\/11defebrero.org\/2016\/11\/28\/cientificas-pasado-presente-y-futuro\/\">Web 11 de febrero (2017)<\/a><\/li>\n\n\n\n<li><a href=\"http:\/\/canalciencia.us.es\/?p=2574\">Portal de Comunicaci\u00f3n de la US (Marzo 2016).<\/a>\u00a0<a href=\"https:\/\/www.youtube.com\/watch?v=NAG4ao_-rWY\">Aqu\u00ed enlace en YouTube<\/a><\/li>\n\n\n\n<li><a href=\"https:\/\/www.facebook.com\/bussalud\/posts\/10154526610025476\">Biblioteca de Centros de la Salud (11\/02\/16)<\/a><\/li>\n\n\n\n<li><a href=\"https:\/\/www.facebook.com\/permalink.php?story_fbid=1696015643970370&amp;id=1377718152466789\">Biblioteca de ETSII. Semana de la ciencia 2016<\/a><\/li>\n\n\n\n<li><a href=\"https:\/\/www.uoc.edu\/portal\/es\/news\/actualitat\/2017\/101-ciencia-nenas.html\">Univesitat Oberta de Catalunya (premio equit@t 2017)<\/a><\/li>\n\n\n\n<li><a href=\"http:\/\/canalciencia.us.es\/?p=3485\">Canal Ciencia US<\/a><\/li>\n\n\n\n<li><a href=\"http:\/\/www.divulgamat.net\/index.php?option=com_content&amp;view=article&amp;id=17896&amp;directory=67\">DivulgaMat (portal de Divulgaci\u00f3n de Matem\u00e1ticas de la Real Sociedad Matem\u00e1tica Espa\u00f1ola) 18\/05\/2018.<\/a><\/li>\n\n\n\n<li><a href=\"https:\/\/www.doshermanas.es\/noticias\/notas-de-prensa\/El-Ayuntamiento-de-Dos-Hermanas-culmina-sus-actividades-de-divulgacion-cientifica-con-la-representacion-teatral-Cientificas-Pasado-presente-y-futuro\/\">Ayuntamiento de Dos Hermanas (2025)<\/a><\/li>\n<\/ul>\n<\/div>\n<\/details>\n\n\n\n<p><\/p>\n","protected":false},"excerpt":{"rendered":"","protected":false},"author":2,"featured_media":0,"parent":0,"menu_order":4,"comment_status":"open","ping_status":"open","template":"","meta":{"footnotes":""},"class_list":["post-107","page","type-page","status-publish","hentry"],"_links":{"self":[{"href":"https:\/\/institucional.us.es\/cientificas\/wp-json\/wp\/v2\/pages\/107","targetHints":{"allow":["GET"]}}],"collection":[{"href":"https:\/\/institucional.us.es\/cientificas\/wp-json\/wp\/v2\/pages"}],"about":[{"href":"https:\/\/institucional.us.es\/cientificas\/wp-json\/wp\/v2\/types\/page"}],"author":[{"embeddable":true,"href":"https:\/\/institucional.us.es\/cientificas\/wp-json\/wp\/v2\/users\/2"}],"replies":[{"embeddable":true,"href":"https:\/\/institucional.us.es\/cientificas\/wp-json\/wp\/v2\/comments?post=107"}],"version-history":[{"count":4,"href":"https:\/\/institucional.us.es\/cientificas\/wp-json\/wp\/v2\/pages\/107\/revisions"}],"predecessor-version":[{"id":246,"href":"https:\/\/institucional.us.es\/cientificas\/wp-json\/wp\/v2\/pages\/107\/revisions\/246"}],"wp:attachment":[{"href":"https:\/\/institucional.us.es\/cientificas\/wp-json\/wp\/v2\/media?parent=107"}],"curies":[{"name":"wp","href":"https:\/\/api.w.org\/{rel}","templated":true}]}}