{"id":180,"date":"2025-10-26T18:48:19","date_gmt":"2025-10-26T17:48:19","guid":{"rendered":"https:\/\/institucional.us.es\/newcientificas\/?page_id=180"},"modified":"2025-12-04T12:35:26","modified_gmt":"2025-12-04T11:35:26","slug":"comic-cientificas","status":"publish","type":"page","link":"https:\/\/institucional.us.es\/cientificas\/comic-cientificas\/","title":{"rendered":"C\u00f3mic Cient\u00edficas"},"content":{"rendered":"\n<figure class=\"wp-block-image alignfull size-large\"><img loading=\"lazy\" decoding=\"async\" width=\"1024\" height=\"414\" src=\"http:\/\/institucional.us.es\/cientificas\/wp-content\/uploads\/2025\/12\/ImagenComic2-1024x414.jpg\" alt=\"\" class=\"wp-image-286\" srcset=\"https:\/\/institucional.us.es\/cientificas\/wp-content\/uploads\/2025\/12\/ImagenComic2-1024x414.jpg 1024w, https:\/\/institucional.us.es\/cientificas\/wp-content\/uploads\/2025\/12\/ImagenComic2-300x121.jpg 300w, https:\/\/institucional.us.es\/cientificas\/wp-content\/uploads\/2025\/12\/ImagenComic2-768x310.jpg 768w, https:\/\/institucional.us.es\/cientificas\/wp-content\/uploads\/2025\/12\/ImagenComic2-1536x621.jpg 1536w, https:\/\/institucional.us.es\/cientificas\/wp-content\/uploads\/2025\/12\/ImagenComic2.jpg 1613w\" sizes=\"auto, (max-width: 1024px) 100vw, 1024px\" \/><\/figure>\n\n\n\n<p>Pincha aqu\u00ed para descargar el c\u00f3mic en el formato que prefieras. <\/p>\n\n\n\n<ul class=\"wp-block-list\">\n<li>Versi\u00f3n en espa\u00f1ol: \n<ul class=\"wp-block-list\">\n<li><a href=\"https:\/\/uses0-my.sharepoint.com\/:b:\/g\/personal\/isafer_us_es\/EULDlj86FGxLlwt-NxFyz2wBb9XEK5mEPqEfkph48aVf4Q?e=gjChf2\">Baja resoluci\u00f3n<\/a><\/li>\n\n\n\n<li><a href=\"https:\/\/uses0-my.sharepoint.com\/:b:\/g\/personal\/isafer_us_es\/ERB5a14AGplLu0kVlC3VgjABHAniq4OrnNNrtjh5GYxRMA?e=9CxXSQ\">Alta resoluci\u00f3n<\/a><\/li>\n<\/ul>\n<\/li>\n\n\n\n<li>English version:\n<ul class=\"wp-block-list\">\n<li><a href=\"https:\/\/uses0-my.sharepoint.com\/:b:\/g\/personal\/isafer_us_es\/EfVUzd0jb1ZLupUcdrqRpUgBSLHa4avklfGfZCkVd8t_2A?e=Yxf9Gu\">Low resolution<\/a><\/li>\n\n\n\n<li><a href=\"https:\/\/uses0-my.sharepoint.com\/:b:\/g\/personal\/isafer_us_es\/EWX4O5d3bpJErFLLDhnRJS4BhidKdH1BktK98NARiIt91A?e=J2wofC\">High resolution<\/a><\/li>\n<\/ul>\n<\/li>\n<\/ul>\n\n\n\n<hr class=\"wp-block-separator has-alpha-channel-opacity\"\/>\n\n\n\n<p>Autora: <a href=\"https:\/\/es.wikipedia.org\/wiki\/Raquel_Garcia_i_Ulldemolins\">Raquel Gu<\/a>.<\/p>\n\n\n\n<p>Versi\u00f3n en ingl\u00e9s: traducci\u00f3n de Tim Guteridge. &nbsp;<\/p>\n\n\n\n<hr class=\"wp-block-separator has-alpha-channel-opacity\"\/>\n\n\n\n<p>Subvencionado por la <a href=\"https:\/\/igualdad.us.es\/wpblog\/\">Unidad de Igualdad de la Universidad de Sevilla<\/a> y por la <a href=\"https:\/\/www.fecyt.es\/\">Fundaci\u00f3n Espa\u00f1ola para la Ciencia y la Tecnolog\u00eda<\/a> (FECYT).<\/p>\n\n\n\n<figure class=\"wp-block-image size-large\"><img decoding=\"async\" src=\"https:\/\/igualdad.us.es\/wpblog\/wp-content\/uploads\/2021\/01\/cropped-cropped-US_VSSCSIC-Igualdad_hor-web-300.png\" alt=\"\"\/><\/figure>\n\n\n\n<figure class=\"wp-block-image size-large\"><img decoding=\"async\" src=\"https:\/\/www.fecyt.es\/sites\/default\/files\/logo-ministerio-fecyt-bn.svg\" alt=\"\"\/><\/figure>\n","protected":false},"excerpt":{"rendered":"<p>Pincha aqu\u00ed para descargar el c\u00f3mic en el formato que prefieras. Autora: Raquel Gu. Versi\u00f3n en ingl\u00e9s: traducci\u00f3n de Tim Guteridge. &nbsp; Subvencionado por la Unidad de Igualdad de la Universidad de Sevilla y por la Fundaci\u00f3n Espa\u00f1ola para la Ciencia y la Tecnolog\u00eda (FECYT).<\/p>\n","protected":false},"author":1,"featured_media":0,"parent":0,"menu_order":0,"comment_status":"closed","ping_status":"closed","template":"","meta":{"footnotes":""},"class_list":["post-180","page","type-page","status-publish","hentry"],"_links":{"self":[{"href":"https:\/\/institucional.us.es\/cientificas\/wp-json\/wp\/v2\/pages\/180","targetHints":{"allow":["GET"]}}],"collection":[{"href":"https:\/\/institucional.us.es\/cientificas\/wp-json\/wp\/v2\/pages"}],"about":[{"href":"https:\/\/institucional.us.es\/cientificas\/wp-json\/wp\/v2\/types\/page"}],"author":[{"embeddable":true,"href":"https:\/\/institucional.us.es\/cientificas\/wp-json\/wp\/v2\/users\/1"}],"replies":[{"embeddable":true,"href":"https:\/\/institucional.us.es\/cientificas\/wp-json\/wp\/v2\/comments?post=180"}],"version-history":[{"count":7,"href":"https:\/\/institucional.us.es\/cientificas\/wp-json\/wp\/v2\/pages\/180\/revisions"}],"predecessor-version":[{"id":287,"href":"https:\/\/institucional.us.es\/cientificas\/wp-json\/wp\/v2\/pages\/180\/revisions\/287"}],"wp:attachment":[{"href":"https:\/\/institucional.us.es\/cientificas\/wp-json\/wp\/v2\/media?parent=180"}],"curies":[{"name":"wp","href":"https:\/\/api.w.org\/{rel}","templated":true}]}}