{"id":187,"date":"2025-10-26T19:02:50","date_gmt":"2025-10-26T18:02:50","guid":{"rendered":"https:\/\/institucional.us.es\/newcientificas\/?page_id=187"},"modified":"2025-12-04T12:40:19","modified_gmt":"2025-12-04T11:40:19","slug":"cientificas-en-corto","status":"publish","type":"page","link":"https:\/\/institucional.us.es\/cientificas\/cientificas-en-corto\/","title":{"rendered":"Cient\u00edficas en Corto"},"content":{"rendered":"\n<figure class=\"wp-block-image alignfull size-large\"><img loading=\"lazy\" decoding=\"async\" width=\"1024\" height=\"581\" src=\"http:\/\/institucional.us.es\/cientificas\/wp-content\/uploads\/2025\/12\/Captura-de-pantalla-2025-12-04-a-las-12.38.50-1024x581.png\" alt=\"\" class=\"wp-image-288\" srcset=\"https:\/\/institucional.us.es\/cientificas\/wp-content\/uploads\/2025\/12\/Captura-de-pantalla-2025-12-04-a-las-12.38.50-1024x581.png 1024w, https:\/\/institucional.us.es\/cientificas\/wp-content\/uploads\/2025\/12\/Captura-de-pantalla-2025-12-04-a-las-12.38.50-300x170.png 300w, https:\/\/institucional.us.es\/cientificas\/wp-content\/uploads\/2025\/12\/Captura-de-pantalla-2025-12-04-a-las-12.38.50-768x436.png 768w, https:\/\/institucional.us.es\/cientificas\/wp-content\/uploads\/2025\/12\/Captura-de-pantalla-2025-12-04-a-las-12.38.50-1536x872.png 1536w, https:\/\/institucional.us.es\/cientificas\/wp-content\/uploads\/2025\/12\/Captura-de-pantalla-2025-12-04-a-las-12.38.50.png 1628w\" sizes=\"auto, (max-width: 1024px) 100vw, 1024px\" \/><\/figure>\n\n\n\n<p>Con este cortometraje queremos acercarnos a los centros escolares que no pueden asistir a nuestras representaciones.<\/p>\n\n\n\n<p><a href=\"https:\/\/www.youtube.com\/watch?v=w1HSkl8kjG8\">Pincha aqu\u00ed para ver el corto<\/a> (duraci\u00f3n: 20 minutos)<\/p>\n\n\n\n<p>Hemos realizado tambi\u00e9n una <strong>gu\u00eda did\u00e1ctica<\/strong> para centros educativos. <a href=\"https:\/\/uses0-my.sharepoint.com\/:b:\/g\/personal\/isafer_us_es\/EfmY8Zz6VJRHpcW0jLnKrF8BCDe27VUx3EIriN5AkmmQOA?e=NcMejC\">Pincha aqu\u00ed para descargarla<\/a>.<\/p>\n\n\n\n<hr class=\"wp-block-separator has-alpha-channel-opacity\"\/>\n\n\n\n<p>Realizado por <a href=\"https:\/\/produccionessingulares.com\/\">Producciones Singulares<\/a>.<\/p>\n\n\n\n<p>Subvencionado por la <a href=\"https:\/\/igualdad.us.es\/wpblog\/\">Unidad de Igualdad de la Universidad de Sevilla<\/a> y por la <a href=\"https:\/\/www.fecyt.es\/\">Fundaci\u00f3n Espa\u00f1ola para la Ciencia y la Tecnolog\u00eda<\/a> (FECYT). <\/p>\n\n\n\n<figure class=\"wp-block-image size-large\"><img decoding=\"async\" src=\"https:\/\/igualdad.us.es\/wpblog\/wp-content\/uploads\/2021\/01\/cropped-cropped-US_VSSCSIC-Igualdad_hor-web-300.png\" alt=\"\"\/><\/figure>\n\n\n\n<figure class=\"wp-block-image size-large\"><img decoding=\"async\" src=\"https:\/\/www.fecyt.es\/sites\/default\/files\/logo-ministerio-fecyt-bn.svg\" alt=\"\"\/><\/figure>\n","protected":false},"excerpt":{"rendered":"<p>Con este cortometraje queremos acercarnos a los centros escolares que no pueden asistir a nuestras representaciones. Pincha aqu\u00ed para ver el corto (duraci\u00f3n: 20 minutos) Hemos realizado tambi\u00e9n una gu\u00eda did\u00e1ctica para centros educativos. Pincha aqu\u00ed para descargarla. Realizado por Producciones Singulares. Subvencionado por la Unidad de Igualdad de la Universidad de Sevilla y por [&hellip;]<\/p>\n","protected":false},"author":1,"featured_media":0,"parent":0,"menu_order":0,"comment_status":"closed","ping_status":"closed","template":"","meta":{"footnotes":""},"class_list":["post-187","page","type-page","status-publish","hentry"],"_links":{"self":[{"href":"https:\/\/institucional.us.es\/cientificas\/wp-json\/wp\/v2\/pages\/187","targetHints":{"allow":["GET"]}}],"collection":[{"href":"https:\/\/institucional.us.es\/cientificas\/wp-json\/wp\/v2\/pages"}],"about":[{"href":"https:\/\/institucional.us.es\/cientificas\/wp-json\/wp\/v2\/types\/page"}],"author":[{"embeddable":true,"href":"https:\/\/institucional.us.es\/cientificas\/wp-json\/wp\/v2\/users\/1"}],"replies":[{"embeddable":true,"href":"https:\/\/institucional.us.es\/cientificas\/wp-json\/wp\/v2\/comments?post=187"}],"version-history":[{"count":8,"href":"https:\/\/institucional.us.es\/cientificas\/wp-json\/wp\/v2\/pages\/187\/revisions"}],"predecessor-version":[{"id":290,"href":"https:\/\/institucional.us.es\/cientificas\/wp-json\/wp\/v2\/pages\/187\/revisions\/290"}],"wp:attachment":[{"href":"https:\/\/institucional.us.es\/cientificas\/wp-json\/wp\/v2\/media?parent=187"}],"curies":[{"name":"wp","href":"https:\/\/api.w.org\/{rel}","templated":true}]}}