{"id":22,"date":"2016-03-13T16:44:27","date_gmt":"2016-03-13T16:44:27","guid":{"rendered":"https:\/\/cientificaspasadopresenteyfuturo.wordpress.com\/cientificas-del-pasado\/"},"modified":"2025-10-30T12:32:43","modified_gmt":"2025-10-30T11:32:43","slug":"las-cientificas-del-pasado","status":"publish","type":"page","link":"https:\/\/institucional.us.es\/cientificas\/las-cientificas-del-pasado\/","title":{"rendered":"Las cient\u00edficas del pasado"},"content":{"rendered":"<hr \/>\n<p class=\"p1\"><span class=\"s1\"><img loading=\"lazy\" decoding=\"async\" class=\"alignnone size-medium wp-image-198\" src=\"http:\/\/institucional.us.es\/cientificas\/wp-content\/uploads\/2025\/10\/Hypatia_portrait-205x300.png\" alt=\"\" width=\"205\" height=\"300\" srcset=\"https:\/\/institucional.us.es\/cientificas\/wp-content\/uploads\/2025\/10\/Hypatia_portrait-205x300.png 205w, https:\/\/institucional.us.es\/cientificas\/wp-content\/uploads\/2025\/10\/Hypatia_portrait-699x1024.png 699w, https:\/\/institucional.us.es\/cientificas\/wp-content\/uploads\/2025\/10\/Hypatia_portrait-768x1125.png 768w, https:\/\/institucional.us.es\/cientificas\/wp-content\/uploads\/2025\/10\/Hypatia_portrait-1049x1536.png 1049w, https:\/\/institucional.us.es\/cientificas\/wp-content\/uploads\/2025\/10\/Hypatia_portrait.png 1176w\" sizes=\"auto, (max-width: 205px) 100vw, 205px\" \/><\/span><\/p>\n<p class=\"p1\"><span class=\"s1\"><b><a href=\"https:\/\/es.wikipedia.org\/wiki\/Hipatia\">HIPATIA<\/a>\u00a0<\/b><\/span><span class=\"s1\">(355 o 370-415 o 416).\u00a0<\/span><span class=\"s1\">Fil\u00f3sofa, matem\u00e1tica y astr\u00f3noma.\u00a0<\/span><\/p>\n<p class=\"p1\"><span class=\"s1\">Una de las primeras mujeres en dedicarse a la ciencia. Entregada al pensamiento y a la ense\u00f1anza, goz\u00f3 de una influencia y prestigio inusuales para una mujer de su \u00e9poca.<\/span><\/p>\n<p>&nbsp;<\/p>\n<hr \/>\n<p class=\"p1\"><span class=\"s1\"><img loading=\"lazy\" decoding=\"async\" class=\"alignnone size-medium wp-image-197\" src=\"http:\/\/institucional.us.es\/cientificas\/wp-content\/uploads\/2025\/10\/Ada_Lovelace_by_Alfred_Edward_Chalon_k25_i144-209x300.png\" alt=\"\" width=\"209\" height=\"300\" srcset=\"https:\/\/institucional.us.es\/cientificas\/wp-content\/uploads\/2025\/10\/Ada_Lovelace_by_Alfred_Edward_Chalon_k25_i144-209x300.png 209w, https:\/\/institucional.us.es\/cientificas\/wp-content\/uploads\/2025\/10\/Ada_Lovelace_by_Alfred_Edward_Chalon_k25_i144.png 697w\" sizes=\"auto, (max-width: 209px) 100vw, 209px\" \/><\/span><\/p>\n<p class=\"p1\"><span class=\"s1\"><b><a href=\"https:\/\/es.wikipedia.org\/wiki\/Ada_Lovelace\">ADA LOVELACE<\/a>\u00a0<\/b><\/span><span class=\"s1\">(1815-1952).\u00a0<\/span><span class=\"s1\">Matem\u00e1tica y escritora.\u00a0<\/span><\/p>\n<p class=\"p1\"><span class=\"s1\">Fue la primera persona que cre\u00f3 lo que hoy d\u00eda se conoce como un programa de ordenador.\u00a0Fue capaz de intuir la capacidad de los ordenadores para ir m\u00e1s all\u00e1 de los simples c\u00e1lculos con n\u00fameros.<\/span><\/p>\n<hr \/>\n<p class=\"p1\"><span class=\"s1\"><img loading=\"lazy\" decoding=\"async\" class=\"alignnone size-medium wp-image-195\" src=\"http:\/\/institucional.us.es\/cientificas\/wp-content\/uploads\/2025\/10\/Marie_Curie_1900-242x300.jpg\" alt=\"\" width=\"242\" height=\"300\" srcset=\"https:\/\/institucional.us.es\/cientificas\/wp-content\/uploads\/2025\/10\/Marie_Curie_1900-242x300.jpg 242w, https:\/\/institucional.us.es\/cientificas\/wp-content\/uploads\/2025\/10\/Marie_Curie_1900.jpg 500w\" sizes=\"auto, (max-width: 242px) 100vw, 242px\" \/><\/span><\/p>\n<p class=\"p1\"><span class=\"s1\"><b><a href=\"https:\/\/es.wikipedia.org\/wiki\/Marie_Curie\">MARIE CURIE<\/a>\u00a0<\/b><\/span><span class=\"s1\">(1867-1934).\u00a0<\/span><span class=\"s1\">F\u00edsica y profesora.\u00a0<\/span><\/p>\n<p class=\"p1\"><span class=\"s1\">Obtuvo el Premio Nobel de F\u00edsica en el a\u00f1o 1903 por el\u00a0descubrimiento de la radiactividad y el\u00a0de Qu\u00edmica de\u00a01911 por el del radio y el polonio. Fue la\u00a0primera profesora de la Sorbona en\u00a0m\u00e1s de seiscientos a\u00f1os de existencia de esta universidad.<\/span><\/p>\n<hr \/>\n<p><img loading=\"lazy\" decoding=\"async\" class=\"alignnone size-medium wp-image-196\" src=\"http:\/\/institucional.us.es\/cientificas\/wp-content\/uploads\/2025\/10\/rosalind-franklin-234x300.jpg\" alt=\"\" width=\"234\" height=\"300\" srcset=\"https:\/\/institucional.us.es\/cientificas\/wp-content\/uploads\/2025\/10\/rosalind-franklin-234x300.jpg 234w, https:\/\/institucional.us.es\/cientificas\/wp-content\/uploads\/2025\/10\/rosalind-franklin-798x1024.jpg 798w, https:\/\/institucional.us.es\/cientificas\/wp-content\/uploads\/2025\/10\/rosalind-franklin-768x985.jpg 768w, https:\/\/institucional.us.es\/cientificas\/wp-content\/uploads\/2025\/10\/rosalind-franklin-1197x1536.jpg 1197w, https:\/\/institucional.us.es\/cientificas\/wp-content\/uploads\/2025\/10\/rosalind-franklin.jpg 1247w\" sizes=\"auto, (max-width: 234px) 100vw, 234px\" \/><\/p>\n<p>&nbsp;<\/p>\n<p class=\"p1\"><span class=\"s1\"><b><a href=\"https:\/\/es.wikipedia.org\/wiki\/Rosalind_Franklin\">ROSALIND FRANKLIN<\/a>\u00a0<\/b><\/span><span class=\"s1\">(1920-1958).\u00a0<\/span><span class=\"s1\">Qu\u00edmica y cristal\u00f3grafa.\u00a0<\/span><\/p>\n<p class=\"p1\"><span class=\"s1\">Autora de importantes contribuciones a la comprensi\u00f3n de la estructura del ADN, del ARN, de los virus, del carb\u00f3n y del grafito.<\/span><\/p>\n<p>&nbsp;<\/p>\n<hr \/>\n<p class=\"p1\"><img loading=\"lazy\" decoding=\"async\" class=\"alignnone size-medium wp-image-209\" src=\"http:\/\/institucional.us.es\/cientificas\/wp-content\/uploads\/2025\/10\/Hedy-Lamarr-228x300.jpg\" alt=\"\" width=\"228\" height=\"300\" srcset=\"https:\/\/institucional.us.es\/cientificas\/wp-content\/uploads\/2025\/10\/Hedy-Lamarr-228x300.jpg 228w, https:\/\/institucional.us.es\/cientificas\/wp-content\/uploads\/2025\/10\/Hedy-Lamarr.jpg 500w\" sizes=\"auto, (max-width: 228px) 100vw, 228px\" \/><\/p>\n<p class=\"p1\"><a href=\"https:\/\/es.wikipedia.org\/wiki\/Hedy_Lamarr\"><span class=\"s1\"><b>HEDY <\/b><\/span><\/a><span class=\"s1\"><b><a href=\"https:\/\/es.wikipedia.org\/wiki\/Hedy_Lamarr\">LAMARR<\/a>\u00a0<\/b><\/span><span class=\"s1\">(1914-2000).\u00a0<\/span><span class=\"s1\">Ingeniera y actriz.\u00a0<\/span><\/p>\n<p class=\"p1\"><span class=\"s1\">Considerada \u00abla mujer m\u00e1s hermosa de la historia del cine\u00bb, tuvo tambi\u00e9n una mente prodigiosa para la ingenier\u00eda. <\/span><span class=\"s1\">Uno de sus inventos se puede considerar el precursor de las comunicaciones inal\u00e1mbricas.<\/span><span class=\"s2\">\u00a0\u00a0<\/span><\/p>\n<p class=\"p1\">\n","protected":false},"excerpt":{"rendered":"<p>HIPATIA\u00a0(355 o 370-415 o 416).\u00a0Fil\u00f3sofa, matem\u00e1tica y astr\u00f3noma.\u00a0 Una de las primeras mujeres en dedicarse a la ciencia. Entregada al pensamiento y a la ense\u00f1anza, goz\u00f3 de una influencia y prestigio inusuales para una mujer de su \u00e9poca. &nbsp; ADA LOVELACE\u00a0(1815-1952).\u00a0Matem\u00e1tica y escritora.\u00a0 Fue la primera persona que cre\u00f3 lo que hoy d\u00eda se conoce [&hellip;]<\/p>\n","protected":false},"author":2,"featured_media":0,"parent":0,"menu_order":1,"comment_status":"closed","ping_status":"closed","template":"","meta":{"footnotes":""},"class_list":["post-22","page","type-page","status-publish","hentry"],"_links":{"self":[{"href":"https:\/\/institucional.us.es\/cientificas\/wp-json\/wp\/v2\/pages\/22","targetHints":{"allow":["GET"]}}],"collection":[{"href":"https:\/\/institucional.us.es\/cientificas\/wp-json\/wp\/v2\/pages"}],"about":[{"href":"https:\/\/institucional.us.es\/cientificas\/wp-json\/wp\/v2\/types\/page"}],"author":[{"embeddable":true,"href":"https:\/\/institucional.us.es\/cientificas\/wp-json\/wp\/v2\/users\/2"}],"replies":[{"embeddable":true,"href":"https:\/\/institucional.us.es\/cientificas\/wp-json\/wp\/v2\/comments?post=22"}],"version-history":[{"count":2,"href":"https:\/\/institucional.us.es\/cientificas\/wp-json\/wp\/v2\/pages\/22\/revisions"}],"predecessor-version":[{"id":210,"href":"https:\/\/institucional.us.es\/cientificas\/wp-json\/wp\/v2\/pages\/22\/revisions\/210"}],"wp:attachment":[{"href":"https:\/\/institucional.us.es\/cientificas\/wp-json\/wp\/v2\/media?parent=22"}],"curies":[{"name":"wp","href":"https:\/\/api.w.org\/{rel}","templated":true}]}}