{"id":23,"date":"2016-03-13T16:44:56","date_gmt":"2016-03-13T16:44:56","guid":{"rendered":"https:\/\/cientificaspasadopresenteyfuturo.wordpress.com\/cientificas-del-presente\/"},"modified":"2025-11-05T20:32:33","modified_gmt":"2025-11-05T19:32:33","slug":"las-cientificas-del-presente","status":"publish","type":"page","link":"https:\/\/institucional.us.es\/cientificas\/las-cientificas-del-presente\/","title":{"rendered":"Las cient\u00edficas del presente"},"content":{"rendered":"<hr \/>\n<p class=\"p1\"><span class=\"s1\"><img loading=\"lazy\" decoding=\"async\" class=\"alignnone size-medium wp-image-200\" src=\"http:\/\/institucional.us.es\/cientificas\/wp-content\/uploads\/2025\/10\/Foto3_cuadrada-300x300.jpg\" alt=\"\" width=\"300\" height=\"300\" srcset=\"https:\/\/institucional.us.es\/cientificas\/wp-content\/uploads\/2025\/10\/Foto3_cuadrada-300x300.jpg 300w, https:\/\/institucional.us.es\/cientificas\/wp-content\/uploads\/2025\/10\/Foto3_cuadrada-150x150.jpg 150w, https:\/\/institucional.us.es\/cientificas\/wp-content\/uploads\/2025\/10\/Foto3_cuadrada-768x769.jpg 768w, https:\/\/institucional.us.es\/cientificas\/wp-content\/uploads\/2025\/10\/Foto3_cuadrada.jpg 931w\" sizes=\"auto, (max-width: 300px) 100vw, 300px\" \/><\/span><\/p>\n<p class=\"p1\"><span class=\"s1\"><b><a href=\"http:\/\/personal.us.es\/isafer\/\">IS<\/a><\/b><\/span><a href=\"http:\/\/personal.us.es\/isafer\/\"><span class=\"s1\"><b>ABEL FERN\u00c1NDEZ<\/b><\/span><\/a><\/p>\n<p class=\"p2\"><span class=\"s1\">Profesora Titular del departamento de Matem\u00e1tica Aplicada I de la Universidad de Sevilla. <\/span><span class=\"s1\">Investiga en el \u00e1mbito del An\u00e1lisis Geom\u00e9trico.<\/span><\/p>\n<p>&nbsp;<\/p>\n<hr \/>\n<p class=\"p1\"><span class=\"s1\"><img loading=\"lazy\" decoding=\"async\" class=\"alignnone size-full wp-image-222\" src=\"http:\/\/institucional.us.es\/cientificas\/wp-content\/uploads\/2025\/11\/mc_web.jpg\" alt=\"\" width=\"160\" height=\"156\" \/><\/span><\/p>\n<p class=\"p1\"><span class=\"s1\"><b><a href=\"http:\/\/personal.us.es\/mcromerot\/\">M\u00ba CARMEN ROMERO TERNERO<\/a><\/b><\/span><\/p>\n<p class=\"p2\"><span class=\"s1\">Ingeniera Inform\u00e1tica y Profesora Titular del departamento de Tecnolog\u00eda Electr\u00f3nica de la Universidad de Sevilla. <\/span><span class=\"s1\">Investiga en el \u00e1mbito de la inteligencia artificial y la computaci\u00f3n afectiva.<\/span><\/p>\n<hr \/>\n<p class=\"p1\"><span class=\"s1\"><img loading=\"lazy\" decoding=\"async\" class=\"alignnone size-medium wp-image-220\" src=\"http:\/\/institucional.us.es\/cientificas\/wp-content\/uploads\/2025\/11\/clara2-292x300.jpg\" alt=\"\" width=\"292\" height=\"300\" srcset=\"https:\/\/institucional.us.es\/cientificas\/wp-content\/uploads\/2025\/11\/clara2-292x300.jpg 292w, https:\/\/institucional.us.es\/cientificas\/wp-content\/uploads\/2025\/11\/clara2.jpg 735w\" sizes=\"auto, (max-width: 292px) 100vw, 292px\" \/><\/span><\/p>\n<p class=\"p1\"><span class=\"s1\"><b><a href=\"http:\/\/claragrima.com\/\">CLARA GRIMA<\/a><\/b><\/span><\/p>\n<p class=\"p2\"><span class=\"s1\">Profesora Titular del departamento de Matem\u00e1tica Aplicada I de la Universidad de Sevilla. <\/span><span class=\"s1\">Divulgadora cient\u00edfica.<\/span><\/p>\n<p>&nbsp;<\/p>\n<hr \/>\n<p class=\"p1\"><span class=\"s1\"><img loading=\"lazy\" decoding=\"async\" class=\"alignnone size-medium wp-image-219\" src=\"http:\/\/institucional.us.es\/cientificas\/wp-content\/uploads\/2025\/11\/adela-300x294.jpg\" alt=\"\" width=\"300\" height=\"294\" srcset=\"https:\/\/institucional.us.es\/cientificas\/wp-content\/uploads\/2025\/11\/adela-300x294.jpg 300w, https:\/\/institucional.us.es\/cientificas\/wp-content\/uploads\/2025\/11\/adela-1024x1003.jpg 1024w, https:\/\/institucional.us.es\/cientificas\/wp-content\/uploads\/2025\/11\/adela-768x752.jpg 768w, https:\/\/institucional.us.es\/cientificas\/wp-content\/uploads\/2025\/11\/adela.jpg 1511w\" sizes=\"auto, (max-width: 300px) 100vw, 300px\" \/><\/span><\/p>\n<p class=\"p1\"><span class=\"s1\"><b><a href=\"http:\/\/adelamunozpaez.us.es\/wp-content\/uploads\/2015\/10\/CV_Adela_octubre2015.pdf\">ADELA MU\u00d1OZ P\u00c1EZ<\/a><\/b><\/span><\/p>\n<p class=\"p2\"><span class=\"s1\">Catedr\u00e1tica del departamento de Qu\u00edmica Inorg\u00e1nica de la Universidad de Sevilla.\u00a0<\/span><span class=\"s1\">Divulgadora cient\u00edfica dedicada especialmente a las cient\u00edficas del pasado.<\/span><\/p>\n<hr \/>\n<p class=\"p1\"><span class=\"s1\"><img loading=\"lazy\" decoding=\"async\" class=\"alignnone size-medium wp-image-199\" src=\"http:\/\/institucional.us.es\/cientificas\/wp-content\/uploads\/2025\/10\/mj-249x300.jpg\" alt=\"\" width=\"249\" height=\"300\" srcset=\"https:\/\/institucional.us.es\/cientificas\/wp-content\/uploads\/2025\/10\/mj-249x300.jpg 249w, https:\/\/institucional.us.es\/cientificas\/wp-content\/uploads\/2025\/10\/mj-849x1024.jpg 849w, https:\/\/institucional.us.es\/cientificas\/wp-content\/uploads\/2025\/10\/mj-768x926.jpg 768w, https:\/\/institucional.us.es\/cientificas\/wp-content\/uploads\/2025\/10\/mj-1274x1536.jpg 1274w, https:\/\/institucional.us.es\/cientificas\/wp-content\/uploads\/2025\/10\/mj.jpg 1406w\" sizes=\"auto, (max-width: 249px) 100vw, 249px\" \/><\/span><\/p>\n<p class=\"p1\"><span class=\"s1\"><b><a href=\"http:\/\/personal.us.es\/majiro\/\">M\u00aa JOS\u00c9 JIM\u00c9NEZ RODR\u00cdGUEZ<\/a><\/b><\/span><\/p>\n<p class=\"p2\"><span class=\"s1\">Profesora Titular del departamento de Matem\u00e1tica Aplicada I de la Universidad de Sevilla.\u00a0\u00a0<\/span><span class=\"s1\">Trabaja sobre an\u00e1lisis topol\u00f3gico de im\u00e1genes digitales.<\/span><\/p>\n<p>&nbsp;<\/p>\n","protected":false},"excerpt":{"rendered":"<p>ISABEL FERN\u00c1NDEZ Profesora Titular del departamento de Matem\u00e1tica Aplicada I de la Universidad de Sevilla. Investiga en el \u00e1mbito del An\u00e1lisis Geom\u00e9trico. &nbsp; M\u00ba CARMEN ROMERO TERNERO Ingeniera Inform\u00e1tica y Profesora Titular del departamento de Tecnolog\u00eda Electr\u00f3nica de la Universidad de Sevilla. Investiga en el \u00e1mbito de la inteligencia artificial y la computaci\u00f3n afectiva. CLARA [&hellip;]<\/p>\n","protected":false},"author":2,"featured_media":0,"parent":0,"menu_order":2,"comment_status":"closed","ping_status":"closed","template":"","meta":{"footnotes":""},"class_list":["post-23","page","type-page","status-publish","hentry"],"_links":{"self":[{"href":"https:\/\/institucional.us.es\/cientificas\/wp-json\/wp\/v2\/pages\/23","targetHints":{"allow":["GET"]}}],"collection":[{"href":"https:\/\/institucional.us.es\/cientificas\/wp-json\/wp\/v2\/pages"}],"about":[{"href":"https:\/\/institucional.us.es\/cientificas\/wp-json\/wp\/v2\/types\/page"}],"author":[{"embeddable":true,"href":"https:\/\/institucional.us.es\/cientificas\/wp-json\/wp\/v2\/users\/2"}],"replies":[{"embeddable":true,"href":"https:\/\/institucional.us.es\/cientificas\/wp-json\/wp\/v2\/comments?post=23"}],"version-history":[{"count":3,"href":"https:\/\/institucional.us.es\/cientificas\/wp-json\/wp\/v2\/pages\/23\/revisions"}],"predecessor-version":[{"id":223,"href":"https:\/\/institucional.us.es\/cientificas\/wp-json\/wp\/v2\/pages\/23\/revisions\/223"}],"wp:attachment":[{"href":"https:\/\/institucional.us.es\/cientificas\/wp-json\/wp\/v2\/media?parent=23"}],"curies":[{"name":"wp","href":"https:\/\/api.w.org\/{rel}","templated":true}]}}