{"id":53,"date":"2018-07-31T14:36:31","date_gmt":"2018-07-31T14:36:31","guid":{"rendered":"https:\/\/cientificaspasadopresenteyfuturo.wordpress.com\/?page_id=53"},"modified":"2025-12-04T12:41:22","modified_gmt":"2025-12-04T11:41:22","slug":"acerca-de","status":"publish","type":"page","link":"https:\/\/institucional.us.es\/cientificas\/acerca-de\/","title":{"rendered":"Qui\u00e9nes y por qu\u00e9"},"content":{"rendered":"\n<figure class=\"wp-block-image alignfull size-large\"><img loading=\"lazy\" decoding=\"async\" width=\"1024\" height=\"702\" src=\"https:\/\/institucional.us.es\/cientificas\/wp-content\/uploads\/2025\/10\/grupo-1024x702.jpg\" alt=\"\" class=\"wp-image-172\" srcset=\"https:\/\/institucional.us.es\/cientificas\/wp-content\/uploads\/2025\/10\/grupo-1024x702.jpg 1024w, https:\/\/institucional.us.es\/cientificas\/wp-content\/uploads\/2025\/10\/grupo-300x206.jpg 300w, https:\/\/institucional.us.es\/cientificas\/wp-content\/uploads\/2025\/10\/grupo-768x527.jpg 768w, https:\/\/institucional.us.es\/cientificas\/wp-content\/uploads\/2025\/10\/grupo-1536x1053.jpg 1536w, https:\/\/institucional.us.es\/cientificas\/wp-content\/uploads\/2025\/10\/grupo-2048x1404.jpg 2048w\" sizes=\"auto, (max-width: 1024px) 100vw, 1024px\" \/><\/figure>\n\n\n\n<h6 class=\"wp-block-heading\">En la foto, de izquierda a derecha: M\u00aa Jos\u00e9 Jim\u00e9nez, Isabel Fern\u00e1ndez, Clara Grima, Francisco Vega, M\u00aa Carmen Romero, Adela Mu\u00f1oz.<\/h6>\n\n\n\n<hr class=\"wp-block-separator has-alpha-channel-opacity\"\/>\n\n\n\n<p><span style=\"font-weight:400\">En el informe Percepci\u00f3n Social de la Ciencia y la Tecnolog\u00eda 2014 publicado por la FECYT se indica que mientras que el 20,4% de los hombres declaran tener &nbsp;inter\u00e9s por la ciencia, <strong>solo el 9,9% de las mujeres muestran ese inter\u00e9s<\/strong>. En F\u00edsica, Ingenier\u00edas y Tecnolog\u00edas de la Informaci\u00f3n, la existencia de mujeres entre el alumnado es muy baja en muchas universidades espa\u00f1olas.<\/span><\/p>\n\n\n\n<p><span style=\"font-weight:400\">Hay muchos factores posibles que contribuyen a la discrepancia entre mujeres y hombres en STEM (Ciencia, Tecnologi\u0301a, Ingenieri\u0301a y Matema\u0301ticas), incluyendo la falta de modelos femeninos, estereotipos de ge\u0301nero, y menor flexibilidad familiar y social en el apoyo a las mujeres que se dedican a los campos STEM.<\/span><\/p>\n\n\n\n<p><span style=\"font-weight:400\">Para intentar paliar esta carencia, un grupo de seis miembros de la Universidad de Sevilla, hemos dise\u00f1ado una actividad l\u00fadico-divulgativa en forma de teatro dirigida a p\u00fablico escolar de entre 8 y 14 a\u00f1os. En ella tratamos de visibilizar el papel de la mujer en la ciencia y la tecnolog\u00eda, acercando a los alumnos y alumnas las vidas y logros de cinco mujeres cient\u00edficas del pasado, y la profesi\u00f3n y vida real de cinco cient\u00edficas del presente. Nuestra hip\u00f3tesis es que la visualizaci\u00f3n de estos modelos femeninos puede despertar vocaciones que de otra forma podr\u00edan quedar ocultas. <\/span><span style=\"font-weight:400\">\n<\/span><\/p>\n\n\n\n<p class=\"is-style-default\"><b>\u00abCient\u00edficas: Pasado, Presente y Futuro\u00bb<\/b><span style=\"font-weight:400\">visibiliza un modelo femenino en Ciencia. Las contribuciones a la ciencia las hacen personas extraordinarias, por su inteligencia, su capacidad de trabajo o por su pasio\u0301n, pero nunca debido a su sexo. Las nin\u0303as pueden tener un modelo femenino: <em>\u00absi ellas lo hicieron, si ellas lo hacen, yo puedo hacerlo\u00bb<\/em><\/span><\/p>\n\n\n\n<hr class=\"wp-block-separator has-alpha-channel-opacity\"\/>\n\n\n\n<p>Los responsables de la obra somos: <\/p>\n\n\n\n<p><strong>Isabel Fern\u00e1ndez&nbsp;<span style=\"font-weight:400\">(Profesora Titular, Dpto. Matem\u00e1tica Aplicada I):<\/span><\/strong> cient\u00edfica\/actriz, guiones. <\/p>\n\n\n\n<p><strong>Clara Grima&nbsp;<span style=\"font-weight:400\">(Profesora Titular, Dpto. Matem\u00e1tica Aplicada I):<\/span>&nbsp;<\/strong>&nbsp;cient\u00edfica\/actriz, guiones. <\/p>\n\n\n\n<p><strong>M\u00aa Jos\u00e9 Jim\u00e9nez&nbsp;<span style=\"font-weight:400\">(Profesora Titular, Dpto. Matem\u00e1tica Aplicada I):<\/span>&nbsp;<\/strong>&nbsp;cient\u00edfica\/actriz, guiones. <\/p>\n\n\n\n<p><strong>Adela Mu\u00f1oz (<span style=\"font-weight:400\">Catedr\u00e1tica de Universidad, Dpto. de Qu\u00edmica Inorg\u00e1nica):<\/span><\/strong>&nbsp;cient\u00edfica\/actriz, guiones. <\/p>\n\n\n\n<p><strong>M\u00aa del Carmen Romero <span style=\"font-weight:400\">(Prof. Contratada Doctora, Dpto. de Tecnolog\u00eda Electr\u00f3nica)<\/span>:<\/strong>&nbsp;cient\u00edfica\/actriz, guiones. <\/p>\n\n\n\n<p><strong>Francisco Vega <span style=\"font-weight:400\">(T\u00e9cnico especialista de laboratorio, Dpto. de F\u00edsica Aplicada I)<\/span>:<\/strong> idea original, guiones, realizador.<\/p>\n","protected":false},"excerpt":{"rendered":"<p>En la foto, de izquierda a derecha: M\u00aa Jos\u00e9 Jim\u00e9nez, Isabel Fern\u00e1ndez, Clara Grima, Francisco Vega, M\u00aa Carmen Romero, Adela Mu\u00f1oz. En el informe Percepci\u00f3n Social de la Ciencia y la Tecnolog\u00eda 2014 publicado por la FECYT se indica que mientras que el 20,4% de los hombres declaran tener &nbsp;inter\u00e9s por la ciencia, solo el [&hellip;]<\/p>\n","protected":false},"author":2,"featured_media":0,"parent":0,"menu_order":0,"comment_status":"closed","ping_status":"closed","template":"","meta":{"footnotes":""},"class_list":["post-53","page","type-page","status-publish","hentry"],"_links":{"self":[{"href":"https:\/\/institucional.us.es\/cientificas\/wp-json\/wp\/v2\/pages\/53","targetHints":{"allow":["GET"]}}],"collection":[{"href":"https:\/\/institucional.us.es\/cientificas\/wp-json\/wp\/v2\/pages"}],"about":[{"href":"https:\/\/institucional.us.es\/cientificas\/wp-json\/wp\/v2\/types\/page"}],"author":[{"embeddable":true,"href":"https:\/\/institucional.us.es\/cientificas\/wp-json\/wp\/v2\/users\/2"}],"replies":[{"embeddable":true,"href":"https:\/\/institucional.us.es\/cientificas\/wp-json\/wp\/v2\/comments?post=53"}],"version-history":[{"count":6,"href":"https:\/\/institucional.us.es\/cientificas\/wp-json\/wp\/v2\/pages\/53\/revisions"}],"predecessor-version":[{"id":293,"href":"https:\/\/institucional.us.es\/cientificas\/wp-json\/wp\/v2\/pages\/53\/revisions\/293"}],"wp:attachment":[{"href":"https:\/\/institucional.us.es\/cientificas\/wp-json\/wp\/v2\/media?parent=53"}],"curies":[{"name":"wp","href":"https:\/\/api.w.org\/{rel}","templated":true}]}}