{"id":96,"date":"2018-08-30T23:36:37","date_gmt":"2018-08-30T23:36:37","guid":{"rendered":"https:\/\/cientificaspasadopresenteyfuturo.wordpress.com\/?page_id=96"},"modified":"2018-08-30T23:36:37","modified_gmt":"2018-08-30T23:36:37","slug":"contacto","status":"publish","type":"page","link":"https:\/\/institucional.us.es\/cientificas\/contacto\/","title":{"rendered":"Contacto"},"content":{"rendered":"<p>email: <a href=\"mailto:p5cientificas@gmail.com\">p5cientificas@gmail.com<\/a><\/p>\n<p>facebook:\u00a0<a href=\"https:\/\/www.facebook.com\/p5c.stem\/\">https:\/\/www.facebook.com\/p5c.stem\/<\/a><\/p>\n<hr \/>\n<p>Normalmente realizamos nuestras actuaciones en el Sal\u00f3n de Actos de la <a href=\"http:\/\/informatica.us.es\">Escuela T\u00e9cnica Superior de Ingenier\u00eda Inform\u00e1tica de la Universidad de Sevilla<\/a>, donde acuden los centros interesados.<\/p>\n<p>Si eres profesor\/a y deseas que tu clase acuda a una de nuestras representaciones, puedes ponerte en contacto con la Unidad de Cultura Cient\u00edfica de la Universidad de Sevilla, que es la encargada de gestionar los asistentes: <a href=\"mailto:visitacitius@us.es\">visitacitius@us.es<\/a><\/p>\n<hr \/>\n<p>&nbsp;<\/p>\n<p>&nbsp;<\/p>\n","protected":false},"excerpt":{"rendered":"<p>email: p5cientificas@gmail.com facebook:\u00a0https:\/\/www.facebook.com\/p5c.stem\/ Normalmente realizamos nuestras actuaciones en el Sal\u00f3n de Actos de la Escuela T\u00e9cnica Superior de Ingenier\u00eda Inform\u00e1tica de la Universidad de Sevilla, donde acuden los centros interesados. Si eres profesor\/a y deseas que tu clase acuda a una de nuestras representaciones, puedes ponerte en contacto con la Unidad de Cultura Cient\u00edfica de [&hellip;]<\/p>\n","protected":false},"author":2,"featured_media":0,"parent":0,"menu_order":0,"comment_status":"closed","ping_status":"closed","template":"","meta":{"footnotes":""},"class_list":["post-96","page","type-page","status-publish","hentry"],"_links":{"self":[{"href":"https:\/\/institucional.us.es\/cientificas\/wp-json\/wp\/v2\/pages\/96","targetHints":{"allow":["GET"]}}],"collection":[{"href":"https:\/\/institucional.us.es\/cientificas\/wp-json\/wp\/v2\/pages"}],"about":[{"href":"https:\/\/institucional.us.es\/cientificas\/wp-json\/wp\/v2\/types\/page"}],"author":[{"embeddable":true,"href":"https:\/\/institucional.us.es\/cientificas\/wp-json\/wp\/v2\/users\/2"}],"replies":[{"embeddable":true,"href":"https:\/\/institucional.us.es\/cientificas\/wp-json\/wp\/v2\/comments?post=96"}],"version-history":[{"count":0,"href":"https:\/\/institucional.us.es\/cientificas\/wp-json\/wp\/v2\/pages\/96\/revisions"}],"wp:attachment":[{"href":"https:\/\/institucional.us.es\/cientificas\/wp-json\/wp\/v2\/media?parent=96"}],"curies":[{"name":"wp","href":"https:\/\/api.w.org\/{rel}","templated":true}]}}