{"id":148,"date":"2023-02-17T12:21:08","date_gmt":"2023-02-17T12:21:08","guid":{"rendered":"http:\/\/institucional.us.es\/civico\/?page_id=148"},"modified":"2023-02-17T12:23:58","modified_gmt":"2023-02-17T12:23:58","slug":"libro-en-portugues","status":"publish","type":"page","link":"https:\/\/institucional.us.es\/civico\/libro-en-portugues\/","title":{"rendered":"Libro en Portugu\u00e9s dedicado a Vico"},"content":{"rendered":"\n<div class=\"wp-block-media-text alignwide is-stacked-on-mobile is-vertically-aligned-top\" style=\"grid-template-columns:26% auto\"><figure class=\"wp-block-media-text__media\"><img loading=\"lazy\" decoding=\"async\" width=\"295\" height=\"405\" src=\"http:\/\/institucional.us.es\/civico\/wp-content\/uploads\/2023\/02\/libroportugues.fw_.png\" alt=\"\" class=\"wp-image-149 size-full\" srcset=\"https:\/\/institucional.us.es\/civico\/wp-content\/uploads\/2023\/02\/libroportugues.fw_.png 295w, https:\/\/institucional.us.es\/civico\/wp-content\/uploads\/2023\/02\/libroportugues.fw_-219x300.png 219w\" sizes=\"auto, (max-width: 295px) 100vw, 295px\" \/><\/figure><div class=\"wp-block-media-text__content\">\n<p><em>Embates da raz\u00e3o: mito e filosofia na obra de Giambattista Vico<\/em>. Humberto Guido, Jos\u00e9 M. Sevilla, Sert\u00f2rio de Amorim e Silva Neto (Organizadores). EDUFU [Editora da Universidade Federal de Uberl\u00e2ndia], Uberl\u00e2ndia (Br.), 2012 (370 pp.; ISBN 978-85-7078-307-3). Con \u201cApresenta\u00e7\u00e3o\u201d de H. Guido (Univ. de Uberl\u00e2ndia) y \u201cPref\u00e1cio\u201d de J.M. Sevilla (Univ. de Sevilla).<\/p>\n\n\n\n<p>Publicado en Brasil por la Editorial de la Universidad Federal de Uberl\u00e2ndia, y presentado en la \u201cXV Semana de Filosofia da UFU\u201d (15-12 junio 2012), el volumen de estudios sobre Vico contiene el siguiente sumario:<\/p>\n\n\n\n<p>Apresenta\u00e7\u00e3o (Humberto Guido)<\/p>\n\n\n\n<p>Pref\u00e1cio (Jos\u00e9 M. Sevilla)<\/p>\n\n\n\n<p>Primeira Parte \u2013 Genealogia<\/p>\n\n\n\n<p>Cap\u00edtulo 1 <em>Lugares e tempos da barb\u00e1rie em Vico<\/em> (Enrico Nuzzo)<\/p>\n\n\n\n<p>Cap\u00edtulo 2 <em>Vico poeta<\/em> (Rossano Pecoraro)<\/p>\n\n\n\n<p>Cap\u00edtulo 3 <em>Corpos, met\u00e1foras e deuses<\/em> (Ana Cl\u00e1udia Santos)<\/p>\n\n\n\n<p>Cap\u00edtulo 4 <em>O tim\u00e3o: a transimigra\u00e7\u00e3o mar\u00edtima dos f\u00e2mulos rebeldes<\/em> (Josep Martinez Bisbal)<\/p>\n\n\n\n<p>Cap\u00edtulo 5 <em>A V\u00eanus pudica, a natureza libidinosa. A prop\u00f3sito de um confronto entre Vico e Lucr\u00e9cio<\/em> (Humberto Guido)<\/p>\n\n\n\n<p>Segunda Parte \u2013 Filosofia<\/p>\n\n\n\n<p>Cap\u00edtulo 6 <em>Metaf\u00edsica e Direito: a cr\u00edtica a Espinosa no De uno<\/em> (Fabrizio Lomonaco)<\/p>\n\n\n\n<p>Cap\u00edtulo 7 <em>A prop\u00f3sito do lugar de Vico na Modernidade<\/em> (Vladimir Chaves dos Santos)<\/p>\n\n\n\n<p>Cap\u00edtulo 8 <em>O discurso e o m\u00e9todo: Vico leitor de Descartes e a<\/em> <em>Autobiografia<\/em> (Antonio Jos\u00e9 Pereira Filho)<\/p>\n\n\n\n<p>Cap\u00edtulo 9 <em>Vico e a fundamenta\u00e7\u00e3o antropol\u00f3gica da Metaf\u00edsica<\/em> (Sert\u00f3rio de Amorim e Silva Neto)<\/p>\n\n\n\n<p>Cap\u00edtulo 10 <em>A \u00e9tica hermen\u00eautica de Vico<\/em> (Francesco Botturi)<\/p>\n\n\n\n<p>Cap\u00edtulo 11 Vico e a constru\u00e7\u00e3o do mundo humano (Maurizio Martirano)<\/p>\n\n\n\n<p>Terceira Parte \u2013 Conflu\u00eancias<\/p>\n\n\n\n<p>Cap\u00edtulo 12 <em>Vico e Ortega y Gasset: afinidades e contrastes<\/em> (Jos\u00e9 M. Sevilla)<\/p>\n\n\n\n<p>Cap\u00edtulo 13 <em>Formas e figuras do engenho em Cervantes e Vico<\/em> (Giuseppe Cacciatore)<\/p>\n\n\n\n<p>Cap\u00edtulo 14 <em>Ritmo e contraponto: sobre a influ\u00eancia de Giambattista Vico na teoria historiogr\u00e1fica de Michelet<\/em> (Maria Juliana Gambogi Teixeira)<\/p>\n\n\n\n<p>Cap\u00edtulo 15 <em>O g\u00eanio criativo em Giambattista Vico<\/em> (Andr\u00e9 Roberto Cremonezi)<\/p>\n\n\n\n<p>Cap\u00edtulo 16 <em>Vico e L\u00e9vi-Strauss<\/em> (Jos\u00e9 Guilherme Merquior)<\/p>\n\n\n\n<p>Os autores<\/p>\n<\/div><\/div>\n","protected":false},"excerpt":{"rendered":"<p>Embates da raz\u00e3o: mito e filosofia na obra de Giambattista Vico. Humberto Guido, Jos\u00e9 M. Sevilla, Sert\u00f2rio de Amorim e Silva Neto (Organizadores). EDUFU [Editora da Universidade Federal de Uberl\u00e2ndia], Uberl\u00e2ndia (Br.), 2012 (370 pp.; ISBN 978-85-7078-307-3). Con \u201cApresenta\u00e7\u00e3o\u201d de H. Guido (Univ. de Uberl\u00e2ndia) y \u201cPref\u00e1cio\u201d de J.M. Sevilla (Univ. de Sevilla). Publicado en [&hellip;]<\/p>\n","protected":false},"author":1,"featured_media":0,"parent":0,"menu_order":0,"comment_status":"closed","ping_status":"closed","template":"","meta":{"footnotes":""},"class_list":["post-148","page","type-page","status-publish","hentry"],"_links":{"self":[{"href":"https:\/\/institucional.us.es\/civico\/wp-json\/wp\/v2\/pages\/148","targetHints":{"allow":["GET"]}}],"collection":[{"href":"https:\/\/institucional.us.es\/civico\/wp-json\/wp\/v2\/pages"}],"about":[{"href":"https:\/\/institucional.us.es\/civico\/wp-json\/wp\/v2\/types\/page"}],"author":[{"embeddable":true,"href":"https:\/\/institucional.us.es\/civico\/wp-json\/wp\/v2\/users\/1"}],"replies":[{"embeddable":true,"href":"https:\/\/institucional.us.es\/civico\/wp-json\/wp\/v2\/comments?post=148"}],"version-history":[{"count":2,"href":"https:\/\/institucional.us.es\/civico\/wp-json\/wp\/v2\/pages\/148\/revisions"}],"predecessor-version":[{"id":157,"href":"https:\/\/institucional.us.es\/civico\/wp-json\/wp\/v2\/pages\/148\/revisions\/157"}],"wp:attachment":[{"href":"https:\/\/institucional.us.es\/civico\/wp-json\/wp\/v2\/media?parent=148"}],"curies":[{"name":"wp","href":"https:\/\/api.w.org\/{rel}","templated":true}]}}