{"id":153,"date":"2023-02-17T12:22:48","date_gmt":"2023-02-17T12:22:48","guid":{"rendered":"http:\/\/institucional.us.es\/civico\/?page_id=153"},"modified":"2023-02-17T12:22:48","modified_gmt":"2023-02-17T12:22:48","slug":"arte-y-mito","status":"publish","type":"page","link":"https:\/\/institucional.us.es\/civico\/arte-y-mito\/","title":{"rendered":"Arte y Mito"},"content":{"rendered":"\n<div class=\"wp-block-media-text alignwide is-stacked-on-mobile is-vertically-aligned-top\" style=\"grid-template-columns:19% auto\"><figure class=\"wp-block-media-text__media\"><img loading=\"lazy\" decoding=\"async\" width=\"297\" height=\"472\" src=\"http:\/\/institucional.us.es\/civico\/wp-content\/uploads\/2023\/02\/arteymito.fw_.png\" alt=\"\" class=\"wp-image-154 size-full\" srcset=\"https:\/\/institucional.us.es\/civico\/wp-content\/uploads\/2023\/02\/arteymito.fw_.png 297w, https:\/\/institucional.us.es\/civico\/wp-content\/uploads\/2023\/02\/arteymito.fw_-189x300.png 189w\" sizes=\"auto, (max-width: 297px) 100vw, 297px\" \/><\/figure><div class=\"wp-block-media-text__content\">\n<p><strong>Arte y mito (Anthropos, Barcelona, 2012)<\/strong><\/p>\n\n\n\n<p>La pregunta de la que nos vamos a ocupar aqu\u00ed dice as\u00ed: \u00bfqu\u00e9 experiencias, inusitadas ya para nosotros, est\u00e1n relacionadas con el origen de fen\u00f3menos como la poes\u00eda, la pintura, la m\u00fasica y otros semejantes? Una historia milenaria nos rodea con una rica tradici\u00f3n, que por supuesto s\u00f3lo es decisiva para nosotros los occidentales. Esta tradici\u00f3n conecta en nuestra imaginaci\u00f3n hasta los acontecimientos que en apariencia est\u00e1n aislados hist\u00f3ricamente, y de este modo nos proporciona la imagen de un mundo <em>cerrado<\/em> en el que nos sentimos tan resguardados (es decir, tan protegidos de lo infinito, de lo ilimitado) como por las murallas de nuestras ciudades y por los productos de nuestro arte. Pero \u00bfcu\u00e1l es el m\u00f3vil originario de nuestras creaciones art\u00edsticas? En el transcurso de nuestros an\u00e1lisis intentaremos recurrir a ciertas experiencias inmediatas que son la consecuencia del encuentro con una naturaleza y una realidad extra\u00f1as para nosotros, los europeos. Ya sabemos que la filosof\u00eda de hoy recela de este recurso a lo inmediato. Parece tener miedo a acabar cometiendo una apostas\u00eda demasiado palmaria contra la <em>teor\u00eda<\/em>. S\u00f3lo quien se ha visto alguna vez frente a los espacios inmensos e inquietantes, ante los cuales el hombre como personalidad individual no es capaz de existir; s\u00f3lo quien ha vivido el terror de esas noches en las que no se percibe otra cosa que la respiraci\u00f3n de una naturaleza no humana, todav\u00eda no humanizada: s\u00f3lo esta persona puede saber qu\u00e9 significa imponer una forma a lo amorfo y dominar as\u00ed su atracci\u00f3n y su amenaza; una forma con la que lo que es posible al hombre y para el hombre vuelve a ser real en un mundo post-m\u00edtico.<\/p>\n\n\n\n<p><strong>Ernesto Grassi <\/strong>(Mil\u00e1n, 1902 \u2013 M\u00fanich, 1991). Fil\u00f3sofo italiano y presidente del Centro Italiano di Studi Umanistici e Filosofici con sede en Roma, fue fundador y director de ocho importantes colecciones en las que lleg\u00f3 a publicar cerca de un millar de t\u00edtulos entre 1939 y 1991. Ense\u00f1\u00f3 en Friburgo, Berl\u00edn, Z\u00farich, Santiago de Chile, Valpara\u00edso y M\u00fanich en donde fund\u00f3 el Departamento de Filosof\u00eda e Historia del Humanismo. Ha publicado en Anthropos: <em>La filosof\u00eda del Humanismo<\/em>, <em>Vico y el humanismo<\/em>, <em>El poder de la fantas\u00eda<\/em>, <em>Heidegger y el problema del humanismo<\/em> y <em>Viajar sin llegar<\/em>, cuya experiencia en Am\u00e9rica Latina prosigue en <em>Arte y mito<\/em>.<\/p>\n\n\n\n<p><strong>V\u00e9ase en Anthropos Editorial BLOG (<\/strong><a href=\"http:\/\/anthropos-editorial.blogspot.com.es\/\">http:\/\/anthropos-editorial.blogspot.com.es<\/a><strong>): Entrevista a E. Hidalgo-Serna, codirector de la serie ATT Humanismo:<\/strong><a href=\"http:\/\/anthropos-editorial.blogspot.com.es\/search\/?q=hidalgo&amp;submit.x=0&amp;submit.y=0\">http:\/\/anthropos-editorial.blogspot.com.es\/search\/?q=hidalgo&amp;submit.x=0&amp;submit.y=0<\/a><\/p>\n<\/div><\/div>\n","protected":false},"excerpt":{"rendered":"<p>Arte y mito (Anthropos, Barcelona, 2012) La pregunta de la que nos vamos a ocupar aqu\u00ed dice as\u00ed: \u00bfqu\u00e9 experiencias, inusitadas ya para nosotros, est\u00e1n relacionadas con el origen de fen\u00f3menos como la poes\u00eda, la pintura, la m\u00fasica y otros semejantes? Una historia milenaria nos rodea con una rica tradici\u00f3n, que por supuesto s\u00f3lo es [&hellip;]<\/p>\n","protected":false},"author":1,"featured_media":0,"parent":0,"menu_order":0,"comment_status":"closed","ping_status":"closed","template":"","meta":{"footnotes":""},"class_list":["post-153","page","type-page","status-publish","hentry"],"_links":{"self":[{"href":"https:\/\/institucional.us.es\/civico\/wp-json\/wp\/v2\/pages\/153","targetHints":{"allow":["GET"]}}],"collection":[{"href":"https:\/\/institucional.us.es\/civico\/wp-json\/wp\/v2\/pages"}],"about":[{"href":"https:\/\/institucional.us.es\/civico\/wp-json\/wp\/v2\/types\/page"}],"author":[{"embeddable":true,"href":"https:\/\/institucional.us.es\/civico\/wp-json\/wp\/v2\/users\/1"}],"replies":[{"embeddable":true,"href":"https:\/\/institucional.us.es\/civico\/wp-json\/wp\/v2\/comments?post=153"}],"version-history":[{"count":1,"href":"https:\/\/institucional.us.es\/civico\/wp-json\/wp\/v2\/pages\/153\/revisions"}],"predecessor-version":[{"id":155,"href":"https:\/\/institucional.us.es\/civico\/wp-json\/wp\/v2\/pages\/153\/revisions\/155"}],"wp:attachment":[{"href":"https:\/\/institucional.us.es\/civico\/wp-json\/wp\/v2\/media?parent=153"}],"curies":[{"name":"wp","href":"https:\/\/api.w.org\/{rel}","templated":true}]}}