{"id":45,"date":"2023-02-16T09:05:12","date_gmt":"2023-02-16T09:05:12","guid":{"rendered":"http:\/\/institucional.us.es\/civico\/?page_id=45"},"modified":"2023-02-16T09:05:40","modified_gmt":"2023-02-16T09:05:40","slug":"sobre-el-civ","status":"publish","type":"page","link":"https:\/\/institucional.us.es\/civico\/sobre-el-civ\/","title":{"rendered":"Sobre el CIV"},"content":{"rendered":"\n<p>El <strong><em>Centro de Investigaciones sobre Vico <\/em><\/strong>es una instituci\u00f3n con una trayectoria de m\u00e1s de 30 a\u00f1os dedicada a estudiar, difundir y conservar el pensamiento del fil\u00f3sofo italiano Giambattista Vico, con sede en la Facultad de Filosof\u00eda de la Universidad de Sevilla (Espa\u00f1a).<\/p>\n\n\n\n<p>En la actualidad \u2013desde 2010\u2013 el proyecto del Centro de Investigaciones sobre Vico, y de la revista <em>Cuadernos sobre Vico<\/em>, est\u00e1 vinculado con actividades del Grupo de Investigaci\u00f3n <em>Ontolog\u00eda, Racionalidad y Praxis<\/em> (HUM-389).<\/p>\n","protected":false},"excerpt":{"rendered":"<p>El Centro de Investigaciones sobre Vico es una instituci\u00f3n con una trayectoria de m\u00e1s de 30 a\u00f1os dedicada a estudiar, difundir y conservar el pensamiento del fil\u00f3sofo italiano Giambattista Vico, con sede en la Facultad de Filosof\u00eda de la Universidad de Sevilla (Espa\u00f1a). En la actualidad \u2013desde 2010\u2013 el proyecto del Centro de Investigaciones sobre [&hellip;]<\/p>\n","protected":false},"author":1,"featured_media":0,"parent":0,"menu_order":0,"comment_status":"closed","ping_status":"closed","template":"","meta":{"footnotes":""},"class_list":["post-45","page","type-page","status-publish","hentry"],"_links":{"self":[{"href":"https:\/\/institucional.us.es\/civico\/wp-json\/wp\/v2\/pages\/45","targetHints":{"allow":["GET"]}}],"collection":[{"href":"https:\/\/institucional.us.es\/civico\/wp-json\/wp\/v2\/pages"}],"about":[{"href":"https:\/\/institucional.us.es\/civico\/wp-json\/wp\/v2\/types\/page"}],"author":[{"embeddable":true,"href":"https:\/\/institucional.us.es\/civico\/wp-json\/wp\/v2\/users\/1"}],"replies":[{"embeddable":true,"href":"https:\/\/institucional.us.es\/civico\/wp-json\/wp\/v2\/comments?post=45"}],"version-history":[{"count":2,"href":"https:\/\/institucional.us.es\/civico\/wp-json\/wp\/v2\/pages\/45\/revisions"}],"predecessor-version":[{"id":47,"href":"https:\/\/institucional.us.es\/civico\/wp-json\/wp\/v2\/pages\/45\/revisions\/47"}],"wp:attachment":[{"href":"https:\/\/institucional.us.es\/civico\/wp-json\/wp\/v2\/media?parent=45"}],"curies":[{"name":"wp","href":"https:\/\/api.w.org\/{rel}","templated":true}]}}