{"id":72,"date":"2023-02-16T13:08:36","date_gmt":"2023-02-16T13:08:36","guid":{"rendered":"http:\/\/institucional.us.es\/civico\/?page_id=72"},"modified":"2023-03-02T12:41:00","modified_gmt":"2023-03-02T12:41:00","slug":"coleccion-minima-del-civ","status":"publish","type":"page","link":"https:\/\/institucional.us.es\/civico\/coleccion-minima-del-civ\/","title":{"rendered":"Colecci\u00f3n M\u00ednima del CIV"},"content":{"rendered":"\n<div class=\"wp-block-columns is-layout-flex wp-container-core-columns-is-layout-9d6595d7 wp-block-columns-is-layout-flex\">\n<div class=\"wp-block-column is-layout-flow wp-block-column-is-layout-flow\" style=\"flex-basis:33.33%\">\n<figure class=\"wp-block-image size-full is-resized\"><img loading=\"lazy\" decoding=\"async\" src=\"http:\/\/institucional.us.es\/civico\/wp-content\/uploads\/2023\/03\/minimapastor.gif\" alt=\"\" class=\"wp-image-170\" width=\"112\" height=\"158\"\/><\/figure>\n<\/div>\n\n\n\n<div class=\"wp-block-column is-layout-flow wp-block-column-is-layout-flow\" style=\"flex-basis:66.66%\">\n<p>MIGUEL PASTOR P\u00c9REZ, Fragmentos de filosof\u00eda civil. (Ensayos y estudios bibliogr\u00e1ficos). Editorial Kronos, Colecci\u00f3n M\u00ednima del CIV, Sevilla, 2002. P\u00e1gs. 114. I.S.B.N.: 84-86273-41-2. [mpastor@us.es] &nbsp; <a href=\"http:\/\/institucional.us.es\/civico\/wp-content\/uploads\/2023\/03\/minima1.pdf\" target=\"_blank\" rel=\"noreferrer noopener\">ACCESO AL LIBRO<\/a><\/p>\n<\/div>\n<\/div>\n\n\n\n<div class=\"wp-block-columns is-layout-flex wp-container-core-columns-is-layout-9d6595d7 wp-block-columns-is-layout-flex\">\n<div class=\"wp-block-column is-layout-flow wp-block-column-is-layout-flow\" style=\"flex-basis:33.33%\">\n<figure class=\"wp-block-image size-full is-resized\"><img loading=\"lazy\" decoding=\"async\" src=\"http:\/\/institucional.us.es\/civico\/wp-content\/uploads\/2023\/03\/minimaaguila.gif\" alt=\"\" class=\"wp-image-171\" width=\"114\" height=\"159\"\/><\/figure>\n<\/div>\n\n\n\n<div class=\"wp-block-column is-layout-flow wp-block-column-is-layout-flow\" style=\"flex-basis:66.66%\">\n<p>MAR\u00cdA DEL \u00c1GUILA SOLA D\u00cdAZ, <em>La idea de lo trascendental en Heidegger<\/em>. Editorial Kronos, Colecci\u00f3n M\u00ednima del CIV, Sevilla, 2002. P\u00e1gs. 126. I.S.B.N.: 84-86273-61-7. [aguilasoled@us.es]&nbsp;<a href=\"http:\/\/institucional.us.es\/civico\/wp-content\/uploads\/2023\/03\/minima2.pdf\" target=\"_blank\" rel=\"noreferrer noopener\">ACCESO AL LIBRO<\/a><\/p>\n<\/div>\n<\/div>\n\n\n\n<div class=\"wp-block-columns is-layout-flex wp-container-core-columns-is-layout-9d6595d7 wp-block-columns-is-layout-flex\">\n<div class=\"wp-block-column is-layout-flow wp-block-column-is-layout-flow\" style=\"flex-basis:33.33%\">\n<figure class=\"wp-block-image size-full is-resized\"><img loading=\"lazy\" decoding=\"async\" src=\"http:\/\/institucional.us.es\/civico\/wp-content\/uploads\/2023\/03\/minimasevilla.jpg\" alt=\"\" class=\"wp-image-172\" width=\"116\" height=\"163\"\/><\/figure>\n<\/div>\n\n\n\n<div class=\"wp-block-column is-layout-flow wp-block-column-is-layout-flow\" style=\"flex-basis:66.66%\">\n<p>JOS\u00c9 M. SEVILLA, <em>Tramos de Filosof\u00eda<\/em>. Editorial Kronos, Colecci\u00f3n M\u00ednima del CIV, Sevilla, 2002. P\u00e1gs. 119. I.S.B.N.: 84-86273-62-5. [sevilla@us.es] &nbsp; <a href=\"http:\/\/institucional.us.es\/civico\/wp-content\/uploads\/2023\/03\/minima3.pdf\" target=\"_blank\" rel=\"noreferrer noopener\">ACCESO AL LIBRO<\/a><\/p>\n<\/div>\n<\/div>\n\n\n\n<div class=\"wp-block-columns is-layout-flex wp-container-core-columns-is-layout-9d6595d7 wp-block-columns-is-layout-flex\">\n<div class=\"wp-block-column is-layout-flow wp-block-column-is-layout-flow\" style=\"flex-basis:33.33%\">\n<figure class=\"wp-block-image size-full is-resized\"><img loading=\"lazy\" decoding=\"async\" src=\"http:\/\/institucional.us.es\/civico\/wp-content\/uploads\/2023\/03\/minimabadillo.gif\" alt=\"\" class=\"wp-image-173\" width=\"118\" height=\"164\"\/><\/figure>\n<\/div>\n\n\n\n<div class=\"wp-block-column is-layout-flow wp-block-column-is-layout-flow\" style=\"flex-basis:66.66%\">\n<p>PABLO BADILLO O&#8217;FARRELL, <em>De rep\u00fablicas y libertades<\/em>. Editorial Kronos, Colecci\u00f3n M\u00ednima del CIV, Sevilla, 2003. P\u00e1gs. 102. I.S.B.N.: 84-86273-69-2. [badillo@us.es] \u00a0 <a rel=\"noreferrer noopener\" href=\"http:\/\/institucional.us.es\/civico\/wp-content\/uploads\/2023\/03\/minima4.pdf\" target=\"_blank\"><\/a><a href=\"https:\/\/web.archive.org\/web\/20211112173203\/http:\/\/institucional.us.es\/civico\/index.php?page=jose-m-sevilla-tramos-de-filosofia\"><\/a><a href=\"http:\/\/institucional.us.es\/civico\/wp-content\/uploads\/2023\/03\/minima4.pdf\" target=\"_blank\" rel=\"noreferrer noopener\">ACCESO AL LIBRO<\/a><\/p>\n<\/div>\n<\/div>\n\n\n\n<div class=\"wp-block-columns is-layout-flex wp-container-core-columns-is-layout-9d6595d7 wp-block-columns-is-layout-flex\">\n<div class=\"wp-block-column is-layout-flow wp-block-column-is-layout-flow\" style=\"flex-basis:33.33%\">\n<figure class=\"wp-block-image size-full is-resized\"><img loading=\"lazy\" decoding=\"async\" src=\"http:\/\/institucional.us.es\/civico\/wp-content\/uploads\/2023\/03\/simulacion-1.gif\" alt=\"\" class=\"wp-image-175\" width=\"115\" height=\"160\"\/><\/figure>\n<\/div>\n\n\n\n<div class=\"wp-block-column is-layout-flow wp-block-column-is-layout-flow\" style=\"flex-basis:66.66%\">\n<p>P. BADILLO O&#8217;FARRELL, J. M. SEVILLA, J. VILLALOBOS (Eds.), <em>Simulaci\u00f3n y disimulaci\u00f3n. Aspectos constitutivos del pensamiento europeo<\/em>. Editorial Kronos, Colecci\u00f3n M\u00ednima del CIV, Sevilla, 2003. P\u00e1gs. 120. I.S.B.N.: 84-86273-78-1. [badillo@us.es; jvillalobos@us.es; sevilla@us.es] &nbsp; <a href=\"http:\/\/institucional.us.es\/civico\/wp-content\/uploads\/2023\/03\/minima5.pdf\" target=\"_blank\" rel=\"noreferrer noopener\">ACCESO AL LIBRO<\/a><\/p>\n<\/div>\n<\/div>\n\n\n\n<div class=\"wp-block-columns is-layout-flex wp-container-core-columns-is-layout-9d6595d7 wp-block-columns-is-layout-flex\">\n<div class=\"wp-block-column is-layout-flow wp-block-column-is-layout-flow\" style=\"flex-basis:33.33%\">\n<figure class=\"wp-block-image size-full is-resized\"><img loading=\"lazy\" decoding=\"async\" src=\"http:\/\/institucional.us.es\/civico\/wp-content\/uploads\/2023\/03\/minimadanesi-1.gif\" alt=\"\" class=\"wp-image-177\" width=\"114\" height=\"158\"\/><\/figure>\n<\/div>\n\n\n\n<div class=\"wp-block-column is-layout-flow wp-block-column-is-layout-flow\" style=\"flex-basis:66.66%\">\n<p>MARCEL DANESI, <em>Met\u00e1fora, pensamiento y lenguaje. Una perspectiva viquiana de teorizaci\u00f3n sobre la met\u00e1fora como elemento de interconexi\u00f3n<\/em>, presentaci\u00f3n y trad. de Jos\u00e9 M. Sevilla. Editorial Kronos, Colecci\u00f3n M\u00ednima del CIV, Sevilla, 2004. P\u00e1gs. 118. [marcel.danesi@utoronto.ca; sevilla@us.es] &nbsp;<a href=\"http:\/\/institucional.us.es\/civico\/wp-content\/uploads\/2023\/03\/minima6.pdf\" target=\"_blank\" rel=\"noreferrer noopener\"> ACCESO AL LIBRO<\/a><\/p>\n<\/div>\n<\/div>\n\n\n\n<div class=\"wp-block-columns is-layout-flex wp-container-core-columns-is-layout-9d6595d7 wp-block-columns-is-layout-flex\">\n<div class=\"wp-block-column is-layout-flow wp-block-column-is-layout-flow\" style=\"flex-basis:33.33%\">\n<figure class=\"wp-block-image size-full is-resized\"><img loading=\"lazy\" decoding=\"async\" src=\"http:\/\/institucional.us.es\/civico\/wp-content\/uploads\/2023\/03\/minimapanea.jpg\" alt=\"\" class=\"wp-image-178\" width=\"115\" height=\"160\"\/><\/figure>\n<\/div>\n\n\n\n<div class=\"wp-block-column is-layout-flow wp-block-column-is-layout-flow\" style=\"flex-basis:66.66%\">\n<p>JOS\u00c9 M. PANEA, <em>Arthur Schopenhauer: Del dolor de la existencia al cansancio de vivir<\/em>. Editorial Kronos, Colecci\u00f3n M\u00ednima del CIV, Sevilla, 2004. P\u00e1gs. 100. [jmpanea@us.es] &nbsp; <a href=\"http:\/\/institucional.us.es\/civico\/wp-content\/uploads\/2023\/03\/minima7.pdf\" target=\"_blank\" rel=\"noreferrer noopener\">ACCESO AL LIBRO<\/a><\/p>\n<\/div>\n<\/div>\n\n\n\n<p><strong><mark style=\"background-color:rgba(0, 0, 0, 0)\" class=\"has-inline-color has-black-color\">Nueva Colecci\u00f3n M\u00ednima del CIV<\/mark><\/strong><\/p>\n\n\n\n<div class=\"wp-block-columns is-layout-flex wp-container-core-columns-is-layout-9d6595d7 wp-block-columns-is-layout-flex\">\n<div class=\"wp-block-column is-layout-flow wp-block-column-is-layout-flow\" style=\"flex-basis:33.33%\">\n<figure class=\"wp-block-image size-full is-resized\"><img loading=\"lazy\" decoding=\"async\" src=\"http:\/\/institucional.us.es\/civico\/wp-content\/uploads\/2023\/03\/nuevaminimavillalobos-1.jpg\" alt=\"\" class=\"wp-image-181\" width=\"114\" height=\"158\"\/><\/figure>\n<\/div>\n\n\n\n<div class=\"wp-block-column is-layout-flow wp-block-column-is-layout-flow\" style=\"flex-basis:66.66%\">\n<p>JOS\u00c9 VILLALOBOS, <em>De la belleza de la filosof\u00eda &#8211; De pulchritudine philosophiae<\/em>, F\u00e9nix Editora (Colecc. Nueva M\u00ednima del CIV), Sevilla, 2005 (ISBN 84-609-7871-0). [jvillalobos@us.es] &nbsp; <a href=\"http:\/\/institucional.us.es\/civico\/wp-content\/uploads\/2023\/03\/minima8.pdf\" target=\"_blank\" rel=\"noreferrer noopener\">ACCESO AL LIBRO<\/a><\/p>\n<\/div>\n<\/div>\n\n\n\n<div class=\"wp-block-columns is-layout-flex wp-container-core-columns-is-layout-9d6595d7 wp-block-columns-is-layout-flex\">\n<div class=\"wp-block-column is-layout-flow wp-block-column-is-layout-flow\" style=\"flex-basis:33.33%\">\n<figure class=\"wp-block-image size-full is-resized\"><img loading=\"lazy\" decoding=\"async\" src=\"http:\/\/institucional.us.es\/civico\/wp-content\/uploads\/2023\/03\/nuevaminimaaisa.jpg\" alt=\"\" class=\"wp-image-182\" width=\"120\" height=\"169\"\/><\/figure>\n<\/div>\n\n\n\n<div class=\"wp-block-column is-layout-flow wp-block-column-is-layout-flow\" style=\"flex-basis:66.66%\">\n<p>ISABEL A\u00cdSA FERN\u00c1NDEZ, <em>Heidegger y Zubiri. Encuentros y desencuentros<\/em>, F\u00e9nix Editora (Colecc. Nueva M\u00ednima del CIV), Sevilla, 2006 (ISBN 84-11-2309-3). [assya@us.es] &nbsp; <a href=\"http:\/\/institucional.us.es\/civico\/wp-content\/uploads\/2023\/03\/minima9.pdf\" target=\"_blank\" rel=\"noreferrer noopener\">ACCESO AL LIBRO<\/a><\/p>\n<\/div>\n<\/div>\n\n\n\n<div class=\"wp-block-columns is-layout-flex wp-container-core-columns-is-layout-9d6595d7 wp-block-columns-is-layout-flex\">\n<div class=\"wp-block-column is-layout-flow wp-block-column-is-layout-flow\" style=\"flex-basis:33.33%\">\n<figure class=\"wp-block-image size-full is-resized\"><img loading=\"lazy\" decoding=\"async\" src=\"http:\/\/institucional.us.es\/civico\/wp-content\/uploads\/2023\/03\/nuevaminimaruben.jpg\" alt=\"\" class=\"wp-image-183\" width=\"122\" height=\"172\"\/><\/figure>\n<\/div>\n\n\n\n<div class=\"wp-block-column is-layout-flow wp-block-column-is-layout-flow\" style=\"flex-basis:66.66%\">\n<p>RUB\u00c9N MU\u00d1OZ MART\u00cdNEZ, <em>Tratamiento ontol\u00f3gico del silencio en Heidegger<\/em>, F\u00e9nix Editora (Colecc. Nueva M\u00ednima del CIV), Sevilla, 2006 (ISBN 84-11-2310-7). [montesofia@eresmas.es] &nbsp; <a href=\"http:\/\/institucional.us.es\/civico\/wp-content\/uploads\/2023\/03\/minima10.pdf\" target=\"_blank\" rel=\"noreferrer noopener\">ACCESO AL LIBRO<\/a><\/p>\n<\/div>\n<\/div>\n","protected":false},"excerpt":{"rendered":"<p>MIGUEL PASTOR P\u00c9REZ, Fragmentos de filosof\u00eda civil. (Ensayos y estudios bibliogr\u00e1ficos). Editorial Kronos, Colecci\u00f3n M\u00ednima del CIV, Sevilla, 2002. P\u00e1gs. 114. I.S.B.N.: 84-86273-41-2. [mpastor@us.es] &nbsp; ACCESO AL LIBRO MAR\u00cdA DEL \u00c1GUILA SOLA D\u00cdAZ, La idea de lo trascendental en Heidegger. Editorial Kronos, Colecci\u00f3n M\u00ednima del CIV, Sevilla, 2002. P\u00e1gs. 126. I.S.B.N.: 84-86273-61-7. [aguilasoled@us.es]&nbsp;ACCESO AL LIBRO [&hellip;]<\/p>\n","protected":false},"author":1,"featured_media":0,"parent":0,"menu_order":0,"comment_status":"closed","ping_status":"closed","template":"","meta":{"footnotes":""},"class_list":["post-72","page","type-page","status-publish","hentry"],"_links":{"self":[{"href":"https:\/\/institucional.us.es\/civico\/wp-json\/wp\/v2\/pages\/72","targetHints":{"allow":["GET"]}}],"collection":[{"href":"https:\/\/institucional.us.es\/civico\/wp-json\/wp\/v2\/pages"}],"about":[{"href":"https:\/\/institucional.us.es\/civico\/wp-json\/wp\/v2\/types\/page"}],"author":[{"embeddable":true,"href":"https:\/\/institucional.us.es\/civico\/wp-json\/wp\/v2\/users\/1"}],"replies":[{"embeddable":true,"href":"https:\/\/institucional.us.es\/civico\/wp-json\/wp\/v2\/comments?post=72"}],"version-history":[{"count":14,"href":"https:\/\/institucional.us.es\/civico\/wp-json\/wp\/v2\/pages\/72\/revisions"}],"predecessor-version":[{"id":197,"href":"https:\/\/institucional.us.es\/civico\/wp-json\/wp\/v2\/pages\/72\/revisions\/197"}],"wp:attachment":[{"href":"https:\/\/institucional.us.es\/civico\/wp-json\/wp\/v2\/media?parent=72"}],"curies":[{"name":"wp","href":"https:\/\/api.w.org\/{rel}","templated":true}]}}