{"id":77,"date":"2023-02-16T13:11:21","date_gmt":"2023-02-16T13:11:21","guid":{"rendered":"http:\/\/institucional.us.es\/civico\/?page_id=77"},"modified":"2023-02-16T13:11:21","modified_gmt":"2023-02-16T13:11:21","slug":"serie-humanismo","status":"publish","type":"page","link":"https:\/\/institucional.us.es\/civico\/serie-humanismo\/","title":{"rendered":"Serie Humanismo"},"content":{"rendered":"\n<p><strong>Serie Humanismo. Autores, textos y temas<\/strong><\/p>\n\n\n\n<p><strong>Dirigida por Emilio Hidalgo-Serna y Jos\u00e9 M. Sevilla<\/strong><\/p>\n\n\n\n<p><a href=\"http:\/\/www.anthropos-editorial.com\/listado.asp?codigo=001005002004007&amp;id=1025\" target=\"_blank\" rel=\"noreferrer noopener\"><strong>Editorial Anthropos<\/strong><\/a><strong>. Barcelona.&nbsp;(Grupo Editorial Siglo XXI).<\/strong><\/p>\n\n\n\n<ol class=\"wp-block-list\" type=\"1\">\n<li>Ernesto Grassi, <em>La filosof\u00eda del Humanismo. Preeminencia de la palabra<\/em>. Introducci\u00f3n de Emilio Hidalgo-Serna. Editorial Anthropos (serie Humanismo, 1). Barcelona, 1993. P\u00e1s. 207. ISBN 84-7658-388-5. [Trad. del alem\u00e1n por Manuel Canet].<\/li>\n\n\n\n<li>Emilio Hidalgo-Serna, <em>El pensamiento ingenioso en Baltasar Graci\u00e1n<\/em>. Editorial Anthropos (serie Humanismo, 2). Barcelona, 1993. P\u00e1gs. 246. ISBN 84-7658-393-1. [Trad. del alem\u00e1n por Manuel Canet].<\/li>\n\n\n\n<li>Juan Luis Vives, <em>El arte ret\u00f3rica. De ratione dicendi<\/em>. Estudio introductorio de Emilio Hidalgo-Serna. Ed. biling\u00fce, trad. y notas de Ana Isabel Camacho. Editorial Anthropos (serie Humanismo, 3). Barcelona, 1998. P\u00e1gs. 343. ISBN 84-7658-531-4.<\/li>\n\n\n\n<li>Donatella Di Cesare, <em>Wilhelm von Humboldt y el estudio filos\u00f3fico de las lenguas<\/em>. Editorial Anthropos (serie Humanismo, 4). Barcelona, 1999. P\u00e1gs. 183. ISBN 84-7658-555-1. [Trad. del italiano por Ana Agud].<\/li>\n\n\n\n<li>Ernesto Grassi, <em>Vico y el humanismo. Ensayos sobre Vico, Heidegger y la ret\u00f3rica<\/em>. Pr\u00f3logo de Donald Phillip Verene. Editorial Anthropos (serie Humanismo, 5). Barcelona, 1999. P\u00e1gs. 237. ISBN 84-7658-565-9. [Trad. del ingl\u00e9s por Jorge Navarro P\u00e9rez.<\/li>\n\n\n\n<li>Giambattista Vico, <em>OBRAS. Oraciones inaugurales &amp; La antiqu\u00edsima sabidur\u00eda de los italianos<\/em>. Pres. de Emilio Hidalgo-Serna. Introd. de Jos\u00e9 M. Sevilla. Ed., trad. del lat\u00edn y notas de Francisco J. Navarro G\u00f3mez. Editorial Anthropos (serie Humanismo, 6). Barcelona, 2002. P\u00e1gs. 323. ISBN 84-7658-639-<a href=\"http:\/\/www.anthropos-editorial.com\/lista_libros.asp?lugar=catalogo&amp;colec=atthm&amp;cat1=1&amp;cat2=1&amp;cat3=3&amp;cat4=7&amp;cat5=0\" target=\"_blank\" rel=\"noreferrer noopener\">6.<\/a><\/li>\n\n\n\n<li>Ernesto Grassi, <em>El poder de la fantas\u00eda. Observaciones sobre la historia del pensamiento occidental <\/em>. Pres. de Emilio Hidalgo-Serna. Editorial Anthropos (serie Humanismo, 7). Barcelona, 2003. P\u00e1gs. 253. ISBN 84-7658-649-3.<\/li>\n\n\n\n<li>Giambattista Vico, <em>La ret\u00f3rica (Instituciones de oratoria)<\/em>. <em>OBRAS II. <\/em>Pres. de Emilio Hidalgo-Serna y Jos\u00e9 M. Sevilla. Prefacio de Giuliano Crif\u00f2. Ed., trad. del lat\u00edn y notas de Francisco J. Navarro G\u00f3mez. Editorial Anthropos (serie Humanismo, 8). Barcelona, 2004. P\u00e1gs. 267. ISBN 84-7658-704-X.<\/li>\n\n\n\n<li>Ernesto Grassi, <em>Heidegger y el problema del humanismo<\/em>. Nota al lector y Bibliograf\u00eda de Ernesto Grassi a cargo de E. Hidalgo-Serna. Traducci\u00f3n, introducci\u00f3n y notas a cargo de Ubaldo P\u00e9rez Paoli. Editorial Anthropos (serie Humanismo, 9). Barcelona, 2006. P\u00e1gs. 156. ISBN 84-7658-784-8.<\/li>\n\n\n\n<li>Massimo Marassi, <em>Metamorfosis de la historia. El Momus de L.B. Alberti<\/em>.<br>Prefacio de Emilio Hidalgo-Serna. Editorial Anthropos (serie Humanismo, 10). Barcelona, 2008. P\u00e1gs. 192. ISBN 978-84-7658-858-1. [Trad. del italiano por Jorge Navarro P\u00e9rez].<\/li>\n\n\n\n<li>Ernesto Grassi, <em>Viajar sin llegar. Un encuentro filos\u00f3fico con Iberoam\u00e9rica<\/em>.<br>Presentaci\u00f3n de E. Hidalgo-Serna y J.M.Sevilla. Introduc. y trad. del alem\u00e1n por Joaqu\u00edn Barcel\u00f3. Edtiorial Anthropos (serie Humanismo, 11). Barcelona, 2008. P\u00e1gs. 174. ISBN 978-84-7658-883-3.<\/li>\n\n\n\n<li>Giambattista Vico, <em>Obras III. El Derecho Universal<\/em>. Ed., introd., trad. del lat\u00edn y notas de Francisco J. Navarro G\u00f3mez. Presentaci\u00f3n de E. Hidalgo-Serna y Jos\u00e9 M. Sevilla. Editorial Anthropos (serie Humanismo, 12). Barcelona, 2009. P\u00e1gs. 876. ISBN 978-84-7658-923-6.<\/li>\n\n\n\n<li>Jos\u00e9 M. Sevilla, <em>Proleg\u00f3menos para una cr\u00edtica de la raz\u00f3n problem\u00e1tica. Motivos en Vico y Ortega<\/em>. Presentaci\u00f3n de E. Hidalgo-Serna. Editorial Anthropos (serie Humanismo, 13). Barcelona, 2011. P\u00e1gs. 431. ISBN 978-84-7658-988-5. [En coedici\u00f3n con la Universidad Aut\u00f3noma Metropolitana. Unidad Cuajimalpa. M\u00e9xico. ISBN UAM 978-607-477-475-7].<\/li>\n\n\n\n<li>Ernesto Grassi, <em>Arte y mito<\/em>. Introducci\u00f3n de E. Hidalgo-Serna. Editorial Anthropos (serie Humanismo, 14). Barcelona, 2012. P\u00e1gs. 146. ISBN 978-84-15260-33-2.<\/li>\n<\/ol>\n","protected":false},"excerpt":{"rendered":"<p>Serie Humanismo. Autores, textos y temas Dirigida por Emilio Hidalgo-Serna y Jos\u00e9 M. Sevilla Editorial Anthropos. Barcelona.&nbsp;(Grupo Editorial Siglo XXI).<\/p>\n","protected":false},"author":1,"featured_media":0,"parent":0,"menu_order":0,"comment_status":"closed","ping_status":"closed","template":"","meta":{"footnotes":""},"class_list":["post-77","page","type-page","status-publish","hentry"],"_links":{"self":[{"href":"https:\/\/institucional.us.es\/civico\/wp-json\/wp\/v2\/pages\/77","targetHints":{"allow":["GET"]}}],"collection":[{"href":"https:\/\/institucional.us.es\/civico\/wp-json\/wp\/v2\/pages"}],"about":[{"href":"https:\/\/institucional.us.es\/civico\/wp-json\/wp\/v2\/types\/page"}],"author":[{"embeddable":true,"href":"https:\/\/institucional.us.es\/civico\/wp-json\/wp\/v2\/users\/1"}],"replies":[{"embeddable":true,"href":"https:\/\/institucional.us.es\/civico\/wp-json\/wp\/v2\/comments?post=77"}],"version-history":[{"count":1,"href":"https:\/\/institucional.us.es\/civico\/wp-json\/wp\/v2\/pages\/77\/revisions"}],"predecessor-version":[{"id":78,"href":"https:\/\/institucional.us.es\/civico\/wp-json\/wp\/v2\/pages\/77\/revisions\/78"}],"wp:attachment":[{"href":"https:\/\/institucional.us.es\/civico\/wp-json\/wp\/v2\/media?parent=77"}],"curies":[{"name":"wp","href":"https:\/\/api.w.org\/{rel}","templated":true}]}}