{"id":88,"date":"2023-02-16T13:20:37","date_gmt":"2023-02-16T13:20:37","guid":{"rendered":"http:\/\/institucional.us.es\/civico\/?page_id=88"},"modified":"2023-02-16T13:20:37","modified_gmt":"2023-02-16T13:20:37","slug":"la-retorica-de-vico","status":"publish","type":"page","link":"https:\/\/institucional.us.es\/civico\/la-retorica-de-vico\/","title":{"rendered":"La ret\u00f3rica de Vico"},"content":{"rendered":"\n<div class=\"wp-block-media-text is-stacked-on-mobile is-vertically-aligned-top\" style=\"grid-template-columns:24% auto\"><figure class=\"wp-block-media-text__media\"><img loading=\"lazy\" decoding=\"async\" width=\"250\" height=\"384\" src=\"http:\/\/institucional.us.es\/civico\/wp-content\/uploads\/2023\/02\/obra.jpg\" alt=\"\" class=\"wp-image-89 size-full\" srcset=\"https:\/\/institucional.us.es\/civico\/wp-content\/uploads\/2023\/02\/obra.jpg 250w, https:\/\/institucional.us.es\/civico\/wp-content\/uploads\/2023\/02\/obra-195x300.jpg 195w\" sizes=\"auto, (max-width: 250px) 100vw, 250px\" \/><\/figure><div class=\"wp-block-media-text__content\">\n<p><a href=\"http:\/\/www.anthropos-editorial.com\/\" target=\"_blank\" rel=\"noreferrer noopener\">Giambattista Vico, <em>Obras II. Ret\u00f3rica (Instituciones de Oratoria)<\/em>, edici\u00f3n, traducci\u00f3n del lat\u00edn y notas de Francisco J. Navarro G\u00f3mez. Anthropos, Barcelona, 2004, pp. XIX+267. Presentaci\u00f3n de Emilio Hidalgo-Serna y Jos\u00e9 M. Sevilla; Prefacio de Giuliano Crif\u00f2.<\/a><\/p>\n\n\n\n<p>Segundo volumen de las <em>Obras <\/em>de Vico que, en traducci\u00f3n espa\u00f1ola, promueven E. Hidalgo-Serna y Jos\u00e9 M. Sevilla. Este nuevo volumen contin\u00faa con la traducci\u00f3n de textos de Vico en lat\u00edn, realizada por Francisco J. Navarro G\u00f3mez, que tambi\u00e9n se encarg\u00f3 de las obras del primer volumen (G. Vico, <em>Obras. Oraciones inagurales &amp; La antiqu\u00edsima sabidur\u00eda de los italianos <\/em>, Anthropos, Barcelona, 2002, con Presentaci\u00f3n de E. Hidalgo-Serna e Introducci\u00f3n de J.M. Sevilla). Se publica ahora el interesante manual de Ret\u00f3rica -o las <em>Institutiones oratoriae- <\/em>, dentro de la misma colecci\u00f3n \u00abHumanismo\u00bb de la catalana editorial Anthropos. El primer volumen de <em>Obras <\/em>era el n\u00famero 6 y \u00e9ste \u00faltimo sale con el 8, publicado con la colaboraci\u00f3n de la Direcci\u00f3n General del Libro, Archivos y Bibliotecas del Ministerio de Cultura y con la de la Fundaci\u00f3n <em>Studia Humanitatis <\/em>(Z\u00farich). Contiene una Presentaci\u00f3n de los directores de la colecci\u00f3n y un Prefacio de Giuliano Crif\u00f2, de la Universidad de Roma, quien se encarg\u00f3 de la edici\u00f3n cr\u00edtica de las <em>Institutiones Oratoriae <\/em>publicada por el Istituto Suor Orsola Benincasa (N\u00e1poles, 1989), cuyo texto latino asentado por el autor y establecido en dicha edici\u00f3n ha seguido el traductor espa\u00f1ol.<\/p>\n\n\n\n<p>[Informaci\u00f3n de <em>Cuadernos sobre Vico<\/em>]<\/p>\n\n\n\n<p>\u00a9 Centro de Investigaciones sobre Vico &#8211; <em>Cuadernos sobre Vico<\/em>. 2005<\/p>\n<\/div><\/div>\n","protected":false},"excerpt":{"rendered":"<p>Giambattista Vico, Obras II. Ret\u00f3rica (Instituciones de Oratoria), edici\u00f3n, traducci\u00f3n del lat\u00edn y notas de Francisco J. Navarro G\u00f3mez. Anthropos, Barcelona, 2004, pp. XIX+267. Presentaci\u00f3n de Emilio Hidalgo-Serna y Jos\u00e9 M. Sevilla; Prefacio de Giuliano Crif\u00f2. Segundo volumen de las Obras de Vico que, en traducci\u00f3n espa\u00f1ola, promueven E. Hidalgo-Serna y Jos\u00e9 M. Sevilla. Este [&hellip;]<\/p>\n","protected":false},"author":1,"featured_media":0,"parent":0,"menu_order":0,"comment_status":"closed","ping_status":"closed","template":"","meta":{"footnotes":""},"class_list":["post-88","page","type-page","status-publish","hentry"],"_links":{"self":[{"href":"https:\/\/institucional.us.es\/civico\/wp-json\/wp\/v2\/pages\/88","targetHints":{"allow":["GET"]}}],"collection":[{"href":"https:\/\/institucional.us.es\/civico\/wp-json\/wp\/v2\/pages"}],"about":[{"href":"https:\/\/institucional.us.es\/civico\/wp-json\/wp\/v2\/types\/page"}],"author":[{"embeddable":true,"href":"https:\/\/institucional.us.es\/civico\/wp-json\/wp\/v2\/users\/1"}],"replies":[{"embeddable":true,"href":"https:\/\/institucional.us.es\/civico\/wp-json\/wp\/v2\/comments?post=88"}],"version-history":[{"count":1,"href":"https:\/\/institucional.us.es\/civico\/wp-json\/wp\/v2\/pages\/88\/revisions"}],"predecessor-version":[{"id":90,"href":"https:\/\/institucional.us.es\/civico\/wp-json\/wp\/v2\/pages\/88\/revisions\/90"}],"wp:attachment":[{"href":"https:\/\/institucional.us.es\/civico\/wp-json\/wp\/v2\/media?parent=88"}],"curies":[{"name":"wp","href":"https:\/\/api.w.org\/{rel}","templated":true}]}}