{"id":97,"date":"2023-02-16T13:25:59","date_gmt":"2023-02-16T13:25:59","guid":{"rendered":"http:\/\/institucional.us.es\/civico\/?page_id=97"},"modified":"2023-02-16T13:31:27","modified_gmt":"2023-02-16T13:31:27","slug":"el-espejo-de-la-epoca","status":"publish","type":"page","link":"https:\/\/institucional.us.es\/civico\/el-espejo-de-la-epoca\/","title":{"rendered":"El espejo de la \u00e9poca"},"content":{"rendered":"\n<div class=\"wp-block-media-text alignwide is-stacked-on-mobile is-vertically-aligned-top\" style=\"grid-template-columns:23% auto\"><figure class=\"wp-block-media-text__media\"><img loading=\"lazy\" decoding=\"async\" width=\"601\" height=\"800\" src=\"http:\/\/institucional.us.es\/civico\/wp-content\/uploads\/2023\/02\/espejo.jpg\" alt=\"\" class=\"wp-image-98 size-full\" srcset=\"https:\/\/institucional.us.es\/civico\/wp-content\/uploads\/2023\/02\/espejo.jpg 601w, https:\/\/institucional.us.es\/civico\/wp-content\/uploads\/2023\/02\/espejo-225x300.jpg 225w\" sizes=\"auto, (max-width: 601px) 100vw, 601px\" \/><\/figure><div class=\"wp-block-media-text__content\">\n<p>Jos\u00e9 M. Sevilla, <em>El espejo de la \u00e9poca. Cap\u00edtulo sobre G. Vico en la cultura hisp\u00e1nica (1737-2005)<\/em>, Edizioni La Citt\u00e0 del Sole, N\u00e1poles, 2007. ISBN 978-88-8292-372-3. (676 p\u00e1gs.).<\/p>\n\n\n\n<p>La publicaci\u00f3n de este libro, promovida por el Istituto di Studi Latinoamericani (I.S.LA) y el Centro di Studi Vichiani y editado con la colaboraci\u00f3n de diversas instituciones, inaugura la Colecci\u00f3n \u201cPensamiento Latino\u201d y viene presentada por Giuseppe Cacciatore (Universidad de N\u00e1poles) y prologada por Antonio Heredia Soriano (Universidad de Salamanca).<\/p>\n\n\n\n<p>La obra muestra la recepci\u00f3n y fortuna de Vico en la cultura hisp\u00e1nica (espa\u00f1ola y latinoamericana) desde 1737 hasta nuestros d\u00edas, afirmando una indudable presencia de Vico en lengua espa\u00f1ola a trav\u00e9s de destacadas recepciones. Mas no s\u00f3lo pretende ser una historia de la \u2018fortuna\u2019 de Vico en espa\u00f1ol, sino tambi\u00e9n un ejercicio de raz\u00f3n narrativa e hist\u00f3rica, que nos ayuda a realizar un ejercicio comprensivo de la historia del pensamiento filos\u00f3fico hisp\u00e1nico a trav\u00e9s de la mirada desde este particular v\u00e9rtice de perspectiva que significa el pensamiento y la obra de Giambattista Vico.<\/p>\n\n\n\n<p>M\u00e1s que una historia sobre la recepci\u00f3n hisp\u00e1nica (espa\u00f1ola y americana) de Vico, esta obra del prof. Jos\u00e9 Manuel Sevilla Fern\u00e1ndez narra e historiza un problema: el de la ausencia o presencia de Vico en ella. Pretende, pues, contribuir a despejar el prejuicio de una presunta \u201causencia\u201d, constatando huellas presenciales \u2013a lo largo de m\u00e1s de dos siglos y medio\u2013 en importantes figuras y pensadores de cada \u00e9poca. En el libro se intenta mostrar tambi\u00e9n que esta recepci\u00f3n viquiana nos ofrece a su vez una imagen de los principales problemas filos\u00f3ficos y culturales \u2013cuando no ideol\u00f3gicos o pol\u00edticos\u2013 que laten en los autores y en sus particulares tiempos. Por tanto, los cap\u00edtulos de esta historia no s\u00f3lo pretenden constituir un aporte a los estudios viquianos, sino ofrecer adem\u00e1s una espec\u00edfica clave (que va de lo particular a lo universal, que intenta mirar lo grande en lo peque\u00f1o) para comprender mejor algunas parcelas de esa historia cultural, algunas confesiones de cada \u00e9poca tratada, en cuyos problem\u00e1ticos espejos se refleja la no menos problem\u00e1tica recepci\u00f3n de Vico.<br>La obra est\u00e1 compuesta de cuatro partes principales (en sentido narrativo hist\u00f3rico) que abarcan respectivamente los siglos XVIII, XIX y XX, adem\u00e1s de una serie de ensayos especiales ofrecidos en la cuarta parte y otros intercalados como cap\u00edtulos en las anteriores partes. Contiene tambi\u00e9n una \u201cBibliograf\u00eda viquiana en espa\u00f1ol (1737-2005)\u201d, referente \u00fatil para estudiosos viquianos.<\/p>\n\n\n\n<p><strong>NOTA: EN EL ARCHIVO PDF QUE SE OFRECE PARA LA DESCARGA DE ESTA INFORMACI\u00d3N, TIENEN DISPONIBLE EL \u00cdNDICE DE ESTE LIBRO.<\/strong><\/p>\n\n\n\n<p>Publicado en espa\u00f1ol por la editorial italiana <strong>La Citt\u00e0 del Sole<\/strong> (Edizioni La Citt\u00e0 del Sole, V\u00eda Nuova Poggiorteale 43, 80143 Napoli -Italia. Tel. 00 39 08119504478; <a href=\"mailto:info@lacittadelsole.net\">info@lacittadelsole.net<\/a>) y el <strong>Istituto di Studi Latinoamericani<\/strong> (I.S.LA) (Via Amendola, 93 -84016 \u2013 Pagani, SA \u2013 Tel. 39 81 515 6558; Fax 39 81 515 6558 \/ 6615;<a href=\"mailto:isla@isla.it\"> isla@isla.it<\/a>).<\/p>\n\n\n\n<p>Distribuci\u00f3n para librer\u00edas y particulares fuera de Italia: Pedidos al Editor enviando petici\u00f3n escrita a la direcci\u00f3n postal&nbsp; de la Editorial o por v\u00eda electr\u00f3nica a la direcci\u00f3n e-mail (<a href=\"mailto:info@lacittadelsole.net\">info@lacittadelsole.net<\/a>). <a href=\"http:\/\/www.lacittadelsole.net\/shop\/\" target=\"_blank\" rel=\"noreferrer noopener\">http:\/\/www.lacittadelsole.net\/shop\/<\/a><\/p>\n\n\n\n<p>Venta on-line en:<\/p>\n\n\n\n<p>ibs.it<br><a rel=\"noreferrer noopener\" href=\"http:\/\/www.ibs.it\/libri\/sevilla+jos%C3%A9+m.\/libri+di+sevilla+jos%C3%A9+m..html\" target=\"_blank\">http:\/\/www.ibs.it\/libri\/sevilla+jos%26eacute%3B+m.\/libri+di+sevilla+jos%26eacute%3B+m..html<\/a> <\/p>\n\n\n\n<p>unilibro.it<br><a rel=\"noreferrer noopener\" href=\"http:\/\/www.unilibro.it\/find_buy\/Scheda\/libreria\/autore-sevilla_jose_m_\/isbn-9788882923723\/espejo_de_la_epoca_capitulos_sobre_g_vico_en_la_cultura_hispanica_1737_2005_el__.htm\" target=\"_blank\">http:\/\/www.unilibro.it\/find_buy\/Scheda\/libreria\/autore-sevilla_jose_m_\/isbn-9788882923723\/espejo_de_la_epoca_capitulos_sobre_g_vico_en_la_cultura_hispanica_1737_2005_el__.htm<\/a><\/p>\n<\/div><\/div>\n","protected":false},"excerpt":{"rendered":"<p>Jos\u00e9 M. Sevilla, El espejo de la \u00e9poca. Cap\u00edtulo sobre G. Vico en la cultura hisp\u00e1nica (1737-2005), Edizioni La Citt\u00e0 del Sole, N\u00e1poles, 2007. ISBN 978-88-8292-372-3. (676 p\u00e1gs.). La publicaci\u00f3n de este libro, promovida por el Istituto di Studi Latinoamericani (I.S.LA) y el Centro di Studi Vichiani y editado con la colaboraci\u00f3n de diversas instituciones, [&hellip;]<\/p>\n","protected":false},"author":1,"featured_media":0,"parent":0,"menu_order":0,"comment_status":"closed","ping_status":"closed","template":"","meta":{"footnotes":""},"class_list":["post-97","page","type-page","status-publish","hentry"],"_links":{"self":[{"href":"https:\/\/institucional.us.es\/civico\/wp-json\/wp\/v2\/pages\/97","targetHints":{"allow":["GET"]}}],"collection":[{"href":"https:\/\/institucional.us.es\/civico\/wp-json\/wp\/v2\/pages"}],"about":[{"href":"https:\/\/institucional.us.es\/civico\/wp-json\/wp\/v2\/types\/page"}],"author":[{"embeddable":true,"href":"https:\/\/institucional.us.es\/civico\/wp-json\/wp\/v2\/users\/1"}],"replies":[{"embeddable":true,"href":"https:\/\/institucional.us.es\/civico\/wp-json\/wp\/v2\/comments?post=97"}],"version-history":[{"count":2,"href":"https:\/\/institucional.us.es\/civico\/wp-json\/wp\/v2\/pages\/97\/revisions"}],"predecessor-version":[{"id":101,"href":"https:\/\/institucional.us.es\/civico\/wp-json\/wp\/v2\/pages\/97\/revisions\/101"}],"wp:attachment":[{"href":"https:\/\/institucional.us.es\/civico\/wp-json\/wp\/v2\/media?parent=97"}],"curies":[{"name":"wp","href":"https:\/\/api.w.org\/{rel}","templated":true}]}}