{"id":271,"date":"2025-07-28T21:05:26","date_gmt":"2025-07-28T19:05:26","guid":{"rendered":"https:\/\/institucional.us.es\/diccafd\/?page_id=271"},"modified":"2025-09-05T12:33:48","modified_gmt":"2025-09-05T10:33:48","slug":"organizacion-academica","status":"publish","type":"page","link":"https:\/\/institucional.us.es\/diccafd\/organizacion-academica\/","title":{"rendered":"Organizaci\u00f3n Acad\u00e9mica"},"content":{"rendered":"<p>[et_pb_section fb_built=\u00bb1&#8243; _builder_version=\u00bb4.27.4&#8243; _module_preset=\u00bbdefault\u00bb background_color=\u00bbrgba(254,21,108,0.85)\u00bb background_image=\u00bbhttps:\/\/institucional.us.es\/diccafd\/wp-content\/uploads\/2025\/09\/Pabellon-Gala.jpg\u00bb background_size=\u00bbcustom\u00bb background_image_width=\u00bb50%\u00bb background_position=\u00bbcenter_right\u00bb background_horizontal_offset=\u00bb0%\u00bb background_blend=\u00bbmultiply\u00bb background_enable_mask_style=\u00bbon\u00bb background_mask_style=\u00bbdiagonal-bars\u00bb background_mask_color=\u00bb#0C2C43&#8243; background_mask_size=\u00bbcover\u00bb hover_enabled=\u00bb0&#8243; background_last_edited=\u00bbon|tablet\u00bb background_enable_image_tablet=\u00bboff\u00bb background_enable_image_phone=\u00bboff\u00bb background_enable_mask_style_tablet=\u00bbon\u00bb background_mask_style_tablet=\u00bbdiagonal-bars\u00bb box_shadow_style=\u00bbpreset3&#8243; locked=\u00bboff\u00bb global_colors_info=\u00bb{}\u00bb title_text=\u00bbPabell\u00f3n Gala\u00bb sticky_enabled=\u00bb0&#8243;][et_pb_row use_custom_gutter=\u00bbon\u00bb gutter_width=\u00bb1&#8243; _builder_version=\u00bb4.16&#8243; _module_preset=\u00bbdefault\u00bb width_tablet=\u00bb\u00bb width_phone=\u00bb90%\u00bb width_last_edited=\u00bbon|phone\u00bb max_width_tablet=\u00bb\u00bb max_width_phone=\u00bb90%\u00bb max_width_last_edited=\u00bbon|phone\u00bb global_colors_info=\u00bb{}\u00bb][et_pb_column type=\u00bb4_4&#8243; _builder_version=\u00bb4.16&#8243; _module_preset=\u00bbdefault\u00bb global_colors_info=\u00bb{}\u00bb][et_pb_text _builder_version=\u00bb4.27.4&#8243; _module_preset=\u00bbdefault\u00bb text_font=\u00bb&#8211;et_global_heading_font|700||on|||||\u00bb text_text_color=\u00bb#FE156C\u00bb text_font_size=\u00bb40px\u00bb text_line_height=\u00bb1.2em\u00bb custom_padding=\u00bb||20px||false|false\u00bb hover_enabled=\u00bb0&#8243; text_text_color_tablet=\u00bb#FFFFFF\u00bb text_text_color_phone=\u00bb#FFFFFF\u00bb text_text_color_last_edited=\u00bbon|phone\u00bb locked=\u00bboff\u00bb global_colors_info=\u00bb{}\u00bb sticky_enabled=\u00bb0&#8243;]<\/p>\n<p>Organizaci\u00f3n Acad\u00e9mica<\/p>\n<p>[\/et_pb_text][et_pb_text disabled_on=\u00bbon|off|off\u00bb _builder_version=\u00bb4.27.4&#8243; _module_preset=\u00bbdefault\u00bb text_font=\u00bb|600|||||||\u00bb text_text_color=\u00bb#FFFFFF\u00bb text_font_size=\u00bb13px\u00bb link_text_color=\u00bb#FFFFFF\u00bb locked=\u00bboff\u00bb global_colors_info=\u00bb{}\u00bb]<\/p>\n<p><a href=\"https:\/\/institucional.us.es\/diccafd\/\">Inicio<\/a>\u00a0<svg xmlns=\"http:\/\/www.w3.org\/2000\/svg\" viewbox=\"-11 -2 30 17\" width=\"15\" fill=\"currentColor\"><path d=\"M5.314 7.071l-4.95-4.95A1 1 0 0 1 1.778.707l5.657 5.657a1 1 0 0 1 0 1.414l-5.657 5.657a1 1 0 0 1-1.414-1.414l4.95-4.95z\"><\/path><\/svg> Organizaci\u00f3n Acad\u00e9mica<\/p>\n<p>[\/et_pb_text][\/et_pb_column][\/et_pb_row][\/et_pb_section][et_pb_section fb_built=\u00bb1&#8243; use_custom_gutter=\u00bbon\u00bb gutter_width=\u00bb2&#8243; specialty=\u00bbon\u00bb padding_top_2=\u00bb20px\u00bb padding_right_2=\u00bb5%\u00bb padding_2_tablet=\u00bb0px|10%||10%||true\u00bb padding_2_phone=\u00bb\u00bb padding_2_last_edited=\u00bbon|tablet\u00bb _builder_version=\u00bb4.27.4&#8243; inner_width=\u00bb100%\u00bb inner_max_width=\u00bb100%\u00bb use_custom_width=\u00bbon\u00bb width_unit=\u00bboff\u00bb custom_width_percent=\u00bb100%\u00bb global_colors_info=\u00bb{}\u00bb][et_pb_column type=\u00bb1_3&#8243; _builder_version=\u00bb4.16&#8243; custom_padding=\u00bb|||\u00bb global_colors_info=\u00bb{}\u00bb custom_padding__hover=\u00bb|||\u00bb][et_pb_image src=\u00bbhttps:\/\/institucional.us.es\/diccafd\/wp-content\/uploads\/2025\/07\/14_EXXENTRIX3.jpg\u00bb title_text=\u00bb14_EXXENTRIX3&#8243; force_fullwidth=\u00bbon\u00bb align_tablet=\u00bbcenter\u00bb align_phone=\u00bbcenter\u00bb align_last_edited=\u00bbon|desktop\u00bb _builder_version=\u00bb4.27.4&#8243; custom_margin=\u00bb|||\u00bb custom_padding=\u00bb|||\u00bb animation_style=\u00bbslide\u00bb animation_direction=\u00bbright\u00bb animation_intensity_slide=\u00bb5%\u00bb border_radii=\u00bboff||15vw|15vw|\u00bb border_color_all=\u00bb#FE156C\u00bb border_width_bottom=\u00bb2vw\u00bb box_shadow_style=\u00bbpreset3&#8243; box_shadow_vertical=\u00bb30px\u00bb box_shadow_blur=\u00bb80px\u00bb box_shadow_spread=\u00bb-30px\u00bb box_shadow_color=\u00bbrgba(102,141,186,0.7)\u00bb locked=\u00bboff\u00bb global_colors_info=\u00bb{}\u00bb][\/et_pb_image][\/et_pb_column][et_pb_column type=\u00bb2_3&#8243; specialty_columns=\u00bb2&#8243; _builder_version=\u00bb4.16&#8243; custom_padding=\u00bb|||\u00bb global_colors_info=\u00bb{}\u00bb padding_tablet=\u00bb0px|10%||10%||true\u00bb padding_last_edited=\u00bbon|tablet\u00bb custom_padding__hover=\u00bb|||\u00bb padding_phone=\u00bb0px|10%||10%||true\u00bb][et_pb_row_inner _builder_version=\u00bb4.16&#8243; custom_padding=\u00bb42.6094px|0px|0|0px|false|false\u00bb global_colors_info=\u00bb{}\u00bb][et_pb_column_inner saved_specialty_column_type=\u00bb2_3&#8243; _builder_version=\u00bb4.16&#8243; custom_padding=\u00bb|||\u00bb global_colors_info=\u00bb{}\u00bb custom_padding__hover=\u00bb|||\u00bb][et_pb_text _builder_version=\u00bb4.27.4&#8243; _module_preset=\u00bbdefault\u00bb text_font=\u00bb|||on|||||\u00bb text_text_color=\u00bb#0C2C43&#8243; text_font_size=\u00bb25px\u00bb text_line_height=\u00bb1.5em\u00bb text_orientation=\u00bbjustified\u00bb custom_padding=\u00bb20px||20px||true|false\u00bb locked=\u00bboff\u00bb global_colors_info=\u00bb{}\u00bb]<\/p>\n<p><strong>Organizaci\u00f3n Acad\u00e9mica<\/strong><\/p>\n<p>[\/et_pb_text][\/et_pb_column_inner][\/et_pb_row_inner][et_pb_row_inner _builder_version=\u00bb4.16&#8243; global_colors_info=\u00bb{}\u00bb][et_pb_column_inner saved_specialty_column_type=\u00bb2_3&#8243; _builder_version=\u00bb4.16&#8243; custom_padding=\u00bb|||\u00bb global_colors_info=\u00bb{}\u00bb custom_padding__hover=\u00bb|||\u00bb][et_pb_text admin_label=\u00bbTitle\u00bb _builder_version=\u00bb4.27.4&#8243; text_font=\u00bbMontserrat||||||||\u00bb text_text_color=\u00bb#FFFFFF\u00bb text_font_size=\u00bb16px\u00bb text_line_height=\u00bb1.9em\u00bb header_font=\u00bb||||||||\u00bb header_text_align=\u00bbleft\u00bb header_2_font=\u00bbMontserrat|700||on|||||\u00bb header_2_font_size=\u00bb42px\u00bb header_2_line_height=\u00bb1.3em\u00bb background_color=\u00bb#0C2C43&#8243; background_size=\u00bbinitial\u00bb background_position=\u00bbtop_left\u00bb background_repeat=\u00bbrepeat\u00bb max_width=\u00bb700px\u00bb module_alignment=\u00bbleft\u00bb custom_margin=\u00bb|||\u00bb custom_padding=\u00bb10%|10%|10%|10%\u00bb animation_style=\u00bbslide\u00bb animation_direction=\u00bbbottom\u00bb animation_intensity_slide=\u00bb4%\u00bb animation_starting_opacity=\u00bb100%\u00bb box_shadow_style=\u00bbpreset4&#8243; box_shadow_color=\u00bb#FE156C\u00bb locked=\u00bboff\u00bb global_colors_info=\u00bb{}\u00bb]<\/p>\n<p>El programa se coordina desde la Escuela Internacional de Doctorado de la Universidad de Sevilla (EIDUS), junto con las Escuelas de Doctorado de la Universidad de M\u00e1laga y la Universidad de Alcal\u00e1. Cada universidad cuenta con su propia normativa y servicios de apoyo al doctorando.<\/p>\n<p>[\/et_pb_text][\/et_pb_column_inner][\/et_pb_row_inner][\/et_pb_column][\/et_pb_section][et_pb_section fb_built=\u00bb1&#8243; next_background_color=\u00bb#0C2C43&#8243; _builder_version=\u00bb4.27.4&#8243; _module_preset=\u00bbdefault\u00bb custom_padding=\u00bb0px||||false|false\u00bb bottom_divider_style=\u00bbasymmetric2&#8243; locked=\u00bboff\u00bb global_colors_info=\u00bb{}\u00bb][\/et_pb_section]<\/p>\n","protected":false},"excerpt":{"rendered":"<p>Organizaci\u00f3n Acad\u00e9micaInicio\u00a0 Organizaci\u00f3n Acad\u00e9micaOrganizaci\u00f3n Acad\u00e9micaEl programa se coordina desde la Escuela Internacional de Doctorado de la Universidad de Sevilla (EIDUS), junto con las Escuelas de Doctorado de la Universidad de M\u00e1laga y la Universidad de Alcal\u00e1. Cada universidad cuenta con su propia normativa y servicios de apoyo al doctorando.<\/p>\n","protected":false},"author":2,"featured_media":0,"parent":0,"menu_order":0,"comment_status":"closed","ping_status":"closed","template":"","meta":{"_et_pb_use_builder":"on","_et_pb_old_content":"","_et_gb_content_width":"","footnotes":""},"class_list":["post-271","page","type-page","status-publish","hentry"],"_links":{"self":[{"href":"https:\/\/institucional.us.es\/diccafd\/wp-json\/wp\/v2\/pages\/271","targetHints":{"allow":["GET"]}}],"collection":[{"href":"https:\/\/institucional.us.es\/diccafd\/wp-json\/wp\/v2\/pages"}],"about":[{"href":"https:\/\/institucional.us.es\/diccafd\/wp-json\/wp\/v2\/types\/page"}],"author":[{"embeddable":true,"href":"https:\/\/institucional.us.es\/diccafd\/wp-json\/wp\/v2\/users\/2"}],"replies":[{"embeddable":true,"href":"https:\/\/institucional.us.es\/diccafd\/wp-json\/wp\/v2\/comments?post=271"}],"version-history":[{"count":11,"href":"https:\/\/institucional.us.es\/diccafd\/wp-json\/wp\/v2\/pages\/271\/revisions"}],"predecessor-version":[{"id":805,"href":"https:\/\/institucional.us.es\/diccafd\/wp-json\/wp\/v2\/pages\/271\/revisions\/805"}],"wp:attachment":[{"href":"https:\/\/institucional.us.es\/diccafd\/wp-json\/wp\/v2\/media?parent=271"}],"curies":[{"name":"wp","href":"https:\/\/api.w.org\/{rel}","templated":true}]}}