{"id":42,"date":"2025-06-29T06:43:07","date_gmt":"2025-06-29T04:43:07","guid":{"rendered":"https:\/\/institucional.us.es\/diccafd\/?page_id=42"},"modified":"2025-09-05T12:27:08","modified_gmt":"2025-09-05T10:27:08","slug":"presentacion","status":"publish","type":"page","link":"https:\/\/institucional.us.es\/diccafd\/presentacion\/","title":{"rendered":"Presentaci\u00f3n"},"content":{"rendered":"<p>[et_pb_section fb_built=\u00bb1&#8243; _builder_version=\u00bb4.27.4&#8243; _module_preset=\u00bbdefault\u00bb background_color=\u00bbrgba(254,21,108,0.85)\u00bb background_image=\u00bbhttps:\/\/institucional.us.es\/diccafd\/wp-content\/uploads\/2025\/07\/41_TERMO.jpg\u00bb background_size=\u00bbcustom\u00bb background_image_width=\u00bb50%\u00bb background_position=\u00bbcenter_right\u00bb background_horizontal_offset=\u00bb0%\u00bb background_blend=\u00bbmultiply\u00bb background_enable_mask_style=\u00bbon\u00bb background_mask_style=\u00bbdiagonal-bars\u00bb background_mask_color=\u00bb#0C2C43&#8243; background_mask_size=\u00bbcover\u00bb background_last_edited=\u00bbon|phone\u00bb background_enable_image_tablet=\u00bboff\u00bb background_enable_image_phone=\u00bboff\u00bb background_enable_mask_style_tablet=\u00bbon\u00bb background_mask_style_tablet=\u00bbdiagonal-bars\u00bb box_shadow_style=\u00bbpreset3&#8243; locked=\u00bboff\u00bb global_colors_info=\u00bb{}\u00bb][et_pb_row use_custom_gutter=\u00bbon\u00bb gutter_width=\u00bb1&#8243; _builder_version=\u00bb4.16&#8243; _module_preset=\u00bbdefault\u00bb width_tablet=\u00bb\u00bb width_phone=\u00bb90%\u00bb width_last_edited=\u00bbon|phone\u00bb max_width_tablet=\u00bb\u00bb max_width_phone=\u00bb90%\u00bb max_width_last_edited=\u00bbon|phone\u00bb global_colors_info=\u00bb{}\u00bb][et_pb_column type=\u00bb4_4&#8243; _builder_version=\u00bb4.16&#8243; _module_preset=\u00bbdefault\u00bb global_colors_info=\u00bb{}\u00bb][et_pb_text _builder_version=\u00bb4.27.4&#8243; _module_preset=\u00bbdefault\u00bb text_font=\u00bb&#8211;et_global_heading_font|700||on|||||\u00bb text_text_color=\u00bb#FE156C\u00bb text_font_size=\u00bb40px\u00bb text_line_height=\u00bb1.2em\u00bb custom_padding=\u00bb||20px||false|false\u00bb hover_enabled=\u00bb0&#8243; text_text_color_tablet=\u00bb#FFFFFF\u00bb text_text_color_phone=\u00bb#FFFFFF\u00bb text_text_color_last_edited=\u00bbon|phone\u00bb global_colors_info=\u00bb{}\u00bb sticky_enabled=\u00bb0&#8243;]<\/p>\n<p>Presentaci\u00f3n<\/p>\n<p>[\/et_pb_text][et_pb_text disabled_on=\u00bbon|off|off\u00bb _builder_version=\u00bb4.27.4&#8243; _module_preset=\u00bbdefault\u00bb text_font=\u00bb|600|||||||\u00bb text_text_color=\u00bb#FFFFFF\u00bb text_font_size=\u00bb13px\u00bb link_text_color=\u00bb#FFFFFF\u00bb locked=\u00bboff\u00bb global_colors_info=\u00bb{}\u00bb]<\/p>\n<p><a href=\"https:\/\/institucional.us.es\/diccafd\/\">Inicio<\/a>\u00a0<svg xmlns=\"http:\/\/www.w3.org\/2000\/svg\" viewbox=\"-11 -2 30 17\" width=\"15\" fill=\"currentColor\"><path d=\"M5.314 7.071l-4.95-4.95A1 1 0 0 1 1.778.707l5.657 5.657a1 1 0 0 1 0 1.414l-5.657 5.657a1 1 0 0 1-1.414-1.414l4.95-4.95z\"><\/path><\/svg> Presentaci\u00f3n<\/p>\n<p>[\/et_pb_text][\/et_pb_column][\/et_pb_row][\/et_pb_section][et_pb_section fb_built=\u00bb1&#8243; _builder_version=\u00bb4.16&#8243; _module_preset=\u00bbdefault\u00bb global_colors_info=\u00bb{}\u00bb][et_pb_row _builder_version=\u00bb4.16&#8243; _module_preset=\u00bbdefault\u00bb global_colors_info=\u00bb{}\u00bb][et_pb_column type=\u00bb4_4&#8243; _builder_version=\u00bb4.16&#8243; _module_preset=\u00bbdefault\u00bb global_colors_info=\u00bb{}\u00bb][et_pb_text _builder_version=\u00bb4.27.4&#8243; _module_preset=\u00bbdefault\u00bb text_font=\u00bb|||on|||||\u00bb text_text_color=\u00bb#0C2C43&#8243; text_font_size=\u00bb25px\u00bb text_orientation=\u00bbjustified\u00bb custom_padding=\u00bb20px||20px||true|false\u00bb global_colors_info=\u00bb{}\u00bb]<\/p>\n<p align=\"justify\" style=\"text-align: left;\"><span lang=\"en-US\"><b>Presentaci\u00f3n<\/b><\/span><\/p>\n<p>[\/et_pb_text][et_pb_text _builder_version=\u00bb4.27.4&#8243; _module_preset=\u00bbdefault\u00bb text_text_color=\u00bb#173042&#8243; text_font_size=\u00bb15px\u00bb text_orientation=\u00bbjustified\u00bb global_colors_info=\u00bb{}\u00bb]<\/p>\n<p>El programa de doctorado interuniversitario en Ciencias de la Actividad F\u00edsica y el Deporte de la Universidad de Sevilla, la Universidad de M\u00e1laga y la Universidad de Alcal\u00e1 que se propone en la siguiente memoria, plantea la necesidad de cubrir hasta ahora una necesidad ya que aunque existen diversos programas de doctorado en Ciencias de la Actividad F\u00edsica y el Deporte, hasta la fecha, no disponemos a nivel nacional de un referente interuniversitario de investigaci\u00f3n que permita avanzar en la formaci\u00f3n de nuestros estudiantes y garantizar el avance en este \u00e1mbito. La colaboraci\u00f3n interuniversitaria y multidisciplinar se plantea como uno de los requisitos para obtener fondos de investigaci\u00f3n en las distintas convocatorias p\u00fablicas a proyectos I+D. Por tanto, se justifica claramente la necesidad de un programa interuniversitario en Ciencias de la Actividad F\u00edsica y el Deporte.<\/p>\n<p>En la actualidad, existe un gran inter\u00e9s en todos los aspectos relacionados con la actividad f\u00edsica y el deporte, como se evidencia en los datos del \u00faltimo Eurobar\u00f3metro (European Commission, 2022), que muestran un aumento en el n\u00famero de practicantes, lo que ha llevado a la proliferaci\u00f3n de numerosas titulaciones relacionadas con esta tem\u00e1tica, de manera m\u00e1s o menos controlada. En este contexto, es importante reflexionar sobre las ciencias de la actividad f\u00edsica y el deporte como \u00e1mbito de conocimiento, tal como se aborda en el Libro Blanco del T\u00edtulo de GCCAFD (ANECA, 2005), y determinar las competencias especializadas y sus necesidades concretas de investigaci\u00f3n. Es fundamental tener en cuenta que estamos ante una ciencia multidisciplinar que requiere de los conceptos y m\u00e9todos de otras disciplinas, lo que sugiere la necesidad de un enfoque integrado en su objeto de estudio. \u00c9ste abarca cuatro \u00e1mbitos principales: la educaci\u00f3n f\u00edsica institucionalizada, el alto rendimiento deportivo, la actividad f\u00edsica y salud, y la promoci\u00f3n social del deporte para todos, que pueden definirse en cinco perfiles profesionales: docencia en educaci\u00f3n f\u00edsica, entrenamiento deportivo, actividad f\u00edsica y salud, gesti\u00f3n deportiva y recreaci\u00f3n deportiva. Sin duda, el crecimiento de la I+D+I en este \u00e1mbito ha sido exponencial con importantes avances en diferentes \u00e1reas competenciales: Intervenci\u00f3n educativa; Prevenci\u00f3n, adaptaci\u00f3n y mejora del rendimiento f\u00edsico-deportivo y de la salud mediante la condici\u00f3n f\u00edsica y el ejercicio f\u00edsico; Promoci\u00f3n de h\u00e1bitos saludables y aut\u00f3nomos mediante actividad f\u00edsica y deporte; Intervenci\u00f3n mediante las manifestaciones del movimiento humano; Planificaci\u00f3n, evaluaci\u00f3n y direcci\u00f3n-organizaci\u00f3n de los recursos y la actividad f\u00edsica y deporte; M\u00e9todo y evidencia cient\u00edfica en la pr\u00e1ctica; Desempe\u00f1o, deontolog\u00eda y ejercicio profesional en el contexto de las intervenciones. Muchas de estas \u00e1reas engarzan perfectamente con la Agenda 2030 de Desarrollo Sostenible y contribuir\u00e1n a conseguir un objetivo social com\u00fan. Esta agenda se apoya en sus 17 Objetivos de Desarrollo Sostenible. El \u00e1mbito de conocimiento de las ciencias de la actividad f\u00edsica y el deporte a trav\u00e9s de sus diferentes posibilidades y propuestas en investigaci\u00f3n influye directamente en la consecuci\u00f3n de muchos de estos objetivos entre los que se encuentran: Garantizar una vida sana y promover el bienestar para todos en todas las edades; Garantizar una educaci\u00f3n inclusiva, equitativa y de calidad y promover oportunidades de aprendizaje durante toda la vida; Lograr la igualdad entre los g\u00e9neros y el empoderamiento de todas las mujeres y ni\u00f1as; Garantizar modalidades de consumo y producci\u00f3n sostenibles; o promover sociedades pac\u00edficas e inclusivas para el desarrollo sostenible, facilitar el acceso a la justicia para todos y crear instituciones eficaces, responsables e inclusivas a todos los niveles.<br \/>Todas las \u00e1reas y equipos de investigaci\u00f3n implicados en este programa de doctorado se aglutinan en torno a un objetivo com\u00fan: la formaci\u00f3n de investigadores en \u00e1reas fundamentales dentro de las Ciencias del Deporte. As\u00ed, los grupos de investigaci\u00f3n implicados desarrollan proyectos de investigaci\u00f3n en campos que van desde la educaci\u00f3n f\u00edsica institucionalizada, hasta la investigaci\u00f3n el alto rendimiento deportivo. Todo ello pasando por la promoci\u00f3n de h\u00e1bitos saludables y aut\u00f3nomos mediante actividad f\u00edsica y deporte o la planificaci\u00f3n, evaluaci\u00f3n y direcci\u00f3n-organizaci\u00f3n de los recursos y la actividad f\u00edsica y deporte. La formaci\u00f3n de doctorandos en estas l\u00edneas de investigaci\u00f3n contribuye a la adquisici\u00f3n de las habilidades necesarias para el desarrollo de investigaciones en los diferentes \u00e1mbitos de las ciencias de la actividad f\u00edsica y el deporte.<\/p>\n<p>Tal y como se destaca en el Comunicado de la Conferencia de Bergen (2005), la Educaci\u00f3n Superior Universitaria y la Investigaci\u00f3n han de ser elementos fundamentales en el desarrollo econ\u00f3mico y social de nuestras sociedades. En este contexto se destaca la formaci\u00f3n doctoral como pilar del avance del conocimiento cient\u00edfico gracias a la \u201cinvestigaci\u00f3n original\u201d. En este sentido, la formaci\u00f3n de investigadores en los campos que integran las Ciencias del Deporte y la Actividad F\u00edsica, y su posterior incorporaci\u00f3n a diferentes \u00e1mbitos como la educaci\u00f3n f\u00edsica, el alto rendimiento, la promoci\u00f3n de pr\u00e1ctica deportiva para la mejora de la salud y por ende de la sociedad o la gesti\u00f3n deportiva, contribuir\u00edan claramente a desarrollar lo expuesto por la Conferencia de Bergen.<br \/>Estos equipos y sus investigadores han formado en los \u00faltimos a\u00f1os un n\u00famero considerable de doctores con una calidad mesurable en los trabajos y publicaciones derivadas de estas tesis doctorales. En concreto, se han defendido 70 tesis doctorales en diferentes programas de doctorados a los que pertenecen.<br \/>Las l\u00edneas de investigaci\u00f3n que configuran este programa de doctorado est\u00e1n sustentadas por proyectos de investigaci\u00f3n financiados tanto a trav\u00e9s de convocatorias p\u00fablicas competitivas como de contratos suscritos con diversas empresas. Asimismo, estas l\u00edneas est\u00e1n sustentadas por un total de 22 grupos de investigaci\u00f3n del Plan Andaluz de Investigaci\u00f3n de la Junta de Andaluc\u00eda. Se pretende que se desarrolle una actividad investigadora por las l\u00edneas donde las cifras en art\u00edculos cient\u00edficos, patentes, participaciones en congresos cient\u00edficos y proyectos de investigaci\u00f3n competitivos sean altas y de gran calidad. Se pretende potenciar la solicitud de becas de investigaci\u00f3n del Ministerio de Educaci\u00f3n, Ministerio de Ciencia e Innovaci\u00f3n, Plan propio de la Universidad de Sevilla o Junta de Andaluc\u00eda, as\u00ed como contratos como investigadores a cargo de proyectos de investigaci\u00f3n.<\/p>\n<p>Los estudiantes podr\u00e1n realizar estancias de investigaci\u00f3n en diferentes centros de investigaci\u00f3n que se incluyen en las actividades formativas desarrolladas por cada l\u00ednea de investigaci\u00f3n. Se pretende dar una garant\u00eda siendo referentes a nivel internacional que avale la calidad cient\u00edfica del mismo.<\/p>\n<p>[\/et_pb_text][\/et_pb_column][\/et_pb_row][\/et_pb_section][et_pb_section fb_built=\u00bb1&#8243; next_background_color=\u00bb#0C2C43&#8243; _builder_version=\u00bb4.27.4&#8243; _module_preset=\u00bbdefault\u00bb custom_padding=\u00bb0px||||false|false\u00bb bottom_divider_style=\u00bbasymmetric2&#8243; locked=\u00bboff\u00bb global_colors_info=\u00bb{}\u00bb][\/et_pb_section]<\/p>\n","protected":false},"excerpt":{"rendered":"<p>Presentaci\u00f3nInicio\u00a0 Presentaci\u00f3nPresentaci\u00f3nEl programa de doctorado interuniversitario en Ciencias de la Actividad F\u00edsica y el Deporte de la Universidad de Sevilla, la Universidad de M\u00e1laga y la Universidad de Alcal\u00e1 que se propone en la siguiente memoria, plantea la necesidad de cubrir hasta ahora una necesidad ya que aunque existen diversos programas de doctorado en Ciencias [&hellip;]<\/p>\n","protected":false},"author":2,"featured_media":0,"parent":0,"menu_order":0,"comment_status":"closed","ping_status":"closed","template":"","meta":{"_et_pb_use_builder":"on","_et_pb_old_content":"","_et_gb_content_width":"","footnotes":""},"class_list":["post-42","page","type-page","status-publish","hentry"],"_links":{"self":[{"href":"https:\/\/institucional.us.es\/diccafd\/wp-json\/wp\/v2\/pages\/42","targetHints":{"allow":["GET"]}}],"collection":[{"href":"https:\/\/institucional.us.es\/diccafd\/wp-json\/wp\/v2\/pages"}],"about":[{"href":"https:\/\/institucional.us.es\/diccafd\/wp-json\/wp\/v2\/types\/page"}],"author":[{"embeddable":true,"href":"https:\/\/institucional.us.es\/diccafd\/wp-json\/wp\/v2\/users\/2"}],"replies":[{"embeddable":true,"href":"https:\/\/institucional.us.es\/diccafd\/wp-json\/wp\/v2\/comments?post=42"}],"version-history":[{"count":15,"href":"https:\/\/institucional.us.es\/diccafd\/wp-json\/wp\/v2\/pages\/42\/revisions"}],"predecessor-version":[{"id":800,"href":"https:\/\/institucional.us.es\/diccafd\/wp-json\/wp\/v2\/pages\/42\/revisions\/800"}],"wp:attachment":[{"href":"https:\/\/institucional.us.es\/diccafd\/wp-json\/wp\/v2\/media?parent=42"}],"curies":[{"name":"wp","href":"https:\/\/api.w.org\/{rel}","templated":true}]}}