{"id":840,"date":"2025-09-05T14:02:31","date_gmt":"2025-09-05T12:02:31","guid":{"rendered":"https:\/\/institucional.us.es\/diccafd\/?page_id=840"},"modified":"2026-03-24T16:22:59","modified_gmt":"2026-03-24T15:22:59","slug":"internalizacion","status":"publish","type":"page","link":"https:\/\/institucional.us.es\/diccafd\/internalizacion\/","title":{"rendered":"Internalizaci\u00f3n"},"content":{"rendered":"<p>[et_pb_section fb_built=\u00bb1&#8243; _builder_version=\u00bb4.27.4&#8243; _module_preset=\u00bbdefault\u00bb background_color=\u00bbrgba(254,21,108,0.85)\u00bb background_image=\u00bbhttps:\/\/institucional.us.es\/diccafd\/wp-content\/uploads\/2025\/07\/pexels-fauxels-3183153-1.jpg\u00bb background_size=\u00bbcustom\u00bb background_image_width=\u00bb50%\u00bb background_position=\u00bbcenter_right\u00bb background_horizontal_offset=\u00bb0%\u00bb background_blend=\u00bbmultiply\u00bb background_enable_mask_style=\u00bbon\u00bb background_mask_style=\u00bbdiagonal-bars\u00bb background_mask_color=\u00bb#0C2C43&#8243; background_mask_size=\u00bbcover\u00bb background_last_edited=\u00bbon|phone\u00bb background_enable_image_tablet=\u00bboff\u00bb background_enable_image_phone=\u00bboff\u00bb background_enable_mask_style_tablet=\u00bbon\u00bb background_mask_style_tablet=\u00bbdiagonal-bars\u00bb box_shadow_style=\u00bbpreset3&#8243; locked=\u00bboff\u00bb global_colors_info=\u00bb{}\u00bb][et_pb_row use_custom_gutter=\u00bbon\u00bb gutter_width=\u00bb1&#8243; _builder_version=\u00bb4.16&#8243; _module_preset=\u00bbdefault\u00bb width_tablet=\u00bb\u00bb width_phone=\u00bb90%\u00bb width_last_edited=\u00bbon|phone\u00bb max_width_tablet=\u00bb\u00bb max_width_phone=\u00bb90%\u00bb max_width_last_edited=\u00bbon|phone\u00bb global_colors_info=\u00bb{}\u00bb][et_pb_column type=\u00bb4_4&#8243; _builder_version=\u00bb4.16&#8243; _module_preset=\u00bbdefault\u00bb global_colors_info=\u00bb{}\u00bb][et_pb_text _builder_version=\u00bb4.27.4&#8243; _module_preset=\u00bbdefault\u00bb text_font=\u00bb&#8211;et_global_heading_font|700||on|||||\u00bb text_text_color=\u00bb#FE156C\u00bb text_font_size=\u00bb40px\u00bb text_line_height=\u00bb1.2em\u00bb custom_padding=\u00bb||20px||false|false\u00bb text_text_color_tablet=\u00bb#FFFFFF\u00bb text_text_color_phone=\u00bb#FFFFFF\u00bb text_text_color_last_edited=\u00bbon|phone\u00bb locked=\u00bboff\u00bb global_colors_info=\u00bb{}\u00bb]<\/p>\n<p>InternaCIONAlizaci\u00f3n<\/p>\n<p>[\/et_pb_text][et_pb_text disabled_on=\u00bbon|off|off\u00bb _builder_version=\u00bb4.27.4&#8243; _module_preset=\u00bbdefault\u00bb text_font=\u00bb|600|||||||\u00bb text_text_color=\u00bb#FFFFFF\u00bb text_font_size=\u00bb13px\u00bb link_text_color=\u00bb#FFFFFF\u00bb hover_enabled=\u00bb0&#8243; locked=\u00bboff\u00bb global_colors_info=\u00bb{}\u00bb sticky_enabled=\u00bb0&#8243;]<\/p>\n<p><a href=\"https:\/\/institucional.us.es\/diccafd\/\">Inicio<\/a>\u00a0<svg xmlns=\"http:\/\/www.w3.org\/2000\/svg\" viewbox=\"-11 -2 30 17\" width=\"15\" fill=\"currentColor\"><path d=\"M5.314 7.071l-4.95-4.95A1 1 0 0 1 1.778.707l5.657 5.657a1 1 0 0 1 0 1.414l-5.657 5.657a1 1 0 0 1-1.414-1.414l4.95-4.95z\"><\/path><\/svg> Internacionalizaci\u00f3n<\/p>\n<p>[\/et_pb_text][\/et_pb_column][\/et_pb_row][\/et_pb_section][et_pb_section fb_built=\u00bb1&#8243; _builder_version=\u00bb4.16&#8243; _module_preset=\u00bbdefault\u00bb global_colors_info=\u00bb{}\u00bb][et_pb_row _builder_version=\u00bb4.16&#8243; _module_preset=\u00bbdefault\u00bb global_colors_info=\u00bb{}\u00bb][et_pb_column type=\u00bb4_4&#8243; _builder_version=\u00bb4.16&#8243; _module_preset=\u00bbdefault\u00bb global_colors_info=\u00bb{}\u00bb][et_pb_text _builder_version=\u00bb4.27.4&#8243; _module_preset=\u00bbdefault\u00bb text_font=\u00bb|||on|||||\u00bb text_text_color=\u00bb#0C2C43&#8243; text_font_size=\u00bb25px\u00bb text_orientation=\u00bbjustified\u00bb custom_padding=\u00bb20px||20px||true|false\u00bb global_colors_info=\u00bb{}\u00bb]<\/p>\n<p align=\"justify\" style=\"text-align: left;\"><span lang=\"en-US\"><b>InternaCIONAlizaci\u00f3n<\/b><\/span><\/p>\n<p>[\/et_pb_text][et_pb_text _builder_version=\u00bb4.27.4&#8243; _module_preset=\u00bbdefault\u00bb text_text_color=\u00bb#173042&#8243; text_font_size=\u00bb15px\u00bb text_orientation=\u00bbjustified\u00bb text_orientation_tablet=\u00bbjustified\u00bb text_orientation_phone=\u00bbleft\u00bb text_orientation_last_edited=\u00bbon|phone\u00bb global_colors_info=\u00bb{}\u00bb]A continuaci\u00f3n, se citan las instituciones con convenio con la Universidad de Alcal\u00e1 para acoger a estudiantes de doctorado en el \u00e1mbito de las Ciencias de la Actividad F\u00edsica y del Deporte:<\/p>\n<p>\u00b7 Universit\u00e0 degli Studi di Roma Foro Italico (c\u00f3digo: I ROMA05; Roma, Italia).<br \/>\n\u00b7 Jozef Pilsudski University of Physical Education (c\u00f3digo: PL WARSZAW12; Varsovia, Polonia).<\/p>\n<p>Por parte de la Universidad de Sevilla:<\/p>\n<p>\u00b7 Palacky# University Olomouc (c\u00f3digo: CZ OLOMOUC01; Olomouc, Rep\u00fablica Checa)<br \/>\n\u00b7 National and Kapodistrian University of Athens (C\u00f3digo: G ATHENS01, Atenas, Grecia)<br \/>\n\u00b7 Universit\u00e1 del Salento (C\u00f3digo: I LECCE01, Italia)<br \/>\n\u00b7 Universit\u00e0 degli Studi di Milano-Bicocca (C\u00f3digo: I MILANO16, Mil\u00e1n, Italia)<br \/>\n\u00b7 Gdansk University of Physical Education and Sport (GUPES) (C\u00f3digo: PL GDANSK06, Polonia)<\/p>\n<p>Por parte de la Universidad de M\u00e1laga:<\/p>\n<p>\u00b7 Instituto Polit\u00e9cnico do Porto (c\u00f3digo: P PORTO05; Oporto, Portugal).<br \/>\n\u00b7 Instituto Polit\u00e9cnico de Coimbra (c\u00f3digo: P COIMBRA02; Co\u00edmbra, Portugal).<br \/>\n\u00b7 Universitatea \u00abStefan cel Mare\u00bb din Suceava (c\u00f3digo: RO SUCEAVA01; Suceava, Ruman\u00eda).<\/p>\n<p>Las unidades de doctorado de las diferentes Universidades disponen de mecanismos \u00e1giles para ampliar los convenios ya existentes para grado\/master y albergar este programa de doctorado.<\/p>\n<p>Por otro lado, el programa doctorado interuniversitario en Ciencias de la Actividad F\u00edsica y el Deporte de la Universidad de Sevilla, Universidad de M\u00e1laga y Universidad de Alcal\u00e1 mantiene otras colaboraciones no ratificadas a trav\u00e9s de convenios espec\u00edficos, sino gracias a la colaboraci\u00f3n de sus profesores con otros investigadores externos en proyectos de investigaci\u00f3n y en publicaciones cient\u00edficas. Para facilitar la descripci\u00f3n de estas otras colaboraciones se relacionan por l\u00edneas de investigaci\u00f3n:<\/p>\n<p>L\u00cdNEA 1. EDUCACI\u00d3N F\u00cdSICA, ENSE\u00d1ANZA Y SOCIEDAD<\/p>\n<p>Objeto de la colaboraci\u00f3n: publicaciones, proyecto de investigaci\u00f3n, colaboraciones, entre otras.<\/p>\n<p>1. Prof. Dr. Erin Gerlach (Universidad Hamburgo, Alemania)<br \/>\n2. Dra. Valeria Varea (Edith Cowan University, Australia)<br \/>\n3. Dr. Alex Channon (University of Brighton, UK)<br \/>\n4. Dra. Catherine Phipps (Solent University, UK)<br \/>\n5. Dra. Kata Morvay-Seg (University of P\u00e9cs).<\/p>\n<p>L\u00cdNEA 2. ENTRENAMIENTO Y RENDIMIENTO DEPORTIVO.<\/p>\n<p>Objeto de la colaboraci\u00f3n: publicaciones, proyecto de investigaci\u00f3n, colaboraciones, entre otras.<\/p>\n<p>1. Dr. Simon Walker (University of Jyvaskyla, Finlandia)<br \/>\n2. Dra. Paola Zamparo (University of Verona, Italia)<br \/>\n3. Dr. Fabio Nakamura (University Institute of Maia, Maia, Portugal)<br \/>\n4. Ruggero Romagnoli (Universit\u00e0 degli studi di Roma \u00abForo Italico\u00bb, Roma, Lazio, Italia)<br \/>\n5. Dr. Taian Martins (Laboratory for Engineering of the Neuromuscular System (LISiN), Politecnico di Torino, Italia)<br \/>\n6. Isabel Mesquita (Universidad do Oporto, Oporto, Portugal)<br \/>\n7. Jos\u00e9 Miguel Brice\u00f1o (Universidad de Costa Rica, San Jos\u00e9, Costa Rica)<\/p>\n<p>L\u00cdNEA 3. ACTIVIDAD F\u00cdSICA Y EJERCICIO F\u00cdSICO PARA LA SALUD.<\/p>\n<p>Objeto de la colaboraci\u00f3n: publicaciones, proyecto de investigaci\u00f3n, colaboraciones, entre otras.<\/p>\n<p>1. Dr. Cassiano Ricardo (Departamento de Educa\u00e7ao F\u00edsica. Federal University of Santa Catarina, Brasil). N\u00facleo de Pesquisa em Atividade F\u00edsica e Sa\u00fade (NuPAF)<br \/>\n2. Dra. Christina M. Dieli-Conwright (Dana-Farber Cancer Institute\/Harvard Medical Schoold, Boston, MA, EEUU)<br \/>\n3. Dr. Luis Leitao (Instituto Polit\u00e9cnico de Set\u00fabal, Portugal)<br \/>\n4. Dr. Justin Roberts (Anglia Ruskin University, Reino Unido)<br \/>\n5. Dr. William Peter Marnane (University College Cork, Irlanda)<br \/>\n6. Dr. Antonio Ruano, Dra. Maria Gra\u00e7a Ruano (Universidade do Algarve, Faro, Portugal)<br \/>\n7. Dra. Estefan\u00eda Mu\u00f1oz Diaz-Ropero (Centro Aeroespacial Alem\u00e1n, DLR, Alemania)<br \/>\n8. Dr. Joaqu\u00edn Torres-Sospedra ( University of Minho, Guimaraes, Portugal)<\/p>\n<p>L\u00cdNEA 4. DIRECCI\u00d3N, GESTI\u00d3N Y ACCI\u00d3N SOCIAL DEL DEPORTE<\/p>\n<p>Objeto de la colaboraci\u00f3n: publicaciones, proyecto de investigaci\u00f3n, colaboraciones, entre otras.<\/p>\n<p>1. Kostas Alexandris (Aristotle University of Thessaloniki, Grecia).<br \/>\n2. Vera Pedragosa (Universidade Autonoma de Lisboa, Portugal).<br \/>\n3. M\u00e1rio Coelho Teixeira (Universidade de \u00c9vora, Portugal).<br \/>\n4. Olga Polyakova (Sheffield Hallam University, UK).<br \/>\n5. James J. Zhang (University of Georgia, USA).<br \/>\n6. Vanessa Ratten (La Trobe University, Australia)<br \/>\n7. Kadir Yildiz (Manisa Celal Bayar \u00dcniversitesi, Turqu\u00eda)<br \/>\n8. Irena Valantine (Lithuanian Sports University, Lituania)[\/et_pb_text][\/et_pb_column][\/et_pb_row][\/et_pb_section][et_pb_section fb_built=\u00bb1&#8243; next_background_color=\u00bb#0C2C43&#8243; _builder_version=\u00bb4.27.4&#8243; _module_preset=\u00bbdefault\u00bb custom_padding=\u00bb0px||||false|false\u00bb bottom_divider_style=\u00bbasymmetric2&#8243; locked=\u00bboff\u00bb global_colors_info=\u00bb{}\u00bb][\/et_pb_section]<\/p>\n","protected":false},"excerpt":{"rendered":"<p>InternaCIONAlizaci\u00f3nInicio\u00a0 Internacionalizaci\u00f3nInternaCIONAlizaci\u00f3nA continuaci\u00f3n, se citan las instituciones con convenio con la Universidad de Alcal\u00e1 para acoger a estudiantes de doctorado en el \u00e1mbito de las Ciencias de la Actividad F\u00edsica y del Deporte: \u00b7 Universit\u00e0 degli Studi di Roma Foro Italico (c\u00f3digo: I ROMA05; Roma, Italia). \u00b7 Jozef Pilsudski University of Physical Education (c\u00f3digo: PL [&hellip;]<\/p>\n","protected":false},"author":2,"featured_media":0,"parent":0,"menu_order":0,"comment_status":"closed","ping_status":"closed","template":"","meta":{"_et_pb_use_builder":"on","_et_pb_old_content":"","_et_gb_content_width":"","footnotes":""},"class_list":["post-840","page","type-page","status-publish","hentry"],"_links":{"self":[{"href":"https:\/\/institucional.us.es\/diccafd\/wp-json\/wp\/v2\/pages\/840","targetHints":{"allow":["GET"]}}],"collection":[{"href":"https:\/\/institucional.us.es\/diccafd\/wp-json\/wp\/v2\/pages"}],"about":[{"href":"https:\/\/institucional.us.es\/diccafd\/wp-json\/wp\/v2\/types\/page"}],"author":[{"embeddable":true,"href":"https:\/\/institucional.us.es\/diccafd\/wp-json\/wp\/v2\/users\/2"}],"replies":[{"embeddable":true,"href":"https:\/\/institucional.us.es\/diccafd\/wp-json\/wp\/v2\/comments?post=840"}],"version-history":[{"count":4,"href":"https:\/\/institucional.us.es\/diccafd\/wp-json\/wp\/v2\/pages\/840\/revisions"}],"predecessor-version":[{"id":1020,"href":"https:\/\/institucional.us.es\/diccafd\/wp-json\/wp\/v2\/pages\/840\/revisions\/1020"}],"wp:attachment":[{"href":"https:\/\/institucional.us.es\/diccafd\/wp-json\/wp\/v2\/media?parent=840"}],"curies":[{"name":"wp","href":"https:\/\/api.w.org\/{rel}","templated":true}]}}