




{"id":1694,"date":"2022-11-18T17:58:37","date_gmt":"2022-11-18T17:58:37","guid":{"rendered":"https:\/\/institucional.us.es\/docenciaeco\/?page_id=1694"},"modified":"2025-07-19T00:30:24","modified_gmt":"2025-07-19T00:30:24","slug":"cv-maria-rosario","status":"publish","type":"page","link":"https:\/\/institucional.us.es\/docenciaeco\/en\/miembros\/cv-maria-rosario\/","title":{"rendered":"CV-Mar\u00eda-Rosario"},"content":{"rendered":"<div id=\"pl-1694\"  class=\"panel-layout\" ><div id=\"pg-1694-0\"  class=\"panel-grid panel-has-style\" ><div class=\"cv-titulo siteorigin-panels-stretch panel-row-style-full-width panel-row-style panel-row-style-for-1694-0\" style=\"background-color: #bfaedf; \" data-stretch-type=\"full\" ><div id=\"pgc-1694-0-0\"  class=\"panel-grid-cell\" ><div id=\"panel-1694-0-0-0\" class=\"so-panel widget widget_sow-image panel-first-child panel-last-child\" data-index=\"0\" ><div class=\"cv-foto panel-widget-style panel-widget-style-for-1694-0-0-0\" ><div\n\t\t\t\n\t\t\tclass=\"so-widget-sow-image so-widget-sow-image-default-13f2a8b12fcc-1694\"\n\t\t\t\n\t\t>\n<div class=\"sow-image-container\">\n\t\t<img \n\tsrc=\"https:\/\/institucional.us.es\/docenciaeco\/wp-content\/uploads\/2023\/03\/Imagen-Charo.jpg\" width=\"578\" height=\"754\" srcset=\"https:\/\/institucional.us.es\/docenciaeco\/wp-content\/uploads\/2023\/03\/Imagen-Charo.jpg 578w, https:\/\/institucional.us.es\/docenciaeco\/wp-content\/uploads\/2023\/03\/Imagen-Charo-230x300.jpg 230w\" sizes=\"(max-width: 578px) 100vw, 578px\" title=\"Imagen Charo\" alt=\"\" \t\tclass=\"so-widget-image\"\/>\n\t<\/div>\n\n<\/div><\/div><\/div><\/div><div id=\"pgc-1694-0-1\"  class=\"panel-grid-cell\" ><div id=\"panel-1694-0-1-0\" class=\"so-panel widget widget_sow-editor panel-first-child panel-last-child\" data-index=\"1\" ><div\n\t\t\t\n\t\t\tclass=\"so-widget-sow-editor so-widget-sow-editor-base\"\n\t\t\t\n\t\t>\n<div class=\"siteorigin-widget-tinymce textwidget\">\n\t<h1>MAR\u00cdA-ROSARIO<br \/>\nLEAL-BONMATI<\/h1>\n<p><em>\u201c\u201d<\/em><\/p>\n<\/div>\n<\/div><\/div><\/div><\/div><\/div><div id=\"pg-1694-1\"  class=\"panel-grid panel-no-style\" ><div id=\"pgc-1694-1-0\"  class=\"panel-grid-cell\" ><div id=\"panel-1694-1-0-0\" class=\"so-panel widget widget_sow-editor panel-first-child panel-last-child\" data-index=\"2\" ><div\n\t\t\t\n\t\t\tclass=\"so-widget-sow-editor so-widget-sow-editor-base\"\n\t\t\t\n\t\t>\n<div class=\"siteorigin-widget-tinymce textwidget\">\n\t<p style=\"text-align: center;\"><img loading=\"lazy\" decoding=\"async\" class=\"cv-icono wp-image-436\" src=\"https:\/\/institucional.us.es\/docenciaeco\/wp-content\/uploads\/2022\/11\/loc.svg\" alt=\"\" width=\"20\" height=\"20\"> Universidad de Sevilla<\/p>\n<\/div>\n<\/div><\/div><\/div><div id=\"pgc-1694-1-1\"  class=\"panel-grid-cell\" ><div id=\"panel-1694-1-1-0\" class=\"so-panel widget widget_sow-editor panel-first-child panel-last-child\" data-index=\"3\" ><div\n\t\t\t\n\t\t\tclass=\"so-widget-sow-editor so-widget-sow-editor-base\"\n\t\t\t\n\t\t>\n<div class=\"siteorigin-widget-tinymce textwidget\">\n\t<p style=\"text-align: center;\"><img loading=\"lazy\" decoding=\"async\" class=\"cv-icono wp-image-437\" src=\"https:\/\/institucional.us.es\/docenciaeco\/wp-content\/uploads\/2022\/11\/mail.svg\" alt=\"\" width=\"20\" height=\"20\"> mleal5@us.es<\/p>\n<\/div>\n<\/div><\/div><\/div><div id=\"pgc-1694-1-2\"  class=\"panel-grid-cell\" ><div id=\"panel-1694-1-2-0\" class=\"so-panel widget widget_sow-editor panel-first-child panel-last-child\" data-index=\"4\" ><div\n\t\t\t\n\t\t\tclass=\"so-widget-sow-editor so-widget-sow-editor-base\"\n\t\t\t\n\t\t>\n<div class=\"siteorigin-widget-tinymce textwidget\">\n\t<p style=\"text-align: center;\"><img loading=\"lazy\" decoding=\"async\" class=\"cv-icono wp-image-438\" src=\"https:\/\/institucional.us.es\/docenciaeco\/wp-content\/uploads\/2022\/11\/orcid.svg\" alt=\"\" width=\"20\" height=\"20\"> <a href=\"https:\/\/orcid.org\/0000-0003-4804-016X\">ORCID<\/a><\/p>\n<\/div>\n<\/div><\/div><\/div><\/div><div id=\"pg-1694-2\"  class=\"panel-grid panel-has-style\" ><div class=\"panel-row-style panel-row-style-for-1694-2\" ><div id=\"pgc-1694-2-0\"  class=\"panel-grid-cell\" ><div id=\"panel-1694-2-0-0\" class=\"so-panel widget widget_sow-editor panel-first-child panel-last-child\" data-index=\"5\" ><div\n\t\t\t\n\t\t\tclass=\"so-widget-sow-editor so-widget-sow-editor-base\"\n\t\t\t\n\t\t>\n<div class=\"siteorigin-widget-tinymce textwidget\">\n\t<p>Doctora en Filolog\u00eda Hisp\u00e1nica por la Universidad de Sevilla. Ha ejercido durante algunos a\u00f1os la docencia en Portugal en el \u00e1mbito del Espa\u00f1ol como Lengua Extranjera. Actualmente pertenece al Departamento de Did\u00e1ctica de la Lengua, de la Literatura y Filolog\u00edas Integradas de la Facultad de Ciencias de la Educaci\u00f3n de la Universidad de Sevilla. Sus \u00e1mbitos de investigaci\u00f3n abarcan desde el teatro espa\u00f1ol de los siglos XVII-XVIII hasta el estudio de la identidad ling\u00fc\u00edstica de los futuros maestros de Educaci\u00f3n Primaria, siendo este campo en el que est\u00e1 centrada en estos \u00faltimos a\u00f1os. Ha publicado en revistas de proyecci\u00f3n nacional e internacional. Miembro integrante del Proyecto de Innovaci\u00f3n Docente \u201cDocencia emocional con ECO en el marco de los ODS\u201d porque es una buena opci\u00f3n para fomentar una docencia basada en las personas para que ellas mismas encuentren su camino de aprendizaje y lo desarrollen a lo largo de su vida.<\/p>\n<\/div>\n<\/div><\/div><\/div><\/div><\/div><div id=\"pg-1694-3\"  class=\"panel-grid panel-no-style\" ><div id=\"pgc-1694-3-0\"  class=\"panel-grid-cell\" ><div id=\"panel-1694-3-0-0\" class=\"so-panel widget widget_sow-button panel-first-child panel-last-child\" data-index=\"6\" ><div\n\t\t\t\n\t\t\tclass=\"so-widget-sow-button so-widget-sow-button-wire-80810b17e450-1694\"\n\t\t\t\n\t\t><div class=\"ow-button-base ow-button-align-right\"\n>\n\t\t\t<a\n\t\t\t\t\thref=\"https:\/\/institucional.us.es\/docenciaeco\/en\/miembros\/\"\n\t\t\t\t\tclass=\"sowb-button ow-icon-placement-left ow-button-hover\" \t>\n\t\t<span>\n\t\t\t<span class=\"sow-icon-ionicons\" data-sow-icon=\"&#xf3cf;\"\n\t\tstyle=\"color: #000000\" \n\t\taria-hidden=\"true\"><\/span>\n\t\t\tVolver\t\t<\/span>\n\t\t\t<\/a>\n\t<\/div>\n<\/div><\/div><\/div><\/div><\/div>","protected":false},"excerpt":{"rendered":"<p>MAR\u00cdA-ROSARIO LEAL-BONMATI \u201c\u201d Universidad de Sevilla mleal5@us.es ORCID<\/p>\n","protected":false},"author":2,"featured_media":0,"parent":23,"menu_order":0,"comment_status":"closed","ping_status":"closed","template":"","meta":{"inline_featured_image":false,"footnotes":""},"class_list":["post-1694","page","type-page","status-publish","hentry","post"],"_links":{"self":[{"href":"https:\/\/institucional.us.es\/docenciaeco\/en\/wp-json\/wp\/v2\/pages\/1694","targetHints":{"allow":["GET"]}}],"collection":[{"href":"https:\/\/institucional.us.es\/docenciaeco\/en\/wp-json\/wp\/v2\/pages"}],"about":[{"href":"https:\/\/institucional.us.es\/docenciaeco\/en\/wp-json\/wp\/v2\/types\/page"}],"author":[{"embeddable":true,"href":"https:\/\/institucional.us.es\/docenciaeco\/en\/wp-json\/wp\/v2\/users\/2"}],"replies":[{"embeddable":true,"href":"https:\/\/institucional.us.es\/docenciaeco\/en\/wp-json\/wp\/v2\/comments?post=1694"}],"version-history":[{"count":3,"href":"https:\/\/institucional.us.es\/docenciaeco\/en\/wp-json\/wp\/v2\/pages\/1694\/revisions"}],"predecessor-version":[{"id":2591,"href":"https:\/\/institucional.us.es\/docenciaeco\/en\/wp-json\/wp\/v2\/pages\/1694\/revisions\/2591"}],"up":[{"embeddable":true,"href":"https:\/\/institucional.us.es\/docenciaeco\/en\/wp-json\/wp\/v2\/pages\/23"}],"wp:attachment":[{"href":"https:\/\/institucional.us.es\/docenciaeco\/en\/wp-json\/wp\/v2\/media?parent=1694"}],"curies":[{"name":"wp","href":"https:\/\/api.w.org\/{rel}","templated":true}]}}