




{"id":1700,"date":"2022-11-18T17:58:37","date_gmt":"2022-11-18T17:58:37","guid":{"rendered":"https:\/\/institucional.us.es\/docenciaeco\/?page_id=1700"},"modified":"2025-07-19T00:26:31","modified_gmt":"2025-07-19T00:26:31","slug":"cv-ana-galdamez","status":"publish","type":"page","link":"https:\/\/institucional.us.es\/docenciaeco\/en\/miembros\/cv-ana-galdamez\/","title":{"rendered":"CV-Ana Galdamez"},"content":{"rendered":"<div id=\"pl-1700\"  class=\"panel-layout\" >\n<div id=\"pg-1700-0\"  class=\"panel-grid panel-has-style\"  data-style=\"{\"class\":\"cv-titulo\",\"background\":\"#bfaedf\",\"background_image_attachment\":false,\"background_display\":\"tile\",\"box_shadow\":true,\"box_shadow_color\":\"#000000\",\"box_shadow_inset\":\"\",\"box_shadow_offset_vertical\":\"5px\",\"box_shadow_blur\":\"15px\",\"full_height\":\"\",\"row_stretch\":\"full\",\"cell_alignment\":\"center\"}\" >\n<div class=\"cv-titulo siteorigin-panels-stretch panel-row-style-full-width panel-row-style panel-row-style-for-1700-0\" style=\"background-color: #bfaedf; \" data-stretch-type=\"full\" >\n<div id=\"pgc-1700-0-0\"  class=\"panel-grid-cell\"  data-weight=\"0.2\" >\n<div id=\"panel-1700-0-0-0\" class=\"so-panel widget widget_sow-image panel-first-child panel-last-child\" data-index=\"0\" data-style=\"{\"class\":\"cv-foto\",\"background_image_attachment\":false,\"background_display\":\"tile\",\"background_image_size\":\"full\",\"border_thickness\":\"1px\",\"box_shadow\":true,\"box_shadow_color\":\"#000000\",\"box_shadow_inset\":\"\",\"box_shadow_offset_vertical\":\"2px\",\"box_shadow_blur\":\"15px\"}\" >\n<div class=\"cv-foto panel-widget-style panel-widget-style-for-1700-0-0-0\" ><div\n\t\t\t\n\t\t\tclass=\"so-widget-sow-image so-widget-sow-image-default-8b5b6f678277\"\n\t\t\t\n\t\t><\/div><\/div>\n<\/div>\n<\/div>\n<div id=\"pgc-1700-0-1\"  class=\"panel-grid-cell\"  data-weight=\"0.8\" >\n<div id=\"panel-1700-0-1-0\" class=\"so-panel widget widget_sow-editor panel-first-child panel-last-child\" data-index=\"1\" data-style=\"{\"background_image_attachment\":false,\"background_display\":\"tile\",\"background_image_size\":\"full\",\"border_thickness\":\"1px\"}\" >\n<div\n\t\t\t\n\t\t\tclass=\"so-widget-sow-editor so-widget-sow-editor-base\"\n\t\t\t\n\t\t><\/p>\n<div class=\"siteorigin-widget-tinymce textwidget\">\n<h1>ANA<br \/>\nGALD\u00c1MEZ MORALES<\/h1>\n<p><em><\/em><\/div>\n<\/div>\n<\/div>\n<\/div>\n<\/div>\n<\/div>\n<div id=\"pg-1700-1\"  class=\"panel-grid panel-no-style\"  data-style=\"{\"background_image_attachment\":false,\"background_display\":\"tile\",\"background_image_size\":\"full\",\"full_height\":\"\",\"cell_alignment\":\"flex-start\"}\"  data-label=\"Iconos contacto\" >\n<div id=\"pgc-1700-1-0\"  class=\"panel-grid-cell\"  data-weight=\"0.33333333333333\" >\n<div id=\"panel-1700-1-0-0\" class=\"so-panel widget widget_sow-editor panel-first-child panel-last-child\" data-index=\"2\" data-style=\"{\"background_image_attachment\":false,\"background_display\":\"tile\",\"background_image_size\":\"full\"}\" data-label=\"Localizaci\u00f3n\" >\n<div\n\t\t\t\n\t\t\tclass=\"so-widget-sow-editor so-widget-sow-editor-base\"\n\t\t\t\n\t\t><\/p>\n<div class=\"siteorigin-widget-tinymce textwidget\">\n<p style=\"text-align: center;\"><img loading=\"lazy\" decoding=\"async\" class=\"cv-icono wp-image-436\" src=\"https:\/\/institucional.us.es\/docenciaeco\/wp-content\/uploads\/2022\/11\/loc.svg\" alt=\"\" width=\"20\" height=\"20\" \/> Universidad de Sevilla<\/p>\n<\/div>\n<\/div>\n<\/div>\n<\/div>\n<div id=\"pgc-1700-1-1\"  class=\"panel-grid-cell\"  data-weight=\"0.33333333333333\" >\n<div id=\"panel-1700-1-1-0\" class=\"so-panel widget widget_sow-editor panel-first-child panel-last-child\" data-index=\"3\" data-style=\"{\"background_image_attachment\":false,\"background_display\":\"tile\",\"background_image_size\":\"full\",\"border_thickness\":\"1px\"}\" data-label=\"Correo\" >\n<div\n\t\t\t\n\t\t\tclass=\"so-widget-sow-editor so-widget-sow-editor-base\"\n\t\t\t\n\t\t><\/p>\n<div class=\"siteorigin-widget-tinymce textwidget\">\n<p style=\"text-align: center;\"><img loading=\"lazy\" decoding=\"async\" class=\"cv-icono wp-image-437\" src=\"https:\/\/institucional.us.es\/docenciaeco\/wp-content\/uploads\/2022\/11\/mail.svg\" alt=\"\" width=\"20\" height=\"20\" \/> agaldamez@us.es<\/p>\n<\/div>\n<\/div>\n<\/div>\n<\/div>\n<div id=\"pgc-1700-1-2\"  class=\"panel-grid-cell\"  data-weight=\"0.33333333333333\" >\n<div id=\"panel-1700-1-2-0\" class=\"so-panel widget widget_sow-editor panel-first-child panel-last-child\" data-index=\"4\" data-style=\"{\"background_image_attachment\":false,\"background_display\":\"tile\",\"background_image_size\":\"full\",\"border_thickness\":\"1px\"}\" data-label=\"ORCID\" >\n<div\n\t\t\t\n\t\t\tclass=\"so-widget-sow-editor so-widget-sow-editor-base\"\n\t\t\t\n\t\t><\/p>\n<div class=\"siteorigin-widget-tinymce textwidget\">\n<p style=\"text-align: center;\"><img loading=\"lazy\" decoding=\"async\" class=\"cv-icono wp-image-438\" src=\"https:\/\/institucional.us.es\/docenciaeco\/wp-content\/uploads\/2022\/11\/orcid.svg\" alt=\"\" width=\"20\" height=\"20\" \/> <a href=\"https:\/\/orcid.org\/0000-0002-0530-4850\">ORCID<\/a><\/p>\n<\/div>\n<\/div>\n<\/div>\n<\/div>\n<\/div>\n<div id=\"pg-1700-2\"  class=\"panel-grid panel-has-style\"  data-style=\"{\"padding\":\"50px 0px 50px 0px\",\"background_image_attachment\":false,\"background_display\":\"tile\",\"full_height\":\"\",\"cell_alignment\":\"flex-start\"}\" >\n<div class=\"panel-row-style panel-row-style-for-1700-2\" >\n<div id=\"pgc-1700-2-0\"  class=\"panel-grid-cell\"  data-weight=\"1\" >\n<div id=\"panel-1700-2-0-0\" class=\"so-panel widget widget_sow-editor panel-first-child panel-last-child\" data-index=\"5\" data-style=\"{\"background_image_attachment\":false,\"background_display\":\"tile\",\"background_image_size\":\"full\",\"border_thickness\":\"1px\"}\" data-label=\"Texto\" >\n<div\n\t\t\t\n\t\t\tclass=\"so-widget-sow-editor so-widget-sow-editor-base\"\n\t\t\t\n\t\t><\/p>\n<div class=\"siteorigin-widget-tinymce textwidget\">\n<div>Graduada en Derecho (2017), Licenciada en Periodismo (2011) y M\u00e1ster en Derecho Constitucional (2013), por la Universidad de Sevilla. Actualmente realiza su tesis doctoral en el marco del Programa de Doctorado en Derecho de la Universidad de Sevilla, adscrita al Departamento de Derecho Constitucional en el que ha sido contratada predoctoral FPU.<\/div>\n<div>L\u00ednea de investigaci\u00f3n centrada en los derechos de la comunicaci\u00f3n, discurso a trav\u00e9s de las redes sociales, inteligencia artificial, protecci\u00f3n de datos y desinformaci\u00f3n. Participa en varios proyectos de investigaci\u00f3n en universidades p\u00fablicas; ha realizado dos estancias de investigaci\u00f3n en la Universidad de Lisboa y cuenta con diversos art\u00edculos y trabajos publicados en revistas cient\u00edficas.<\/div>\n<div>Ha impartido docencia en las asignaturas Derecho Constitucional I, Derecho Constitucional II, Derecho Constitucional III y Derecho de la Informaci\u00f3n, en diferentes titulaciones oficiales de la Universidad de Sevilla. En ellas ha aplicado ECO como miembro del proyecto durante las dos primeras ediciones. Adem\u00e1s, ha participado en otro proyecto de innovaci\u00f3n docente, en este caso de la Uned: &#8220;Derechos Humanos y Objetivos de Desarrollo Sostenible en el arte y la cultura&#8221;.<\/div>\n<\/div>\n<\/div>\n<\/div>\n<\/div>\n<\/div>\n<\/div>\n<div id=\"pg-1700-3\"  class=\"panel-grid panel-no-style\"  data-style=\"{\"background_image_attachment\":false,\"background_display\":\"tile\",\"background_image_size\":\"full\",\"border_thickness\":\"1px\",\"full_height\":\"\",\"cell_class\":\"cont_publicaciones\",\"cell_alignment\":\"flex-start\"}\" >\n<div id=\"pgc-1700-3-0\"  class=\"panel-grid-cell\"  data-weight=\"1\" >\n<div class=\"cont_publicaciones panel-cell-style panel-cell-style-for-1700-3-0\" >\n<div id=\"panel-1700-3-0-0\" class=\"so-panel widget widget_siteorigin-panels-postloop panel-first-child\" data-index=\"6\" data-style=\"{\"background_image_attachment\":false,\"background_display\":\"tile\",\"background_image_size\":\"full\",\"background_image_opacity\":\"100\",\"border_thickness\":\"1px\"}\" data-label=\"Post Publicaciones\" ><\/div>\n<div id=\"panel-1700-3-0-1\" class=\"so-panel widget widget_siteorigin-panels-postloop panel-last-child\" data-index=\"7\" data-style=\"{\"background_image_attachment\":false,\"background_display\":\"tile\",\"background_image_size\":\"full\",\"background_image_opacity\":\"100\",\"border_thickness\":\"1px\"}\" data-label=\"Post Congresos\" ><\/div>\n<\/div>\n<\/div>\n<\/div>\n<div id=\"pg-1700-4\"  class=\"panel-grid panel-has-style\"  data-style=\"{\"class\":\"cont_publicaciones\",\"background_image_attachment\":false,\"background_display\":\"tile\",\"background_image_size\":\"full\",\"border_thickness\":\"1px\",\"full_height\":\"\",\"cell_alignment\":\"flex-start\"}\" >\n<div class=\"cont_publicaciones panel-row-style panel-row-style-for-1700-4\" >\n<div id=\"pgc-1700-4-0\"  class=\"panel-grid-cell\"  data-weight=\"1\" >\n<div id=\"panel-1700-4-0-0\" class=\"so-panel widget widget_sow-button panel-first-child panel-last-child\" data-index=\"8\" data-style=\"{\"background_image_attachment\":false,\"background_display\":\"tile\"}\" data-label=\"Bot\u00f3n volver\" ><div\n\t\t\t\n\t\t\tclass=\"so-widget-sow-button so-widget-sow-button-flat-1e520deaaef8\"\n\t\t\t\n\t\t><div class=\"ow-button-base ow-button-align-center\"\n>\n\t\t\t<a\n\t\t\t\tclass=\"sowb-button ow-icon-placement-left ow-button-hover\" \t>\n\t\t<span>\n\t\t\t\n\t\t\t\t\t<\/span>\n\t\t\t<\/a>\n\t<\/div>\n<\/div><\/div>\n<\/div>\n<\/div>\n<\/div>\n<\/div>\n","protected":false},"excerpt":{"rendered":"<p>ANA GALD\u00c1MEZ MORALES Universidad de Sevilla agaldamez@us.es ORCID Graduada en Derecho (2017), Licenciada en Periodismo (2011) y M\u00e1ster en Derecho Constitucional (2013), por la Universidad de Sevilla. Actualmente realiza su tesis doctoral en el marco del Programa de Doctorado en Derecho de la Universidad de Sevilla, adscrita al Departamento de Derecho Constitucional en el que ha sido contratada predoctoral FPU. L\u00ednea de investigaci\u00f3n centrada en los derechos de la comunicaci\u00f3n, discurso a trav\u00e9s de las redes sociales, inteligencia artificial, protecci\u00f3n de datos y desinformaci\u00f3n. Participa en varios proyectos de investigaci\u00f3n en universidades p\u00fablicas; ha realizado dos estancias de investigaci\u00f3n en la Universidad de Lisboa y cuenta con diversos art\u00edculos y trabajos publicados en revistas cient\u00edficas. Ha impartido docencia en las asignaturas Derecho Constitucional I, Derecho Constitucional II, Derecho Constitucional III y Derecho de la Informaci\u00f3n, en diferentes titulaciones oficiales de la Universidad de Sevilla. En ellas ha aplicado ECO como miembro del proyecto durante las dos primeras ediciones. Adem\u00e1s, ha participado en otro proyecto de innovaci\u00f3n docente, en este caso de la Uned: &#8220;Derechos Humanos y Objetivos de Desarrollo Sostenible en el arte y la cultura&#8221;.<\/p>\n","protected":false},"author":2,"featured_media":0,"parent":23,"menu_order":0,"comment_status":"closed","ping_status":"closed","template":"","meta":{"inline_featured_image":false,"footnotes":""},"class_list":["post-1700","page","type-page","status-publish","hentry","post"],"_links":{"self":[{"href":"https:\/\/institucional.us.es\/docenciaeco\/en\/wp-json\/wp\/v2\/pages\/1700","targetHints":{"allow":["GET"]}}],"collection":[{"href":"https:\/\/institucional.us.es\/docenciaeco\/en\/wp-json\/wp\/v2\/pages"}],"about":[{"href":"https:\/\/institucional.us.es\/docenciaeco\/en\/wp-json\/wp\/v2\/types\/page"}],"author":[{"embeddable":true,"href":"https:\/\/institucional.us.es\/docenciaeco\/en\/wp-json\/wp\/v2\/users\/2"}],"replies":[{"embeddable":true,"href":"https:\/\/institucional.us.es\/docenciaeco\/en\/wp-json\/wp\/v2\/comments?post=1700"}],"version-history":[{"count":20,"href":"https:\/\/institucional.us.es\/docenciaeco\/en\/wp-json\/wp\/v2\/pages\/1700\/revisions"}],"predecessor-version":[{"id":2589,"href":"https:\/\/institucional.us.es\/docenciaeco\/en\/wp-json\/wp\/v2\/pages\/1700\/revisions\/2589"}],"up":[{"embeddable":true,"href":"https:\/\/institucional.us.es\/docenciaeco\/en\/wp-json\/wp\/v2\/pages\/23"}],"wp:attachment":[{"href":"https:\/\/institucional.us.es\/docenciaeco\/en\/wp-json\/wp\/v2\/media?parent=1700"}],"curies":[{"name":"wp","href":"https:\/\/api.w.org\/{rel}","templated":true}]}}