




{"id":2252,"date":"2022-11-18T17:58:37","date_gmt":"2022-11-18T17:58:37","guid":{"rendered":"https:\/\/institucional.us.es\/docenciaeco\/?page_id=2252"},"modified":"2025-07-19T00:26:25","modified_gmt":"2025-07-19T00:26:25","slug":"cv-maria-heredia-mantis","status":"publish","type":"page","link":"https:\/\/institucional.us.es\/docenciaeco\/en\/miembros\/cv-maria-heredia-mantis\/","title":{"rendered":"CV-Mar\u00eda"},"content":{"rendered":"<div id=\"pl-2252\"  class=\"panel-layout\" ><div id=\"pg-2252-0\"  class=\"panel-grid panel-has-style\" ><div class=\"cv-titulo siteorigin-panels-stretch panel-row-style-full-width panel-row-style panel-row-style-for-2252-0\" style=\"background-color: #bfaedf; \" data-stretch-type=\"full\" ><div id=\"pgc-2252-0-0\"  class=\"panel-grid-cell\" ><div id=\"panel-2252-0-0-0\" class=\"so-panel widget widget_sow-image panel-first-child panel-last-child\" data-index=\"0\" ><div class=\"cv-foto panel-widget-style panel-widget-style-for-2252-0-0-0\" ><div\n\t\t\t\n\t\t\tclass=\"so-widget-sow-image so-widget-sow-image-default-13f2a8b12fcc-2252\"\n\t\t\t\n\t\t>\n<div class=\"sow-image-container\">\n\t\t<img \n\tsrc=\"https:\/\/institucional.us.es\/docenciaeco\/wp-content\/uploads\/2024\/03\/Maria-Heredia-Mantis-300x300.jpg\" width=\"300\" height=\"300\" srcset=\"https:\/\/institucional.us.es\/docenciaeco\/wp-content\/uploads\/2024\/03\/Maria-Heredia-Mantis-300x300.jpg 300w, https:\/\/institucional.us.es\/docenciaeco\/wp-content\/uploads\/2024\/03\/Maria-Heredia-Mantis-150x150.jpg 150w, https:\/\/institucional.us.es\/docenciaeco\/wp-content\/uploads\/2024\/03\/Maria-Heredia-Mantis-250x250.jpg 250w, https:\/\/institucional.us.es\/docenciaeco\/wp-content\/uploads\/2024\/03\/Maria-Heredia-Mantis-375x375.jpg 375w, https:\/\/institucional.us.es\/docenciaeco\/wp-content\/uploads\/2024\/03\/Maria-Heredia-Mantis-16x16.jpg 16w, https:\/\/institucional.us.es\/docenciaeco\/wp-content\/uploads\/2024\/03\/Maria-Heredia-Mantis.jpg 512w\" sizes=\"(max-width: 300px) 100vw, 300px\" alt=\"\" \t\tclass=\"so-widget-image\"\/>\n\t<\/div>\n\n<\/div><\/div><\/div><\/div><div id=\"pgc-2252-0-1\"  class=\"panel-grid-cell\" ><div id=\"panel-2252-0-1-0\" class=\"so-panel widget widget_sow-editor panel-first-child panel-last-child\" data-index=\"1\" ><div\n\t\t\t\n\t\t\tclass=\"so-widget-sow-editor so-widget-sow-editor-base\"\n\t\t\t\n\t\t>\n<div class=\"siteorigin-widget-tinymce textwidget\">\n\t<h1>MAR\u00cdA<br \/>\nHEREDIA MANT\u00cdS<\/h1>\n<p><em>\u201cD\u00edmelo y lo olvidar\u00e9, mu\u00e9strame y lo recordar\u00e9, invol\u00facrame y lo aprender\u00e9\u201d <\/em>(proverbio atribuido a Confucio)<\/p>\n<\/div>\n<\/div><\/div><\/div><\/div><\/div><div id=\"pg-2252-1\"  class=\"panel-grid panel-no-style\" ><div id=\"pgc-2252-1-0\"  class=\"panel-grid-cell\" ><div id=\"panel-2252-1-0-0\" class=\"so-panel widget widget_sow-editor panel-first-child panel-last-child\" data-index=\"2\" ><div\n\t\t\t\n\t\t\tclass=\"so-widget-sow-editor so-widget-sow-editor-base\"\n\t\t\t\n\t\t>\n<div class=\"siteorigin-widget-tinymce textwidget\">\n\t<p style=\"text-align: center;\"><img loading=\"lazy\" decoding=\"async\" class=\"cv-icono wp-image-436\" src=\"https:\/\/institucional.us.es\/docenciaeco\/wp-content\/uploads\/2022\/11\/loc.svg\" alt=\"\" width=\"20\" height=\"20\"> Universidad de Granada<\/p>\n<\/div>\n<\/div><\/div><\/div><div id=\"pgc-2252-1-1\"  class=\"panel-grid-cell\" ><div id=\"panel-2252-1-1-0\" class=\"so-panel widget widget_sow-editor panel-first-child panel-last-child\" data-index=\"3\" ><div\n\t\t\t\n\t\t\tclass=\"so-widget-sow-editor so-widget-sow-editor-base\"\n\t\t\t\n\t\t>\n<div class=\"siteorigin-widget-tinymce textwidget\">\n\t<p style=\"text-align: center;\"><img loading=\"lazy\" decoding=\"async\" class=\"cv-icono alignnone wp-image-437\" src=\"https:\/\/institucional.us.es\/docenciaeco\/wp-content\/uploads\/2022\/11\/mail.svg\" alt=\"\" width=\"20\" height=\"20\">herediamantis@ugr.es<\/p>\n<\/div>\n<\/div><\/div><\/div><div id=\"pgc-2252-1-2\"  class=\"panel-grid-cell\" ><div id=\"panel-2252-1-2-0\" class=\"so-panel widget widget_sow-editor panel-first-child panel-last-child\" data-index=\"4\" ><div\n\t\t\t\n\t\t\tclass=\"so-widget-sow-editor so-widget-sow-editor-base\"\n\t\t\t\n\t\t>\n<div class=\"siteorigin-widget-tinymce textwidget\">\n\t<p style=\"text-align: center;\"><img loading=\"lazy\" decoding=\"async\" class=\"cv-icono alignnone wp-image-438\" src=\"https:\/\/institucional.us.es\/docenciaeco\/wp-content\/uploads\/2022\/11\/orcid.svg\" alt=\"\" width=\"20\" height=\"20\"> <a href=\"https:\/\/orcid.org\/0000-0002-1459-0940\">ORCID<\/a><\/p>\n<\/div>\n<\/div><\/div><\/div><\/div><div id=\"pg-2252-2\"  class=\"panel-grid panel-has-style\" ><div class=\"panel-row-style panel-row-style-for-2252-2\" ><div id=\"pgc-2252-2-0\"  class=\"panel-grid-cell\" ><div id=\"panel-2252-2-0-0\" class=\"so-panel widget widget_sow-editor panel-first-child panel-last-child\" data-index=\"5\" ><div\n\t\t\t\n\t\t\tclass=\"so-widget-sow-editor so-widget-sow-editor-base\"\n\t\t\t\n\t\t>\n<div class=\"siteorigin-widget-tinymce textwidget\">\n\t<p>Doctora en Lenguas y Culturas por la Universidad de Huelva. Profesora Ayudante Doctora en la Universidad de Granada. M\u00e1ster en Investigaci\u00f3n en Lengua Espa\u00f1ola por la Universidad Complutense de Madrid. Ha sido profesora anteriormente en la Universidad de Sevilla y en la Universidad de Huelva. Ha sido profesora visitante por el programa Erasmus+ para docentes en la La Sapienza Universit\u00e0 di Roma (Italia). Su inter\u00e9s por la innovaci\u00f3n docente tiene un largo recorrido, desde sus propuestas para mejorar la ense\u00f1anza de la sintaxis hasta los recientes proyectos de implementaci\u00f3n del Paisaje Ling\u00fc\u00edstico en el curr\u00edculo universitario de Lengua Espa\u00f1ola o de la metodolog\u00eda ECO.<\/p>\n<\/div>\n<\/div><\/div><\/div><\/div><\/div><div id=\"pg-2252-3\"  class=\"panel-grid panel-has-style\" ><div class=\"cont_publicaciones panel-row-style panel-row-style-for-2252-3\" ><div id=\"pgc-2252-3-0\"  class=\"panel-grid-cell\" ><div id=\"panel-2252-3-0-0\" class=\"so-panel widget widget_siteorigin-panels-postloop panel-first-child\" data-index=\"6\" ><\/div><div id=\"panel-2252-3-0-1\" class=\"so-panel widget widget_siteorigin-panels-postloop panel-last-child\" data-index=\"7\" ><\/div><\/div><\/div><\/div><div id=\"pg-2252-4\"  class=\"panel-grid panel-no-style\" ><div id=\"pgc-2252-4-0\"  class=\"panel-grid-cell\" ><div id=\"panel-2252-4-0-0\" class=\"so-panel widget widget_sow-button panel-first-child panel-last-child\" data-index=\"8\" ><div\n\t\t\t\n\t\t\tclass=\"so-widget-sow-button so-widget-sow-button-wire-80810b17e450-2252\"\n\t\t\t\n\t\t><div class=\"ow-button-base ow-button-align-right\"\n>\n\t\t\t<a\n\t\t\t\t\thref=\"https:\/\/institucional.us.es\/docenciaeco\/en\/miembros\/\"\n\t\t\t\t\tclass=\"sowb-button ow-icon-placement-left ow-button-hover\" \t>\n\t\t<span>\n\t\t\t<span class=\"sow-icon-ionicons\" data-sow-icon=\"&#xf3cf;\"\n\t\tstyle=\"color: #000000\" \n\t\taria-hidden=\"true\"><\/span>\n\t\t\tVolver\t\t<\/span>\n\t\t\t<\/a>\n\t<\/div>\n<\/div><\/div><\/div><\/div><\/div>","protected":false},"excerpt":{"rendered":"<p>MAR\u00cdA HEREDIA MANT\u00cdS \u201cD\u00edmelo y lo olvidar\u00e9, mu\u00e9strame y lo recordar\u00e9, invol\u00facrame y lo aprender\u00e9\u201d (proverbio atribuido a Confucio) Universidad de Granada herediamantis@ugr.es ORCID<\/p>\n","protected":false},"author":2,"featured_media":0,"parent":23,"menu_order":0,"comment_status":"closed","ping_status":"closed","template":"","meta":{"inline_featured_image":false,"footnotes":""},"class_list":["post-2252","page","type-page","status-publish","hentry","post"],"_links":{"self":[{"href":"https:\/\/institucional.us.es\/docenciaeco\/en\/wp-json\/wp\/v2\/pages\/2252","targetHints":{"allow":["GET"]}}],"collection":[{"href":"https:\/\/institucional.us.es\/docenciaeco\/en\/wp-json\/wp\/v2\/pages"}],"about":[{"href":"https:\/\/institucional.us.es\/docenciaeco\/en\/wp-json\/wp\/v2\/types\/page"}],"author":[{"embeddable":true,"href":"https:\/\/institucional.us.es\/docenciaeco\/en\/wp-json\/wp\/v2\/users\/2"}],"replies":[{"embeddable":true,"href":"https:\/\/institucional.us.es\/docenciaeco\/en\/wp-json\/wp\/v2\/comments?post=2252"}],"version-history":[{"count":8,"href":"https:\/\/institucional.us.es\/docenciaeco\/en\/wp-json\/wp\/v2\/pages\/2252\/revisions"}],"predecessor-version":[{"id":2588,"href":"https:\/\/institucional.us.es\/docenciaeco\/en\/wp-json\/wp\/v2\/pages\/2252\/revisions\/2588"}],"up":[{"embeddable":true,"href":"https:\/\/institucional.us.es\/docenciaeco\/en\/wp-json\/wp\/v2\/pages\/23"}],"wp:attachment":[{"href":"https:\/\/institucional.us.es\/docenciaeco\/en\/wp-json\/wp\/v2\/media?parent=2252"}],"curies":[{"name":"wp","href":"https:\/\/api.w.org\/{rel}","templated":true}]}}