




{"id":984,"date":"2022-11-18T17:58:37","date_gmt":"2022-11-18T17:58:37","guid":{"rendered":"https:\/\/institucional.us.es\/docenciaeco\/?page_id=984"},"modified":"2025-07-19T00:35:26","modified_gmt":"2025-07-19T00:35:26","slug":"cv-maria-del-rosario","status":"publish","type":"page","link":"https:\/\/institucional.us.es\/docenciaeco\/en\/miembros\/cv-maria-del-rosario\/","title":{"rendered":"CV-Mar\u00eda del Rosario"},"content":{"rendered":"<div id=\"pl-984\"  class=\"panel-layout\" ><div id=\"pg-984-0\"  class=\"panel-grid panel-has-style\" ><div class=\"cv-titulo siteorigin-panels-stretch panel-row-style-full-width panel-row-style panel-row-style-for-984-0\" style=\"background-color: #bfaedf; \" data-stretch-type=\"full\" ><div id=\"pgc-984-0-0\"  class=\"panel-grid-cell\" ><div id=\"panel-984-0-0-0\" class=\"so-panel widget widget_sow-image panel-first-child panel-last-child\" data-index=\"0\" ><div class=\"cv-foto panel-widget-style panel-widget-style-for-984-0-0-0\" ><div\n\t\t\t\n\t\t\tclass=\"so-widget-sow-image so-widget-sow-image-default-13f2a8b12fcc-984\"\n\t\t\t\n\t\t>\n<div class=\"sow-image-container\">\n\t\t<img \n\tsrc=\"https:\/\/institucional.us.es\/docenciaeco\/wp-content\/uploads\/2022\/12\/MRMN-recortada.jpg\" width=\"595\" height=\"595\" srcset=\"https:\/\/institucional.us.es\/docenciaeco\/wp-content\/uploads\/2022\/12\/MRMN-recortada.jpg 595w, https:\/\/institucional.us.es\/docenciaeco\/wp-content\/uploads\/2022\/12\/MRMN-recortada-300x300.jpg 300w, https:\/\/institucional.us.es\/docenciaeco\/wp-content\/uploads\/2022\/12\/MRMN-recortada-150x150.jpg 150w, https:\/\/institucional.us.es\/docenciaeco\/wp-content\/uploads\/2022\/12\/MRMN-recortada-16x16.jpg 16w, https:\/\/institucional.us.es\/docenciaeco\/wp-content\/uploads\/2022\/12\/MRMN-recortada-375x375.jpg 375w\" sizes=\"(max-width: 595px) 100vw, 595px\" alt=\"\" \t\tclass=\"so-widget-image\"\/>\n\t<\/div>\n\n<\/div><\/div><\/div><\/div><div id=\"pgc-984-0-1\"  class=\"panel-grid-cell\" ><div id=\"panel-984-0-1-0\" class=\"so-panel widget widget_sow-editor panel-first-child panel-last-child\" data-index=\"1\" ><div\n\t\t\t\n\t\t\tclass=\"so-widget-sow-editor so-widget-sow-editor-base\"\n\t\t\t\n\t\t>\n<div class=\"siteorigin-widget-tinymce textwidget\">\n\t<h1>MAR\u00cdA DEL ROSARIO<br \/>\nMART\u00cdNEZ NAVARRO<\/h1>\n<p><em>\u201cCarpe diem\u201d<\/em><\/p>\n<\/div>\n<\/div><\/div><\/div><\/div><\/div><div id=\"pg-984-1\"  class=\"panel-grid panel-no-style\" ><div id=\"pgc-984-1-0\"  class=\"panel-grid-cell\" ><div id=\"panel-984-1-0-0\" class=\"so-panel widget widget_sow-editor panel-first-child panel-last-child\" data-index=\"2\" ><div\n\t\t\t\n\t\t\tclass=\"so-widget-sow-editor so-widget-sow-editor-base\"\n\t\t\t\n\t\t>\n<div class=\"siteorigin-widget-tinymce textwidget\">\n\t<p style=\"text-align: center;\"><img loading=\"lazy\" decoding=\"async\" class=\"cv-icono wp-image-436\" src=\"https:\/\/institucional.us.es\/docenciaeco\/wp-content\/uploads\/2022\/11\/loc.svg\" alt=\"\" width=\"20\" height=\"20\"> Universidad de Sevilla<\/p>\n<\/div>\n<\/div><\/div><\/div><div id=\"pgc-984-1-1\"  class=\"panel-grid-cell\" ><div id=\"panel-984-1-1-0\" class=\"so-panel widget widget_sow-editor panel-first-child panel-last-child\" data-index=\"3\" ><div\n\t\t\t\n\t\t\tclass=\"so-widget-sow-editor so-widget-sow-editor-base\"\n\t\t\t\n\t\t>\n<div class=\"siteorigin-widget-tinymce textwidget\">\n\t<p style=\"text-align: center;\"><img loading=\"lazy\" decoding=\"async\" class=\"cv-icono wp-image-437\" src=\"https:\/\/institucional.us.es\/docenciaeco\/wp-content\/uploads\/2022\/11\/mail.svg\" alt=\"\" width=\"20\" height=\"20\"> rosariomtnez@us.es<\/p>\n<\/div>\n<\/div><\/div><\/div><div id=\"pgc-984-1-2\"  class=\"panel-grid-cell\" ><div id=\"panel-984-1-2-0\" class=\"so-panel widget widget_sow-editor panel-first-child panel-last-child\" data-index=\"4\" ><div\n\t\t\t\n\t\t\tclass=\"so-widget-sow-editor so-widget-sow-editor-base\"\n\t\t\t\n\t\t>\n<div class=\"siteorigin-widget-tinymce textwidget\">\n\t<p style=\"text-align: center;\"><img loading=\"lazy\" decoding=\"async\" class=\"cv-icono wp-image-438\" src=\"https:\/\/institucional.us.es\/docenciaeco\/wp-content\/uploads\/2022\/11\/orcid.svg\" alt=\"\" width=\"20\" height=\"20\"> <a href=\"https:\/\/orcid.org\/0000-0003-0187-2997\">ORCID<\/a><\/p>\n<\/div>\n<\/div><\/div><\/div><\/div><div id=\"pg-984-2\"  class=\"panel-grid panel-has-style\" ><div class=\"panel-row-style panel-row-style-for-984-2\" ><div id=\"pgc-984-2-0\"  class=\"panel-grid-cell\" ><div id=\"panel-984-2-0-0\" class=\"so-panel widget widget_sow-editor panel-first-child panel-last-child\" data-index=\"5\" ><div\n\t\t\t\n\t\t\tclass=\"so-widget-sow-editor so-widget-sow-editor-base\"\n\t\t\t\n\t\t>\n<div class=\"siteorigin-widget-tinymce textwidget\">\n\t<p>Llevo tres cursos consecutivos aplicando ECO en la asignatura \u201cTendencias Literarias en la Cultura Contempor\u00e1nea\u201d, de primer curso del Grado en Comunicaci\u00f3n Audiovisual de la FCom, as\u00ed como en la asignatura \u201cT\u00e9cnicas de Investigaci\u00f3n en Literatura Espa\u00f1ola\u201d, del Grado en Filolog\u00eda Hisp\u00e1nica. Pertenezco tambi\u00e9n a la Red para la Formaci\u00f3n e Innovaci\u00f3n Docente (REFID-FIDOP) como Dinamizadora y Formadora. He impartido junto a Juan Pablo Mora Guti\u00e9rrez varios talleres del ICE sobre c\u00f3mo implicar al alumnado a trav\u00e9s de nuevas herramientas tecnol\u00f3gicas. He participado como ponente en el \u201cII Congreso Internacional Nodos del Conocimiento. Innovaci\u00f3n e investigaci\u00f3n, rescate humano y transferencia de conocimientos: retos para la universidad ante el horizonte 2030\u201d; en el \u201cX Congreso Universitario sobre Contenidos, Investigaci\u00f3n, Innovaci\u00f3n y Docencia (CUICIID 2020)\u201d; y en las ediciones de las Jornadas FIDOP.<\/p>\n<\/div>\n<\/div><\/div><\/div><\/div><\/div><div id=\"pg-984-3\"  class=\"panel-grid panel-has-style\" ><div class=\"cont_publicaciones panel-row-style panel-row-style-for-984-3\" ><div id=\"pgc-984-3-0\"  class=\"panel-grid-cell\" ><div id=\"panel-984-3-0-0\" class=\"so-panel widget widget_siteorigin-panels-postloop panel-first-child\" data-index=\"6\" >\t<h2>Publicaciones<\/h2>\r\n\t\t\r\n    <div class=\"entry-content publicacion\">\r\n        <p>Mart\u00ednez Navarro, R. (2023). La metodolog\u00eda ECO en el aprendizaje y la ense\u00f1anza de la literatura espa\u00f1ola e hispanoamericana para secundaria y bachillerato desde la universidad. En\u00a0R, Porl\u00e1n Ariza &amp;\u00a0\u00c1. F. Villarejo Ramos (Coords.), <em>Ciclos de mejora en el aula. Curso 2022-23<\/em> (pp. 819-835). Editorial Universidad de Sevilla.<\/p>\n\t<\/div>\r\n    \r\n    \r\n\r\n\t\r\n\t\r\n\r\n\r\n<\/div><div id=\"panel-984-3-0-1\" class=\"so-panel widget widget_siteorigin-panels-postloop panel-last-child\" data-index=\"7\" ><\/div><\/div><\/div><\/div><div id=\"pg-984-4\"  class=\"panel-grid panel-no-style\" ><div id=\"pgc-984-4-0\"  class=\"panel-grid-cell\" ><div id=\"panel-984-4-0-0\" class=\"so-panel widget widget_sow-button panel-first-child panel-last-child\" data-index=\"8\" ><div\n\t\t\t\n\t\t\tclass=\"so-widget-sow-button so-widget-sow-button-wire-80810b17e450-2341\"\n\t\t\t\n\t\t><div class=\"ow-button-base ow-button-align-right\"\n>\n\t\t\t<a\n\t\t\t\t\thref=\"https:\/\/institucional.us.es\/docenciaeco\/en\/miembros\/\"\n\t\t\t\t\tclass=\"sowb-button ow-icon-placement-left ow-button-hover\" \t>\n\t\t<span>\n\t\t\t<span class=\"sow-icon-ionicons\" data-sow-icon=\"&#xf3cf;\"\n\t\tstyle=\"color: #000000\" \n\t\taria-hidden=\"true\"><\/span>\n\t\t\tVolver\t\t<\/span>\n\t\t\t<\/a>\n\t<\/div>\n<\/div><\/div><\/div><\/div><\/div>","protected":false},"excerpt":{"rendered":"<p>MAR\u00cdA DEL ROSARIO MART\u00cdNEZ NAVARRO \u201cCarpe diem\u201d Universidad de Sevilla rosariomtnez@us.es ORCID Llevo tres cursos consecutivos aplicando ECO en la asignatura \u201cTendencias Literarias en la Cultura Contempor\u00e1nea\u201d, de primer curso del Grado en Comunicaci\u00f3n Audiovisual de la FCom, as\u00ed como en la asignatura \u201cT\u00e9cnicas de Investigaci\u00f3n en Literatura Espa\u00f1ola\u201d, del Grado en Filolog\u00eda Hisp\u00e1nica. Pertenezco tambi\u00e9n a la Red para la Formaci\u00f3n e Innovaci\u00f3n Docente (REFID-FIDOP) como Dinamizadora y Formadora. He impartido junto a Juan Pablo Mora Guti\u00e9rrez varios talleres del ICE sobre c\u00f3mo implicar al alumnado a trav\u00e9s de nuevas herramientas tecnol\u00f3gicas. He participado como ponente en el \u201cII Congreso Internacional Nodos del Conocimiento. Innovaci\u00f3n e investigaci\u00f3n, rescate humano y transferencia de conocimientos: retos para la universidad ante el horizonte 2030\u201d; en el \u201cX Congreso Universitario sobre Contenidos, Investigaci\u00f3n, Innovaci\u00f3n y Docencia (CUICIID 2020)\u201d; y en las ediciones de las Jornadas FIDOP.<\/p>\n","protected":false},"author":2,"featured_media":0,"parent":23,"menu_order":0,"comment_status":"closed","ping_status":"closed","template":"","meta":{"inline_featured_image":false,"footnotes":""},"class_list":["post-984","page","type-page","status-publish","hentry","post"],"_links":{"self":[{"href":"https:\/\/institucional.us.es\/docenciaeco\/en\/wp-json\/wp\/v2\/pages\/984","targetHints":{"allow":["GET"]}}],"collection":[{"href":"https:\/\/institucional.us.es\/docenciaeco\/en\/wp-json\/wp\/v2\/pages"}],"about":[{"href":"https:\/\/institucional.us.es\/docenciaeco\/en\/wp-json\/wp\/v2\/types\/page"}],"author":[{"embeddable":true,"href":"https:\/\/institucional.us.es\/docenciaeco\/en\/wp-json\/wp\/v2\/users\/2"}],"replies":[{"embeddable":true,"href":"https:\/\/institucional.us.es\/docenciaeco\/en\/wp-json\/wp\/v2\/comments?post=984"}],"version-history":[{"count":13,"href":"https:\/\/institucional.us.es\/docenciaeco\/en\/wp-json\/wp\/v2\/pages\/984\/revisions"}],"predecessor-version":[{"id":2594,"href":"https:\/\/institucional.us.es\/docenciaeco\/en\/wp-json\/wp\/v2\/pages\/984\/revisions\/2594"}],"up":[{"embeddable":true,"href":"https:\/\/institucional.us.es\/docenciaeco\/en\/wp-json\/wp\/v2\/pages\/23"}],"wp:attachment":[{"href":"https:\/\/institucional.us.es\/docenciaeco\/en\/wp-json\/wp\/v2\/media?parent=984"}],"curies":[{"name":"wp","href":"https:\/\/api.w.org\/{rel}","templated":true}]}}