




{"id":1078,"date":"2022-11-18T17:58:37","date_gmt":"2022-11-18T17:58:37","guid":{"rendered":"https:\/\/institucional.us.es\/docenciaeco\/?page_id=1078"},"modified":"2025-07-19T00:26:17","modified_gmt":"2025-07-19T00:26:17","slug":"cv-cristina","status":"publish","type":"page","link":"https:\/\/institucional.us.es\/docenciaeco\/miembros\/cv-cristina\/","title":{"rendered":"CV-Cristina"},"content":{"rendered":"<div id=\"pl-1078\"  class=\"panel-layout\" ><div id=\"pg-1078-0\"  class=\"panel-grid panel-has-style\" ><div class=\"cv-titulo siteorigin-panels-stretch panel-row-style-full-width panel-row-style panel-row-style-for-1078-0\" style=\"background-color: #bfaedf; \" data-stretch-type=\"full\" ><div id=\"pgc-1078-0-0\"  class=\"panel-grid-cell\" ><div id=\"panel-1078-0-0-0\" class=\"so-panel widget widget_sow-image panel-first-child panel-last-child\" data-index=\"0\" ><div class=\"cv-foto panel-widget-style panel-widget-style-for-1078-0-0-0\" ><div\n\t\t\t\n\t\t\tclass=\"so-widget-sow-image so-widget-sow-image-default-13f2a8b12fcc-1078\"\n\t\t\t\n\t\t>\n<div class=\"sow-image-container\">\n\t\t<img \n\tsrc=\"https:\/\/institucional.us.es\/docenciaeco\/wp-content\/uploads\/2022\/12\/cristina_ines_ia.jpg\" width=\"300\" height=\"300\" srcset=\"https:\/\/institucional.us.es\/docenciaeco\/wp-content\/uploads\/2022\/12\/cristina_ines_ia.jpg 300w, https:\/\/institucional.us.es\/docenciaeco\/wp-content\/uploads\/2022\/12\/cristina_ines_ia-150x150.jpg 150w, https:\/\/institucional.us.es\/docenciaeco\/wp-content\/uploads\/2022\/12\/cristina_ines_ia-16x16.jpg 16w\" sizes=\"(max-width: 300px) 100vw, 300px\" alt=\"\" \t\tclass=\"so-widget-image\"\/>\n\t<\/div>\n\n<\/div><\/div><\/div><\/div><div id=\"pgc-1078-0-1\"  class=\"panel-grid-cell\" ><div id=\"panel-1078-0-1-0\" class=\"so-panel widget widget_sow-editor panel-first-child panel-last-child\" data-index=\"1\" ><div\n\t\t\t\n\t\t\tclass=\"so-widget-sow-editor so-widget-sow-editor-base\"\n\t\t\t\n\t\t>\n<div class=\"siteorigin-widget-tinymce textwidget\">\n\t<h1>CRISTINA IN\u00c9S<br \/>\nHERAS<\/h1>\n<p><em>\u201c\u201d<\/em><\/p>\n<\/div>\n<\/div><\/div><\/div><\/div><\/div><div id=\"pg-1078-1\"  class=\"panel-grid panel-no-style\" ><div id=\"pgc-1078-1-0\"  class=\"panel-grid-cell\" ><div id=\"panel-1078-1-0-0\" class=\"so-panel widget widget_sow-editor panel-first-child panel-last-child\" data-index=\"2\" ><div\n\t\t\t\n\t\t\tclass=\"so-widget-sow-editor so-widget-sow-editor-base\"\n\t\t\t\n\t\t>\n<div class=\"siteorigin-widget-tinymce textwidget\">\n\t<p style=\"text-align: center;\"><img loading=\"lazy\" decoding=\"async\" class=\"cv-icono wp-image-436\" src=\"https:\/\/institucional.us.es\/docenciaeco\/wp-content\/uploads\/2022\/11\/loc.svg\" alt=\"\" width=\"20\" height=\"20\"> Universidad de la Plata, Argentina<\/p>\n<\/div>\n<\/div><\/div><\/div><div id=\"pgc-1078-1-1\"  class=\"panel-grid-cell\" ><div id=\"panel-1078-1-1-0\" class=\"so-panel widget widget_sow-editor panel-first-child panel-last-child\" data-index=\"3\" ><div\n\t\t\t\n\t\t\tclass=\"so-widget-sow-editor so-widget-sow-editor-base\"\n\t\t\t\n\t\t>\n<div class=\"siteorigin-widget-tinymce textwidget\">\n\t<p style=\"text-align: center;\"><img loading=\"lazy\" decoding=\"async\" class=\"cv-icono wp-image-437\" src=\"https:\/\/institucional.us.es\/docenciaeco\/wp-content\/uploads\/2022\/11\/mail.svg\" alt=\"\" width=\"20\" height=\"20\"> cristinasheras6@gmail.com<\/p>\n<\/div>\n<\/div><\/div><\/div><div id=\"pgc-1078-1-2\"  class=\"panel-grid-cell\" ><div id=\"panel-1078-1-2-0\" class=\"so-panel widget widget_sow-editor panel-first-child panel-last-child\" data-index=\"4\" ><div\n\t\t\t\n\t\t\tclass=\"so-widget-sow-editor so-widget-sow-editor-base\"\n\t\t\t\n\t\t>\n<div class=\"siteorigin-widget-tinymce textwidget\">\n\t<p style=\"text-align: center;\"><img loading=\"lazy\" decoding=\"async\" class=\"cv-icono wp-image-438\" src=\"https:\/\/institucional.us.es\/docenciaeco\/wp-content\/uploads\/2022\/11\/orcid.svg\" alt=\"\" width=\"20\" height=\"20\"> <a href=\"https:\/\/orcid.org\/0000-0002-9029-852X\">ORCID<\/a><\/p>\n<\/div>\n<\/div><\/div><\/div><\/div><div id=\"pg-1078-2\"  class=\"panel-grid panel-has-style\" ><div class=\"panel-row-style panel-row-style-for-1078-2\" ><div id=\"pgc-1078-2-0\"  class=\"panel-grid-cell\" ><div id=\"panel-1078-2-0-0\" class=\"so-panel widget widget_sow-editor panel-first-child panel-last-child\" data-index=\"5\" ><div\n\t\t\t\n\t\t\tclass=\"so-widget-sow-editor so-widget-sow-editor-base\"\n\t\t\t\n\t\t>\n<div class=\"siteorigin-widget-tinymce textwidget\">\n\t<p>Profesora en Lengua y Literatura Inglesas y Mag\u00edster en Ling\u00fc\u00edstica de la Universidad Nacional de La Plata. Argentina. Cantora de jazz y otros g\u00e9neros latinoamericanos y de la Argentina. Trabajo en la Universidad Nacional de La Plata y Universidad Nacional de Luj\u00e1n en el \u00e1rea de Lectocomprensi\u00f3n en Ingl\u00e9s Lengua Extrajera y coordino del \u00e1rea de Espa\u00f1ol como Lengua Segunda y Extranjera (ELSE) de la Facultad de Humanidades y Ciencias de la Educaci\u00f3n. He impartido cursos, talleres y conferencias sobre temas como an\u00e1lisis cr\u00edtico del discurso,&nbsp; y did\u00e1ctica de la lectocomprensi\u00f3n en LLEE, la comunicaci\u00f3n multimodal y los g\u00e9neros discursivos como ordenadores de la comunicaci\u00f3n. Soy evaluadora del CELU Certificado de Espa\u00f1ol Lengua y Uso de la Argentina y el CertEA , certificado de espa\u00f1ol acad\u00e9mico. Soy investigadora en dos proyectos en torno a temas de interculturalidad, multimodalidad, g\u00e9neros discursivos y an\u00e1lisis del discurso aplicados a la did\u00e1ctica y evaluaci\u00f3n de LLEE. Imparto cursos de lectura acad\u00e9mica en ingl\u00e9s LE para estudiantes de posgrado en Humanidades y Ciencias Sociales. Formo parte del equipo de dise\u00f1o y evaluaci\u00f3n del certificado de dominio de espa\u00f1ol con fines acad\u00e9micos (CertEA) de la Facultad de Humanidades UNLP.&nbsp; Promotora de ECO en Argentina desde el 2018. Organizaci\u00f3n de actividades ECO&nbsp; para docentes en la Universidad Nacional de La Plata ; Facultad de Humanidades y Bachillerato de Bellas Artes y en la Universidad de Luj\u00e1n.<\/p>\n<\/div>\n<\/div><\/div><\/div><\/div><\/div><div id=\"pg-1078-3\"  class=\"panel-grid panel-has-style\" ><div class=\"cont_publicaciones panel-row-style panel-row-style-for-1078-3\" ><div id=\"pgc-1078-3-0\"  class=\"panel-grid-cell\" ><div id=\"panel-1078-3-0-0\" class=\"so-panel widget widget_siteorigin-panels-postloop panel-first-child\" data-index=\"6\" ><\/div><div id=\"panel-1078-3-0-1\" class=\"so-panel widget widget_siteorigin-panels-postloop panel-last-child\" data-index=\"7\" >\r\n\t<h2>Congresos<\/h2>\r\n\t\t\r\n    <div class=\"entry-content publicacion\">\r\n        <p>Adriani, H\u00e9ctor Luis; Heras, Cristina In\u00e9s. (2011). La oferta de ELSE y su relaci\u00f3n con el turismo idiom\u00e1tico en La Argentina: Aproximaci\u00f3n al estado de la cuesti\u00f3n en las universidades nacionales. III Jornadas de Espa\u00f1ol como Lengua Segunda y Extranjera, 21 al 22 de noviembre de 2011, La Plata, Argentina. Experiencias, desarrollos, propuestas.<\/p>\n\t<\/div>\r\n    \r\n    \r\n\r\n\t\r\n    <div class=\"entry-content publicacion\">\r\n        <p>Heras, Cristina In\u00e9s. (2014). El concepto de competencia comunicativa\/ socio cultural en el proceso de adquisici\u00f3n de lenguas extranjeras. V Jornadas de Espa\u00f1ol como Lengua Segunda y Extranjera, 25 y 26 de septiembre de 2014, Ensenada, Argentina. Experiencias, Desarrollos, Propuestas. EN: [Actas]. Ensenada : Universidad Nacional de La Plata. Facultad de Humanidades y Ciencias de la Educaci\u00f3n. Especializaci\u00f3n en la Ense\u00f1anza del Espa\u00f1ol como Lengua Extranjera.<\/p>\n\t<\/div>\r\n    \r\n    \r\n\r\n\t\r\n    <div class=\"entry-content publicacion\">\r\n        <p>Heras, Cristina In\u00e9s. (2016). La dimensi\u00f3n ling\u00fc\u00edstica dentro de contextos de migraciones internacionales. VI Jornadas de Espa\u00f1ol como Lengua Segunda y Extranjera, 21 y 22 de octubre de 2016, Ensenada, Argentina. Reflexiones sobre el examen CELU (Certificado de Espa\u00f1ol Lengua y Uso). EN: Actas. Ensenada : Universidad Nacional de La Plata. Facultad de Humanidades y Ciencias de la Educaci\u00f3n. Especializaci\u00f3n en la Ense\u00f1anza del Espa\u00f1ol como Lengua Extranjera.<\/p>\n\t<\/div>\r\n    \r\n    \r\n\r\n\t\r\n\t\r\n\r\n\r\n<\/div><\/div><\/div><\/div><div id=\"pg-1078-4\"  class=\"panel-grid panel-no-style\" ><div id=\"pgc-1078-4-0\"  class=\"panel-grid-cell\" ><div id=\"panel-1078-4-0-0\" class=\"so-panel widget widget_sow-button panel-first-child panel-last-child\" data-index=\"8\" ><div\n\t\t\t\n\t\t\tclass=\"so-widget-sow-button so-widget-sow-button-wire-80810b17e450-1109\"\n\t\t\t\n\t\t><div class=\"ow-button-base ow-button-align-right\"\n>\n\t\t\t<a\n\t\t\t\t\thref=\"https:\/\/institucional.us.es\/docenciaeco\/miembros\/\"\n\t\t\t\t\tclass=\"sowb-button ow-icon-placement-left ow-button-hover\" \t>\n\t\t<span>\n\t\t\t<span class=\"sow-icon-ionicons\" data-sow-icon=\"&#xf3cf;\"\n\t\tstyle=\"color: #000000\" \n\t\taria-hidden=\"true\"><\/span>\n\t\t\tVolver\t\t<\/span>\n\t\t\t<\/a>\n\t<\/div>\n<\/div><\/div><\/div><\/div><\/div>","protected":false},"excerpt":{"rendered":"<p>CRISTINA IN\u00c9S HERAS \u201c\u201d Universidad de la Plata, Argentina cristinasheras6@gmail.com ORCID Profesora en Lengua y Literatura Inglesas y Mag\u00edster en Ling\u00fc\u00edstica de la Universidad Nacional de La Plata. Argentina. Cantora de jazz y otros g\u00e9neros latinoamericanos y de la Argentina. Trabajo en la Universidad Nacional de La Plata y Universidad Nacional de Luj\u00e1n en el \u00e1rea de Lectocomprensi\u00f3n en Ingl\u00e9s Lengua Extrajera y coordino del \u00e1rea de Espa\u00f1ol como Lengua Segunda y Extranjera (ELSE) de la Facultad de Humanidades y Ciencias de la Educaci\u00f3n. He impartido cursos, talleres y conferencias sobre temas como an\u00e1lisis cr\u00edtico del discurso,&nbsp; y did\u00e1ctica de la lectocomprensi\u00f3n en LLEE, la comunicaci\u00f3n multimodal y los g\u00e9neros discursivos como ordenadores de la comunicaci\u00f3n. Soy evaluadora del CELU Certificado de Espa\u00f1ol Lengua y Uso de la Argentina y el CertEA , certificado de espa\u00f1ol acad\u00e9mico. Soy investigadora en dos proyectos en torno a temas de interculturalidad, multimodalidad, g\u00e9neros discursivos y an\u00e1lisis del discurso aplicados a la did\u00e1ctica y evaluaci\u00f3n de LLEE. Imparto cursos de lectura acad\u00e9mica en ingl\u00e9s LE para estudiantes de posgrado en Humanidades y Ciencias Sociales. Formo parte del equipo de dise\u00f1o y evaluaci\u00f3n del certificado de dominio de espa\u00f1ol con fines acad\u00e9micos (CertEA) de la Facultad de Humanidades UNLP.&nbsp; Promotora de ECO en Argentina desde el 2018. Organizaci\u00f3n de actividades ECO&nbsp; para docentes en la Universidad Nacional de La Plata ; Facultad de Humanidades y Bachillerato de Bellas Artes y en la Universidad de Luj\u00e1n.<\/p>\n","protected":false},"author":2,"featured_media":0,"parent":23,"menu_order":0,"comment_status":"closed","ping_status":"closed","template":"","meta":{"inline_featured_image":false,"footnotes":""},"class_list":["post-1078","page","type-page","status-publish","hentry","post"],"_links":{"self":[{"href":"https:\/\/institucional.us.es\/docenciaeco\/wp-json\/wp\/v2\/pages\/1078","targetHints":{"allow":["GET"]}}],"collection":[{"href":"https:\/\/institucional.us.es\/docenciaeco\/wp-json\/wp\/v2\/pages"}],"about":[{"href":"https:\/\/institucional.us.es\/docenciaeco\/wp-json\/wp\/v2\/types\/page"}],"author":[{"embeddable":true,"href":"https:\/\/institucional.us.es\/docenciaeco\/wp-json\/wp\/v2\/users\/2"}],"replies":[{"embeddable":true,"href":"https:\/\/institucional.us.es\/docenciaeco\/wp-json\/wp\/v2\/comments?post=1078"}],"version-history":[{"count":11,"href":"https:\/\/institucional.us.es\/docenciaeco\/wp-json\/wp\/v2\/pages\/1078\/revisions"}],"predecessor-version":[{"id":2587,"href":"https:\/\/institucional.us.es\/docenciaeco\/wp-json\/wp\/v2\/pages\/1078\/revisions\/2587"}],"up":[{"embeddable":true,"href":"https:\/\/institucional.us.es\/docenciaeco\/wp-json\/wp\/v2\/pages\/23"}],"wp:attachment":[{"href":"https:\/\/institucional.us.es\/docenciaeco\/wp-json\/wp\/v2\/media?parent=1078"}],"curies":[{"name":"wp","href":"https:\/\/api.w.org\/{rel}","templated":true}]}}