




{"id":1205,"date":"2022-11-18T17:58:37","date_gmt":"2022-11-18T17:58:37","guid":{"rendered":"https:\/\/institucional.us.es\/docenciaeco\/?page_id=1205"},"modified":"2025-07-18T23:59:51","modified_gmt":"2025-07-18T23:59:51","slug":"cv-juan-jose","status":"publish","type":"page","link":"https:\/\/institucional.us.es\/docenciaeco\/miembros\/cv-juan-jose\/","title":{"rendered":"CV-Juan Jos\u00e9"},"content":{"rendered":"<div id=\"pl-1205\"  class=\"panel-layout\" ><div id=\"pg-1205-0\"  class=\"panel-grid panel-has-style\" ><div class=\"cv-titulo siteorigin-panels-stretch panel-row-style-full-width panel-row-style panel-row-style-for-1205-0\" style=\"background-color: #bfaedf; \" data-stretch-type=\"full\" ><div id=\"pgc-1205-0-0\"  class=\"panel-grid-cell\" ><div id=\"panel-1205-0-0-0\" class=\"so-panel widget widget_sow-image panel-first-child panel-last-child\" data-index=\"0\" ><div class=\"cv-foto panel-widget-style panel-widget-style-for-1205-0-0-0\" ><div\n\t\t\t\n\t\t\tclass=\"so-widget-sow-image so-widget-sow-image-default-13f2a8b12fcc-1205\"\n\t\t\t\n\t\t>\n<div class=\"sow-image-container\">\n\t\t<img \n\tsrc=\"https:\/\/institucional.us.es\/docenciaeco\/wp-content\/uploads\/2022\/12\/foto.juanj_.jpg\" width=\"280\" height=\"280\" srcset=\"https:\/\/institucional.us.es\/docenciaeco\/wp-content\/uploads\/2022\/12\/foto.juanj_.jpg 280w, https:\/\/institucional.us.es\/docenciaeco\/wp-content\/uploads\/2022\/12\/foto.juanj_-150x150.jpg 150w, https:\/\/institucional.us.es\/docenciaeco\/wp-content\/uploads\/2022\/12\/foto.juanj_-16x16.jpg 16w\" sizes=\"(max-width: 280px) 100vw, 280px\" title=\"foto.juanj\" alt=\"\" \t\tclass=\"so-widget-image\"\/>\n\t<\/div>\n\n<\/div><\/div><\/div><\/div><div id=\"pgc-1205-0-1\"  class=\"panel-grid-cell\" ><div id=\"panel-1205-0-1-0\" class=\"so-panel widget widget_sow-editor panel-first-child panel-last-child\" data-index=\"1\" ><div\n\t\t\t\n\t\t\tclass=\"so-widget-sow-editor so-widget-sow-editor-base\"\n\t\t\t\n\t\t>\n<div class=\"siteorigin-widget-tinymce textwidget\">\n\t<h1>JUAN JES\u00daS<br \/>\nTORRES GORDILLO<\/h1>\n<p><em>\u201c\u201d<\/em><\/p>\n<\/div>\n<\/div><\/div><\/div><\/div><\/div><div id=\"pg-1205-1\"  class=\"panel-grid panel-no-style\" ><div id=\"pgc-1205-1-0\"  class=\"panel-grid-cell\" ><div id=\"panel-1205-1-0-0\" class=\"so-panel widget widget_sow-editor panel-first-child panel-last-child\" data-index=\"2\" ><div\n\t\t\t\n\t\t\tclass=\"so-widget-sow-editor so-widget-sow-editor-base\"\n\t\t\t\n\t\t>\n<div class=\"siteorigin-widget-tinymce textwidget\">\n\t<p style=\"text-align: center;\"><img loading=\"lazy\" decoding=\"async\" class=\"cv-icono wp-image-436\" src=\"https:\/\/institucional.us.es\/docenciaeco\/wp-content\/uploads\/2022\/11\/loc.svg\" alt=\"\" width=\"20\" height=\"20\"> Universidad de Sevilla<\/p>\n<\/div>\n<\/div><\/div><\/div><div id=\"pgc-1205-1-1\"  class=\"panel-grid-cell\" ><div id=\"panel-1205-1-1-0\" class=\"so-panel widget widget_sow-editor panel-first-child panel-last-child\" data-index=\"3\" ><div\n\t\t\t\n\t\t\tclass=\"so-widget-sow-editor so-widget-sow-editor-base\"\n\t\t\t\n\t\t>\n<div class=\"siteorigin-widget-tinymce textwidget\">\n\t<p style=\"text-align: center;\"><img loading=\"lazy\" decoding=\"async\" class=\"cv-icono alignnone wp-image-437\" src=\"https:\/\/institucional.us.es\/docenciaeco\/wp-content\/uploads\/2022\/11\/mail.svg\" alt=\"\" width=\"20\" height=\"20\"> juanj@us.es<\/p>\n<\/div>\n<\/div><\/div><\/div><div id=\"pgc-1205-1-2\"  class=\"panel-grid-cell\" ><div id=\"panel-1205-1-2-0\" class=\"so-panel widget widget_sow-editor panel-first-child panel-last-child\" data-index=\"4\" ><div\n\t\t\t\n\t\t\tclass=\"so-widget-sow-editor so-widget-sow-editor-base\"\n\t\t\t\n\t\t>\n<div class=\"siteorigin-widget-tinymce textwidget\">\n\t<p style=\"text-align: center;\"><img loading=\"lazy\" decoding=\"async\" class=\"cv-icono alignnone wp-image-438\" src=\"https:\/\/institucional.us.es\/docenciaeco\/wp-content\/uploads\/2022\/11\/orcid.svg\" alt=\"\" width=\"20\" height=\"20\"> <a href=\"https:\/\/orcid.org\/0000-0002-2668-2164\">ORCID<\/a><\/p>\n<\/div>\n<\/div><\/div><\/div><\/div><div id=\"pg-1205-2\"  class=\"panel-grid panel-has-style\" ><div class=\"panel-row-style panel-row-style-for-1205-2\" ><div id=\"pgc-1205-2-0\"  class=\"panel-grid-cell\" ><div id=\"panel-1205-2-0-0\" class=\"so-panel widget widget_sow-editor panel-first-child panel-last-child\" data-index=\"5\" ><div\n\t\t\t\n\t\t\tclass=\"so-widget-sow-editor so-widget-sow-editor-base\"\n\t\t\t\n\t\t>\n<div class=\"siteorigin-widget-tinymce textwidget\">\n\t<p>Profesor Titular de Universidad y director del Dpto. M\u00e9todos de Investigaci\u00f3n y Diagn\u00f3stico en Educaci\u00f3n en la Facultad de Ciencias de la Educaci\u00f3n de la Universidad de Sevilla. Sus temas de inter\u00e9s docente e investigador se centran en la innovaci\u00f3n educativa, metodolog\u00edas did\u00e1cticas, e-Learning, evaluaci\u00f3n orientada al aprendizaje y orientaci\u00f3n profesional. Ha sido Investigador Principal de un proyecto I+D del Ministerio de Econom\u00eda, Industria y Competitividad (2018-2022) sobre eficacia escolar. Tambi\u00e9n ha coordinado el proyecto de innovaci\u00f3n sobre ECO (adaptaci\u00f3n personal de Design Thinking), desarrollado durante varios cursos acad\u00e9micos.<\/p>\n<\/div>\n<\/div><\/div><\/div><\/div><\/div><div id=\"pg-1205-3\"  class=\"panel-grid panel-has-style\" ><div class=\"cont_publicaciones panel-row-style panel-row-style-for-1205-3\" ><div id=\"pgc-1205-3-0\"  class=\"panel-grid-cell\" ><div id=\"panel-1205-3-0-0\" class=\"so-panel widget widget_siteorigin-panels-postloop panel-first-child\" data-index=\"6\" >\t<h2>Publicaciones<\/h2>\r\n\t\t\r\n    <div class=\"entry-content publicacion\">\r\n        <p>Torres-Gordillo, J. J., Melero-Aguilar, N. y Garc\u00eda-Jim\u00e9nez, J. (2020). Improving the university teaching-learning process with ECO methodology: Teachers\u2019 perceptions. PloS One, 15(8), 1-14. e0237712. doi:10.1371\/journal.pone.0237712.<\/p>\n\t<\/div>\r\n    \r\n    \r\n\r\n\t\r\n    <div class=\"entry-content publicacion\">\r\n        <p>Torres Gordillo, J. J. y Herrero V\u00e1zquez, E. A. (2020). Innovaci\u00f3n metodol\u00f3gica transdisciplinar en la universidad con el m\u00e9todo ECO. En M. Reyes-Tejedor, D. Cobos Sanchiz y E. L\u00f3pez Meneses (Coords.), Innovaci\u00f3n pedag\u00f3gica universitaria: reflexiones y estrategias, Octaedro, pp. 155-173.<\/p>\n\t<\/div>\r\n    \r\n    \r\n\r\n\t\r\n    <div class=\"entry-content publicacion\">\r\n        <p>Torres Gordillo, J. J., Garc\u00eda Jim\u00e9nez, J., Herrero V\u00e1zquez, E.-A. (2020). Contributions of technology to cooperative work for university innovation with Design Thinking. Pixel-Bit. Revista de Medios y Educaci\u00f3n, 59, pp. 27-64. doi:10.12795\/pixelbit.74554. <\/p>\n\t<\/div>\r\n    \r\n    \r\n\r\n\t\r\n    <div class=\"entry-content publicacion\">\r\n        <p>Melero Aguilar, N., Torres Gordillo, J. J. y Garc\u00eda Jim\u00e9nez, J. (2020). Retos del profesorado universitario en el proceso de ense\u00f1anza-aprendizaje: aportaciones del m\u00e9todo ECO (Explorar, Crear y Ofrecer). Formaci\u00f3n Universitaria, 13(3), pp. 157-168. doi:10.4067\/S0718-50062020000300157.<\/p>\n\t<\/div>\r\n    \r\n    \r\n\r\n\t\r\n    <div class=\"entry-content publicacion\">\r\n        <p>Herrero V\u00e1zquez, E.-A. y Torres Gordillo, J. J. (2020). ECO en la Educaci\u00f3n Superior: un aprendizaje resonante. En M. Reyes-Tejedor, D. Cobos-Sanchiz y E. L\u00f3pez-Meneses(Coords.), Innovaci\u00f3n pedag\u00f3gica universitaria: reflexiones y estrategias Octaedro, pp. 133-153.<\/p>\n\t<\/div>\r\n    \r\n    \r\n\r\n\t\r\n    <div class=\"entry-content publicacion\">\r\n        <p>Lucas-Oliva, I., Garc\u00eda-Jim\u00e9nez, J. y Torres Gordillo, J. J. (2021). Teaching competencies of pre-service spanish language teachers through the ECO method. International Journal of Innovation, Creativity &#038; Change, 15(7), 516-535. https:\/\/www.ijicc.net\/images\/Vol_15\/Iss_7\/15746_In%C3%A9s_2021_E_R.pdf. <\/p>\n\t<\/div>\r\n    \r\n    \r\n\r\n\t\r\n    <div class=\"entry-content publicacion\">\r\n        <p>Lucas-Oliva, I., Garc\u00eda-Jim\u00e9nez, J., &#038; Torres-Gordillo, J.-J. (2022). El m\u00e9todo ECO y los nuevos entornos de aprendizaje: valoraci\u00f3n de herramientas y estrategias metodol\u00f3gicas para la ense\u00f1anza de la Lengua Espa\u00f1ola. Revista Conrado, 18(87), pp.322-330<\/p>\n\t<\/div>\r\n    \r\n    \r\n\r\n\t\r\n    <div class=\"entry-content publicacion\">\r\n        <p>Lucas-Oliva, I., Garc\u00eda-Jim\u00e9nez, J., Torres-Gordillo, J-J., &#038; Rodr\u00edguez-Santero, J. (2022). Equity and Parity in Primary Education: A Study on Performance in Language and Mathematics Using Hierarchical Linear Models. Sustainability, 14(19), 1\u201317.<\/p>\n\t<\/div>\r\n    \r\n    \r\n\r\n\t\r\n    <div class=\"entry-content publicacion\">\r\n        <p>Garc\u00eda-Jim\u00e9nez, J., Lucas-Oliva, I., Torres-Gordillo, J-J., &#038; Rodr\u00edguez-Santero, J. (2022). Equidad y paridad en centros educativos andaluces: un an\u00e1lisis a trav\u00e9s de la competencia ling\u00fc\u00edstica de las pruebas ESCALA. In I. Aznar D\u00edaz, C. Rodr\u00edguez Jim\u00e9nez, M. Ramos Navas-Parejo, &#038; G. G\u00f3mez Garc\u00eda (Eds.), Desaf\u00edos de la investigaci\u00f3n y la innovaci\u00f3n educativa ante la sociedad inclusiva (pp. 371\u2013380). Dykinson.<\/p>\n\t<\/div>\r\n    \r\n    \r\n\r\n\t\r\n    <div class=\"entry-content publicacion\">\r\n        <p>Torres-Gordillo, J.-J., Lucas-Oliva, I., &amp; Garc\u00eda-Jim\u00e9nez, J. (2023). Innovaci\u00f3n docente con el m\u00e9todo ECO desde lo emocional en el marco de los ODS. En J. Cabero-Almenara, C. Llorente-Cejudo, A. Palacios-Rodr\u00edguez &amp; M. Serrano-Hidalgo (Eds.), <em>Mejorando la ense\u00f1anza a trav\u00e9s de la innovaci\u00f3n educativa<\/em> (pp. 925-935). Dykinson.<\/p>\n\t<\/div>\r\n    \r\n    \r\n\r\n\t\r\n\t\t<nav id=\"nav-below\" class=\"site-navigation paging-navigation\">\r\n\t\t<h2 class=\"assistive-text\">Post navigation<\/h2>\r\n\r\n\t\r\n\t\t<div class='pagination'><span aria-current=\"page\" class=\"page-numbers current\">1<\/span>\n<a class=\"page-numbers\" href=\"https:\/\/institucional.us.es\/docenciaeco\/wp-json\/wp\/v2\/pages\/1205\/page\/2\/\">2<\/a>\n<a class=\"next page-numbers\" href=\"https:\/\/institucional.us.es\/docenciaeco\/wp-json\/wp\/v2\/pages\/1205\/page\/2\/\">Siguiente &raquo;<\/a><\/div>\n\r\n\t\r\n\t<\/nav><!-- #nav-below -->\r\n\t\r\n\r\n\r\n<\/div><div id=\"panel-1205-3-0-1\" class=\"so-panel widget widget_siteorigin-panels-postloop panel-last-child\" data-index=\"7\" >\r\n\t<h2>Congresos<\/h2>\r\n\t\t\r\n    <div class=\"entry-content publicacion\">\r\n        <p>Repede, D., Torres-Gordillo, J.-J., Garc\u00eda-Jim\u00e9nez, J., &amp; Herrero-V\u00e1zquez, E.-A. (2024). Construyendo procesos de innovaci\u00f3n educativa con el m\u00e9todo ECO. Comunicaci\u00f3n en el\u00a0<em>III Congreso de Innovaci\u00f3n Educativa de la Universidad de Sevilla<\/em>\u00a0(INNOVARUS \u201924). Universidad de Sevilla, 22 de octubre de 2024.<\/p>\n\t<\/div>\r\n    \r\n    \r\n\r\n\t\r\n\t\r\n\r\n\r\n<\/div><\/div><\/div><\/div><div id=\"pg-1205-4\"  class=\"panel-grid panel-no-style\" ><div id=\"pgc-1205-4-0\"  class=\"panel-grid-cell\" ><div id=\"panel-1205-4-0-0\" class=\"so-panel widget widget_sow-button panel-first-child panel-last-child\" data-index=\"8\" ><div\n\t\t\t\n\t\t\tclass=\"so-widget-sow-button so-widget-sow-button-wire-80810b17e450-2702\"\n\t\t\t\n\t\t><div class=\"ow-button-base ow-button-align-right\"\n>\n\t\t\t<a\n\t\t\t\t\thref=\"https:\/\/institucional.us.es\/docenciaeco\/miembros\/\"\n\t\t\t\t\tclass=\"sowb-button ow-icon-placement-left ow-button-hover\" \t>\n\t\t<span>\n\t\t\t<span class=\"sow-icon-ionicons\" data-sow-icon=\"&#xf3cf;\"\n\t\tstyle=\"color: #000000\" \n\t\taria-hidden=\"true\"><\/span>\n\t\t\tVolver\t\t<\/span>\n\t\t\t<\/a>\n\t<\/div>\n<\/div><\/div><\/div><\/div><\/div>","protected":false},"excerpt":{"rendered":"<p>JUAN JES\u00daS TORRES GORDILLO \u201c\u201d Universidad de Sevilla juanj@us.es ORCID Profesor Titular de Universidad y director del Dpto. M\u00e9todos de Investigaci\u00f3n y Diagn\u00f3stico en Educaci\u00f3n en la Facultad de Ciencias de la Educaci\u00f3n de la Universidad de Sevilla. Sus temas de inter\u00e9s docente e investigador se centran en la innovaci\u00f3n educativa, metodolog\u00edas did\u00e1cticas, e-Learning, evaluaci\u00f3n orientada al aprendizaje y orientaci\u00f3n profesional. Ha sido Investigador Principal de un proyecto I+D del Ministerio de Econom\u00eda, Industria y Competitividad (2018-2022) sobre eficacia escolar. Tambi\u00e9n ha coordinado el proyecto de innovaci\u00f3n sobre ECO (adaptaci\u00f3n personal de Design Thinking), desarrollado durante varios cursos acad\u00e9micos.<\/p>\n","protected":false},"author":2,"featured_media":0,"parent":23,"menu_order":0,"comment_status":"closed","ping_status":"closed","template":"","meta":{"inline_featured_image":false,"footnotes":""},"class_list":["post-1205","page","type-page","status-publish","hentry","post"],"_links":{"self":[{"href":"https:\/\/institucional.us.es\/docenciaeco\/wp-json\/wp\/v2\/pages\/1205","targetHints":{"allow":["GET"]}}],"collection":[{"href":"https:\/\/institucional.us.es\/docenciaeco\/wp-json\/wp\/v2\/pages"}],"about":[{"href":"https:\/\/institucional.us.es\/docenciaeco\/wp-json\/wp\/v2\/types\/page"}],"author":[{"embeddable":true,"href":"https:\/\/institucional.us.es\/docenciaeco\/wp-json\/wp\/v2\/users\/2"}],"replies":[{"embeddable":true,"href":"https:\/\/institucional.us.es\/docenciaeco\/wp-json\/wp\/v2\/comments?post=1205"}],"version-history":[{"count":13,"href":"https:\/\/institucional.us.es\/docenciaeco\/wp-json\/wp\/v2\/pages\/1205\/revisions"}],"predecessor-version":[{"id":2568,"href":"https:\/\/institucional.us.es\/docenciaeco\/wp-json\/wp\/v2\/pages\/1205\/revisions\/2568"}],"up":[{"embeddable":true,"href":"https:\/\/institucional.us.es\/docenciaeco\/wp-json\/wp\/v2\/pages\/23"}],"wp:attachment":[{"href":"https:\/\/institucional.us.es\/docenciaeco\/wp-json\/wp\/v2\/media?parent=1205"}],"curies":[{"name":"wp","href":"https:\/\/api.w.org\/{rel}","templated":true}]}}