




{"id":1305,"date":"2022-11-17T23:08:33","date_gmt":"2022-11-17T23:08:33","guid":{"rendered":"https:\/\/institucional.us.es\/docenciaeco\/?page_id=1305"},"modified":"2025-07-27T10:46:40","modified_gmt":"2025-07-27T10:46:40","slug":"inicio","status":"publish","type":"page","link":"https:\/\/institucional.us.es\/docenciaeco","title":{"rendered":"Portada"},"content":{"rendered":"<div id=\"pl-1305\"  class=\"panel-layout\" ><div id=\"pg-1305-0\"  class=\"panel-grid panel-has-style\" ><div class=\"siteorigin-panels-stretch panel-row-style-full-width panel-row-style panel-row-style-for-1305-0\" data-stretch-type=\"full-width-stretch\" ><div id=\"pgc-1305-0-0\"  class=\"panel-grid-cell\" ><div id=\"panel-1305-0-0-0\" class=\"so-panel widget widget_sow-editor panel-first-child panel-last-child\" data-index=\"0\" ><div class=\"panel-widget-style panel-widget-style-for-1305-0-0-0\" ><div\n\t\t\t\n\t\t\tclass=\"so-widget-sow-editor so-widget-sow-editor-base\"\n\t\t\t\n\t\t>\n<div class=\"siteorigin-widget-tinymce textwidget\">\n\t<h4 style=\"text-align: center;\"><span style=\"color: #ffffff;\"><b>Docencia Emocional con ECO en el Marco de los ODS<br \/>\n<\/b><b>(Objetivos para el Desarrollo Sostenible)<\/b><\/span><\/h4>\n<\/div>\n<\/div><\/div><\/div><\/div><\/div><\/div><div id=\"pg-1305-1\"  class=\"panel-grid panel-no-style\" ><div id=\"pgc-1305-1-0\"  class=\"panel-grid-cell\" ><div id=\"panel-1305-1-0-0\" class=\"so-panel widget widget_sow-editor panel-first-child panel-last-child\" data-index=\"1\" ><div\n\t\t\t\n\t\t\tclass=\"so-widget-sow-editor so-widget-sow-editor-base\"\n\t\t\t\n\t\t>\n<div class=\"siteorigin-widget-tinymce textwidget\">\n\t<h4 style=\"text-align: center;\"><strong>Retos con ECO<\/strong><\/h4>\n<\/div>\n<\/div><\/div><\/div><\/div><div id=\"pg-1305-2\"  class=\"panel-grid panel-no-style\" ><div id=\"pgc-1305-2-0\"  class=\"panel-grid-cell\" ><div id=\"panel-1305-2-0-0\" class=\"so-panel widget widget_sow-editor panel-first-child panel-last-child\" data-index=\"2\" ><div class=\"panel-widget-style panel-widget-style-for-1305-2-0-0\" ><div\n\t\t\t\n\t\t\tclass=\"so-widget-sow-editor so-widget-sow-editor-base\"\n\t\t\t\n\t\t>\n<div class=\"siteorigin-widget-tinymce textwidget\">\n\t<p>Los entornos de aprendizaje, ahora en boga con la implementaci\u00f3n de la LOMLOE en la ense\u00f1anza preuniversitaria, son espacios reales donde habitual e informalmente siempre se han desarrollado los aprendizajes reales. El modo natural de aprender, alejado de toda instrucci\u00f3n, es intuitivo y aut\u00f3nomo. Luego nos actualizamos intelectual, afectiva y f\u00edsicamente a trav\u00e9s de la experimentaci\u00f3n, en primera persona, en directo, in situ, en acci\u00f3n, naturalmente\u2026 aprendizaje in situ-acci\u00f3n. En esos momentos, aparece la escuela con sus modelos, sus normas, sus expertos y expertas. Y con ello y en ella comienza una etapa de aprendizaje formal y \u2018formalizante\u2019. Nuestras estructuras mentales se van acomodando a un contexto, a un entorno que no siempre es reconocible o admitido de buen grado.<\/p>\n<\/div>\n<\/div><\/div><\/div><\/div><div id=\"pgc-1305-2-1\"  class=\"panel-grid-cell\" ><div id=\"panel-1305-2-1-0\" class=\"so-panel widget widget_sow-image panel-first-child panel-last-child\" data-index=\"3\" ><div class=\"imagen_redonda panel-widget-style panel-widget-style-for-1305-2-1-0\" ><div\n\t\t\t\n\t\t\tclass=\"so-widget-sow-image so-widget-sow-image-default-dbf295114b96-1305\"\n\t\t\t\n\t\t>\n<div class=\"sow-image-container\">\n\t\t<img \n\tsrc=\"https:\/\/institucional.us.es\/docenciaeco\/wp-content\/uploads\/2022\/12\/foto-poster-eco.jpg\" width=\"739\" height=\"739\" srcset=\"https:\/\/institucional.us.es\/docenciaeco\/wp-content\/uploads\/2022\/12\/foto-poster-eco.jpg 739w, https:\/\/institucional.us.es\/docenciaeco\/wp-content\/uploads\/2022\/12\/foto-poster-eco-300x300.jpg 300w, https:\/\/institucional.us.es\/docenciaeco\/wp-content\/uploads\/2022\/12\/foto-poster-eco-150x150.jpg 150w, https:\/\/institucional.us.es\/docenciaeco\/wp-content\/uploads\/2022\/12\/foto-poster-eco-16x16.jpg 16w, https:\/\/institucional.us.es\/docenciaeco\/wp-content\/uploads\/2022\/12\/foto-poster-eco-375x375.jpg 375w\" sizes=\"(max-width: 739px) 100vw, 739px\" alt=\"\" \t\tclass=\"so-widget-image\"\/>\n\t<\/div>\n\n<\/div><\/div><\/div><\/div><\/div><div id=\"pg-1305-3\"  class=\"panel-grid panel-no-style\" ><div id=\"pgc-1305-3-0\"  class=\"panel-grid-cell\" ><div id=\"panel-1305-3-0-0\" class=\"so-panel widget widget_sow-editor panel-first-child panel-last-child\" data-index=\"4\" ><div class=\"panel-widget-style panel-widget-style-for-1305-3-0-0\" ><div\n\t\t\t\n\t\t\tclass=\"so-widget-sow-editor so-widget-sow-editor-base\"\n\t\t\t\n\t\t>\n<div class=\"siteorigin-widget-tinymce textwidget\">\n\t<p>La \u00faltima forma de aprender ya es por comprensi\u00f3n. Una mente adulta, por tanto, fiel a la identidad del sujeto, al ser que sostiene, procura consciencia y hace del aprendizaje su modus vivendi. Es el aprendizaje a base de vivir, a base de ser. Ser de acuerdo con uno mismo, en acuerdo con otros, entre los dem\u00e1s, con todos. Ese \"ser en el mundo\" es capaz de liderar -m\u00e1s que empoderarse- su aprendizaje, de discernir y decidir, de identificar intereses propios y alineados con su entorno en su tiempo. Es un compromiso sin contrato con la sociedad soporte. La que configura las condiciones de nuestro crecimiento y a la que en justa reciprocidad podemos devolver en forma de conocimiento. Dicho de otro modo, el entorno nos modela y nosotros remodelamos el entorno.<\/p>\n<p>Este proceso se retroalimenta con la presencia de nuestra esencia, como esa gente que gente denomina agentes de cambio. Cada uno de nosotros\/as es agente de cambio en tanto que vivo\/a. El cambio es inherente al ser humano, solo falta la voluntad, la fuerza y energ\u00eda precisa con la que se act\u00faa para expandir sus efectos. A esta expansi\u00f3n la llamamos aprendizaje resonante. Ese que nos pertenece en lo \u00edntimo y que a todos nutre en p\u00fablico; nos pertenece el aprendizaje, no el conocimiento.<\/p>\n<\/div>\n<\/div><\/div><\/div><\/div><\/div><div id=\"pg-1305-4\"  class=\"panel-grid panel-no-style\" ><div id=\"pgc-1305-4-0\"  class=\"panel-grid-cell\" ><div id=\"panel-1305-4-0-0\" class=\"so-panel widget widget_sow-image panel-first-child panel-last-child\" data-index=\"5\" ><div class=\"imagen_redonda panel-widget-style panel-widget-style-for-1305-4-0-0\" ><div\n\t\t\t\n\t\t\tclass=\"so-widget-sow-image so-widget-sow-image-default-dbf295114b96-1305\"\n\t\t\t\n\t\t>\n<div class=\"sow-image-container\">\n\t\t<img \n\tsrc=\"https:\/\/institucional.us.es\/docenciaeco\/wp-content\/uploads\/2022\/12\/foto-eco-show.jpg\" width=\"700\" height=\"700\" srcset=\"https:\/\/institucional.us.es\/docenciaeco\/wp-content\/uploads\/2022\/12\/foto-eco-show.jpg 700w, https:\/\/institucional.us.es\/docenciaeco\/wp-content\/uploads\/2022\/12\/foto-eco-show-300x300.jpg 300w, https:\/\/institucional.us.es\/docenciaeco\/wp-content\/uploads\/2022\/12\/foto-eco-show-150x150.jpg 150w, https:\/\/institucional.us.es\/docenciaeco\/wp-content\/uploads\/2022\/12\/foto-eco-show-16x16.jpg 16w, https:\/\/institucional.us.es\/docenciaeco\/wp-content\/uploads\/2022\/12\/foto-eco-show-375x375.jpg 375w\" sizes=\"(max-width: 700px) 100vw, 700px\" alt=\"\" \t\tclass=\"so-widget-image\"\/>\n\t<\/div>\n\n<\/div><\/div><\/div><\/div><div id=\"pgc-1305-4-1\"  class=\"panel-grid-cell\" ><div id=\"panel-1305-4-1-0\" class=\"so-panel widget widget_sow-editor panel-first-child panel-last-child\" data-index=\"6\" ><div class=\"panel-widget-style panel-widget-style-for-1305-4-1-0\" ><div\n\t\t\t\n\t\t\tclass=\"so-widget-sow-editor so-widget-sow-editor-base\"\n\t\t\t\n\t\t>\n<div class=\"siteorigin-widget-tinymce textwidget\">\n\t<p>Aprendemos haci\u00e9ndonos eco consciente y deliberadamente aprovechando la intuici\u00f3n, la experimentaci\u00f3n, el saber experto -al que nos aproximamos cr\u00edticamente con determinaci\u00f3n- y la comprensi\u00f3n. Y aprendemos en la creaci\u00f3n, el contraste y la validaci\u00f3n de aquello que proponemos como entidad manifiesta, no ya de lo que es \u2013lo que hay- sino de lo que puede ser \u2013lo que habr\u00e1. Aprendemos apreciativamente haci\u00e9ndonos eco de nuestro entorno, escuchando afectivamente a quienes lo habitan, y aprendemos generando eco mediante su transformaci\u00f3n, la que provocamos activamente. Una transformaci\u00f3n p\u00fablica, visible, tangible, y una transformaci\u00f3n \u00edntima, propia y quiz\u00e1 intangible. No hay la una sin la otra.<\/p>\n<\/div>\n<\/div><\/div><\/div><\/div><\/div><div id=\"pg-1305-5\"  class=\"panel-grid panel-no-style\" ><div id=\"pgc-1305-5-0\"  class=\"panel-grid-cell\" ><div id=\"panel-1305-5-0-0\" class=\"so-panel widget widget_sow-editor panel-first-child panel-last-child\" data-index=\"7\" ><div class=\"panel-widget-style panel-widget-style-for-1305-5-0-0\" ><div\n\t\t\t\n\t\t\tclass=\"so-widget-sow-editor so-widget-sow-editor-base\"\n\t\t\t\n\t\t>\n<div class=\"siteorigin-widget-tinymce textwidget\">\n\t<p>Y he aqu\u00ed lo que sea ECO, una oportunidad para lograr una vida que merezca la pena su disfrute para bien propio y com\u00fan; una vida de \u00cdtaca. Una vida plena, no plana, vibrante para un mundo apasionante.<\/p>\n<p>&nbsp;<\/p>\n<p style=\"text-align: center;\"><span style=\"color: #800080;\"><strong>En ese mundo de confianza est\u00e1 NUESTRO RETO\u2026 con ECO. \u00a1En \u00e9l, somos!<\/strong><\/span><\/p>\n<p>&nbsp;<\/p>\n<p style=\"text-align: right;\"><strong>Eduardo Herrero V\u00e1zquez<br \/>\n<\/strong><span style=\"color: #333333;\">Dr. Arquitecto<\/span><br \/>\n<span style=\"color: #333333;\">Universidad de Sevilla<\/span><br \/>\n<span style=\"color: #333333;\">Departamento de Ingenier\u00eda Gr\u00e1fica<\/span><\/p>\n<\/div>\n<\/div><\/div><\/div><\/div><\/div><\/div>","protected":false},"excerpt":{"rendered":"<p>Docencia Emocional con ECO en el Marco de los ODS (Objetivos para el Desarrollo Sostenible) Retos con ECO<\/p>\n","protected":false},"author":1,"featured_media":0,"parent":0,"menu_order":0,"comment_status":"closed","ping_status":"closed","template":"home-panels.php","meta":{"inline_featured_image":false,"footnotes":""},"class_list":["post-1305","page","type-page","status-publish","hentry","post"],"_links":{"self":[{"href":"https:\/\/institucional.us.es\/docenciaeco\/wp-json\/wp\/v2\/pages\/1305","targetHints":{"allow":["GET"]}}],"collection":[{"href":"https:\/\/institucional.us.es\/docenciaeco\/wp-json\/wp\/v2\/pages"}],"about":[{"href":"https:\/\/institucional.us.es\/docenciaeco\/wp-json\/wp\/v2\/types\/page"}],"author":[{"embeddable":true,"href":"https:\/\/institucional.us.es\/docenciaeco\/wp-json\/wp\/v2\/users\/1"}],"replies":[{"embeddable":true,"href":"https:\/\/institucional.us.es\/docenciaeco\/wp-json\/wp\/v2\/comments?post=1305"}],"version-history":[{"count":77,"href":"https:\/\/institucional.us.es\/docenciaeco\/wp-json\/wp\/v2\/pages\/1305\/revisions"}],"predecessor-version":[{"id":2741,"href":"https:\/\/institucional.us.es\/docenciaeco\/wp-json\/wp\/v2\/pages\/1305\/revisions\/2741"}],"wp:attachment":[{"href":"https:\/\/institucional.us.es\/docenciaeco\/wp-json\/wp\/v2\/media?parent=1305"}],"curies":[{"name":"wp","href":"https:\/\/api.w.org\/{rel}","templated":true}]}}