




{"id":1487,"date":"2022-11-18T17:58:37","date_gmt":"2022-11-18T17:58:37","guid":{"rendered":"https:\/\/institucional.us.es\/docenciaeco\/?page_id=1487"},"modified":"2025-07-20T18:58:59","modified_gmt":"2025-07-20T18:58:59","slug":"cv-daniele","status":"publish","type":"page","link":"https:\/\/institucional.us.es\/docenciaeco\/miembros\/cv-daniele\/","title":{"rendered":"CV-Daniele"},"content":{"rendered":"<div id=\"pl-1487\"  class=\"panel-layout\" ><div id=\"pg-1487-0\"  class=\"panel-grid panel-has-style\" ><div class=\"cv-titulo siteorigin-panels-stretch panel-row-style-full-width panel-row-style panel-row-style-for-1487-0\" style=\"background-color: #bfaedf; \" data-stretch-type=\"full\" ><div id=\"pgc-1487-0-0\"  class=\"panel-grid-cell\" ><div id=\"panel-1487-0-0-0\" class=\"so-panel widget widget_sow-image panel-first-child panel-last-child\" data-index=\"0\" ><div class=\"cv-foto panel-widget-style panel-widget-style-for-1487-0-0-0\" ><div\n\t\t\t\n\t\t\tclass=\"so-widget-sow-image so-widget-sow-image-default-13f2a8b12fcc-1487\"\n\t\t\t\n\t\t>\n<div class=\"sow-image-container\">\n\t\t<img \n\tsrc=\"https:\/\/institucional.us.es\/docenciaeco\/wp-content\/uploads\/2023\/01\/Foto-Eco.jpeg\" width=\"200\" height=\"200\" srcset=\"https:\/\/institucional.us.es\/docenciaeco\/wp-content\/uploads\/2023\/01\/Foto-Eco.jpeg 200w, https:\/\/institucional.us.es\/docenciaeco\/wp-content\/uploads\/2023\/01\/Foto-Eco-150x150.jpeg 150w, https:\/\/institucional.us.es\/docenciaeco\/wp-content\/uploads\/2023\/01\/Foto-Eco-16x16.jpeg 16w\" sizes=\"(max-width: 200px) 100vw, 200px\" title=\"Foto Eco\" alt=\"\" \t\tclass=\"so-widget-image\"\/>\n\t<\/div>\n\n<\/div><\/div><\/div><\/div><div id=\"pgc-1487-0-1\"  class=\"panel-grid-cell\" ><div id=\"panel-1487-0-1-0\" class=\"so-panel widget widget_sow-editor panel-first-child panel-last-child\" data-index=\"1\" ><div\n\t\t\t\n\t\t\tclass=\"so-widget-sow-editor so-widget-sow-editor-base\"\n\t\t\t\n\t\t>\n<div class=\"siteorigin-widget-tinymce textwidget\">\n\t<h1>DANIELE<br \/>\nCERRATO<\/h1>\n<p><em>\u201cCompartir lo que aprendes y ense\u00f1ar lo que eres\"<\/em><\/p>\n<\/div>\n<\/div><\/div><\/div><\/div><\/div><div id=\"pg-1487-1\"  class=\"panel-grid panel-no-style\" ><div id=\"pgc-1487-1-0\"  class=\"panel-grid-cell\" ><div id=\"panel-1487-1-0-0\" class=\"so-panel widget widget_sow-editor panel-first-child panel-last-child\" data-index=\"2\" ><div\n\t\t\t\n\t\t\tclass=\"so-widget-sow-editor so-widget-sow-editor-base\"\n\t\t\t\n\t\t>\n<div class=\"siteorigin-widget-tinymce textwidget\">\n\t<p style=\"text-align: center;\"><img loading=\"lazy\" decoding=\"async\" class=\"cv-icono wp-image-436\" src=\"https:\/\/docenciaeco.edu.eu.org\/wp-content\/uploads\/2022\/11\/loc.svg\" alt=\"\" width=\"20\" height=\"20\" \/> Universidad de Sevilla<\/p>\n<\/div>\n<\/div><\/div><\/div><div id=\"pgc-1487-1-1\"  class=\"panel-grid-cell\" ><div id=\"panel-1487-1-1-0\" class=\"so-panel widget widget_sow-editor panel-first-child panel-last-child\" data-index=\"3\" ><div\n\t\t\t\n\t\t\tclass=\"so-widget-sow-editor so-widget-sow-editor-base\"\n\t\t\t\n\t\t>\n<div class=\"siteorigin-widget-tinymce textwidget\">\n\t<p style=\"text-align: center;\"><img loading=\"lazy\" decoding=\"async\" class=\"cv-icono alignnone wp-image-437\" src=\"https:\/\/docenciaeco.edu.eu.org\/wp-content\/uploads\/2022\/11\/mail.svg\" alt=\"\" width=\"20\" height=\"20\" \/> dcerrato@us.es<\/p>\n<\/div>\n<\/div><\/div><\/div><div id=\"pgc-1487-1-2\"  class=\"panel-grid-cell\" ><div id=\"panel-1487-1-2-0\" class=\"so-panel widget widget_sow-editor panel-first-child panel-last-child\" data-index=\"4\" ><div\n\t\t\t\n\t\t\tclass=\"so-widget-sow-editor so-widget-sow-editor-base\"\n\t\t\t\n\t\t>\n<div class=\"siteorigin-widget-tinymce textwidget\">\n\t<p style=\"text-align: center;\"><img loading=\"lazy\" decoding=\"async\" class=\"cv-icono alignnone wp-image-438\" src=\"https:\/\/docenciaeco.edu.eu.org\/wp-content\/uploads\/2022\/11\/orcid.svg\" alt=\"\" width=\"20\" height=\"20\" \/> <a href=\"https:\/\/orcid.org\/0000-0001-7238-1381\">ORCID<\/a><\/p>\n<\/div>\n<\/div><\/div><\/div><\/div><div id=\"pg-1487-2\"  class=\"panel-grid panel-has-style\" ><div class=\"panel-row-style panel-row-style-for-1487-2\" ><div id=\"pgc-1487-2-0\"  class=\"panel-grid-cell\" ><div id=\"panel-1487-2-0-0\" class=\"so-panel widget widget_sow-editor panel-first-child panel-last-child\" data-index=\"5\" ><div\n\t\t\t\n\t\t\tclass=\"so-widget-sow-editor so-widget-sow-editor-base\"\n\t\t\t\n\t\t>\n<div class=\"siteorigin-widget-tinymce textwidget\">\n\t<p>Doctor en Filolog\u00eda (L\u00ednea Mujer, escrituras y comunicaci\u00f3n) por la Universidad de Sevilla. Formo parte del grupo de Investigaci\u00f3n Escritoras y Escrituras (Hum 753) y del Grupo Escritoras y personajes femeninos en la literatura (Eperflit) de la Universidad de Salamanca. Contrato de Acceso al sistema espa\u00f1ol de Ciencia Tecnolog\u00eda e Innovaci\u00f3n de la Universidad de Sevilla. Profesor en la Menci\u00f3n en Italiano de varios grados de la Facultad de Filolog\u00eda, del Master en Estudios Literarios, Ling\u00fc\u00edsticos y Culturales (MELLC) de la Universidad de Sevilla y del Master Universitario en Estudios de G\u00e9nero de la UNED de Madrid y la especialidad de italiano del Grado y Master de la Universidad Ateneum Gdansk (Polonia). He realizado estancias de investigaci\u00f3n e impartido seminarios en diferentes universidades europeas y extra europeas (Chile, Argentina, Francia, Reino Unido, Polonia, Grecia e Italia). Coordinador del Proyecto Ka2 EU-circuli letture: Compartiendo experiencias para la inclusi\u00f3n y la participaci\u00f3n social (2020-2023) que reflexiona sobre los clubes de lectura c\u00f3mo herramienta de inclusi\u00f3n social en varios \u00e1mbitos sociales incluyendo la ense\u00f1anza. Pertenezco a la REFID desde el curso 2020-2021 y al grupo de Trasformaci\u00f3n digital e innovaci\u00f3n en la docencia. En este curso he aplicado ECO en la asignatura \u201cMetodolog\u00eda de la ense\u00f1anza de la lengua y de la literatura italiana\u201d.<\/p>\n<\/div>\n<\/div><\/div><\/div><\/div><\/div><div id=\"pg-1487-3\"  class=\"panel-grid panel-has-style\" ><div class=\"cont_publicaciones panel-row-style panel-row-style-for-1487-3\" ><div id=\"pgc-1487-3-0\"  class=\"panel-grid-cell\" ><div id=\"panel-1487-3-0-0\" class=\"so-panel widget widget_siteorigin-panels-postloop panel-first-child panel-last-child\" data-index=\"6\" ><\/div><\/div><\/div><\/div><div id=\"pg-1487-4\"  class=\"panel-grid panel-no-style\" ><div id=\"pgc-1487-4-0\"  class=\"panel-grid-cell\" ><div id=\"panel-1487-4-0-0\" class=\"so-panel widget widget_sow-button panel-first-child panel-last-child\" data-index=\"7\" ><div\n\t\t\t\n\t\t\tclass=\"so-widget-sow-button so-widget-sow-button-wire-80810b17e450-1487\"\n\t\t\t\n\t\t><div class=\"ow-button-base ow-button-align-right\"\n>\n\t\t\t<a\n\t\t\t\t\thref=\"https:\/\/institucional.us.es\/docenciaeco\/miembros\/\"\n\t\t\t\t\tclass=\"sowb-button ow-icon-placement-left ow-button-hover\" \t>\n\t\t<span>\n\t\t\t<span class=\"sow-icon-ionicons\" data-sow-icon=\"&#xf3cf;\"\n\t\tstyle=\"color: #000000\" \n\t\taria-hidden=\"true\"><\/span>\n\t\t\tVolver\t\t<\/span>\n\t\t\t<\/a>\n\t<\/div>\n<\/div><\/div><\/div><\/div><\/div>","protected":false},"excerpt":{"rendered":"<p>DANIELE CERRATO \u201cCompartir lo que aprendes y ense\u00f1ar lo que eres\u00bb Universidad de Sevilla dcerrato@us.es ORCID<\/p>\n","protected":false},"author":2,"featured_media":0,"parent":23,"menu_order":0,"comment_status":"closed","ping_status":"closed","template":"","meta":{"inline_featured_image":false,"footnotes":""},"class_list":["post-1487","page","type-page","status-publish","hentry","post"],"_links":{"self":[{"href":"https:\/\/institucional.us.es\/docenciaeco\/wp-json\/wp\/v2\/pages\/1487","targetHints":{"allow":["GET"]}}],"collection":[{"href":"https:\/\/institucional.us.es\/docenciaeco\/wp-json\/wp\/v2\/pages"}],"about":[{"href":"https:\/\/institucional.us.es\/docenciaeco\/wp-json\/wp\/v2\/types\/page"}],"author":[{"embeddable":true,"href":"https:\/\/institucional.us.es\/docenciaeco\/wp-json\/wp\/v2\/users\/2"}],"replies":[{"embeddable":true,"href":"https:\/\/institucional.us.es\/docenciaeco\/wp-json\/wp\/v2\/comments?post=1487"}],"version-history":[{"count":12,"href":"https:\/\/institucional.us.es\/docenciaeco\/wp-json\/wp\/v2\/pages\/1487\/revisions"}],"predecessor-version":[{"id":2670,"href":"https:\/\/institucional.us.es\/docenciaeco\/wp-json\/wp\/v2\/pages\/1487\/revisions\/2670"}],"up":[{"embeddable":true,"href":"https:\/\/institucional.us.es\/docenciaeco\/wp-json\/wp\/v2\/pages\/23"}],"wp:attachment":[{"href":"https:\/\/institucional.us.es\/docenciaeco\/wp-json\/wp\/v2\/media?parent=1487"}],"curies":[{"name":"wp","href":"https:\/\/api.w.org\/{rel}","templated":true}]}}