




{"id":1592,"date":"2022-11-18T17:58:37","date_gmt":"2022-11-18T17:58:37","guid":{"rendered":"https:\/\/institucional.us.es\/docenciaeco\/?page_id=1592"},"modified":"2025-07-19T00:30:43","modified_gmt":"2025-07-19T00:30:43","slug":"cv-ines","status":"publish","type":"page","link":"https:\/\/institucional.us.es\/docenciaeco\/miembros\/cv-ines\/","title":{"rendered":"CV-In\u00e9s"},"content":{"rendered":"<div id=\"pl-1592\"  class=\"panel-layout\" ><div id=\"pg-1592-0\"  class=\"panel-grid panel-has-style\" ><div class=\"cv-titulo siteorigin-panels-stretch panel-row-style-full-width panel-row-style panel-row-style-for-1592-0\" style=\"background-color: #bfaedf; \" data-stretch-type=\"full\" ><div id=\"pgc-1592-0-0\"  class=\"panel-grid-cell\" ><div id=\"panel-1592-0-0-0\" class=\"so-panel widget widget_sow-image panel-first-child panel-last-child\" data-index=\"0\" ><div class=\"cv-foto panel-widget-style panel-widget-style-for-1592-0-0-0\" ><div\n\t\t\t\n\t\t\tclass=\"so-widget-sow-image so-widget-sow-image-default-13f2a8b12fcc-1592\"\n\t\t\t\n\t\t>\n<div class=\"sow-image-container\">\n\t\t<img \n\tsrc=\"https:\/\/institucional.us.es\/docenciaeco\/wp-content\/uploads\/2023\/01\/Foto-2022.jpg\" width=\"1614\" height=\"2149\" srcset=\"https:\/\/institucional.us.es\/docenciaeco\/wp-content\/uploads\/2023\/01\/Foto-2022.jpg 1614w, https:\/\/institucional.us.es\/docenciaeco\/wp-content\/uploads\/2023\/01\/Foto-2022-225x300.jpg 225w, https:\/\/institucional.us.es\/docenciaeco\/wp-content\/uploads\/2023\/01\/Foto-2022-769x1024.jpg 769w, https:\/\/institucional.us.es\/docenciaeco\/wp-content\/uploads\/2023\/01\/Foto-2022-768x1023.jpg 768w, https:\/\/institucional.us.es\/docenciaeco\/wp-content\/uploads\/2023\/01\/Foto-2022-1154x1536.jpg 1154w, https:\/\/institucional.us.es\/docenciaeco\/wp-content\/uploads\/2023\/01\/Foto-2022-1538x2048.jpg 1538w\" sizes=\"(max-width: 1614px) 100vw, 1614px\" title=\"Foto 2022\" alt=\"\" \t\tclass=\"so-widget-image\"\/>\n\t<\/div>\n\n<\/div><\/div><\/div><\/div><div id=\"pgc-1592-0-1\"  class=\"panel-grid-cell\" ><div id=\"panel-1592-0-1-0\" class=\"so-panel widget widget_sow-editor panel-first-child panel-last-child\" data-index=\"1\" ><div\n\t\t\t\n\t\t\tclass=\"so-widget-sow-editor so-widget-sow-editor-base\"\n\t\t\t\n\t\t>\n<div class=\"siteorigin-widget-tinymce textwidget\">\n\t<h1>IN\u00c9S<br \/>\nLUCAS OLIVA<\/h1>\n<p><em>\u201cLa curiosidad no mat\u00f3 al gato, lo llev\u00f3 a descubrir y aprender\"<\/em><\/p>\n<\/div>\n<\/div><\/div><\/div><\/div><\/div><div id=\"pg-1592-1\"  class=\"panel-grid panel-no-style\" ><div id=\"pgc-1592-1-0\"  class=\"panel-grid-cell\" ><div id=\"panel-1592-1-0-0\" class=\"so-panel widget widget_sow-editor panel-first-child panel-last-child\" data-index=\"2\" ><div\n\t\t\t\n\t\t\tclass=\"so-widget-sow-editor so-widget-sow-editor-base\"\n\t\t\t\n\t\t>\n<div class=\"siteorigin-widget-tinymce textwidget\">\n\t<p style=\"text-align: center;\"><img loading=\"lazy\" decoding=\"async\" class=\"cv-icono wp-image-436\" src=\"https:\/\/institucional.us.es\/docenciaeco\/wp-content\/uploads\/2022\/11\/loc.svg\" alt=\"\" width=\"20\" height=\"20\"> Universidad Pablo de Olavide \/ Universidad de Sevilla<\/p>\n<\/div>\n<\/div><\/div><\/div><div id=\"pgc-1592-1-1\"  class=\"panel-grid-cell\" ><div id=\"panel-1592-1-1-0\" class=\"so-panel widget widget_sow-editor panel-first-child panel-last-child\" data-index=\"3\" ><div\n\t\t\t\n\t\t\tclass=\"so-widget-sow-editor so-widget-sow-editor-base\"\n\t\t\t\n\t\t>\n<div class=\"siteorigin-widget-tinymce textwidget\">\n\t<p style=\"text-align: center;\"><img loading=\"lazy\" decoding=\"async\" class=\"cv-icono alignnone wp-image-437\" src=\"https:\/\/institucional.us.es\/docenciaeco\/wp-content\/uploads\/2022\/11\/mail.svg\" alt=\"\" width=\"20\" height=\"20\"><strong>ilucas@us.es<\/strong><\/p>\n<\/div>\n<\/div><\/div><\/div><div id=\"pgc-1592-1-2\"  class=\"panel-grid-cell\" ><div id=\"panel-1592-1-2-0\" class=\"so-panel widget widget_sow-editor panel-first-child panel-last-child\" data-index=\"4\" ><div\n\t\t\t\n\t\t\tclass=\"so-widget-sow-editor so-widget-sow-editor-base\"\n\t\t\t\n\t\t>\n<div class=\"siteorigin-widget-tinymce textwidget\">\n\t<p style=\"text-align: center;\"><img loading=\"lazy\" decoding=\"async\" class=\"cv-icono alignnone wp-image-438\" src=\"https:\/\/institucional.us.es\/docenciaeco\/wp-content\/uploads\/2022\/11\/orcid.svg\" alt=\"\" width=\"20\" height=\"20\"> <a href=\"https:\/\/orcid.org\/0000-0002-7382-3775\">ORCID<\/a><\/p>\n<\/div>\n<\/div><\/div><\/div><\/div><div id=\"pg-1592-2\"  class=\"panel-grid panel-has-style\" ><div class=\"panel-row-style panel-row-style-for-1592-2\" ><div id=\"pgc-1592-2-0\"  class=\"panel-grid-cell\" ><div id=\"panel-1592-2-0-0\" class=\"so-panel widget widget_sow-editor panel-first-child panel-last-child\" data-index=\"5\" ><div\n\t\t\t\n\t\t\tclass=\"so-widget-sow-editor so-widget-sow-editor-base\"\n\t\t\t\n\t\t>\n<div class=\"siteorigin-widget-tinymce textwidget\">\n\t<p>Doctora en Ling\u00fc\u00edstica Aplicada, su l\u00ednea de investigaci\u00f3n se centra en el estudio de la ense\u00f1anza y aprendizaje de lenguas, en la que unifica perspectivas educativas, neurocient\u00edficas y ling\u00fc\u00edsticas, con gran inter\u00e9s por lo metodol\u00f3gico y lo social. Esto se ve reflejado en su docencia, donde se promueven experiencias de (auto)aprendizaje a trav\u00e9s del M\u00e9todo ECO, altamente motivantes y satisfactorias. Es miembro del Grupo de Investigaci\u00f3n de la Universidad de Sevilla HUM1044: \"Literacies\" y participa en varios proyectos de I+D+i, innovaci\u00f3n universitaria y cooperaci\u00f3n. Actualmente trabaja como investigadora postdoctoral del programa competitivo para la Recualificaci\u00f3n del sistema universitario espa\u00f1ol, concedidas por la Universidad Pablo de Olavide. Con anterioridad se ha desempe\u00f1ado como profesora en el Departamento de Did\u00e1ctica de la Lengua de la Universidad de Sevilla y en facultades de Educaci\u00f3n, Filolog\u00eda, Traducci\u00f3n y Ciencias del Lenguaje en universidades de Espa\u00f1a, Chile y Estados Unidos. Es examinadora acreditada de los certificados DELE del Instituto Cervantes y ha colaborado como evaluadora ling\u00fc\u00edstica en el Programa Fulbright en EE.UU.<\/p>\n<\/div>\n<\/div><\/div><\/div><\/div><\/div><div id=\"pg-1592-3\"  class=\"panel-grid panel-has-style\" ><div class=\"cont_publicaciones panel-row-style panel-row-style-for-1592-3\" ><div id=\"pgc-1592-3-0\"  class=\"panel-grid-cell\" ><div id=\"panel-1592-3-0-0\" class=\"so-panel widget widget_siteorigin-panels-postloop panel-first-child panel-last-child\" data-index=\"6\" >\t<h2>Publicaciones<\/h2>\r\n\t\t\r\n    <div class=\"entry-content publicacion\">\r\n        <p>Lucas-Oliva, I.; L\u00f3pez, R.; Toledo, G.; Quilodr\u00e1n, F. &#038; Bravo, D. (2018). PUNTO C\/ELE. Manual de espa\u00f1ol como lengua extranjera. Nivel B2. Ediciones UC. ISBN 9789561422704. <\/p>\n\t<\/div>\r\n    \r\n    \r\n\r\n\t\r\n    <div class=\"entry-content publicacion\">\r\n        <p>Lucas-Oliva, I., &#038; Torres-Begines, C. (2019). Estrategias metodol\u00f3gicas para la ense\u00f1anza-aprendizaje de la Lengua Espa\u00f1ola y su Did\u00e1ctica en Educaci\u00f3n Superior: Una experiencia docente desde el Pensamiento de Dise\u00f1o. In T. Sola Mart\u00ednez, M. Garc\u00eda Carmona, A. Fuentes Cabrera, A.-M. Rodr\u00edguez-Garc\u00eda, &#038; J. L\u00f3pez Belmonte (Eds.), Innovaci\u00f3n Educativa en la Sociedad Digital (pp. 880\u2013891). Dykinson.<\/p>\n\t<\/div>\r\n    \r\n    \r\n\r\n\t\r\n    <div class=\"entry-content publicacion\">\r\n        <p>Lucas-Oliva, I., &#038; Marviz\u00f3n-Alonso, M. R. (2020). De lo presencial a lo virtual: el cambio de modalidad en la docencia de lenguas desde la perspectiva del estudiantado. In E. S\u00e1nchez Rivas, E. Colomo Maga\u00f1a, J. Ruiz Palermo, &#038; J. S\u00e1nchez Rodr\u00edguez (Eds.), Tecnolog\u00edas educativas y estrategias did\u00e1cticas (pp. 925\u2013934). UMA Editorial.<\/p>\n\t<\/div>\r\n    \r\n    \r\n\r\n\t\r\n    <div class=\"entry-content publicacion\">\r\n        <p>Lucas Oliva, I. (2021). La adaptaci\u00f3n de la clase de Lengua al contexto COVID-19 y sus consecuencias sobre la motivaci\u00f3n del estudiantado. In G. G\u00f3mez Garc\u00eda, C. Rodr\u00edguez Jim\u00e9nez, M. N.Campos Soto, &#038; M. Ramos Navas-Parejo (Eds.), Nuevos escenarios educativos: hacia el horizonte 2030 (p.p. 314\u2013325). Dykinson.<\/p>\n\t<\/div>\r\n    \r\n    \r\n\r\n\t\r\n    <div class=\"entry-content publicacion\">\r\n        <p>Lucas-Oliva, I., Garc\u00eda-Jim\u00e9nez, J., &#038; Torres-Gordillo, J.-J. (2021). Teaching Competencies of Pre- Service Spanish Language Teachers through the ECO method. International Journal of Innovation, Creativity and Change, 15(7), 516\u2013535.<\/p>\n\t<\/div>\r\n    \r\n    \r\n\r\n\t\r\n    <div class=\"entry-content publicacion\">\r\n        <p>Lucas-Oliva, I., Fern\u00e1ndez-Barral, C. (2022). Usos y funciones del documento audiovisual en la ense\u00f1anza\/aprendizaje de lengua. In S. Gala Pellicer (Ed.), Innovaci\u00f3n educativa aplicada a la ense\u00f1anza de la lengua (pp. 72\u201392). Dykinson. <\/p>\n\t<\/div>\r\n    \r\n    \r\n\r\n\t\r\n    <div class=\"entry-content publicacion\">\r\n        <p>Lucas-Oliva, I., Garc\u00eda-Jim\u00e9nez, J., &#038; Torres-Gordillo, J.-J. (2022). El m\u00e9todo ECO y los nuevos entornos de aprendizaje: valoraci\u00f3n de herramientas y estrategias metodol\u00f3gicas para la ense\u00f1anza de la Lengua Espa\u00f1ola. Revista Conrado, 18(87), pp.322-330<\/p>\n\t<\/div>\r\n    \r\n    \r\n\r\n\t\r\n    <div class=\"entry-content publicacion\">\r\n        <p>Lucas-Oliva, I., Toledo-Vega, G. &#038; N\u00fa\u00f1ez-Rom\u00e1n, F. (2022). From Neurodidactics to Language Teaching and Learning: The Emotional Approach. Theory and Practice in Language Studies, 12(8), 1457-1467.<\/p>\n\t<\/div>\r\n    \r\n    \r\n\r\n\t\r\n    <div class=\"entry-content publicacion\">\r\n        <p>Lucas-Oliva, I., Garc\u00eda-Jim\u00e9nez, J., Torres-Gordillo, J-J., &#038; Rodr\u00edguez-Santero, J. (2022). Equity and Parity in Primary Education: A Study on Performance in Language and Mathematics Using Hierarchical Linear Models. Sustainability, 14(19), 1\u201317.<\/p>\n\t<\/div>\r\n    \r\n    \r\n\r\n\t\r\n    <div class=\"entry-content publicacion\">\r\n        <p>Garc\u00eda-Jim\u00e9nez, J., Lucas-Oliva, I., Torres-Gordillo, J-J., &#038; Rodr\u00edguez-Santero, J. (2022). Equidad y paridad en centros educativos andaluces: un an\u00e1lisis a trav\u00e9s de la competencia ling\u00fc\u00edstica de las pruebas ESCALA. In I. Aznar D\u00edaz, C. Rodr\u00edguez Jim\u00e9nez, M. Ramos Navas-Parejo, &#038; G. G\u00f3mez Garc\u00eda (Eds.), Desaf\u00edos de la investigaci\u00f3n y la innovaci\u00f3n educativa ante la sociedad inclusiva (pp. 371\u2013380). Dykinson.<\/p>\n\t<\/div>\r\n    \r\n    \r\n\r\n\t\r\n\t\t<nav id=\"nav-below\" class=\"site-navigation paging-navigation\">\r\n\t\t<h2 class=\"assistive-text\">Post navigation<\/h2>\r\n\r\n\t\r\n\t\t<div class='pagination'><span aria-current=\"page\" class=\"page-numbers current\">1<\/span>\n<a class=\"page-numbers\" href=\"https:\/\/institucional.us.es\/docenciaeco\/wp-json\/wp\/v2\/pages\/1592\/page\/2\/\">2<\/a>\n<a class=\"next page-numbers\" href=\"https:\/\/institucional.us.es\/docenciaeco\/wp-json\/wp\/v2\/pages\/1592\/page\/2\/\">Siguiente &raquo;<\/a><\/div>\n\r\n\t\r\n\t<\/nav><!-- #nav-below -->\r\n\t\r\n\r\n\r\n<\/div><\/div><\/div><\/div><div id=\"pg-1592-4\"  class=\"panel-grid panel-no-style\" ><div id=\"pgc-1592-4-0\"  class=\"panel-grid-cell\" ><div id=\"panel-1592-4-0-0\" class=\"so-panel widget widget_sow-button panel-first-child panel-last-child\" data-index=\"7\" ><div\n\t\t\t\n\t\t\tclass=\"so-widget-sow-button so-widget-sow-button-wire-80810b17e450-1622\"\n\t\t\t\n\t\t><div class=\"ow-button-base ow-button-align-right\"\n>\n\t\t\t<a\n\t\t\t\t\thref=\"https:\/\/institucional.us.es\/docenciaeco\/miembros\/\"\n\t\t\t\t\tclass=\"sowb-button ow-icon-placement-left ow-button-hover\" \t>\n\t\t<span>\n\t\t\t<span class=\"sow-icon-ionicons\" data-sow-icon=\"&#xf3cf;\"\n\t\tstyle=\"color: #000000\" \n\t\taria-hidden=\"true\"><\/span>\n\t\t\tVolver\t\t<\/span>\n\t\t\t<\/a>\n\t<\/div>\n<\/div><\/div><\/div><\/div><\/div>","protected":false},"excerpt":{"rendered":"<p>IN\u00c9S LUCAS OLIVA \u201cLa curiosidad no mat\u00f3 al gato, lo llev\u00f3 a descubrir y aprender\u00bb Universidad Pablo de Olavide \/ Universidad de Sevilla ilucas@us.es ORCID Doctora en Ling\u00fc\u00edstica Aplicada, su l\u00ednea de investigaci\u00f3n se centra en el estudio de la ense\u00f1anza y aprendizaje de lenguas, en la que unifica perspectivas educativas, neurocient\u00edficas y ling\u00fc\u00edsticas, con gran inter\u00e9s por lo metodol\u00f3gico y lo social. Esto se ve reflejado en su docencia, donde se promueven experiencias de (auto)aprendizaje a trav\u00e9s del M\u00e9todo ECO, altamente motivantes y satisfactorias. Es miembro del Grupo de Investigaci\u00f3n de la Universidad de Sevilla HUM1044: \u00abLiteracies\u00bb y participa en varios proyectos de I+D+i, innovaci\u00f3n universitaria y cooperaci\u00f3n. Actualmente trabaja como investigadora postdoctoral del programa competitivo para la Recualificaci\u00f3n del sistema universitario espa\u00f1ol, concedidas por la Universidad Pablo de Olavide. Con anterioridad se ha desempe\u00f1ado como profesora en el Departamento de Did\u00e1ctica de la Lengua de la Universidad de Sevilla y en facultades de Educaci\u00f3n, Filolog\u00eda, Traducci\u00f3n y Ciencias del Lenguaje en universidades de Espa\u00f1a, Chile y Estados Unidos. Es examinadora acreditada de los certificados DELE del Instituto Cervantes y ha colaborado como evaluadora ling\u00fc\u00edstica en el Programa Fulbright en EE.UU.<\/p>\n","protected":false},"author":2,"featured_media":0,"parent":23,"menu_order":0,"comment_status":"closed","ping_status":"closed","template":"","meta":{"inline_featured_image":false,"footnotes":""},"class_list":["post-1592","page","type-page","status-publish","hentry","post"],"_links":{"self":[{"href":"https:\/\/institucional.us.es\/docenciaeco\/wp-json\/wp\/v2\/pages\/1592","targetHints":{"allow":["GET"]}}],"collection":[{"href":"https:\/\/institucional.us.es\/docenciaeco\/wp-json\/wp\/v2\/pages"}],"about":[{"href":"https:\/\/institucional.us.es\/docenciaeco\/wp-json\/wp\/v2\/types\/page"}],"author":[{"embeddable":true,"href":"https:\/\/institucional.us.es\/docenciaeco\/wp-json\/wp\/v2\/users\/2"}],"replies":[{"embeddable":true,"href":"https:\/\/institucional.us.es\/docenciaeco\/wp-json\/wp\/v2\/comments?post=1592"}],"version-history":[{"count":14,"href":"https:\/\/institucional.us.es\/docenciaeco\/wp-json\/wp\/v2\/pages\/1592\/revisions"}],"predecessor-version":[{"id":2593,"href":"https:\/\/institucional.us.es\/docenciaeco\/wp-json\/wp\/v2\/pages\/1592\/revisions\/2593"}],"up":[{"embeddable":true,"href":"https:\/\/institucional.us.es\/docenciaeco\/wp-json\/wp\/v2\/pages\/23"}],"wp:attachment":[{"href":"https:\/\/institucional.us.es\/docenciaeco\/wp-json\/wp\/v2\/media?parent=1592"}],"curies":[{"name":"wp","href":"https:\/\/api.w.org\/{rel}","templated":true}]}}