




{"id":1749,"date":"2022-11-18T17:58:37","date_gmt":"2022-11-18T17:58:37","guid":{"rendered":"https:\/\/institucional.us.es\/docenciaeco\/?page_id=1749"},"modified":"2025-07-19T00:30:16","modified_gmt":"2025-07-19T00:30:16","slug":"cv_alicia","status":"publish","type":"page","link":"https:\/\/institucional.us.es\/docenciaeco\/miembros\/cv_alicia\/","title":{"rendered":"CV-Alicia"},"content":{"rendered":"<div id=\"pl-1749\"  class=\"panel-layout\" ><div id=\"pg-1749-0\"  class=\"panel-grid panel-has-style\" ><div class=\"cv-titulo siteorigin-panels-stretch panel-row-style-full-width panel-row-style panel-row-style-for-1749-0\" style=\"background-color: #bfaedf; \" data-stretch-type=\"full\" ><div id=\"pgc-1749-0-0\"  class=\"panel-grid-cell\" ><div id=\"panel-1749-0-0-0\" class=\"so-panel widget widget_sow-image panel-first-child panel-last-child\" data-index=\"0\" ><div class=\"cv-foto panel-widget-style panel-widget-style-for-1749-0-0-0\" ><div\n\t\t\t\n\t\t\tclass=\"so-widget-sow-image so-widget-sow-image-default-13f2a8b12fcc-1749\"\n\t\t\t\n\t\t>\n<div class=\"sow-image-container\">\n\t\t<img \n\tsrc=\"https:\/\/institucional.us.es\/docenciaeco\/wp-content\/uploads\/2023\/04\/Alicia-Gonzalez-Moro.jpg\" width=\"618\" height=\"667\" srcset=\"https:\/\/institucional.us.es\/docenciaeco\/wp-content\/uploads\/2023\/04\/Alicia-Gonzalez-Moro.jpg 618w, https:\/\/institucional.us.es\/docenciaeco\/wp-content\/uploads\/2023\/04\/Alicia-Gonzalez-Moro-278x300.jpg 278w, https:\/\/institucional.us.es\/docenciaeco\/wp-content\/uploads\/2023\/04\/Alicia-Gonzalez-Moro-16x16.jpg 16w\" sizes=\"(max-width: 618px) 100vw, 618px\" title=\"Alicia Gonz\u00e1lez Moro\" alt=\"\" \t\tclass=\"so-widget-image\"\/>\n\t<\/div>\n\n<\/div><\/div><\/div><\/div><div id=\"pgc-1749-0-1\"  class=\"panel-grid-cell\" ><div id=\"panel-1749-0-1-0\" class=\"so-panel widget widget_sow-editor panel-first-child panel-last-child\" data-index=\"1\" ><div\n\t\t\t\n\t\t\tclass=\"so-widget-sow-editor so-widget-sow-editor-base\"\n\t\t\t\n\t\t>\n<div class=\"siteorigin-widget-tinymce textwidget\">\n\t<h1>ALICIA<br \/>\nGONZ\u00c1LEZ MORO <\/h1>\n<p><em>\u201cPedes in terra ad sidera visus\u201d<\/em><\/p>\n<\/div>\n<\/div><\/div><\/div><\/div><\/div><div id=\"pg-1749-1\"  class=\"panel-grid panel-no-style\" ><div id=\"pgc-1749-1-0\"  class=\"panel-grid-cell\" ><div id=\"panel-1749-1-0-0\" class=\"so-panel widget widget_sow-editor panel-first-child panel-last-child\" data-index=\"2\" ><div\n\t\t\t\n\t\t\tclass=\"so-widget-sow-editor so-widget-sow-editor-base\"\n\t\t\t\n\t\t>\n<div class=\"siteorigin-widget-tinymce textwidget\">\n\t<p style=\"text-align: center;\"><img loading=\"lazy\" decoding=\"async\" class=\"cv-icono wp-image-436\" src=\"https:\/\/institucional.us.es\/docenciaeco\/wp-content\/uploads\/2022\/11\/loc.svg\" alt=\"\" width=\"20\" height=\"20\"> Universidad de Sevilla<\/p>\n<\/div>\n<\/div><\/div><\/div><div id=\"pgc-1749-1-1\"  class=\"panel-grid-cell\" ><div id=\"panel-1749-1-1-0\" class=\"so-panel widget widget_sow-editor panel-first-child panel-last-child\" data-index=\"3\" ><div\n\t\t\t\n\t\t\tclass=\"so-widget-sow-editor so-widget-sow-editor-base\"\n\t\t\t\n\t\t>\n<div class=\"siteorigin-widget-tinymce textwidget\">\n\t<p style=\"text-align: center;\"><img loading=\"lazy\" decoding=\"async\" class=\"cv-icono wp-image-437\" src=\"https:\/\/institucional.us.es\/docenciaeco\/wp-content\/uploads\/2022\/11\/mail.svg\" alt=\"\" width=\"20\" height=\"20\"> agmoro@us.es<\/p>\n<\/div>\n<\/div><\/div><\/div><div id=\"pgc-1749-1-2\"  class=\"panel-grid-cell\" ><div id=\"panel-1749-1-2-0\" class=\"so-panel widget widget_sow-editor panel-first-child panel-last-child\" data-index=\"4\" ><div\n\t\t\t\n\t\t\tclass=\"so-widget-sow-editor so-widget-sow-editor-base\"\n\t\t\t\n\t\t>\n<div class=\"siteorigin-widget-tinymce textwidget\">\n\t<p style=\"text-align: center;\"><img loading=\"lazy\" decoding=\"async\" class=\"cv-icono wp-image-438\" src=\"https:\/\/institucional.us.es\/docenciaeco\/wp-content\/uploads\/2022\/11\/orcid.svg\" alt=\"\" width=\"20\" height=\"20\"> <a href=\"https:\/\/orcid.org\/0000-0001-5239-6041\">ORCID<\/a><\/p>\n<\/div>\n<\/div><\/div><\/div><\/div><div id=\"pg-1749-2\"  class=\"panel-grid panel-has-style\" ><div class=\"panel-row-style panel-row-style-for-1749-2\" ><div id=\"pgc-1749-2-0\"  class=\"panel-grid-cell\" ><div id=\"panel-1749-2-0-0\" class=\"so-panel widget widget_sow-editor panel-first-child panel-last-child\" data-index=\"5\" ><div\n\t\t\t\n\t\t\tclass=\"so-widget-sow-editor so-widget-sow-editor-base\"\n\t\t\t\n\t\t>\n<div class=\"siteorigin-widget-tinymce textwidget\">\n\t<div>Graduada en Derecho por la Universidad de Salamanca (2016) con Premio Extraordinario de Grado, M\u00e1ster Universitario en Derecho Constitucional por la Universidad de Sevilla (2018) con Premio Extraordinario Fin de Estudios y M\u00e1ster Universitario en Ciencia Pol\u00edtica por la Universidad de Salamanca (2018).&nbsp;Actualmente realiza su tesis doctoral en el marco del Programa de Doctorado en Derecho de la Universidad de Sevilla y, durante m\u00e1s de cuatro a\u00f1os, ha trabajado como contratada predoctoral FPU adscrita al Departamento de Derecho Constitucional de dicha universidad.<\/div>\n<div>Por lo que respecta a su actividad docente, ha impartido diversas asignaturas en las que ha procurado poner en pr\u00e1ctica las metodolog\u00edas aprendidas en diversos cursos de formaci\u00f3n. Durante dos cursos acad\u00e9micos ha aplicado la metodolog\u00eda ECO en las asignaturas \u00abDerecho Constitucional I\u00bb y \u00abDerecho de la Informaci\u00f3n\u00bb, obteniendo gratificantes resultados que han dado origen a dos publicaciones y han sido divulgados en diferentes encuentros nacionales e internacionales. Tambi\u00e9n ha formado parte de tres proyectos de innovaci\u00f3n docente:&nbsp;\u00abEl reto en la educaci\u00f3n superior: aprendizaje con ECO\u00bb, \u00abEl m\u00e9todo ECO: innovaci\u00f3n resonante desde lo emocional en el marco de los ODS\u00bb (ambos en la US) y&nbsp;\u00abDerechos Humanos y Objetivos de Desarrollo Sostenible en el arte y la cultura\u00bb (UNED)<\/div>\n<\/div>\n<\/div><\/div><\/div><\/div><\/div><div id=\"pg-1749-3\"  class=\"panel-grid panel-has-style\" ><div class=\"cont_publicaciones panel-row-style panel-row-style-for-1749-3\" ><div id=\"pgc-1749-3-0\"  class=\"panel-grid-cell\" ><div id=\"panel-1749-3-0-0\" class=\"so-panel widget widget_siteorigin-panels-postloop panel-first-child\" data-index=\"6\" >\t<h2>Publicaciones<\/h2>\r\n\t\t\r\n    <div class=\"entry-content publicacion\">\r\n        <p>Gonz\u00e1lez Moro, Alicia y Ana Gald\u00e1mez Morales (2021). Transformando la docencia del Derecho Constitucional y los derechos humanos: El m\u00e9todo ECO. <em>Docencia y Derecho.<\/em>\u00a0<em>Revista para la docencia jur\u00eddica universitaria<\/em> 18, pp.108-128.<\/p>\n\t<\/div>\r\n    \r\n    \r\n\r\n\t\r\n    <div class=\"entry-content publicacion\">\r\n        <p>Gald\u00e1mez Morales, Ana y Alicia Gonz\u00e1lez Moro (2022). Una primera experiencia con el m\u00e9todo eco en la ense\u00f1anza del Derecho Constitucional y los derechos humanos. <i>Revista De Educaci\u00f3n Y Derecho<\/i>, (1 Extraordinario), pp. 117\u2013144.<\/p>\n\t<\/div>\r\n    \r\n    \r\n\r\n\t\r\n\t\r\n\r\n\r\n<\/div><div id=\"panel-1749-3-0-1\" class=\"so-panel widget widget_siteorigin-panels-postloop panel-last-child\" data-index=\"7\" >\r\n\t<h2>Congresos<\/h2>\r\n\t\t\r\n    <div class=\"entry-content publicacion\">\r\n        <p>Gonz\u00e1lez Moro, Alicia y Gald\u00e1mez Morales, Ana (2021). \u00abDerecho Constitucional y derechos humanos: aprendizaje basado en retos con la metodolog\u00eda ECO\u00bb.<em> XVIII Congreso de la Asociaci\u00f3n de Constitucionalistas de Espa\u00f1a<\/em> \u00abEducaci\u00f3n y Libertades en la democracia constitucional\u00bb, celebrado en formato online los d\u00edas 11 y 12 de marzo de 2021.<\/p>\n\t<\/div>\r\n    \r\n    \r\n\r\n\t\r\n    <div class=\"entry-content publicacion\">\r\n        <p>Gald\u00e1mez Morales, Ana y Gonz\u00e1lez Moro, Alicia (2021). \u00abUna primera experiencia con el m\u00e9todo eco en la ense\u00f1anza del derecho constitucional y los derechos humanos\u00bb. <em>Congreso<\/em> \u00abEducaci\u00f3n superior, derechos humanos y objetivo de desarrollo sostenible n\u00ba 4 (educaci\u00f3n) en el contexto de la internacionalizaci\u00f3n de la educaci\u00f3n superior\u00bb, Universitat de Barcelona, 15 de octubre de 2021.<\/p>\n\t<\/div>\r\n    \r\n    \r\n\r\n\t\r\n    <div class=\"entry-content publicacion\">\r\n        <p>Gonz\u00e1lez Moro, Alicia y Gald\u00e1mez Morales, Ana (2021). \u00abM\u00e9todo ECO en la ense\u00f1anza del Derecho Constitucional\u00bb. Congreso \u00abEducaci\u00f3n Superior, Derechos Humanos, Alianza Empresarial y Objetivos de Desarrollo Sostenible (Pr\u00f3xima Estaci\u00f3n ODS 2030)\u00bb, organizado por la Fundaci\u00f3n Profesor Manuel Broseta con la colaboraci\u00f3n de la Facultat de Dret de la Universitat de Val\u00e8ncia, celebrado en formato online los d\u00edas 10 y 17 de Diciembre de 2021.<\/p>\n\t<\/div>\r\n    \r\n    \r\n\r\n\t\r\n\t\r\n\r\n\r\n<\/div><\/div><\/div><\/div><div id=\"pg-1749-4\"  class=\"panel-grid panel-no-style\" ><div id=\"pgc-1749-4-0\"  class=\"panel-grid-cell\" ><div id=\"panel-1749-4-0-0\" class=\"so-panel widget widget_sow-button panel-first-child panel-last-child\" data-index=\"8\" ><div\n\t\t\t\n\t\t\tclass=\"so-widget-sow-button so-widget-sow-button-wire-80810b17e450-1724\"\n\t\t\t\n\t\t><div class=\"ow-button-base ow-button-align-right\"\n>\n\t\t\t<a\n\t\t\t\t\thref=\"https:\/\/institucional.us.es\/docenciaeco\/miembros\/\"\n\t\t\t\t\tclass=\"sowb-button ow-icon-placement-left ow-button-hover\" \t>\n\t\t<span>\n\t\t\t<span class=\"sow-icon-ionicons\" data-sow-icon=\"&#xf3cf;\"\n\t\tstyle=\"color: #000000\" \n\t\taria-hidden=\"true\"><\/span>\n\t\t\tVolver\t\t<\/span>\n\t\t\t<\/a>\n\t<\/div>\n<\/div><\/div><\/div><\/div><\/div>","protected":false},"excerpt":{"rendered":"<p>ALICIA GONZ\u00c1LEZ MORO \u201cPedes in terra ad sidera visus\u201d Universidad de Sevilla agmoro@us.es ORCID Graduada en Derecho por la Universidad de Salamanca (2016) con Premio Extraordinario de Grado, M\u00e1ster Universitario en Derecho Constitucional por la Universidad de Sevilla (2018) con Premio Extraordinario Fin de Estudios y M\u00e1ster Universitario en Ciencia Pol\u00edtica por la Universidad de Salamanca (2018).&nbsp;Actualmente realiza su tesis doctoral en el marco del Programa de Doctorado en Derecho de la Universidad de Sevilla y, durante m\u00e1s de cuatro a\u00f1os, ha trabajado como contratada predoctoral FPU adscrita al Departamento de Derecho Constitucional de dicha universidad. Por lo que respecta a su actividad docente, ha impartido diversas asignaturas en las que ha procurado poner en pr\u00e1ctica las metodolog\u00edas aprendidas en diversos cursos de formaci\u00f3n. Durante dos cursos acad\u00e9micos ha aplicado la metodolog\u00eda ECO en las asignaturas \u00abDerecho Constitucional I\u00bb y \u00abDerecho de la Informaci\u00f3n\u00bb, obteniendo gratificantes resultados que han dado origen a dos publicaciones y han sido divulgados en diferentes encuentros nacionales e internacionales. Tambi\u00e9n ha formado parte de tres proyectos de innovaci\u00f3n docente:&nbsp;\u00abEl reto en la educaci\u00f3n superior: aprendizaje con ECO\u00bb, \u00abEl m\u00e9todo ECO: innovaci\u00f3n resonante desde lo emocional en el marco de los ODS\u00bb (ambos en la US) y&nbsp;\u00abDerechos Humanos y Objetivos de Desarrollo Sostenible en el arte y la cultura\u00bb (UNED)<\/p>\n","protected":false},"author":2,"featured_media":0,"parent":23,"menu_order":0,"comment_status":"closed","ping_status":"closed","template":"","meta":{"inline_featured_image":false,"footnotes":""},"class_list":["post-1749","page","type-page","status-publish","hentry","post"],"_links":{"self":[{"href":"https:\/\/institucional.us.es\/docenciaeco\/wp-json\/wp\/v2\/pages\/1749","targetHints":{"allow":["GET"]}}],"collection":[{"href":"https:\/\/institucional.us.es\/docenciaeco\/wp-json\/wp\/v2\/pages"}],"about":[{"href":"https:\/\/institucional.us.es\/docenciaeco\/wp-json\/wp\/v2\/types\/page"}],"author":[{"embeddable":true,"href":"https:\/\/institucional.us.es\/docenciaeco\/wp-json\/wp\/v2\/users\/2"}],"replies":[{"embeddable":true,"href":"https:\/\/institucional.us.es\/docenciaeco\/wp-json\/wp\/v2\/comments?post=1749"}],"version-history":[{"count":9,"href":"https:\/\/institucional.us.es\/docenciaeco\/wp-json\/wp\/v2\/pages\/1749\/revisions"}],"predecessor-version":[{"id":2590,"href":"https:\/\/institucional.us.es\/docenciaeco\/wp-json\/wp\/v2\/pages\/1749\/revisions\/2590"}],"up":[{"embeddable":true,"href":"https:\/\/institucional.us.es\/docenciaeco\/wp-json\/wp\/v2\/pages\/23"}],"wp:attachment":[{"href":"https:\/\/institucional.us.es\/docenciaeco\/wp-json\/wp\/v2\/media?parent=1749"}],"curies":[{"name":"wp","href":"https:\/\/api.w.org\/{rel}","templated":true}]}}