




{"id":208,"date":"2022-11-18T17:58:37","date_gmt":"2022-11-18T17:58:37","guid":{"rendered":"https:\/\/institucional.us.es\/docenciaeco\/?page_id=208"},"modified":"2025-07-19T00:36:39","modified_gmt":"2025-07-19T00:36:39","slug":"cv-marta-rodriguez","status":"publish","type":"page","link":"https:\/\/institucional.us.es\/docenciaeco\/miembros\/cv-marta-rodriguez\/","title":{"rendered":"CV-Marta Rodr\u00edguez"},"content":{"rendered":"<div id=\"pl-208\"  class=\"panel-layout\" ><div id=\"pg-208-0\"  class=\"panel-grid panel-has-style\" ><div class=\"cv-titulo siteorigin-panels-stretch panel-row-style-full-width panel-row-style panel-row-style-for-208-0\" style=\"background-color: #bfaedf; \" data-stretch-type=\"full\" ><div id=\"pgc-208-0-0\"  class=\"panel-grid-cell\" ><div id=\"panel-208-0-0-0\" class=\"so-panel widget widget_sow-image panel-first-child panel-last-child\" data-index=\"0\" ><div class=\"cv-foto panel-widget-style panel-widget-style-for-208-0-0-0\" ><div\n\t\t\t\n\t\t\tclass=\"so-widget-sow-image so-widget-sow-image-default-13f2a8b12fcc-208\"\n\t\t\t\n\t\t>\n<div class=\"sow-image-container\">\n\t\t<img \n\tsrc=\"https:\/\/institucional.us.es\/docenciaeco\/wp-content\/uploads\/2022\/11\/Foto-Marta-Rodriguez-Investigador-copia.jpg\" width=\"451\" height=\"595\" srcset=\"https:\/\/institucional.us.es\/docenciaeco\/wp-content\/uploads\/2022\/11\/Foto-Marta-Rodriguez-Investigador-copia.jpg 451w, https:\/\/institucional.us.es\/docenciaeco\/wp-content\/uploads\/2022\/11\/Foto-Marta-Rodriguez-Investigador-copia-227x300.jpg 227w\" sizes=\"(max-width: 451px) 100vw, 451px\" title=\"Foto Marta Rodr\u00edguez Investigador copia\" alt=\"\" \t\tclass=\"so-widget-image\"\/>\n\t<\/div>\n\n<\/div><\/div><\/div><\/div><div id=\"pgc-208-0-1\"  class=\"panel-grid-cell\" ><div id=\"panel-208-0-1-0\" class=\"so-panel widget widget_sow-editor panel-first-child panel-last-child\" data-index=\"1\" ><div\n\t\t\t\n\t\t\tclass=\"so-widget-sow-editor so-widget-sow-editor-base\"\n\t\t\t\n\t\t>\n<div class=\"siteorigin-widget-tinymce textwidget\">\n\t<h1>MARTA<br \/>\nRODR\u00cdGUEZ MANZANO<\/h1>\n<p><em>\u201cLectora empedernida y aprendiz incansable. Me encanta ense\u00f1ar y aprender\u201d<\/em><\/p>\n<\/div>\n<\/div><\/div><\/div><\/div><\/div><div id=\"pg-208-1\"  class=\"panel-grid panel-no-style\" ><div id=\"pgc-208-1-0\"  class=\"panel-grid-cell\" ><div id=\"panel-208-1-0-0\" class=\"so-panel widget widget_sow-editor panel-first-child panel-last-child\" data-index=\"2\" ><div\n\t\t\t\n\t\t\tclass=\"so-widget-sow-editor so-widget-sow-editor-base\"\n\t\t\t\n\t\t>\n<div class=\"siteorigin-widget-tinymce textwidget\">\n\t<p style=\"text-align: center;\"><img loading=\"lazy\" decoding=\"async\" class=\"cv-icono wp-image-436\" src=\"https:\/\/institucional.us.es\/docenciaeco\/wp-content\/uploads\/2022\/11\/loc.svg\" alt=\"\" width=\"20\" height=\"20\"> Universidad de Granada<\/p>\n<\/div>\n<\/div><\/div><\/div><div id=\"pgc-208-1-1\"  class=\"panel-grid-cell\" ><div id=\"panel-208-1-1-0\" class=\"so-panel widget widget_sow-editor panel-first-child panel-last-child\" data-index=\"3\" ><div\n\t\t\t\n\t\t\tclass=\"so-widget-sow-editor so-widget-sow-editor-base\"\n\t\t\t\n\t\t>\n<div class=\"siteorigin-widget-tinymce textwidget\">\n\t<p style=\"text-align: center;\"><img loading=\"lazy\" decoding=\"async\" class=\"cv-icono wp-image-437\" src=\"https:\/\/institucional.us.es\/docenciaeco\/wp-content\/uploads\/2022\/11\/mail.svg\" alt=\"\" width=\"20\" height=\"20\"> martarodriguez@ugr.es<\/p>\n<\/div>\n<\/div><\/div><\/div><div id=\"pgc-208-1-2\"  class=\"panel-grid-cell\" ><div id=\"panel-208-1-2-0\" class=\"so-panel widget widget_sow-editor panel-first-child panel-last-child\" data-index=\"4\" ><div\n\t\t\t\n\t\t\tclass=\"so-widget-sow-editor so-widget-sow-editor-base\"\n\t\t\t\n\t\t>\n<div class=\"siteorigin-widget-tinymce textwidget\">\n\t<p style=\"text-align: center;\"><img loading=\"lazy\" decoding=\"async\" class=\"cv-icono wp-image-438\" src=\"https:\/\/institucional.us.es\/docenciaeco\/wp-content\/uploads\/2022\/11\/orcid.svg\" alt=\"\" width=\"20\" height=\"20\"> <a href=\"https:\/\/orcid.org\/0000-0001-7165-3146\">ORCID<\/a><\/p>\n<\/div>\n<\/div><\/div><\/div><\/div><div id=\"pg-208-2\"  class=\"panel-grid panel-has-style\" ><div class=\"panel-row-style panel-row-style-for-208-2\" ><div id=\"pgc-208-2-0\"  class=\"panel-grid-cell\" ><div id=\"panel-208-2-0-0\" class=\"so-panel widget widget_sow-editor panel-first-child panel-last-child\" data-index=\"5\" ><div\n\t\t\t\n\t\t\tclass=\"so-widget-sow-editor so-widget-sow-editor-base\"\n\t\t\t\n\t\t>\n<div class=\"siteorigin-widget-tinymce textwidget\">\n\t<p>Profesora Ayudante Doctora del Departamento de Lengua Espa\u00f1ola de la Facultad de Filosof\u00eda y Letras de la Universidad de Granada, es Doctora (con Menci\u00f3n Internacional y Cum Laude) en Estudios Filol\u00f3gicos por la Universidad de Sevilla (2019). Obtuvo el Premio Tesis Doctoral 2019 (ex aequo) otorgado por el Instituto Universitario de Estudios sobre Am\u00e9rica Latina (IEAL) de la Universidad de Sevilla.<\/p>\n<p>Docente en las Universidades de Sevilla y M\u00e1laga, ha impartido asignaturas vinculadas a la Lengua Espa\u00f1ola en los Grados de Filolog\u00eda Hisp\u00e1nica, Periodismo, Publicidad y Relaciones P\u00fablicas, Comunicaci\u00f3n Audiovisual y Traducci\u00f3n e Interpretaci\u00f3n. Su compromiso con la innovaci\u00f3n educativa universitaria le ha llevado a participar en cursos, seminarios y congresos tanto nacionales como internacionales. Sus principales retos son seguir mejorando la calidad de su docencia y motivar al alumnado para alcanzar un mayor grado de aprendizaje<\/p>\n<\/div>\n<\/div><\/div><\/div><\/div><\/div><div id=\"pg-208-3\"  class=\"panel-grid panel-has-style\" ><div class=\"cont_publicaciones panel-row-style panel-row-style-for-208-3\" ><div id=\"pgc-208-3-0\"  class=\"panel-grid-cell\" ><div id=\"panel-208-3-0-0\" class=\"so-panel widget widget_siteorigin-panels-postloop panel-first-child\" data-index=\"6\" >\t<h2>Publicaciones<\/h2>\r\n\t\t\r\n    <div class=\"entry-content publicacion\">\r\n        <p>Rodr\u00edguez Manzano, Marta (2024). La eficacia del m\u00e9todo ECO para la did\u00e1ctica de la lengua espa\u00f1ola en el \u00e1mbito universitario: un enfoque innovador en la ense\u00f1anza de la fon\u00e9tica y la fonolog\u00eda.\u00a0 En M. Puig Guti\u00e9rrez, A. J. Garc\u00eda Gonz\u00e1lez,\u00a0 O. Guijarro-Cordob\u00e9s y M.<em><br \/>\n<\/em>Carrillo Cabeza (Eds.), <em>Descubriendo nuevos horizontes en innovaci\u00f3n educativa <\/em>(pp.180-189). Dykinson.<\/p>\n\t<\/div>\r\n    \r\n    \r\n\r\n\t\r\n\t\r\n\r\n\r\n<\/div><div id=\"panel-208-3-0-1\" class=\"so-panel widget widget_siteorigin-panels-postloop panel-last-child\" data-index=\"7\" >\r\n\t<h2>Congresos<\/h2>\r\n\t\t\r\n    <div class=\"entry-content publicacion\">\r\n        <p>Rodr\u00edguez Manzano, Marta (2023). La did\u00e1ctica de la fon\u00e9tica y la fonolog\u00eda espa\u00f1ola a trav\u00e9s del m\u00e9todo ECO: una pr\u00e1ctica docente innovadora en el contexto universitario. Comunicaci\u00f3n en Jornada.\u00a0<em>I Jornadas Internacionales de Innovaci\u00f3n Docente<\/em>. Universidad de Sevilla. 2023.<\/p>\n\t<\/div>\r\n    \r\n    \r\n\r\n\t\r\n\t\r\n\r\n\r\n<\/div><\/div><\/div><\/div><div id=\"pg-208-4\"  class=\"panel-grid panel-no-style\" ><div id=\"pgc-208-4-0\"  class=\"panel-grid-cell\" ><div id=\"panel-208-4-0-0\" class=\"so-panel widget widget_sow-button panel-first-child panel-last-child\" data-index=\"8\" ><div\n\t\t\t\n\t\t\tclass=\"so-widget-sow-button so-widget-sow-button-wire-80810b17e450-756\"\n\t\t\t\n\t\t><div class=\"ow-button-base ow-button-align-right\"\n>\n\t\t\t<a\n\t\t\t\t\thref=\"https:\/\/institucional.us.es\/docenciaeco\/miembros\/\"\n\t\t\t\t\tclass=\"sowb-button ow-icon-placement-left ow-button-hover\" \t>\n\t\t<span>\n\t\t\t<span class=\"sow-icon-ionicons\" data-sow-icon=\"&#xf3cf;\"\n\t\tstyle=\"color: #000000\" \n\t\taria-hidden=\"true\"><\/span>\n\t\t\tVolver\t\t<\/span>\n\t\t\t<\/a>\n\t<\/div>\n<\/div><\/div><\/div><\/div><\/div>","protected":false},"excerpt":{"rendered":"<p>MARTA RODR\u00cdGUEZ MANZANO \u201cLectora empedernida y aprendiz incansable. Me encanta ense\u00f1ar y aprender\u201d Universidad de Granada martarodriguez@ugr.es ORCID Profesora Ayudante Doctora del Departamento de Lengua Espa\u00f1ola de la Facultad de Filosof\u00eda y Letras de la Universidad de Granada, es Doctora (con Menci\u00f3n Internacional y Cum Laude) en Estudios Filol\u00f3gicos por la Universidad de Sevilla (2019). Obtuvo el Premio Tesis Doctoral 2019 (ex aequo) otorgado por el Instituto Universitario de Estudios sobre Am\u00e9rica Latina (IEAL) de la Universidad de Sevilla. Docente en las Universidades de Sevilla y M\u00e1laga, ha impartido asignaturas vinculadas a la Lengua Espa\u00f1ola en los Grados de Filolog\u00eda Hisp\u00e1nica, Periodismo, Publicidad y Relaciones P\u00fablicas, Comunicaci\u00f3n Audiovisual y Traducci\u00f3n e Interpretaci\u00f3n. Su compromiso con la innovaci\u00f3n educativa universitaria le ha llevado a participar en cursos, seminarios y congresos tanto nacionales como internacionales. Sus principales retos son seguir mejorando la calidad de su docencia y motivar al alumnado para alcanzar un mayor grado de aprendizaje<\/p>\n","protected":false},"author":2,"featured_media":0,"parent":23,"menu_order":0,"comment_status":"closed","ping_status":"closed","template":"","meta":{"inline_featured_image":false,"footnotes":""},"class_list":["post-208","page","type-page","status-publish","hentry","post"],"_links":{"self":[{"href":"https:\/\/institucional.us.es\/docenciaeco\/wp-json\/wp\/v2\/pages\/208","targetHints":{"allow":["GET"]}}],"collection":[{"href":"https:\/\/institucional.us.es\/docenciaeco\/wp-json\/wp\/v2\/pages"}],"about":[{"href":"https:\/\/institucional.us.es\/docenciaeco\/wp-json\/wp\/v2\/types\/page"}],"author":[{"embeddable":true,"href":"https:\/\/institucional.us.es\/docenciaeco\/wp-json\/wp\/v2\/users\/2"}],"replies":[{"embeddable":true,"href":"https:\/\/institucional.us.es\/docenciaeco\/wp-json\/wp\/v2\/comments?post=208"}],"version-history":[{"count":39,"href":"https:\/\/institucional.us.es\/docenciaeco\/wp-json\/wp\/v2\/pages\/208\/revisions"}],"predecessor-version":[{"id":2599,"href":"https:\/\/institucional.us.es\/docenciaeco\/wp-json\/wp\/v2\/pages\/208\/revisions\/2599"}],"up":[{"embeddable":true,"href":"https:\/\/institucional.us.es\/docenciaeco\/wp-json\/wp\/v2\/pages\/23"}],"wp:attachment":[{"href":"https:\/\/institucional.us.es\/docenciaeco\/wp-json\/wp\/v2\/media?parent=208"}],"curies":[{"name":"wp","href":"https:\/\/api.w.org\/{rel}","templated":true}]}}