




{"id":2424,"date":"2022-11-18T17:58:37","date_gmt":"2022-11-18T17:58:37","guid":{"rendered":"https:\/\/institucional.us.es\/docenciaeco\/?page_id=2424"},"modified":"2025-07-20T18:55:33","modified_gmt":"2025-07-20T18:55:33","slug":"cv-fatima","status":"publish","type":"page","link":"https:\/\/institucional.us.es\/docenciaeco\/miembros\/cv-fatima\/","title":{"rendered":"CV-F\u00e1tima"},"content":{"rendered":"<div id=\"pl-2424\"  class=\"panel-layout\" ><div id=\"pg-2424-0\"  class=\"panel-grid panel-has-style\" ><div class=\"cv-titulo siteorigin-panels-stretch panel-row-style-full-width panel-row-style panel-row-style-for-2424-0\" style=\"background-color: #bfaedf; \" data-stretch-type=\"full\" ><div id=\"pgc-2424-0-0\"  class=\"panel-grid-cell\" ><div id=\"panel-2424-0-0-0\" class=\"so-panel widget widget_sow-image panel-first-child panel-last-child\" data-index=\"0\" ><div class=\"cv-foto panel-widget-style panel-widget-style-for-2424-0-0-0\" ><div\n\t\t\t\n\t\t\tclass=\"so-widget-sow-image so-widget-sow-image-default-13f2a8b12fcc-2424\"\n\t\t\t\n\t\t>\n<div class=\"sow-image-container\">\n\t\t<img \n\tsrc=\"https:\/\/institucional.us.es\/docenciaeco\/wp-content\/uploads\/2024\/10\/Foto-Fatima-Aguayo-e1728148811825-300x300.jpg\" width=\"300\" height=\"300\" srcset=\"https:\/\/institucional.us.es\/docenciaeco\/wp-content\/uploads\/2024\/10\/Foto-Fatima-Aguayo-e1728148811825-300x300.jpg 300w, https:\/\/institucional.us.es\/docenciaeco\/wp-content\/uploads\/2024\/10\/Foto-Fatima-Aguayo-e1728148811825-150x150.jpg 150w, https:\/\/institucional.us.es\/docenciaeco\/wp-content\/uploads\/2024\/10\/Foto-Fatima-Aguayo-e1728148811825-768x768.jpg 768w, https:\/\/institucional.us.es\/docenciaeco\/wp-content\/uploads\/2024\/10\/Foto-Fatima-Aguayo-e1728148811825-250x250.jpg 250w, https:\/\/institucional.us.es\/docenciaeco\/wp-content\/uploads\/2024\/10\/Foto-Fatima-Aguayo-e1728148811825-375x375.jpg 375w, https:\/\/institucional.us.es\/docenciaeco\/wp-content\/uploads\/2024\/10\/Foto-Fatima-Aguayo-e1728148811825-16x16.jpg 16w, https:\/\/institucional.us.es\/docenciaeco\/wp-content\/uploads\/2024\/10\/Foto-Fatima-Aguayo-e1728148811825.jpg 848w\" sizes=\"(max-width: 300px) 100vw, 300px\" title=\"Foto Fa\u0301tima Aguayo\" alt=\"\" \t\tclass=\"so-widget-image\"\/>\n\t<\/div>\n\n<\/div><\/div><\/div><\/div><div id=\"pgc-2424-0-1\"  class=\"panel-grid-cell\" ><div id=\"panel-2424-0-1-0\" class=\"so-panel widget widget_sow-editor panel-first-child panel-last-child\" data-index=\"1\" ><div\n\t\t\t\n\t\t\tclass=\"so-widget-sow-editor so-widget-sow-editor-base\"\n\t\t\t\n\t\t>\n<div class=\"siteorigin-widget-tinymce textwidget\">\n\t<h1>F\u00c1TIMA<br \/>\nAGUAYO HIDALGO<\/h1>\n<p><em>\u201c Educar la mente sin educar el coraz\u00f3n no es educaci\u00f3n en absoluto\" <\/em>(Arist\u00f3teles)<\/p>\n<\/div>\n<\/div><\/div><\/div><\/div><\/div><div id=\"pg-2424-1\"  class=\"panel-grid panel-no-style\" ><div id=\"pgc-2424-1-0\"  class=\"panel-grid-cell\" ><div id=\"panel-2424-1-0-0\" class=\"so-panel widget widget_sow-editor panel-first-child panel-last-child\" data-index=\"2\" ><div\n\t\t\t\n\t\t\tclass=\"so-widget-sow-editor so-widget-sow-editor-base\"\n\t\t\t\n\t\t>\n<div class=\"siteorigin-widget-tinymce textwidget\">\n\t<p style=\"text-align: center;\"><img loading=\"lazy\" decoding=\"async\" class=\"cv-icono wp-image-436\" src=\"https:\/\/docenciaeco.edu.eu.org\/wp-content\/uploads\/2022\/11\/loc.svg\" alt=\"\" width=\"20\" height=\"20\" \/> Universidad de Sevilla<\/p>\n<\/div>\n<\/div><\/div><\/div><div id=\"pgc-2424-1-1\"  class=\"panel-grid-cell\" ><div id=\"panel-2424-1-1-0\" class=\"so-panel widget widget_sow-editor panel-first-child panel-last-child\" data-index=\"3\" ><div\n\t\t\t\n\t\t\tclass=\"so-widget-sow-editor so-widget-sow-editor-base\"\n\t\t\t\n\t\t>\n<div class=\"siteorigin-widget-tinymce textwidget\">\n\t<p style=\"text-align: center;\"><img loading=\"lazy\" decoding=\"async\" class=\"cv-icono alignnone wp-image-437\" src=\"https:\/\/docenciaeco.edu.eu.org\/wp-content\/uploads\/2022\/11\/mail.svg\" alt=\"\" width=\"20\" height=\"20\" \/> fahidalgo@us.es<\/p>\n<\/div>\n<\/div><\/div><\/div><div id=\"pgc-2424-1-2\"  class=\"panel-grid-cell\" ><div id=\"panel-2424-1-2-0\" class=\"so-panel widget widget_sow-editor panel-first-child panel-last-child\" data-index=\"4\" ><div\n\t\t\t\n\t\t\tclass=\"so-widget-sow-editor so-widget-sow-editor-base\"\n\t\t\t\n\t\t>\n<div class=\"siteorigin-widget-tinymce textwidget\">\n\t<p style=\"text-align: center;\"><img loading=\"lazy\" decoding=\"async\" class=\"cv-icono alignnone wp-image-438\" src=\"https:\/\/docenciaeco.edu.eu.org\/wp-content\/uploads\/2022\/11\/orcid.svg\" alt=\"\" width=\"20\" height=\"20\" \/> <a href=\"https:\/\/orcid.org\/0000-0001-6649-7732\">ORCID<\/a><\/p>\n<\/div>\n<\/div><\/div><\/div><\/div><div id=\"pg-2424-2\"  class=\"panel-grid panel-has-style\" ><div class=\"panel-row-style panel-row-style-for-2424-2\" ><div id=\"pgc-2424-2-0\"  class=\"panel-grid-cell\" ><div id=\"panel-2424-2-0-0\" class=\"so-panel widget widget_sow-editor panel-first-child panel-last-child\" data-index=\"5\" ><div\n\t\t\t\n\t\t\tclass=\"so-widget-sow-editor so-widget-sow-editor-base\"\n\t\t\t\n\t\t>\n<div class=\"siteorigin-widget-tinymce textwidget\">\n\t<p>Doctora en Filolog\u00eda Cl\u00e1sica por la Universidad de Sevilla y Doble M\u00e1ster en Estudios Ling\u00fc\u00edsticos, Literarios y Culturales y en Ense\u00f1anza Secundaria. Actualmente es Profesora Sustituta Interina en el Departamento de Filolog\u00eda Griega y l de l de la Universidad de Sevilla. Ha impartido asignaturas del \u00e1rea de Filolog\u00eda Griega en la Universidad de Sevilla en el Grado en Filolog\u00eda Cl\u00e1sica y el Doble Grado en Filolog\u00eda Clasica e Hisp\u00e1nica. Su dedicaci\u00f3n a la ense\u00f1anza la ha motivado a involucrarse en m\u00faltiples cursos de formaci\u00f3n y eventos centrados en la innovaci\u00f3n educativa.<\/p>\n<\/div>\n<\/div><\/div><\/div><\/div><\/div><div id=\"pg-2424-3\"  class=\"panel-grid panel-has-style\" ><div class=\"cont_publicaciones panel-row-style panel-row-style-for-2424-3\" ><div id=\"pgc-2424-3-0\"  class=\"panel-grid-cell\" ><div id=\"panel-2424-3-0-0\" class=\"so-panel widget widget_siteorigin-panels-postloop panel-first-child\" data-index=\"6\" >\t<h2>Publicaciones<\/h2>\r\n\t\t\r\n    <div class=\"entry-content publicacion\">\r\n        <p>Aguayo Hidalgo, F\u00e1tima (2021). Renovar la Antigu\u0308edad: Ciclo de Mejora en la asignatura Lengua Cl\u00e1sica Griego. En R. Porl\u00e1n Ariza, E. Navarro Medina y A.F. Villarejo Ramos (coords.), <em>Ciclos de mejora en el aula. A\u00f1o 2020 Experiencias de innovaci\u00f3n docente de la Universidad de Sevilla<\/em> (pp. 536-554). Universidad de Sevilla.<\/p>\n\t<\/div>\r\n    \r\n    \r\n\r\n\t\r\n    <div class=\"entry-content publicacion\">\r\n        <p>Aguayo Hidalgo, F\u00e1tima (2023). Traducir lo nuevo, traducir lo antiguo: \u039c\u0395\u0398\u0395\u03a1\u039c\u0397\u039d\u0395Y\u03a9 como m\u00e9todo para el estudio de los textos cl\u00e1sicos. En E. L\u00f3pez Meneses y C. Bernal Bravo (coords.), <em>Educaci\u00f3n, Tecnolog\u00eda, Innovaci\u00f3n y Transferencia de Conocimiento<\/em> (pp. 991-999). Dykinson.<\/p>\n\t<\/div>\r\n    \r\n    \r\n\r\n\t\r\n    <div class=\"entry-content publicacion\">\r\n        <p>Aguayo Hidalgo, F\u00e1tima (2023). Nuevas perspectivas para la ense\u00f1anza de textos griegos cl\u00e1sicos. En R. Porl\u00e1n Ariza y A.F. Villarejo Ramos (coords.), <em>Ciclos de mejora en el aula. Curso 2022-23. Experiencias de innovaci\u00f3n docente de la Universidad de Sevilla<\/em> (pp. 789-802). Universidad de Sevilla.<\/p>\n\t<\/div>\r\n    \r\n    \r\n\r\n\t\r\n\t\r\n\r\n\r\n<\/div><div id=\"panel-2424-3-0-1\" class=\"so-panel widget widget_siteorigin-panels-postloop panel-last-child\" data-index=\"7\" ><\/div><\/div><\/div><\/div><div id=\"pg-2424-4\"  class=\"panel-grid panel-no-style\" ><div id=\"pgc-2424-4-0\"  class=\"panel-grid-cell\" ><div id=\"panel-2424-4-0-0\" class=\"so-panel widget widget_sow-button panel-first-child panel-last-child\" data-index=\"8\" ><div\n\t\t\t\n\t\t\tclass=\"so-widget-sow-button so-widget-sow-button-wire-80810b17e450-2437\"\n\t\t\t\n\t\t><div class=\"ow-button-base ow-button-align-right\"\n>\n\t\t\t<a\n\t\t\t\t\thref=\"https:\/\/institucional.us.es\/docenciaeco\/miembros\/\"\n\t\t\t\t\tclass=\"sowb-button ow-icon-placement-left ow-button-hover\" \t>\n\t\t<span>\n\t\t\t<span class=\"sow-icon-ionicons\" data-sow-icon=\"&#xf3cf;\"\n\t\tstyle=\"color: #000000\" \n\t\taria-hidden=\"true\"><\/span>\n\t\t\tVolver\t\t<\/span>\n\t\t\t<\/a>\n\t<\/div>\n<\/div><\/div><\/div><\/div><\/div>","protected":false},"excerpt":{"rendered":"<p>F\u00c1TIMA AGUAYO HIDALGO \u201c Educar la mente sin educar el coraz\u00f3n no es educaci\u00f3n en absoluto\u00bb (Arist\u00f3teles) Universidad de Sevilla fahidalgo@us.es ORCID Doctora en Filolog\u00eda Cl\u00e1sica por la Universidad de Sevilla y Doble M\u00e1ster en Estudios Ling\u00fc\u00edsticos, Literarios y Culturales y en Ense\u00f1anza Secundaria. Actualmente es Profesora Sustituta Interina en el Departamento de Filolog\u00eda Griega y l de l de la Universidad de Sevilla. Ha impartido asignaturas del \u00e1rea de Filolog\u00eda Griega en la Universidad de Sevilla en el Grado en Filolog\u00eda Cl\u00e1sica y el Doble Grado en Filolog\u00eda Clasica e Hisp\u00e1nica. Su dedicaci\u00f3n a la ense\u00f1anza la ha motivado a involucrarse en m\u00faltiples cursos de formaci\u00f3n y eventos centrados en la innovaci\u00f3n educativa. Volver<\/p>\n","protected":false},"author":2,"featured_media":0,"parent":23,"menu_order":0,"comment_status":"closed","ping_status":"closed","template":"","meta":{"inline_featured_image":false,"footnotes":""},"class_list":["post-2424","page","type-page","status-publish","hentry","post"],"_links":{"self":[{"href":"https:\/\/institucional.us.es\/docenciaeco\/wp-json\/wp\/v2\/pages\/2424","targetHints":{"allow":["GET"]}}],"collection":[{"href":"https:\/\/institucional.us.es\/docenciaeco\/wp-json\/wp\/v2\/pages"}],"about":[{"href":"https:\/\/institucional.us.es\/docenciaeco\/wp-json\/wp\/v2\/types\/page"}],"author":[{"embeddable":true,"href":"https:\/\/institucional.us.es\/docenciaeco\/wp-json\/wp\/v2\/users\/2"}],"replies":[{"embeddable":true,"href":"https:\/\/institucional.us.es\/docenciaeco\/wp-json\/wp\/v2\/comments?post=2424"}],"version-history":[{"count":10,"href":"https:\/\/institucional.us.es\/docenciaeco\/wp-json\/wp\/v2\/pages\/2424\/revisions"}],"predecessor-version":[{"id":2575,"href":"https:\/\/institucional.us.es\/docenciaeco\/wp-json\/wp\/v2\/pages\/2424\/revisions\/2575"}],"up":[{"embeddable":true,"href":"https:\/\/institucional.us.es\/docenciaeco\/wp-json\/wp\/v2\/pages\/23"}],"wp:attachment":[{"href":"https:\/\/institucional.us.es\/docenciaeco\/wp-json\/wp\/v2\/media?parent=2424"}],"curies":[{"name":"wp","href":"https:\/\/api.w.org\/{rel}","templated":true}]}}