




{"id":2444,"date":"2022-11-18T17:58:37","date_gmt":"2022-11-18T17:58:37","guid":{"rendered":"https:\/\/institucional.us.es\/docenciaeco\/?page_id=2444"},"modified":"2025-07-19T00:35:34","modified_gmt":"2025-07-19T00:35:34","slug":"cv-leyre","status":"publish","type":"page","link":"https:\/\/institucional.us.es\/docenciaeco\/miembros\/cv-leyre\/","title":{"rendered":"CV-Leyre"},"content":{"rendered":"<div id=\"pl-2444\"  class=\"panel-layout\" ><div id=\"pg-2444-0\"  class=\"panel-grid panel-has-style\" ><div class=\"cv-titulo siteorigin-panels-stretch panel-row-style-full-width panel-row-style panel-row-style-for-2444-0\" style=\"background-color: #bfaedf; \" data-stretch-type=\"full\" ><div id=\"pgc-2444-0-0\"  class=\"panel-grid-cell\" ><div id=\"panel-2444-0-0-0\" class=\"so-panel widget widget_sow-image panel-first-child panel-last-child\" data-index=\"0\" ><div class=\"cv-foto panel-widget-style panel-widget-style-for-2444-0-0-0\" ><div\n\t\t\t\n\t\t\tclass=\"so-widget-sow-image so-widget-sow-image-default-13f2a8b12fcc-2444\"\n\t\t\t\n\t\t>\n<div class=\"sow-image-container\">\n\t\t<img \n\tsrc=\"https:\/\/institucional.us.es\/docenciaeco\/wp-content\/uploads\/2024\/10\/descarga.jpg\" width=\"259\" height=\"194\" sizes=\"(max-width: 259px) 100vw, 259px\" alt=\"\" \t\tclass=\"so-widget-image\"\/>\n\t<\/div>\n\n<\/div><\/div><\/div><\/div><div id=\"pgc-2444-0-1\"  class=\"panel-grid-cell\" ><div id=\"panel-2444-0-1-0\" class=\"so-panel widget widget_sow-editor panel-first-child panel-last-child\" data-index=\"1\" ><div\n\t\t\t\n\t\t\tclass=\"so-widget-sow-editor so-widget-sow-editor-base\"\n\t\t\t\n\t\t>\n<div class=\"siteorigin-widget-tinymce textwidget\">\n\t<h1>LEYRE<br \/>\nMART\u00cdN AIZPURU<\/h1>\n<p>\u201c<em>Teachers are the real influencers<\/em>\u201d (Superbrit\u00e1nico)<\/p>\n<\/div>\n<\/div><\/div><\/div><\/div><\/div><div id=\"pg-2444-1\"  class=\"panel-grid panel-no-style\" ><div id=\"pgc-2444-1-0\"  class=\"panel-grid-cell\" ><div id=\"panel-2444-1-0-0\" class=\"so-panel widget widget_sow-editor panel-first-child panel-last-child\" data-index=\"2\" ><div\n\t\t\t\n\t\t\tclass=\"so-widget-sow-editor so-widget-sow-editor-base\"\n\t\t\t\n\t\t>\n<div class=\"siteorigin-widget-tinymce textwidget\">\n\t<p style=\"text-align: center;\"><img loading=\"lazy\" decoding=\"async\" class=\"cv-icono wp-image-436\" src=\"https:\/\/institucional.us.es\/docenciaeco\/wp-content\/uploads\/2022\/11\/loc.svg\" alt=\"\" width=\"20\" height=\"20\"> Universidad de Sevilla<\/p>\n<\/div>\n<\/div><\/div><\/div><div id=\"pgc-2444-1-1\"  class=\"panel-grid-cell\" ><div id=\"panel-2444-1-1-0\" class=\"so-panel widget widget_sow-editor panel-first-child panel-last-child\" data-index=\"3\" ><div\n\t\t\t\n\t\t\tclass=\"so-widget-sow-editor so-widget-sow-editor-base\"\n\t\t\t\n\t\t>\n<div class=\"siteorigin-widget-tinymce textwidget\">\n\t<p style=\"text-align: center;\"><img loading=\"lazy\" decoding=\"async\" class=\"cv-icono alignnone wp-image-437\" src=\"https:\/\/institucional.us.es\/docenciaeco\/wp-content\/uploads\/2022\/11\/mail.svg\" alt=\"\" width=\"20\" height=\"20\"> lmartin12@us.es<\/p>\n<\/div>\n<\/div><\/div><\/div><div id=\"pgc-2444-1-2\"  class=\"panel-grid-cell\" ><div id=\"panel-2444-1-2-0\" class=\"so-panel widget widget_sow-editor panel-first-child panel-last-child\" data-index=\"4\" ><div\n\t\t\t\n\t\t\tclass=\"so-widget-sow-editor so-widget-sow-editor-base\"\n\t\t\t\n\t\t>\n<div class=\"siteorigin-widget-tinymce textwidget\">\n\t<p style=\"text-align: center;\"><img loading=\"lazy\" decoding=\"async\" class=\"cv-icono alignnone wp-image-438\" src=\"https:\/\/institucional.us.es\/docenciaeco\/wp-content\/uploads\/2022\/11\/orcid.svg\" alt=\"\" width=\"20\" height=\"20\"> <a href=\"https:\/\/orcid.org\/0000-0002-8025-1031\">ORCID<\/a><\/p>\n<\/div>\n<\/div><\/div><\/div><\/div><div id=\"pg-2444-2\"  class=\"panel-grid panel-has-style\" ><div class=\"panel-row-style panel-row-style-for-2444-2\" ><div id=\"pgc-2444-2-0\"  class=\"panel-grid-cell\" ><div id=\"panel-2444-2-0-0\" class=\"so-panel widget widget_sow-editor panel-first-child panel-last-child\" data-index=\"5\" ><div\n\t\t\t\n\t\t\tclass=\"so-widget-sow-editor so-widget-sow-editor-base\"\n\t\t\t\n\t\t>\n<div class=\"siteorigin-widget-tinymce textwidget\">\n\t<p>Soy Profesora Ayudante Doctora en el Departamento de Lengua Espa\u00f1ola, Ling\u00fc\u00edstica y Teor\u00eda de la Literatura de la Universidad de Sevilla, doctora en Filolog\u00eda Hisp\u00e1nica y m\u00e1ster en <em>Ense\u00f1anza del Espa\u00f1ol como Lengua Extranjera<\/em> por la Universidad de Salamanca. He desempe\u00f1ado tareas docentes y de investigaci\u00f3n en las universidades de Salamanca (USal) y Granada (UGR) y he hecho una estancia ERASMUS+ en la Universit\u00e0 degli Studi della Tuscia (Viterbo, Italia). He explorado la aplicaci\u00f3n de diversas metodolog\u00edas innovadoras en mis clases; por ejemplo, he implementado los proyectos de tutorizaci\u00f3n en varias asignaturas del grado de Filolog\u00eda Hisp\u00e1nica (USal) y la clase invertida en el Grado de Traducci\u00f3n e Interpretaci\u00f3n (UGR). He impartido diversas asignaturas en el <em>M\u00e1ster de Formaci\u00f3n del Profesorado de Educaci\u00f3n Secundaria<\/em> y en <em>M\u00e1ster en Ense\u00f1anza del Espa\u00f1ol como Lengua Extranjera y otras Lenguas Modernas<\/em> (US), donde he dirigido numerosos TFM. Desde 2022, codirijo las ediciones anuales del <em>Curso de Formaci\u00f3n para profesores de Espa\u00f1ol como L2<\/em> (CFP-US).<\/p>\n<\/div>\n<\/div><\/div><\/div><\/div><\/div><div id=\"pg-2444-3\"  class=\"panel-grid panel-has-style\" ><div class=\"cont_publicaciones panel-row-style panel-row-style-for-2444-3\" ><div id=\"pgc-2444-3-0\"  class=\"panel-grid-cell\" ><div id=\"panel-2444-3-0-0\" class=\"so-panel widget widget_siteorigin-panels-postloop panel-first-child\" data-index=\"6\" ><\/div><div id=\"panel-2444-3-0-1\" class=\"so-panel widget widget_siteorigin-panels-postloop panel-last-child\" data-index=\"7\" ><\/div><\/div><\/div><\/div><div id=\"pg-2444-4\"  class=\"panel-grid panel-no-style\" ><div id=\"pgc-2444-4-0\"  class=\"panel-grid-cell\" ><div id=\"panel-2444-4-0-0\" class=\"so-panel widget widget_sow-button panel-first-child panel-last-child\" data-index=\"8\" ><div\n\t\t\t\n\t\t\tclass=\"so-widget-sow-button so-widget-sow-button-wire-80810b17e450-2444\"\n\t\t\t\n\t\t><div class=\"ow-button-base ow-button-align-right\"\n>\n\t\t\t<a\n\t\t\t\t\thref=\"https:\/\/institucional.us.es\/docenciaeco\/miembros\/\"\n\t\t\t\t\tclass=\"sowb-button ow-icon-placement-left ow-button-hover\" \t>\n\t\t<span>\n\t\t\t<span class=\"sow-icon-ionicons\" data-sow-icon=\"&#xf3cf;\"\n\t\tstyle=\"color: #000000\" \n\t\taria-hidden=\"true\"><\/span>\n\t\t\tVolver\t\t<\/span>\n\t\t\t<\/a>\n\t<\/div>\n<\/div><\/div><\/div><\/div><\/div>","protected":false},"excerpt":{"rendered":"<p>LEYRE MART\u00cdN AIZPURU \u201cTeachers are the real influencers\u201d (Superbrit\u00e1nico) Universidad de Sevilla lmartin12@us.es ORCID<\/p>\n","protected":false},"author":2,"featured_media":0,"parent":23,"menu_order":0,"comment_status":"closed","ping_status":"closed","template":"","meta":{"inline_featured_image":false,"footnotes":""},"class_list":["post-2444","page","type-page","status-publish","hentry","post"],"_links":{"self":[{"href":"https:\/\/institucional.us.es\/docenciaeco\/wp-json\/wp\/v2\/pages\/2444","targetHints":{"allow":["GET"]}}],"collection":[{"href":"https:\/\/institucional.us.es\/docenciaeco\/wp-json\/wp\/v2\/pages"}],"about":[{"href":"https:\/\/institucional.us.es\/docenciaeco\/wp-json\/wp\/v2\/types\/page"}],"author":[{"embeddable":true,"href":"https:\/\/institucional.us.es\/docenciaeco\/wp-json\/wp\/v2\/users\/2"}],"replies":[{"embeddable":true,"href":"https:\/\/institucional.us.es\/docenciaeco\/wp-json\/wp\/v2\/comments?post=2444"}],"version-history":[{"count":10,"href":"https:\/\/institucional.us.es\/docenciaeco\/wp-json\/wp\/v2\/pages\/2444\/revisions"}],"predecessor-version":[{"id":2595,"href":"https:\/\/institucional.us.es\/docenciaeco\/wp-json\/wp\/v2\/pages\/2444\/revisions\/2595"}],"up":[{"embeddable":true,"href":"https:\/\/institucional.us.es\/docenciaeco\/wp-json\/wp\/v2\/pages\/23"}],"wp:attachment":[{"href":"https:\/\/institucional.us.es\/docenciaeco\/wp-json\/wp\/v2\/media?parent=2444"}],"curies":[{"name":"wp","href":"https:\/\/api.w.org\/{rel}","templated":true}]}}