




{"id":2649,"date":"2025-07-20T17:55:09","date_gmt":"2025-07-20T17:55:09","guid":{"rendered":"https:\/\/institucional.us.es\/docenciaeco\/?page_id=2649"},"modified":"2025-07-27T10:49:09","modified_gmt":"2025-07-27T10:49:09","slug":"miembros-2022-2024","status":"publish","type":"page","link":"https:\/\/institucional.us.es\/docenciaeco\/miembros-2022-2024\/","title":{"rendered":"Miembros (2022-2024)"},"content":{"rendered":"<div id=\"pl-2649\"  class=\"panel-layout\" ><div id=\"pg-2649-0\"  class=\"panel-grid panel-no-style\" ><div id=\"pgc-2649-0-0\"  class=\"panel-grid-cell\" ><div id=\"panel-2649-0-0-0\" class=\"so-panel widget widget_sow-image panel-first-child panel-last-child\" data-index=\"0\" ><div\n\t\t\t\n\t\t\tclass=\"so-widget-sow-image so-widget-sow-image-default-113ccd71f3e6-2649\"\n\t\t\t\n\t\t>\n<div class=\"sow-image-container\">\n\t\t\t<a href=\"https:\/\/institucional.us.es\/docenciaeco\/miembros\/cv-bibi\/\"\n\t\t\t\t\t>\n\t\t\t<img \n\tsrc=\"https:\/\/institucional.us.es\/docenciaeco\/wp-content\/uploads\/2023\/02\/IMG_20230208_080852-281x300.jpg\" width=\"281\" height=\"300\" srcset=\"https:\/\/institucional.us.es\/docenciaeco\/wp-content\/uploads\/2023\/02\/IMG_20230208_080852-281x300.jpg 281w, https:\/\/institucional.us.es\/docenciaeco\/wp-content\/uploads\/2023\/02\/IMG_20230208_080852-768x820.jpg 768w, https:\/\/institucional.us.es\/docenciaeco\/wp-content\/uploads\/2023\/02\/IMG_20230208_080852-16x16.jpg 16w, https:\/\/institucional.us.es\/docenciaeco\/wp-content\/uploads\/2023\/02\/IMG_20230208_080852.jpg 867w\" sizes=\"(max-width: 281px) 100vw, 281px\" title=\"Bibi Anguio\" alt=\"\" \t\tclass=\"so-widget-image\"\/>\n\t\t\t<\/a><\/div>\n\n<h3 class=\"widget-title\">Bibi Anguio<\/h3><\/div><\/div><\/div><div id=\"pgc-2649-0-1\"  class=\"panel-grid-cell\" ><div id=\"panel-2649-0-1-0\" class=\"so-panel widget widget_sow-image panel-first-child panel-last-child\" data-index=\"1\" ><div\n\t\t\t\n\t\t\tclass=\"so-widget-sow-image so-widget-sow-image-default-113ccd71f3e6-2649\"\n\t\t\t\n\t\t>\n<div class=\"sow-image-container\">\n\t\t\t<a href=\"https:\/\/institucional.us.es\/docenciaeco\/miembros\/cv-concha\/\"\n\t\t\t\t\t>\n\t\t\t<img \n\tsrc=\"https:\/\/institucional.us.es\/docenciaeco\/wp-content\/uploads\/2022\/12\/Imagen1.jpg\" width=\"181\" height=\"167\" srcset=\"https:\/\/institucional.us.es\/docenciaeco\/wp-content\/uploads\/2022\/12\/Imagen1.jpg 181w, https:\/\/institucional.us.es\/docenciaeco\/wp-content\/uploads\/2022\/12\/Imagen1-16x16.jpg 16w\" sizes=\"(max-width: 181px) 100vw, 181px\" title=\"Concha B\u00e1ez Montero\" alt=\"\" \t\tclass=\"so-widget-image\"\/>\n\t\t\t<\/a><\/div>\n\n<h3 class=\"widget-title\">Concha B\u00e1ez Montero<\/h3><\/div><\/div><\/div><div id=\"pgc-2649-0-2\"  class=\"panel-grid-cell\" ><div id=\"panel-2649-0-2-0\" class=\"so-panel widget widget_sow-image panel-first-child panel-last-child\" data-index=\"2\" ><div\n\t\t\t\n\t\t\tclass=\"so-widget-sow-image so-widget-sow-image-default-113ccd71f3e6-2649\"\n\t\t\t\n\t\t>\n<div class=\"sow-image-container\">\n\t\t\t<a href=\"https:\/\/institucional.us.es\/docenciaeco\/miembros\/cv-francisco\/\"\n\t\t\t\t\t>\n\t\t\t<img \n\tsrc=\"https:\/\/institucional.us.es\/docenciaeco\/wp-content\/uploads\/2022\/11\/FranciscoBaena-300x300.jpg\" width=\"300\" height=\"300\" srcset=\"https:\/\/institucional.us.es\/docenciaeco\/wp-content\/uploads\/2022\/11\/FranciscoBaena-300x300.jpg 300w, https:\/\/institucional.us.es\/docenciaeco\/wp-content\/uploads\/2022\/11\/FranciscoBaena-1024x1024.jpg 1024w, https:\/\/institucional.us.es\/docenciaeco\/wp-content\/uploads\/2022\/11\/FranciscoBaena-150x150.jpg 150w, https:\/\/institucional.us.es\/docenciaeco\/wp-content\/uploads\/2022\/11\/FranciscoBaena-768x768.jpg 768w, https:\/\/institucional.us.es\/docenciaeco\/wp-content\/uploads\/2022\/11\/FranciscoBaena-375x375.jpg 375w, https:\/\/institucional.us.es\/docenciaeco\/wp-content\/uploads\/2022\/11\/FranciscoBaena.jpg 1225w\" sizes=\"(max-width: 300px) 100vw, 300px\" title=\"Francisco Baena S\u00e1nchez\" alt=\"\" \t\tclass=\"so-widget-image\"\/>\n\t\t\t<\/a><\/div>\n\n<h3 class=\"widget-title\">Francisco Baena S\u00e1nchez<\/h3><\/div><\/div><\/div><div id=\"pgc-2649-0-3\"  class=\"panel-grid-cell\" ><div id=\"panel-2649-0-3-0\" class=\"so-panel widget widget_sow-image panel-first-child panel-last-child\" data-index=\"3\" ><div\n\t\t\t\n\t\t\tclass=\"so-widget-sow-image so-widget-sow-image-default-113ccd71f3e6-2649\"\n\t\t\t\n\t\t>\n<div class=\"sow-image-container\">\n\t\t\t<a href=\"https:\/\/institucional.us.es\/docenciaeco\/miembros\/cv-daniele\/\"\n\t\t\t\t\t>\n\t\t\t<img \n\tsrc=\"https:\/\/institucional.us.es\/docenciaeco\/wp-content\/uploads\/2023\/01\/Foto-Eco.jpeg\" width=\"200\" height=\"200\" srcset=\"https:\/\/institucional.us.es\/docenciaeco\/wp-content\/uploads\/2023\/01\/Foto-Eco.jpeg 200w, https:\/\/institucional.us.es\/docenciaeco\/wp-content\/uploads\/2023\/01\/Foto-Eco-150x150.jpeg 150w, https:\/\/institucional.us.es\/docenciaeco\/wp-content\/uploads\/2023\/01\/Foto-Eco-16x16.jpeg 16w\" sizes=\"(max-width: 200px) 100vw, 200px\" title=\"Daniele Cerrato\" alt=\"\" \t\tclass=\"so-widget-image\"\/>\n\t\t\t<\/a><\/div>\n\n<h3 class=\"widget-title\">Daniele Cerrato<\/h3><\/div><\/div><\/div><\/div><div id=\"pg-2649-1\"  class=\"panel-grid panel-no-style\" ><div id=\"pgc-2649-1-0\"  class=\"panel-grid-cell\" ><div id=\"panel-2649-1-0-0\" class=\"so-panel widget widget_sow-image panel-first-child panel-last-child\" data-index=\"4\" ><div\n\t\t\t\n\t\t\tclass=\"so-widget-sow-image so-widget-sow-image-default-113ccd71f3e6-2649\"\n\t\t\t\n\t\t>\n<div class=\"sow-image-container\">\n\t\t\t<a href=\"https:\/\/institucional.us.es\/docenciaeco\/miembros\/cv-ana-galdamez\/\"\n\t\t\t\t\t>\n\t\t\t<img \n\tsrc=\"https:\/\/institucional.us.es\/docenciaeco\/wp-content\/uploads\/2023\/03\/Ana-Galdamez-168x300.jpeg\" width=\"168\" height=\"300\" srcset=\"https:\/\/institucional.us.es\/docenciaeco\/wp-content\/uploads\/2023\/03\/Ana-Galdamez-168x300.jpeg 168w, https:\/\/institucional.us.es\/docenciaeco\/wp-content\/uploads\/2023\/03\/Ana-Galdamez.jpeg 429w\" sizes=\"(max-width: 168px) 100vw, 168px\" title=\"Ana Gald\u00e1mez Morales\" alt=\"\" \t\tclass=\"so-widget-image\"\/>\n\t\t\t<\/a><\/div>\n\n<h3 class=\"widget-title\">Ana Gald\u00e1mez Morales<\/h3><\/div><\/div><\/div><div id=\"pgc-2649-1-1\"  class=\"panel-grid-cell\" ><div id=\"panel-2649-1-1-0\" class=\"so-panel widget widget_sow-image panel-first-child panel-last-child\" data-index=\"5\" ><div\n\t\t\t\n\t\t\tclass=\"so-widget-sow-image so-widget-sow-image-default-113ccd71f3e6-2649\"\n\t\t\t\n\t\t>\n<div class=\"sow-image-container\">\n\t\t\t<a href=\"https:\/\/institucional.us.es\/docenciaeco\/miembros\/cv_alicia\/\"\n\t\t\t\t\t>\n\t\t\t<img \n\tsrc=\"https:\/\/institucional.us.es\/docenciaeco\/wp-content\/uploads\/2023\/04\/Alicia-Gonzalez-Moro-278x300.jpg\" width=\"278\" height=\"300\" srcset=\"https:\/\/institucional.us.es\/docenciaeco\/wp-content\/uploads\/2023\/04\/Alicia-Gonzalez-Moro-278x300.jpg 278w, https:\/\/institucional.us.es\/docenciaeco\/wp-content\/uploads\/2023\/04\/Alicia-Gonzalez-Moro-16x16.jpg 16w, https:\/\/institucional.us.es\/docenciaeco\/wp-content\/uploads\/2023\/04\/Alicia-Gonzalez-Moro.jpg 618w\" sizes=\"(max-width: 278px) 100vw, 278px\" title=\"Alicia Gonz\u00e1lez Moro\" alt=\"\" \t\tclass=\"so-widget-image\"\/>\n\t\t\t<\/a><\/div>\n\n<h3 class=\"widget-title\">Alicia Gonz\u00e1lez Moro<\/h3><\/div><\/div><\/div><div id=\"pgc-2649-1-2\"  class=\"panel-grid-cell\" ><div id=\"panel-2649-1-2-0\" class=\"so-panel widget widget_sow-image panel-first-child panel-last-child\" data-index=\"6\" ><div\n\t\t\t\n\t\t\tclass=\"so-widget-sow-image so-widget-sow-image-default-113ccd71f3e6-2649\"\n\t\t\t\n\t\t>\n<div class=\"sow-image-container\">\n\t\t\t<a href=\"https:\/\/institucional.us.es\/docenciaeco\/miembros\/cv-cristina\/\"\n\t\t\t\t\t>\n\t\t\t<img \n\tsrc=\"https:\/\/institucional.us.es\/docenciaeco\/wp-content\/uploads\/2022\/12\/cristina_ines_ia-300x300.jpg\" width=\"300\" height=\"300\" srcset=\"https:\/\/institucional.us.es\/docenciaeco\/wp-content\/uploads\/2022\/12\/cristina_ines_ia.jpg 300w, https:\/\/institucional.us.es\/docenciaeco\/wp-content\/uploads\/2022\/12\/cristina_ines_ia-150x150.jpg 150w, https:\/\/institucional.us.es\/docenciaeco\/wp-content\/uploads\/2022\/12\/cristina_ines_ia-16x16.jpg 16w\" sizes=\"(max-width: 300px) 100vw, 300px\" title=\"Cristina In\u00e9s Heras\" alt=\"\" \t\tclass=\"so-widget-image\"\/>\n\t\t\t<\/a><\/div>\n\n<h3 class=\"widget-title\">Cristina In\u00e9s Heras<\/h3><\/div><\/div><\/div><div id=\"pgc-2649-1-3\"  class=\"panel-grid-cell\" ><div id=\"panel-2649-1-3-0\" class=\"so-panel widget widget_sow-image panel-first-child panel-last-child\" data-index=\"7\" ><div\n\t\t\t\n\t\t\tclass=\"so-widget-sow-image so-widget-sow-image-default-113ccd71f3e6-2649\"\n\t\t\t\n\t\t>\n<div class=\"sow-image-container\">\n\t\t\t<a href=\"https:\/\/institucional.us.es\/docenciaeco\/miembros\/cv-marta-leon-castro\/\"\n\t\t\t\t\t>\n\t\t\t<img \n\tsrc=\"https:\/\/institucional.us.es\/docenciaeco\/wp-content\/uploads\/2022\/12\/Screenshot_20221013_162119-1-185x300.jpg\" width=\"185\" height=\"300\" srcset=\"https:\/\/institucional.us.es\/docenciaeco\/wp-content\/uploads\/2022\/12\/Screenshot_20221013_162119-1-185x300.jpg 185w, https:\/\/institucional.us.es\/docenciaeco\/wp-content\/uploads\/2022\/12\/Screenshot_20221013_162119-1.jpg 617w\" sizes=\"(max-width: 185px) 100vw, 185px\" title=\"Marta Le\u00f3n-Castro G\u00f3mez\" alt=\"\" \t\tclass=\"so-widget-image\"\/>\n\t\t\t<\/a><\/div>\n\n<h3 class=\"widget-title\">Marta Le\u00f3n-Castro G\u00f3mez<\/h3><\/div><\/div><\/div><\/div><div id=\"pg-2649-2\"  class=\"panel-grid panel-no-style\" ><div id=\"pgc-2649-2-0\"  class=\"panel-grid-cell\" ><div id=\"panel-2649-2-0-0\" class=\"so-panel widget widget_sow-image panel-first-child panel-last-child\" data-index=\"8\" ><div\n\t\t\t\n\t\t\tclass=\"so-widget-sow-image so-widget-sow-image-default-113ccd71f3e6-2649\"\n\t\t\t\n\t\t>\n<div class=\"sow-image-container\">\n\t\t\t<a href=\"https:\/\/institucional.us.es\/docenciaeco\/miembros\/cv-maria-del-rosario\/\"\n\t\t\t\t\t>\n\t\t\t<img \n\tsrc=\"https:\/\/institucional.us.es\/docenciaeco\/wp-content\/uploads\/2022\/12\/MRMN-recortada-300x300.jpg\" width=\"300\" height=\"300\" srcset=\"https:\/\/institucional.us.es\/docenciaeco\/wp-content\/uploads\/2022\/12\/MRMN-recortada-300x300.jpg 300w, https:\/\/institucional.us.es\/docenciaeco\/wp-content\/uploads\/2022\/12\/MRMN-recortada-150x150.jpg 150w, https:\/\/institucional.us.es\/docenciaeco\/wp-content\/uploads\/2022\/12\/MRMN-recortada-16x16.jpg 16w, https:\/\/institucional.us.es\/docenciaeco\/wp-content\/uploads\/2022\/12\/MRMN-recortada-375x375.jpg 375w, https:\/\/institucional.us.es\/docenciaeco\/wp-content\/uploads\/2022\/12\/MRMN-recortada.jpg 595w\" sizes=\"(max-width: 300px) 100vw, 300px\" title=\"Mar\u00eda del Rosario Mart\u00ednez Navarro\" alt=\"\" \t\tclass=\"so-widget-image\"\/>\n\t\t\t<\/a><\/div>\n\n<h3 class=\"widget-title\">Mar\u00eda del Rosario Mart\u00ednez Navarro<\/h3><\/div><\/div><\/div><div id=\"pgc-2649-2-1\"  class=\"panel-grid-cell\" ><div id=\"panel-2649-2-1-0\" class=\"so-panel widget widget_sow-image panel-first-child panel-last-child\" data-index=\"9\" ><div\n\t\t\t\n\t\t\tclass=\"so-widget-sow-image so-widget-sow-image-default-113ccd71f3e6-2649\"\n\t\t\t\n\t\t>\n<div class=\"sow-image-container\">\n\t\t\t<a href=\"https:\/\/institucional.us.es\/docenciaeco\/miembros\/cv-sabina\/\"\n\t\t\t\t\t>\n\t\t\t<img \n\tsrc=\"https:\/\/institucional.us.es\/docenciaeco\/wp-content\/uploads\/2022\/11\/Sabina-Reyes-de-las-Casas-200x300.jpeg\" width=\"200\" height=\"300\" srcset=\"https:\/\/institucional.us.es\/docenciaeco\/wp-content\/uploads\/2022\/11\/Sabina-Reyes-de-las-Casas-200x300.jpeg 200w, https:\/\/institucional.us.es\/docenciaeco\/wp-content\/uploads\/2022\/11\/Sabina-Reyes-de-las-Casas-682x1024.jpeg 682w, https:\/\/institucional.us.es\/docenciaeco\/wp-content\/uploads\/2022\/11\/Sabina-Reyes-de-las-Casas-768x1153.jpeg 768w, https:\/\/institucional.us.es\/docenciaeco\/wp-content\/uploads\/2022\/11\/Sabina-Reyes-de-las-Casas-1023x1536.jpeg 1023w, https:\/\/institucional.us.es\/docenciaeco\/wp-content\/uploads\/2022\/11\/Sabina-Reyes-de-las-Casas.jpeg 1066w\" sizes=\"(max-width: 200px) 100vw, 200px\" title=\"Sabina Reyes de las Casas\" alt=\"\" \t\tclass=\"so-widget-image\"\/>\n\t\t\t<\/a><\/div>\n\n<h3 class=\"widget-title\">Sabina Reyes de las Casas<\/h3><\/div><\/div><\/div><div id=\"pgc-2649-2-2\"  class=\"panel-grid-cell\" ><div id=\"panel-2649-2-2-0\" class=\"so-panel widget widget_sow-image panel-first-child panel-last-child\" data-index=\"10\" ><div\n\t\t\t\n\t\t\tclass=\"so-widget-sow-image so-widget-sow-image-default-113ccd71f3e6-2649\"\n\t\t\t\n\t\t>\n<div class=\"sow-image-container\">\n\t\t\t<a href=\"https:\/\/institucional.us.es\/docenciaeco\/miembros\/cv-mariano\/\"\n\t\t\t\t\t>\n\t\t\t<img \n\tsrc=\"https:\/\/institucional.us.es\/docenciaeco\/wp-content\/uploads\/2022\/12\/Imagen2.jpg\" width=\"190\" height=\"265\" sizes=\"(max-width: 190px) 100vw, 190px\" title=\"Mariano Reyes Tejedor\" alt=\"\" \t\tclass=\"so-widget-image\"\/>\n\t\t\t<\/a><\/div>\n\n<h3 class=\"widget-title\">Mariano Reyes Tejedor<\/h3><\/div><\/div><\/div><div id=\"pgc-2649-2-3\"  class=\"panel-grid-cell\" ><div id=\"panel-2649-2-3-0\" class=\"so-panel widget widget_sow-image panel-first-child panel-last-child\" data-index=\"11\" ><div\n\t\t\t\n\t\t\tclass=\"so-widget-sow-image so-widget-sow-image-default-113ccd71f3e6-2649\"\n\t\t\t\n\t\t>\n<div class=\"sow-image-container\">\n\t\t\t<a href=\"https:\/\/institucional.us.es\/docenciaeco\/miembros\/cv-coronada\/\"\n\t\t\t\t\t>\n\t\t\t<img \n\tsrc=\"https:\/\/institucional.us.es\/docenciaeco\/wp-content\/uploads\/2022\/11\/Coronada-Sanchez-Gomez-300x180.jpg\" width=\"300\" height=\"180\" srcset=\"https:\/\/institucional.us.es\/docenciaeco\/wp-content\/uploads\/2022\/11\/Coronada-Sanchez-Gomez-300x180.jpg 300w, https:\/\/institucional.us.es\/docenciaeco\/wp-content\/uploads\/2022\/11\/Coronada-Sanchez-Gomez-1024x614.jpg 1024w, https:\/\/institucional.us.es\/docenciaeco\/wp-content\/uploads\/2022\/11\/Coronada-Sanchez-Gomez-768x461.jpg 768w, https:\/\/institucional.us.es\/docenciaeco\/wp-content\/uploads\/2022\/11\/Coronada-Sanchez-Gomez.jpg 1350w\" sizes=\"(max-width: 300px) 100vw, 300px\" title=\"Coronada S\u00e1nchez G\u00f3mez\" alt=\"\" \t\tclass=\"so-widget-image\"\/>\n\t\t\t<\/a><\/div>\n\n<h3 class=\"widget-title\">Coronada S\u00e1nchez G\u00f3mez<\/h3><\/div><\/div><\/div><\/div><div id=\"pg-2649-3\"  class=\"panel-grid panel-no-style\" ><div id=\"pgc-2649-3-0\"  class=\"panel-grid-cell\" ><div id=\"panel-2649-3-0-0\" class=\"so-panel widget widget_sow-image panel-first-child panel-last-child\" data-index=\"12\" ><div\n\t\t\t\n\t\t\tclass=\"so-widget-sow-image so-widget-sow-image-default-113ccd71f3e6-2649\"\n\t\t\t\n\t\t>\n<div class=\"sow-image-container\">\n\t\t\t<a href=\"https:\/\/institucional.us.es\/docenciaeco\/miembros\/cv-m-a-talavera\/\"\n\t\t\t\t\t>\n\t\t\t<img \n\tsrc=\"https:\/\/institucional.us.es\/docenciaeco\/wp-content\/uploads\/2022\/11\/icono-300x300.png\" width=\"300\" height=\"300\" srcset=\"https:\/\/institucional.us.es\/docenciaeco\/wp-content\/uploads\/2022\/11\/icono.png 300w, https:\/\/institucional.us.es\/docenciaeco\/wp-content\/uploads\/2022\/11\/icono-150x150.png 150w\" sizes=\"(max-width: 300px) 100vw, 300px\" title=\"Mar\u00eda Manuela Talavera Solis\" alt=\"\" \t\tclass=\"so-widget-image\"\/>\n\t\t\t<\/a><\/div>\n\n<h3 class=\"widget-title\">Mar\u00eda Manuela Talavera Solis<\/h3><\/div><\/div><\/div><div id=\"pgc-2649-3-1\"  class=\"panel-grid-cell panel-grid-cell-empty\" ><\/div><div id=\"pgc-2649-3-2\"  class=\"panel-grid-cell panel-grid-cell-empty panel-grid-cell-mobile-last\" ><\/div><div id=\"pgc-2649-3-3\"  class=\"panel-grid-cell panel-grid-cell-empty\" ><\/div><\/div><\/div>","protected":false},"excerpt":{"rendered":"<p>Bibi Anguio Concha B\u00e1ez Montero Francisco Baena S\u00e1nchez Daniele Cerrato Ana Gald\u00e1mez Morales Alicia Gonz\u00e1lez Moro Cristina In\u00e9s Heras Marta Le\u00f3n-Castro G\u00f3mez Mar\u00eda del Rosario Mart\u00ednez Navarro Sabina Reyes de las Casas Mariano Reyes Tejedor Coronada S\u00e1nchez G\u00f3mez Mar\u00eda Manuela Talavera Solis<\/p>\n","protected":false},"author":1,"featured_media":0,"parent":0,"menu_order":0,"comment_status":"closed","ping_status":"closed","template":"","meta":{"inline_featured_image":false,"footnotes":""},"class_list":["post-2649","page","type-page","status-publish","hentry","post"],"_links":{"self":[{"href":"https:\/\/institucional.us.es\/docenciaeco\/wp-json\/wp\/v2\/pages\/2649","targetHints":{"allow":["GET"]}}],"collection":[{"href":"https:\/\/institucional.us.es\/docenciaeco\/wp-json\/wp\/v2\/pages"}],"about":[{"href":"https:\/\/institucional.us.es\/docenciaeco\/wp-json\/wp\/v2\/types\/page"}],"author":[{"embeddable":true,"href":"https:\/\/institucional.us.es\/docenciaeco\/wp-json\/wp\/v2\/users\/1"}],"replies":[{"embeddable":true,"href":"https:\/\/institucional.us.es\/docenciaeco\/wp-json\/wp\/v2\/comments?post=2649"}],"version-history":[{"count":5,"href":"https:\/\/institucional.us.es\/docenciaeco\/wp-json\/wp\/v2\/pages\/2649\/revisions"}],"predecessor-version":[{"id":2742,"href":"https:\/\/institucional.us.es\/docenciaeco\/wp-json\/wp\/v2\/pages\/2649\/revisions\/2742"}],"wp:attachment":[{"href":"https:\/\/institucional.us.es\/docenciaeco\/wp-json\/wp\/v2\/media?parent=2649"}],"curies":[{"name":"wp","href":"https:\/\/api.w.org\/{rel}","templated":true}]}}