




{"id":266,"date":"2022-11-18T17:58:37","date_gmt":"2022-11-18T17:58:37","guid":{"rendered":"https:\/\/institucional.us.es\/docenciaeco\/?page_id=266"},"modified":"2025-07-19T00:24:11","modified_gmt":"2025-07-19T00:24:11","slug":"cv-marisa","status":"publish","type":"page","link":"https:\/\/institucional.us.es\/docenciaeco\/miembros\/cv-marisa\/","title":{"rendered":"CV-Marisa"},"content":{"rendered":"<div id=\"pl-266\"  class=\"panel-layout\" ><div id=\"pg-266-0\"  class=\"panel-grid panel-has-style\" ><div class=\"cv-titulo siteorigin-panels-stretch panel-row-style-full-width panel-row-style panel-row-style-for-266-0\" style=\"background-color: #bfaedf; \" data-stretch-type=\"full\" ><div id=\"pgc-266-0-0\"  class=\"panel-grid-cell\" ><div id=\"panel-266-0-0-0\" class=\"so-panel widget widget_sow-image panel-first-child panel-last-child\" data-index=\"0\" ><div class=\"cv-foto panel-widget-style panel-widget-style-for-266-0-0-0\" ><div\n\t\t\t\n\t\t\tclass=\"so-widget-sow-image so-widget-sow-image-default-13f2a8b12fcc-266\"\n\t\t\t\n\t\t>\n<div class=\"sow-image-container\">\n\t\t<img \n\tsrc=\"https:\/\/institucional.us.es\/docenciaeco\/wp-content\/uploads\/2022\/11\/MARISA.jpg\" width=\"1000\" height=\"667\" srcset=\"https:\/\/institucional.us.es\/docenciaeco\/wp-content\/uploads\/2022\/11\/MARISA.jpg 1000w, https:\/\/institucional.us.es\/docenciaeco\/wp-content\/uploads\/2022\/11\/MARISA-300x200.jpg 300w, https:\/\/institucional.us.es\/docenciaeco\/wp-content\/uploads\/2022\/11\/MARISA-768x512.jpg 768w, https:\/\/institucional.us.es\/docenciaeco\/wp-content\/uploads\/2022\/11\/MARISA-272x182.jpg 272w, https:\/\/institucional.us.es\/docenciaeco\/wp-content\/uploads\/2022\/11\/MARISA-720x480.jpg 720w\" sizes=\"(max-width: 1000px) 100vw, 1000px\" alt=\"\" \t\tclass=\"so-widget-image\"\/>\n\t<\/div>\n\n<\/div><\/div><\/div><\/div><div id=\"pgc-266-0-1\"  class=\"panel-grid-cell\" ><div id=\"panel-266-0-1-0\" class=\"so-panel widget widget_sow-editor panel-first-child panel-last-child\" data-index=\"1\" ><div\n\t\t\t\n\t\t\tclass=\"so-widget-sow-editor so-widget-sow-editor-base\"\n\t\t\t\n\t\t>\n<div class=\"siteorigin-widget-tinymce textwidget\">\n\t<h1>MARISA<br \/>\nBEN\u00cdTEZ LUGO<\/h1>\n<p><em>\u201cCRE-Adora de SALUD y Trans-FORMADORA de conocimientos\u201d<\/em><\/p>\n<\/div>\n<\/div><\/div><\/div><\/div><\/div><div id=\"pg-266-1\"  class=\"panel-grid panel-no-style\" ><div id=\"pgc-266-1-0\"  class=\"panel-grid-cell\" ><div id=\"panel-266-1-0-0\" class=\"so-panel widget widget_sow-editor panel-first-child panel-last-child\" data-index=\"2\" ><div\n\t\t\t\n\t\t\tclass=\"so-widget-sow-editor so-widget-sow-editor-base\"\n\t\t\t\n\t\t>\n<div class=\"siteorigin-widget-tinymce textwidget\">\n\t<p style=\"text-align: center;\"><img loading=\"lazy\" decoding=\"async\" class=\"cv-icono wp-image-436\" src=\"https:\/\/institucional.us.es\/docenciaeco\/wp-content\/uploads\/2022\/11\/loc.svg\" alt=\"\" width=\"20\" height=\"20\"> Universidad de Sevilla<\/p>\n<\/div>\n<\/div><\/div><\/div><div id=\"pgc-266-1-1\"  class=\"panel-grid-cell\" ><div id=\"panel-266-1-1-0\" class=\"so-panel widget widget_sow-editor panel-first-child panel-last-child\" data-index=\"3\" ><div\n\t\t\t\n\t\t\tclass=\"so-widget-sow-editor so-widget-sow-editor-base\"\n\t\t\t\n\t\t>\n<div class=\"siteorigin-widget-tinymce textwidget\">\n\t<p style=\"text-align: center;\"><img loading=\"lazy\" decoding=\"async\" class=\"cv-icono wp-image-437\" src=\"https:\/\/institucional.us.es\/docenciaeco\/wp-content\/uploads\/2022\/11\/mail.svg\" alt=\"\" width=\"20\" height=\"20\"> marisabeni@us.es<\/p>\n<\/div>\n<\/div><\/div><\/div><div id=\"pgc-266-1-2\"  class=\"panel-grid-cell\" ><div id=\"panel-266-1-2-0\" class=\"so-panel widget widget_sow-editor panel-first-child panel-last-child\" data-index=\"4\" ><div\n\t\t\t\n\t\t\tclass=\"so-widget-sow-editor so-widget-sow-editor-base\"\n\t\t\t\n\t\t>\n<div class=\"siteorigin-widget-tinymce textwidget\">\n\t<p style=\"text-align: center;\"><img loading=\"lazy\" decoding=\"async\" class=\"cv-icono wp-image-438\" src=\"https:\/\/institucional.us.es\/docenciaeco\/wp-content\/uploads\/2022\/11\/orcid.svg\" alt=\"\" width=\"20\" height=\"20\"> <a href=\"https:\/\/orcid.org\/0000-0003-2058-8799\">ORCID<\/a><\/p>\n<\/div>\n<\/div><\/div><\/div><\/div><div id=\"pg-266-2\"  class=\"panel-grid panel-has-style\" ><div class=\"panel-row-style panel-row-style-for-266-2\" ><div id=\"pgc-266-2-0\"  class=\"panel-grid-cell\" ><div id=\"panel-266-2-0-0\" class=\"so-panel widget widget_sow-editor panel-first-child panel-last-child\" data-index=\"5\" ><div\n\t\t\t\n\t\t\tclass=\"so-widget-sow-editor so-widget-sow-editor-base\"\n\t\t\t\n\t\t>\n<div class=\"siteorigin-widget-tinymce textwidget\">\n\t<p>Fisioterapeuta vocacional y admiradora del Sistema Nervioso y su funcionamiento. Persona entregada a las personas, proactiva en optimizar el funcionamiento y bienestar de poblaciones desfavorecidas.<\/p>\n<p>Desde 2002 como profesora en la Universidad de Sevilla, departamento de Fisioterapia, impartiendo \u201cFisioterapia en Atenci\u00f3n Temprana\u201d, \u201cFisioterapia Neurol\u00f3gica y Psicomotriz\u201d, \u201cFisioterapia en las Discapacidades del Envejecimiento\u201d. Coordinadora del Proyecto \u201cOptimizaci\u00f3n del Desarrollo y Atenci\u00f3n Temprana en las Escuelas Propias de la Universidad de Sevilla\u201d y comit\u00e9 organizador de la Jornada de Solidaridad de la Facultad de Enfermer\u00eda, Fisioterapia y Podolog\u00eda, desde sus inicios.<\/p>\n<p>Comprometida con la innovaci\u00f3n docente desde mis inicios, he coordinado proyectos como vicedecana de innovaci\u00f3n docente y participado en otros liderados por otros, creciendo y aprendiendo de ese liderazgo. Persona en constante formaci\u00f3n, intentando optimizarme a m\u00ed misma y poder ser fuente para mi alumnado. Eso me lleva a participar en formaciones de innovaci\u00f3n, en congresos, as\u00ed como en facilitar formaciones sobre la neurociencia e inteligencia emocional teniendo como prop\u00f3sito poner mi grano de arena en la TRANS-formaci\u00f3n de la Sociedad.<\/p>\n<\/div>\n<\/div><\/div><\/div><\/div><\/div><div id=\"pg-266-3\"  class=\"panel-grid panel-no-style\" ><div id=\"pgc-266-3-0\"  class=\"panel-grid-cell\" ><div id=\"panel-266-3-0-0\" class=\"so-panel widget widget_sow-button panel-first-child panel-last-child\" data-index=\"6\" ><div\n\t\t\t\n\t\t\tclass=\"so-widget-sow-button so-widget-sow-button-wire-80810b17e450-266\"\n\t\t\t\n\t\t><div class=\"ow-button-base ow-button-align-right\"\n>\n\t\t\t<a\n\t\t\t\t\thref=\"https:\/\/institucional.us.es\/docenciaeco\/miembros\/\"\n\t\t\t\t\tclass=\"sowb-button ow-icon-placement-left ow-button-hover\" \t>\n\t\t<span>\n\t\t\t<span class=\"sow-icon-ionicons\" data-sow-icon=\"&#xf3cf;\"\n\t\tstyle=\"color: #000000\" \n\t\taria-hidden=\"true\"><\/span>\n\t\t\tVolver\t\t<\/span>\n\t\t\t<\/a>\n\t<\/div>\n<\/div><\/div><\/div><\/div><\/div>","protected":false},"excerpt":{"rendered":"<p>MARISA BEN\u00cdTEZ LUGO \u201cCRE-Adora de SALUD y Trans-FORMADORA de conocimientos\u201d Universidad de Sevilla marisabeni@us.es ORCID<\/p>\n","protected":false},"author":2,"featured_media":0,"parent":23,"menu_order":0,"comment_status":"closed","ping_status":"closed","template":"","meta":{"inline_featured_image":false,"footnotes":""},"class_list":["post-266","page","type-page","status-publish","hentry","post"],"_links":{"self":[{"href":"https:\/\/institucional.us.es\/docenciaeco\/wp-json\/wp\/v2\/pages\/266","targetHints":{"allow":["GET"]}}],"collection":[{"href":"https:\/\/institucional.us.es\/docenciaeco\/wp-json\/wp\/v2\/pages"}],"about":[{"href":"https:\/\/institucional.us.es\/docenciaeco\/wp-json\/wp\/v2\/types\/page"}],"author":[{"embeddable":true,"href":"https:\/\/institucional.us.es\/docenciaeco\/wp-json\/wp\/v2\/users\/2"}],"replies":[{"embeddable":true,"href":"https:\/\/institucional.us.es\/docenciaeco\/wp-json\/wp\/v2\/comments?post=266"}],"version-history":[{"count":14,"href":"https:\/\/institucional.us.es\/docenciaeco\/wp-json\/wp\/v2\/pages\/266\/revisions"}],"predecessor-version":[{"id":2582,"href":"https:\/\/institucional.us.es\/docenciaeco\/wp-json\/wp\/v2\/pages\/266\/revisions\/2582"}],"up":[{"embeddable":true,"href":"https:\/\/institucional.us.es\/docenciaeco\/wp-json\/wp\/v2\/pages\/23"}],"wp:attachment":[{"href":"https:\/\/institucional.us.es\/docenciaeco\/wp-json\/wp\/v2\/media?parent=266"}],"curies":[{"name":"wp","href":"https:\/\/api.w.org\/{rel}","templated":true}]}}