




{"id":318,"date":"2022-11-18T17:58:37","date_gmt":"2022-11-18T17:58:37","guid":{"rendered":"https:\/\/institucional.us.es\/docenciaeco\/?page_id=318"},"modified":"2025-07-19T00:37:19","modified_gmt":"2025-07-19T00:37:19","slug":"cv-coronada","status":"publish","type":"page","link":"https:\/\/institucional.us.es\/docenciaeco\/miembros\/cv-coronada\/","title":{"rendered":"CV-Coronada"},"content":{"rendered":"<div id=\"pl-318\"  class=\"panel-layout\" ><div id=\"pg-318-0\"  class=\"panel-grid panel-has-style\" ><div class=\"cv-titulo siteorigin-panels-stretch panel-row-style-full-width panel-row-style panel-row-style-for-318-0\" style=\"background-color: #bfaedf; \" data-stretch-type=\"full\" ><div id=\"pgc-318-0-0\"  class=\"panel-grid-cell\" ><div id=\"panel-318-0-0-0\" class=\"so-panel widget widget_sow-image panel-first-child panel-last-child\" data-index=\"0\" ><div class=\"cv-foto panel-widget-style panel-widget-style-for-318-0-0-0\" ><div\n\t\t\t\n\t\t\tclass=\"so-widget-sow-image so-widget-sow-image-default-13f2a8b12fcc-318\"\n\t\t\t\n\t\t>\n<div class=\"sow-image-container\">\n\t\t<img \n\tsrc=\"https:\/\/institucional.us.es\/docenciaeco\/wp-content\/uploads\/2022\/11\/Coronada-Sanchez-Gomez.jpg\" width=\"1350\" height=\"810\" srcset=\"https:\/\/institucional.us.es\/docenciaeco\/wp-content\/uploads\/2022\/11\/Coronada-Sanchez-Gomez.jpg 1350w, https:\/\/institucional.us.es\/docenciaeco\/wp-content\/uploads\/2022\/11\/Coronada-Sanchez-Gomez-300x180.jpg 300w, https:\/\/institucional.us.es\/docenciaeco\/wp-content\/uploads\/2022\/11\/Coronada-Sanchez-Gomez-1024x614.jpg 1024w, https:\/\/institucional.us.es\/docenciaeco\/wp-content\/uploads\/2022\/11\/Coronada-Sanchez-Gomez-768x461.jpg 768w\" sizes=\"(max-width: 1350px) 100vw, 1350px\" title=\"Coronada S\u00e1nchez-G\u00f3mez\" alt=\"\" \t\tclass=\"so-widget-image\"\/>\n\t<\/div>\n\n<\/div><\/div><\/div><\/div><div id=\"pgc-318-0-1\"  class=\"panel-grid-cell\" ><div id=\"panel-318-0-1-0\" class=\"so-panel widget widget_sow-editor panel-first-child panel-last-child\" data-index=\"1\" ><div\n\t\t\t\n\t\t\tclass=\"so-widget-sow-editor so-widget-sow-editor-base\"\n\t\t\t\n\t\t>\n<div class=\"siteorigin-widget-tinymce textwidget\">\n\t<h1>CORONADA<br \/>\nS\u00c1NCHEZ G\u00d3MEZ<\/h1>\n<p><em>\u201cSoy una apasionada de mi trabajo, compartir esta pasi\u00f3n con personas y poder transmitir amor por la Lengua es lo que me impulsa cada d\u00eda a seguir mejorando\u201d<\/em><\/p>\n<\/div>\n<\/div><\/div><\/div><\/div><\/div><div id=\"pg-318-1\"  class=\"panel-grid panel-no-style\" ><div id=\"pgc-318-1-0\"  class=\"panel-grid-cell\" ><div id=\"panel-318-1-0-0\" class=\"so-panel widget widget_sow-editor panel-first-child panel-last-child\" data-index=\"2\" ><div\n\t\t\t\n\t\t\tclass=\"so-widget-sow-editor so-widget-sow-editor-base\"\n\t\t\t\n\t\t>\n<div class=\"siteorigin-widget-tinymce textwidget\">\n\t<p style=\"text-align: center;\"><img loading=\"lazy\" decoding=\"async\" class=\"cv-icono wp-image-436\" src=\"https:\/\/institucional.us.es\/docenciaeco\/wp-content\/uploads\/2022\/11\/loc.svg\" alt=\"\" width=\"20\" height=\"20\"> Universidad de Huelva<\/p>\n<\/div>\n<\/div><\/div><\/div><div id=\"pgc-318-1-1\"  class=\"panel-grid-cell\" ><div id=\"panel-318-1-1-0\" class=\"so-panel widget widget_sow-editor panel-first-child panel-last-child\" data-index=\"3\" ><div\n\t\t\t\n\t\t\tclass=\"so-widget-sow-editor so-widget-sow-editor-base\"\n\t\t\t\n\t\t>\n<div class=\"siteorigin-widget-tinymce textwidget\">\n\t<p style=\"text-align: center;\"><img loading=\"lazy\" decoding=\"async\" class=\"cv-icono alignnone wp-image-437\" src=\"https:\/\/institucional.us.es\/docenciaeco\/wp-content\/uploads\/2022\/11\/mail.svg\" alt=\"\" width=\"20\" height=\"20\"> coronada.sanchez@dfesp.uhu.es<\/p>\n<\/div>\n<\/div><\/div><\/div><div id=\"pgc-318-1-2\"  class=\"panel-grid-cell\" ><div id=\"panel-318-1-2-0\" class=\"so-panel widget widget_sow-editor panel-first-child panel-last-child\" data-index=\"4\" ><div\n\t\t\t\n\t\t\tclass=\"so-widget-sow-editor so-widget-sow-editor-base\"\n\t\t\t\n\t\t>\n<div class=\"siteorigin-widget-tinymce textwidget\">\n\t<p style=\"text-align: center;\"><img loading=\"lazy\" decoding=\"async\" class=\"cv-icono alignnone wp-image-438\" src=\"https:\/\/institucional.us.es\/docenciaeco\/wp-content\/uploads\/2022\/11\/orcid.svg\" alt=\"\" width=\"20\" height=\"20\"> <a href=\"https:\/\/orcid.org\/0000-0002-2864-8955\">ORCID<\/a><\/p>\n<\/div>\n<\/div><\/div><\/div><\/div><div id=\"pg-318-2\"  class=\"panel-grid panel-has-style\" ><div class=\"panel-row-style panel-row-style-for-318-2\" ><div id=\"pgc-318-2-0\"  class=\"panel-grid-cell\" ><div id=\"panel-318-2-0-0\" class=\"so-panel widget widget_sow-editor panel-first-child panel-last-child\" data-index=\"5\" ><div\n\t\t\t\n\t\t\tclass=\"so-widget-sow-editor so-widget-sow-editor-base\"\n\t\t\t\n\t\t>\n<div class=\"siteorigin-widget-tinymce textwidget\">\n\t<p>Licenciada en Filolog\u00eda Hisp\u00e1nica por la Universidad de Sevilla. Desde 2005 soy profesora de espa\u00f1ol de estudiantes estadounidenses, organizado por International Studies Abroad, y estudiantes chinos, organizado por la Universidad de estudios Internacionales de Shanghai. En 2003 realic\u00e9 los cursos de doctorado en La Universidad de Huelva en el programa: \u201cPatrimonio Hist\u00f3rico y Natural. Literatura e Historia de las Mentalidades. Recib\u00ed el Diploma de Estudios Avanzados con el trabajo de investigaci\u00f3n \u201cDisponibilidad l\u00e9xica en los alumnos de espa\u00f1ol como lengua extranjera\u201d. En 2007 continu\u00e9 mi formaci\u00f3n realizando el M\u00e1ster en Ense\u00f1anza de Espa\u00f1ol como Lengua Extranjera por la Universidad Pablo de Olavide. He trabajado en la ense\u00f1anza y asesoramiento del idioma espa\u00f1ol y campo de la literatura desde 2003.<\/p>\n<p>Mis intereses de investigaci\u00f3n incluyen la comparaci\u00f3n tras la aplicaci\u00f3n de las nuevas metodolog\u00edas en el aula de L2 y el aula de L1, as\u00ed como la posterior aportaci\u00f3n a la bibliograf\u00eda. Desde 2016 compatibilizo mi actividad profesional anterior con la labor de profesora asociada en el \u00c1rea de Lengua Espa\u00f1ola del Departamento de Filolog\u00eda de la Universidad de Huelva.<\/p>\n<\/div>\n<\/div><\/div><\/div><\/div><\/div><div id=\"pg-318-3\"  class=\"panel-grid panel-has-style\" ><div class=\"cont_publicaciones panel-row-style panel-row-style-for-318-3\" ><div id=\"pgc-318-3-0\"  class=\"panel-grid-cell\" ><div id=\"panel-318-3-0-0\" class=\"so-panel widget widget_siteorigin-panels-postloop panel-first-child\" data-index=\"6\" >\t<h2>Publicaciones<\/h2>\r\n\t\t\r\n    <div class=\"entry-content publicacion\">\r\n        <p>S\u00e1nchez G\u00f3mez, Coronada (2005). Naturaleza gramatical del l\u00e9xico disponible en informantes del espa\u00f1ol como lengua extranjera. Interling\u00fc\u00edstica, 16, pp. 965-975<\/p>\n\t<\/div>\r\n    \r\n    \r\n\r\n\t\r\n\t\r\n\r\n\r\n<\/div><div id=\"panel-318-3-0-1\" class=\"so-panel widget widget_siteorigin-panels-postloop panel-last-child\" data-index=\"7\" ><\/div><\/div><\/div><\/div><div id=\"pg-318-4\"  class=\"panel-grid panel-no-style\" ><div id=\"pgc-318-4-0\"  class=\"panel-grid-cell\" ><div id=\"panel-318-4-0-0\" class=\"so-panel widget widget_sow-button panel-first-child panel-last-child\" data-index=\"8\" ><div\n\t\t\t\n\t\t\tclass=\"so-widget-sow-button so-widget-sow-button-wire-80810b17e450-1117\"\n\t\t\t\n\t\t><div class=\"ow-button-base ow-button-align-right\"\n>\n\t\t\t<a\n\t\t\t\t\thref=\"https:\/\/institucional.us.es\/docenciaeco\/miembros\/\"\n\t\t\t\t\tclass=\"sowb-button ow-icon-placement-left ow-button-hover\" \t>\n\t\t<span>\n\t\t\t<span class=\"sow-icon-ionicons\" data-sow-icon=\"&#xf3cf;\"\n\t\tstyle=\"color: #000000\" \n\t\taria-hidden=\"true\"><\/span>\n\t\t\tVolver\t\t<\/span>\n\t\t\t<\/a>\n\t<\/div>\n<\/div><\/div><\/div><\/div><\/div>","protected":false},"excerpt":{"rendered":"<p>CORONADA S\u00c1NCHEZ G\u00d3MEZ \u201cSoy una apasionada de mi trabajo, compartir esta pasi\u00f3n con personas y poder transmitir amor por la Lengua es lo que me impulsa cada d\u00eda a seguir mejorando\u201d Universidad de Huelva coronada.sanchez@dfesp.uhu.es ORCID Licenciada en Filolog\u00eda Hisp\u00e1nica por la Universidad de Sevilla. Desde 2005 soy profesora de espa\u00f1ol de estudiantes estadounidenses, organizado por International Studies Abroad, y estudiantes chinos, organizado por la Universidad de estudios Internacionales de Shanghai. En 2003 realic\u00e9 los cursos de doctorado en La Universidad de Huelva en el programa: \u201cPatrimonio Hist\u00f3rico y Natural. Literatura e Historia de las Mentalidades. Recib\u00ed el Diploma de Estudios Avanzados con el trabajo de investigaci\u00f3n \u201cDisponibilidad l\u00e9xica en los alumnos de espa\u00f1ol como lengua extranjera\u201d. En 2007 continu\u00e9 mi formaci\u00f3n realizando el M\u00e1ster en Ense\u00f1anza de Espa\u00f1ol como Lengua Extranjera por la Universidad Pablo de Olavide. He trabajado en la ense\u00f1anza y asesoramiento del idioma espa\u00f1ol y campo de la literatura desde 2003. Mis intereses de investigaci\u00f3n incluyen la comparaci\u00f3n tras la aplicaci\u00f3n de las nuevas metodolog\u00edas en el aula de L2 y el aula de L1, as\u00ed como la posterior aportaci\u00f3n a la bibliograf\u00eda. Desde 2016 compatibilizo mi actividad profesional anterior con la labor de profesora asociada en el \u00c1rea de Lengua Espa\u00f1ola del Departamento de Filolog\u00eda de la Universidad de Huelva.<\/p>\n","protected":false},"author":2,"featured_media":0,"parent":23,"menu_order":0,"comment_status":"closed","ping_status":"closed","template":"","meta":{"inline_featured_image":false,"footnotes":""},"class_list":["post-318","page","type-page","status-publish","hentry","post"],"_links":{"self":[{"href":"https:\/\/institucional.us.es\/docenciaeco\/wp-json\/wp\/v2\/pages\/318","targetHints":{"allow":["GET"]}}],"collection":[{"href":"https:\/\/institucional.us.es\/docenciaeco\/wp-json\/wp\/v2\/pages"}],"about":[{"href":"https:\/\/institucional.us.es\/docenciaeco\/wp-json\/wp\/v2\/types\/page"}],"author":[{"embeddable":true,"href":"https:\/\/institucional.us.es\/docenciaeco\/wp-json\/wp\/v2\/users\/2"}],"replies":[{"embeddable":true,"href":"https:\/\/institucional.us.es\/docenciaeco\/wp-json\/wp\/v2\/comments?post=318"}],"version-history":[{"count":38,"href":"https:\/\/institucional.us.es\/docenciaeco\/wp-json\/wp\/v2\/pages\/318\/revisions"}],"predecessor-version":[{"id":2601,"href":"https:\/\/institucional.us.es\/docenciaeco\/wp-json\/wp\/v2\/pages\/318\/revisions\/2601"}],"up":[{"embeddable":true,"href":"https:\/\/institucional.us.es\/docenciaeco\/wp-json\/wp\/v2\/pages\/23"}],"wp:attachment":[{"href":"https:\/\/institucional.us.es\/docenciaeco\/wp-json\/wp\/v2\/media?parent=318"}],"curies":[{"name":"wp","href":"https:\/\/api.w.org\/{rel}","templated":true}]}}