




{"id":389,"date":"2022-11-18T17:58:37","date_gmt":"2022-11-18T17:58:37","guid":{"rendered":"https:\/\/institucional.us.es\/docenciaeco\/?page_id=389"},"modified":"2025-07-19T00:25:37","modified_gmt":"2025-07-19T00:25:37","slug":"cv-antonio-constan","status":"publish","type":"page","link":"https:\/\/institucional.us.es\/docenciaeco\/miembros\/cv-antonio-constan\/","title":{"rendered":"CV-Antonio Const\u00e1n"},"content":{"rendered":"<div id=\"pl-389\"  class=\"panel-layout\" ><div id=\"pg-389-0\"  class=\"panel-grid panel-has-style\" ><div class=\"cv-titulo siteorigin-panels-stretch panel-row-style-full-width panel-row-style panel-row-style-for-389-0\" style=\"background-color: #bfaedf; \" data-stretch-type=\"full\" ><div id=\"pgc-389-0-0\"  class=\"panel-grid-cell\" ><div id=\"panel-389-0-0-0\" class=\"so-panel widget widget_sow-image panel-first-child panel-last-child\" data-index=\"0\" ><div class=\"cv-foto panel-widget-style panel-widget-style-for-389-0-0-0\" ><div\n\t\t\t\n\t\t\tclass=\"so-widget-sow-image so-widget-sow-image-default-13f2a8b12fcc-389\"\n\t\t\t\n\t\t>\n<div class=\"sow-image-container\">\n\t\t<img \n\tsrc=\"https:\/\/institucional.us.es\/docenciaeco\/wp-content\/uploads\/2022\/12\/Cabecera-evento222.png\" width=\"655\" height=\"670\" srcset=\"https:\/\/institucional.us.es\/docenciaeco\/wp-content\/uploads\/2022\/12\/Cabecera-evento222.png 655w, https:\/\/institucional.us.es\/docenciaeco\/wp-content\/uploads\/2022\/12\/Cabecera-evento222-293x300.png 293w, https:\/\/institucional.us.es\/docenciaeco\/wp-content\/uploads\/2022\/12\/Cabecera-evento222-16x16.png 16w\" sizes=\"(max-width: 655px) 100vw, 655px\" alt=\"\" \t\tclass=\"so-widget-image\"\/>\n\t<\/div>\n\n<\/div><\/div><\/div><\/div><div id=\"pgc-389-0-1\"  class=\"panel-grid-cell\" ><div id=\"panel-389-0-1-0\" class=\"so-panel widget widget_sow-editor panel-first-child panel-last-child\" data-index=\"1\" ><div\n\t\t\t\n\t\t\tclass=\"so-widget-sow-editor so-widget-sow-editor-base\"\n\t\t\t\n\t\t>\n<div class=\"siteorigin-widget-tinymce textwidget\">\n\t<h1>ANTONIO<br \/>\nCONST\u00c1N-NAVA<\/h1>\n<p><em>\u201cViviendo, que no es poco\u201d<\/em><\/p>\n<\/div>\n<\/div><\/div><\/div><\/div><\/div><div id=\"pg-389-1\"  class=\"panel-grid panel-no-style\" ><div id=\"pgc-389-1-0\"  class=\"panel-grid-cell\" ><div id=\"panel-389-1-0-0\" class=\"so-panel widget widget_sow-editor panel-first-child panel-last-child\" data-index=\"2\" ><div\n\t\t\t\n\t\t\tclass=\"so-widget-sow-editor so-widget-sow-editor-base\"\n\t\t\t\n\t\t>\n<div class=\"siteorigin-widget-tinymce textwidget\">\n\t<p style=\"text-align: center;\"><img loading=\"lazy\" decoding=\"async\" class=\"cv-icono wp-image-436\" src=\"https:\/\/institucional.us.es\/docenciaeco\/wp-content\/uploads\/2022\/11\/loc.svg\" alt=\"\" width=\"20\" height=\"20\"> Universidad de Valencia<\/p>\n<\/div>\n<\/div><\/div><\/div><div id=\"pgc-389-1-1\"  class=\"panel-grid-cell\" ><div id=\"panel-389-1-1-0\" class=\"so-panel widget widget_sow-editor panel-first-child panel-last-child\" data-index=\"3\" ><div\n\t\t\t\n\t\t\tclass=\"so-widget-sow-editor so-widget-sow-editor-base\"\n\t\t\t\n\t\t>\n<div class=\"siteorigin-widget-tinymce textwidget\">\n\t<p style=\"text-align: center;\"><img loading=\"lazy\" decoding=\"async\" class=\"cv-icono alignnone wp-image-437\" src=\"https:\/\/institucional.us.es\/docenciaeco\/wp-content\/uploads\/2022\/11\/mail.svg\" alt=\"\" width=\"20\" height=\"20\"> antonio.constan@uv.es<\/p>\n<\/div>\n<\/div><\/div><\/div><div id=\"pgc-389-1-2\"  class=\"panel-grid-cell\" ><div id=\"panel-389-1-2-0\" class=\"so-panel widget widget_sow-editor panel-first-child panel-last-child\" data-index=\"4\" ><div\n\t\t\t\n\t\t\tclass=\"so-widget-sow-editor so-widget-sow-editor-base\"\n\t\t\t\n\t\t>\n<div class=\"siteorigin-widget-tinymce textwidget\">\n\t<p style=\"text-align: center;\"><img loading=\"lazy\" decoding=\"async\" class=\"cv-icono alignnone wp-image-438\" src=\"https:\/\/institucional.us.es\/docenciaeco\/wp-content\/uploads\/2022\/11\/orcid.svg\" alt=\"\" width=\"20\" height=\"20\"> <a href=\"https:\/\/orcid.org\/0000-0003-3804-4298\">ORCID<\/a><\/p>\n<\/div>\n<\/div><\/div><\/div><\/div><div id=\"pg-389-2\"  class=\"panel-grid panel-has-style\" ><div class=\"panel-row-style panel-row-style-for-389-2\" ><div id=\"pgc-389-2-0\"  class=\"panel-grid-cell\" ><div id=\"panel-389-2-0-0\" class=\"so-panel widget widget_sow-editor panel-first-child panel-last-child\" data-index=\"5\" ><div\n\t\t\t\n\t\t\tclass=\"so-widget-sow-editor so-widget-sow-editor-base\"\n\t\t\t\n\t\t>\n<div class=\"siteorigin-widget-tinymce textwidget\">\n\t<p>Soy Profesor Contratado Doctor del \u00c1rea de Estudios \u00c1rabes e Isl\u00e1micos de la Universidad de Valencia. Me puedo definir como un profesor \u201cviajero\u201d debido a todas las universidades en las que he trabajado desde 2011 hasta llegar a Valencia (Gabes, La Manouba, Alicante y Sevilla).<br \/>\nEn 2018 descubr\u00ed la innovaci\u00f3n docente con ECO en unos cursos de formaci\u00f3n en la US y, desde entonces, soy un apasionado de este m\u00e9todo que, m\u00e1s que un m\u00e9todo, lo concibo como un estilo pr\u00e1ctico de ver y vivir la formaci\u00f3n. De hecho, siempre que puedo intento implementar ECO en las asignaturas que imparto, siempre con \u00e9xito aunque se fracase. He participado en diversos encuentros de innovaci\u00f3n docente desde 2018, tambi\u00e9n como miembro de varios proyectos de innovaci\u00f3n en la US y la UV.<\/p>\n<\/div>\n<\/div><\/div><\/div><\/div><\/div><div id=\"pg-389-3\"  class=\"panel-grid panel-has-style\" ><div class=\"cont_publicaciones panel-row-style panel-row-style-for-389-3\" ><div id=\"pgc-389-3-0\"  class=\"panel-grid-cell\" ><div id=\"panel-389-3-0-0\" class=\"so-panel widget widget_siteorigin-panels-postloop panel-first-child\" data-index=\"6\" ><\/div><div id=\"panel-389-3-0-1\" class=\"so-panel widget widget_siteorigin-panels-postloop panel-last-child\" data-index=\"7\" >\r\n\t<h2>Congresos<\/h2>\r\n\t\t\r\n    <div class=\"entry-content publicacion\">\r\n        <p><span data-olk-copy-source=\"MessageBody\">Const\u00e1n Nava, Antonio (2024). \u201cEmprender con ECO en asignaturas de Literatura \u00e1rabe: resultados y trabajo futuro\u201d, en el Congreso Internacional de Innovaci\u00f3n Educativa \u201cLa renovaci\u00f3n docente en la educaci\u00f3n superior\u201d ReDoES (10), celebrado en la Universitat de Val\u00e8ncia los d\u00edas 20 y 21 de junio 2024.<\/span><\/p>\n\t<\/div>\r\n    \r\n    \r\n\r\n\t\r\n    <div class=\"entry-content publicacion\">\r\n        <p><span data-olk-copy-source=\"MessageBody\">Const\u00e1n Nava, Antonio (2024). \u201cECO, ODS i emprenedoria en el Minor d&#8217;\u00c0rab: un projecte per a assignatures de literatura\u201d, en la Jornada innovaci\u00f3 docent, expressi\u00f3 oral, escrita i audiovisual en les assignatures de l&#8217;\u00e0rea de Filologia Catalana, celebrada en la Universitat de Val\u00e8ncia el d\u00eda 23 de mayo de 2024.<\/span><\/p>\n\t<\/div>\r\n    \r\n    \r\n\r\n\t\r\n    <div class=\"entry-content publicacion\">\r\n        <p><span data-olk-copy-source=\"MessageBody\">Const\u00e1n Nava, Antonio (2023). \u201cEl m\u00e9todo ECO y las ODS: experiencias en el Minor de \u00c1rabe de la Universitat de Val\u00e8ncia\u201d, en la V Jornada Innovation Rooms, celebrada en la Universitat de Val\u00e8ncia el d\u00eda 18 de julio de 2023.<\/span><\/p>\n\t<\/div>\r\n    \r\n    \r\n\r\n\t\r\n    <div class=\"entry-content publicacion\">\r\n        <p><span data-olk-copy-source=\"MessageBody\">Const\u00e1n Nava, Antonio (2022). \u201cDTeco en los estudios \u00e1rabes e isl\u00e1micos\u201d, en el Simposio Internacional de Innovaci\u00f3n Docente en Lengua \u00c1rabe \u2018Retos de la docencia de la lengua \u00e1rabe en la universidad espa\u00f1ola: Gesti\u00f3n e innovaci\u00f3n metodol\u00f3gica\u2019 celebrado en la Universitat de Val\u00e8ncia el 17 de diciembre de 2022.<\/span><\/p>\n\t<\/div>\r\n    \r\n    \r\n\r\n\t\r\n    <div class=\"entry-content publicacion\">\r\n        <p><span data-olk-copy-source=\"MessageBody\">Const\u00e1n Nava, Antonio (2022). \u201cProyectando la literatura \u00e1rabe m\u00e1s all\u00e1 de las aulas con ECO\u201d, en las Jornadas d&#8217;Innovaci\u00f3 Docent \u2018(Re)pensar les Humanitats a les aules II. La innovaci\u00f3n docente en temps de pandemia\u2019, celebradas en la Universitat de Val\u00e8ncia el 17 de junio de 2022.<\/span><\/p>\n\t<\/div>\r\n    \r\n    \r\n\r\n\t\r\n\t\r\n\r\n\r\n<\/div><\/div><\/div><\/div><div id=\"pg-389-4\"  class=\"panel-grid panel-no-style\" ><div id=\"pgc-389-4-0\"  class=\"panel-grid-cell\" ><div id=\"panel-389-4-0-0\" class=\"so-panel widget widget_sow-button panel-first-child panel-last-child\" data-index=\"8\" ><div\n\t\t\t\n\t\t\tclass=\"so-widget-sow-button so-widget-sow-button-wire-80810b17e450-2442\"\n\t\t\t\n\t\t><div class=\"ow-button-base ow-button-align-right\"\n>\n\t\t\t<a\n\t\t\t\t\thref=\"https:\/\/institucional.us.es\/docenciaeco\/miembros\/\"\n\t\t\t\t\tclass=\"sowb-button ow-icon-placement-left ow-button-hover\" \t>\n\t\t<span>\n\t\t\t<span class=\"sow-icon-ionicons\" data-sow-icon=\"&#xf3cf;\"\n\t\tstyle=\"color: #000000\" \n\t\taria-hidden=\"true\"><\/span>\n\t\t\tVolver\t\t<\/span>\n\t\t\t<\/a>\n\t<\/div>\n<\/div><\/div><\/div><\/div><\/div>","protected":false},"excerpt":{"rendered":"<p>ANTONIO CONST\u00c1N-NAVA \u201cViviendo, que no es poco\u201d Universidad de Valencia antonio.constan@uv.es ORCID Soy Profesor Contratado Doctor del \u00c1rea de Estudios \u00c1rabes e Isl\u00e1micos de la Universidad de Valencia. Me puedo definir como un profesor \u201cviajero\u201d debido a todas las universidades en las que he trabajado desde 2011 hasta llegar a Valencia (Gabes, La Manouba, Alicante y Sevilla). En 2018 descubr\u00ed la innovaci\u00f3n docente con ECO en unos cursos de formaci\u00f3n en la US y, desde entonces, soy un apasionado de este m\u00e9todo que, m\u00e1s que un m\u00e9todo, lo concibo como un estilo pr\u00e1ctico de ver y vivir la formaci\u00f3n. De hecho, siempre que puedo intento implementar ECO en las asignaturas que imparto, siempre con \u00e9xito aunque se fracase. He participado en diversos encuentros de innovaci\u00f3n docente desde 2018, tambi\u00e9n como miembro de varios proyectos de innovaci\u00f3n en la US y la UV.<\/p>\n","protected":false},"author":2,"featured_media":0,"parent":23,"menu_order":0,"comment_status":"closed","ping_status":"closed","template":"","meta":{"inline_featured_image":false,"footnotes":""},"class_list":["post-389","page","type-page","status-publish","hentry","post"],"_links":{"self":[{"href":"https:\/\/institucional.us.es\/docenciaeco\/wp-json\/wp\/v2\/pages\/389","targetHints":{"allow":["GET"]}}],"collection":[{"href":"https:\/\/institucional.us.es\/docenciaeco\/wp-json\/wp\/v2\/pages"}],"about":[{"href":"https:\/\/institucional.us.es\/docenciaeco\/wp-json\/wp\/v2\/types\/page"}],"author":[{"embeddable":true,"href":"https:\/\/institucional.us.es\/docenciaeco\/wp-json\/wp\/v2\/users\/2"}],"replies":[{"embeddable":true,"href":"https:\/\/institucional.us.es\/docenciaeco\/wp-json\/wp\/v2\/comments?post=389"}],"version-history":[{"count":26,"href":"https:\/\/institucional.us.es\/docenciaeco\/wp-json\/wp\/v2\/pages\/389\/revisions"}],"predecessor-version":[{"id":2585,"href":"https:\/\/institucional.us.es\/docenciaeco\/wp-json\/wp\/v2\/pages\/389\/revisions\/2585"}],"up":[{"embeddable":true,"href":"https:\/\/institucional.us.es\/docenciaeco\/wp-json\/wp\/v2\/pages\/23"}],"wp:attachment":[{"href":"https:\/\/institucional.us.es\/docenciaeco\/wp-json\/wp\/v2\/media?parent=389"}],"curies":[{"name":"wp","href":"https:\/\/api.w.org\/{rel}","templated":true}]}}