




{"id":404,"date":"2022-11-18T17:58:37","date_gmt":"2022-11-18T17:58:37","guid":{"rendered":"https:\/\/institucional.us.es\/docenciaeco\/?page_id=404"},"modified":"2025-07-19T00:37:34","modified_gmt":"2025-07-19T00:37:34","slug":"cv-m-a-angeles","status":"publish","type":"page","link":"https:\/\/institucional.us.es\/docenciaeco\/miembros\/cv-m-a-angeles\/","title":{"rendered":"CV-M.\u00aa \u00c1ngeles"},"content":{"rendered":"<div id=\"pl-404\"  class=\"panel-layout\" ><div id=\"pg-404-0\"  class=\"panel-grid panel-has-style\" ><div class=\"cv-titulo siteorigin-panels-stretch panel-row-style-full-width panel-row-style panel-row-style-for-404-0\" style=\"background-color: #bfaedf; \" data-stretch-type=\"full\" ><div id=\"pgc-404-0-0\"  class=\"panel-grid-cell\" ><div id=\"panel-404-0-0-0\" class=\"so-panel widget widget_sow-image panel-first-child panel-last-child\" data-index=\"0\" ><div class=\"cv-foto panel-widget-style panel-widget-style-for-404-0-0-0\" ><div\n\t\t\t\n\t\t\tclass=\"so-widget-sow-image so-widget-sow-image-default-13f2a8b12fcc-404\"\n\t\t\t\n\t\t>\n<div class=\"sow-image-container\">\n\t\t<img \n\tsrc=\"https:\/\/institucional.us.es\/docenciaeco\/wp-content\/uploads\/2022\/11\/M.-Angeles-Vazquez-1.jpg\" width=\"473\" height=\"474\" srcset=\"https:\/\/institucional.us.es\/docenciaeco\/wp-content\/uploads\/2022\/11\/M.-Angeles-Vazquez-1.jpg 473w, https:\/\/institucional.us.es\/docenciaeco\/wp-content\/uploads\/2022\/11\/M.-Angeles-Vazquez-1-300x300.jpg 300w, https:\/\/institucional.us.es\/docenciaeco\/wp-content\/uploads\/2022\/11\/M.-Angeles-Vazquez-1-150x150.jpg 150w, https:\/\/institucional.us.es\/docenciaeco\/wp-content\/uploads\/2022\/11\/M.-Angeles-Vazquez-1-375x375.jpg 375w\" sizes=\"(max-width: 473px) 100vw, 473px\" title=\"M.-Angeles-Vazquez\" alt=\"\" \t\tclass=\"so-widget-image\"\/>\n\t<\/div>\n\n<\/div><\/div><\/div><\/div><div id=\"pgc-404-0-1\"  class=\"panel-grid-cell\" ><div id=\"panel-404-0-1-0\" class=\"so-panel widget widget_sow-editor panel-first-child panel-last-child\" data-index=\"1\" ><div\n\t\t\t\n\t\t\tclass=\"so-widget-sow-editor so-widget-sow-editor-base\"\n\t\t\t\n\t\t>\n<div class=\"siteorigin-widget-tinymce textwidget\">\n\t<h1>M. ANGELES<br \/>\nV\u00c1ZQUEZ G\u00c1MEZ<\/h1>\n<p><em>\u201cLuchadora, tenaz y aprendiz permanente\u201d<\/em><\/p>\n<\/div>\n<\/div><\/div><\/div><\/div><\/div><div id=\"pg-404-1\"  class=\"panel-grid panel-no-style\" ><div id=\"pgc-404-1-0\"  class=\"panel-grid-cell\" ><div id=\"panel-404-1-0-0\" class=\"so-panel widget widget_sow-editor panel-first-child panel-last-child\" data-index=\"2\" ><div\n\t\t\t\n\t\t\tclass=\"so-widget-sow-editor so-widget-sow-editor-base\"\n\t\t\t\n\t\t>\n<div class=\"siteorigin-widget-tinymce textwidget\">\n\t<p style=\"text-align: center;\"><img loading=\"lazy\" decoding=\"async\" class=\"cv-icono wp-image-436\" src=\"https:\/\/institucional.us.es\/docenciaeco\/wp-content\/uploads\/2022\/11\/loc.svg\" alt=\"\" width=\"20\" height=\"20\"> Universidad de Sevilla<\/p>\n<\/div>\n<\/div><\/div><\/div><div id=\"pgc-404-1-1\"  class=\"panel-grid-cell\" ><div id=\"panel-404-1-1-0\" class=\"so-panel widget widget_sow-editor panel-first-child panel-last-child\" data-index=\"3\" ><div\n\t\t\t\n\t\t\tclass=\"so-widget-sow-editor so-widget-sow-editor-base\"\n\t\t\t\n\t\t>\n<div class=\"siteorigin-widget-tinymce textwidget\">\n\t<p style=\"text-align: center;\"><img loading=\"lazy\" decoding=\"async\" class=\"cv-icono wp-image-437\" src=\"https:\/\/institucional.us.es\/docenciaeco\/wp-content\/uploads\/2022\/11\/mail.svg\" alt=\"\" width=\"20\" height=\"20\"> mavazquez@us.es<\/p>\n<\/div>\n<\/div><\/div><\/div><div id=\"pgc-404-1-2\"  class=\"panel-grid-cell\" ><div id=\"panel-404-1-2-0\" class=\"so-panel widget widget_sow-editor panel-first-child panel-last-child\" data-index=\"4\" ><div\n\t\t\t\n\t\t\tclass=\"so-widget-sow-editor so-widget-sow-editor-base\"\n\t\t\t\n\t\t>\n<div class=\"siteorigin-widget-tinymce textwidget\">\n\t<p style=\"text-align: center;\"><img loading=\"lazy\" decoding=\"async\" class=\"cv-icono wp-image-438\" src=\"https:\/\/institucional.us.es\/docenciaeco\/wp-content\/uploads\/2022\/11\/orcid.svg\" alt=\"\" width=\"20\" height=\"20\"> <a href=\"https:\/\/orcid.org\/0000-0001-7689-6999\">ORCID<\/a><\/p>\n<\/div>\n<\/div><\/div><\/div><\/div><div id=\"pg-404-2\"  class=\"panel-grid panel-has-style\" ><div class=\"panel-row-style panel-row-style-for-404-2\" ><div id=\"pgc-404-2-0\"  class=\"panel-grid-cell\" ><div id=\"panel-404-2-0-0\" class=\"so-panel widget widget_sow-editor panel-first-child panel-last-child\" data-index=\"5\" ><div\n\t\t\t\n\t\t\tclass=\"so-widget-sow-editor so-widget-sow-editor-base\"\n\t\t\t\n\t\t>\n<div class=\"siteorigin-widget-tinymce textwidget\">\n\t<p>M\u00e9dico de profesi\u00f3n y profesora titular de la Universidad de Sevilla, adscrita al Departamento de Medicina, Aunque llegu\u00e9 a la docencia por casualidad, he acabado enamor\u00e1ndome de ella. En mi ya larga trayectoria, he impartido clases en varias titulaciones (Podolog\u00eda, Fisioterapia, Enfermer\u00eda y Medicina) estando muy implicada en todo lo relacionado con la innovaci\u00f3n docente. Actualmente imparto docencia en la asignatura de \u201cAfecciones M\u00e9dicas I\u201d y soy coordinadora de la asignatura \u201cAfecciones M\u00e9dicas II\u201d del Grado de Fisioterapia y el Doble Grado de Fisioterapia y Ciencias del Deporte. He participado en diferentes proyectos de innovaci\u00f3n docente, siendo coordinadora de alguno de ellos. He participado en distintas jornadas de innovaci\u00f3n docente, en alguna como ponente. Fan de ECO desde hace 4 a\u00f1os, implement\u00e1ndolo en mis asignaturas con excelentes resultados y con muchas inquietudes para seguir innovando y aprendiendo.<\/p>\n<\/div>\n<\/div><\/div><\/div><\/div><\/div><div id=\"pg-404-3\"  class=\"panel-grid panel-no-style\" ><div id=\"pgc-404-3-0\"  class=\"panel-grid-cell\" ><div id=\"panel-404-3-0-0\" class=\"so-panel widget widget_sow-button panel-first-child panel-last-child\" data-index=\"6\" ><div\n\t\t\t\n\t\t\tclass=\"so-widget-sow-button so-widget-sow-button-wire-80810b17e450-404\"\n\t\t\t\n\t\t><div class=\"ow-button-base ow-button-align-right\"\n>\n\t\t\t<a\n\t\t\t\t\thref=\"https:\/\/institucional.us.es\/docenciaeco\/miembros\/\"\n\t\t\t\t\tclass=\"sowb-button ow-icon-placement-left ow-button-hover\" \t>\n\t\t<span>\n\t\t\t<span class=\"sow-icon-ionicons\" data-sow-icon=\"&#xf3cf;\"\n\t\tstyle=\"color: #000000\" \n\t\taria-hidden=\"true\"><\/span>\n\t\t\tVolver\t\t<\/span>\n\t\t\t<\/a>\n\t<\/div>\n<\/div><\/div><\/div><\/div><\/div>","protected":false},"excerpt":{"rendered":"<p>M. ANGELES V\u00c1ZQUEZ G\u00c1MEZ \u201cLuchadora, tenaz y aprendiz permanente\u201d Universidad de Sevilla mavazquez@us.es ORCID<\/p>\n","protected":false},"author":2,"featured_media":0,"parent":23,"menu_order":0,"comment_status":"closed","ping_status":"closed","template":"","meta":{"inline_featured_image":false,"footnotes":""},"class_list":["post-404","page","type-page","status-publish","hentry","post"],"_links":{"self":[{"href":"https:\/\/institucional.us.es\/docenciaeco\/wp-json\/wp\/v2\/pages\/404","targetHints":{"allow":["GET"]}}],"collection":[{"href":"https:\/\/institucional.us.es\/docenciaeco\/wp-json\/wp\/v2\/pages"}],"about":[{"href":"https:\/\/institucional.us.es\/docenciaeco\/wp-json\/wp\/v2\/types\/page"}],"author":[{"embeddable":true,"href":"https:\/\/institucional.us.es\/docenciaeco\/wp-json\/wp\/v2\/users\/2"}],"replies":[{"embeddable":true,"href":"https:\/\/institucional.us.es\/docenciaeco\/wp-json\/wp\/v2\/comments?post=404"}],"version-history":[{"count":23,"href":"https:\/\/institucional.us.es\/docenciaeco\/wp-json\/wp\/v2\/pages\/404\/revisions"}],"predecessor-version":[{"id":2602,"href":"https:\/\/institucional.us.es\/docenciaeco\/wp-json\/wp\/v2\/pages\/404\/revisions\/2602"}],"up":[{"embeddable":true,"href":"https:\/\/institucional.us.es\/docenciaeco\/wp-json\/wp\/v2\/pages\/23"}],"wp:attachment":[{"href":"https:\/\/institucional.us.es\/docenciaeco\/wp-json\/wp\/v2\/media?parent=404"}],"curies":[{"name":"wp","href":"https:\/\/api.w.org\/{rel}","templated":true}]}}