




{"id":528,"date":"2022-11-18T17:58:37","date_gmt":"2022-11-18T17:58:37","guid":{"rendered":"https:\/\/institucional.us.es\/docenciaeco\/?page_id=528"},"modified":"2025-07-19T00:35:45","modified_gmt":"2025-07-19T00:35:45","slug":"cv-maria-mendez","status":"publish","type":"page","link":"https:\/\/institucional.us.es\/docenciaeco\/miembros\/cv-maria-mendez\/","title":{"rendered":"CV-Mar\u00eda M\u00e9ndez"},"content":{"rendered":"<div id=\"pl-528\"  class=\"panel-layout\" ><div id=\"pg-528-0\"  class=\"panel-grid panel-has-style\" ><div class=\"cv-titulo siteorigin-panels-stretch panel-row-style-full-width panel-row-style panel-row-style-for-528-0\" style=\"background-color: #bfaedf; \" data-stretch-type=\"full\" ><div id=\"pgc-528-0-0\"  class=\"panel-grid-cell\" ><div id=\"panel-528-0-0-0\" class=\"so-panel widget widget_sow-image panel-first-child panel-last-child\" data-index=\"0\" ><div class=\"cv-foto panel-widget-style panel-widget-style-for-528-0-0-0\" ><div\n\t\t\t\n\t\t\tclass=\"so-widget-sow-image so-widget-sow-image-default-13f2a8b12fcc-528\"\n\t\t\t\n\t\t>\n<div class=\"sow-image-container\">\n\t\t<img \n\tsrc=\"https:\/\/institucional.us.es\/docenciaeco\/wp-content\/uploads\/2022\/12\/s200_mar_a.m_ndez_orense.jpg\" width=\"200\" height=\"200\" srcset=\"https:\/\/institucional.us.es\/docenciaeco\/wp-content\/uploads\/2022\/12\/s200_mar_a.m_ndez_orense.jpg 200w, https:\/\/institucional.us.es\/docenciaeco\/wp-content\/uploads\/2022\/12\/s200_mar_a.m_ndez_orense-150x150.jpg 150w, https:\/\/institucional.us.es\/docenciaeco\/wp-content\/uploads\/2022\/12\/s200_mar_a.m_ndez_orense-16x16.jpg 16w\" sizes=\"(max-width: 200px) 100vw, 200px\" alt=\"\" \t\tclass=\"so-widget-image\"\/>\n\t<\/div>\n\n<\/div><\/div><\/div><\/div><div id=\"pgc-528-0-1\"  class=\"panel-grid-cell\" ><div id=\"panel-528-0-1-0\" class=\"so-panel widget widget_sow-editor panel-first-child panel-last-child\" data-index=\"1\" ><div\n\t\t\t\n\t\t\tclass=\"so-widget-sow-editor so-widget-sow-editor-base\"\n\t\t\t\n\t\t>\n<div class=\"siteorigin-widget-tinymce textwidget\">\n\t<h1>MAR\u00cdA<br \/>\nM\u00c9NDEZ ORENSE<\/h1>\n<p><em>\u201cObservadora, diferente y apasionada de la(s) lengua(s)\u201d<\/em><\/p>\n<\/div>\n<\/div><\/div><\/div><\/div><\/div><div id=\"pg-528-1\"  class=\"panel-grid panel-no-style\" ><div id=\"pgc-528-1-0\"  class=\"panel-grid-cell\" ><div id=\"panel-528-1-0-0\" class=\"so-panel widget widget_sow-editor panel-first-child panel-last-child\" data-index=\"2\" ><div\n\t\t\t\n\t\t\tclass=\"so-widget-sow-editor so-widget-sow-editor-base\"\n\t\t\t\n\t\t>\n<div class=\"siteorigin-widget-tinymce textwidget\">\n\t<p style=\"text-align: center;\"><img loading=\"lazy\" decoding=\"async\" class=\"cv-icono wp-image-436\" src=\"https:\/\/institucional.us.es\/docenciaeco\/wp-content\/uploads\/2022\/11\/loc.svg\" alt=\"\" width=\"20\" height=\"20\"> Universidad de Sevilla<\/p>\n<\/div>\n<\/div><\/div><\/div><div id=\"pgc-528-1-1\"  class=\"panel-grid-cell\" ><div id=\"panel-528-1-1-0\" class=\"so-panel widget widget_sow-editor panel-first-child panel-last-child\" data-index=\"3\" ><div\n\t\t\t\n\t\t\tclass=\"so-widget-sow-editor so-widget-sow-editor-base\"\n\t\t\t\n\t\t>\n<div class=\"siteorigin-widget-tinymce textwidget\">\n\t<p style=\"text-align: center;\"><img loading=\"lazy\" decoding=\"async\" class=\"cv-icono wp-image-437\" src=\"https:\/\/institucional.us.es\/docenciaeco\/wp-content\/uploads\/2022\/11\/mail.svg\" alt=\"\" width=\"20\" height=\"20\"> mmendez5@us.es<\/p>\n<\/div>\n<\/div><\/div><\/div><div id=\"pgc-528-1-2\"  class=\"panel-grid-cell\" ><div id=\"panel-528-1-2-0\" class=\"so-panel widget widget_sow-editor panel-first-child panel-last-child\" data-index=\"4\" ><div\n\t\t\t\n\t\t\tclass=\"so-widget-sow-editor so-widget-sow-editor-base\"\n\t\t\t\n\t\t>\n<div class=\"siteorigin-widget-tinymce textwidget\">\n\t<p style=\"text-align: center;\"><img loading=\"lazy\" decoding=\"async\" class=\"cv-icono wp-image-438\" src=\"https:\/\/institucional.us.es\/docenciaeco\/wp-content\/uploads\/2022\/11\/orcid.svg\" alt=\"\" width=\"20\" height=\"20\"> <a href=\"https:\/\/orcid.org\/0000-0003-2415-2546\" target=\"_blank\" rel=\"noopener\">ORCID<\/a><\/p>\n<\/div>\n<\/div><\/div><\/div><\/div><div id=\"pg-528-2\"  class=\"panel-grid panel-has-style\" ><div class=\"panel-row-style panel-row-style-for-528-2\" ><div id=\"pgc-528-2-0\"  class=\"panel-grid-cell\" ><div id=\"panel-528-2-0-0\" class=\"so-panel widget widget_sow-editor panel-first-child panel-last-child\" data-index=\"5\" ><div\n\t\t\t\n\t\t\tclass=\"so-widget-sow-editor so-widget-sow-editor-base\"\n\t\t\t\n\t\t>\n<div class=\"siteorigin-widget-tinymce textwidget\">\n\t<p>Desde 2015 soy profesora del Departamento de Lengua Espa\u00f1ola, Ling\u00fc\u00edstica y Teor\u00eda de la Literatura de la Universidad de Sevilla. He impartido distintas asignaturas relacionadas con el conocimiento de la Lengua Espa\u00f1ola en la Facultad de Filolog\u00eda y en la Facultad de Comunicaci\u00f3n: he dado clase a estudiantes de los Grados en Filolog\u00eda Hisp\u00e1nica, Estudios Ingleses, Periodismo, Publicidad y RRPP y Comunicaci\u00f3n Audiovisual. Tambi\u00e9n he impartido <em>Aprendizaje y ense\u00f1anza de las materias de lengua y literatura<\/em> en el MAES, m\u00e1ster en el que he tutorizado TFM, y <em>Destrezas y Habilidades en la Adquisici\u00f3n de la Fon\u00e9tica del Espa\u00f1ol L2<\/em> en MASELE.<\/p>\n<p>Desde que termin\u00e9 mis estudios universitarios, me he sentido comprometida con la innovaci\u00f3n docente. He participado en cursos y en congresos educativos y publicado materiales docentes sobre la implantaci\u00f3n de t\u00e9cnicas de mejora en la ense\u00f1anza de lenguas en los distintos niveles educativos. Ese compromiso me ha llevado a trabajar ECO con mi alumnado con una gran ilusi\u00f3n.<\/p>\n<\/div>\n<\/div><\/div><\/div><\/div><\/div><div id=\"pg-528-3\"  class=\"panel-grid panel-has-style\" ><div class=\"cont_publicaciones panel-row-style panel-row-style-for-528-3\" ><div id=\"pgc-528-3-0\"  class=\"panel-grid-cell\" ><div id=\"panel-528-3-0-0\" class=\"so-panel widget widget_siteorigin-panels-postloop panel-first-child\" data-index=\"6\" >\t<h2>Publicaciones<\/h2>\r\n\t\t\r\n    <div class=\"entry-content publicacion\">\r\n        <p>Blanco-Barrera, R., M\u00e9ndez Orense, M., Herrero-V\u00e1zquez, E.,<sup>. <\/sup>&amp; Mora Guti\u00e9rrez, J. P. (2024). Ecoshow: un evento universitario creativo pensado para el mundo real. En M. del C. Llorente Cejudo, R. Barrag\u00e1n S\u00e1nchez, N. P\u00e9rez Rodr\u00edguez &amp; L. Martin P\u00e1rraga (Coords.), <em>Ense\u00f1anza e innovaci\u00f3n educativa en el \u00e1mbito universitario<\/em> (pp.\u00a0226-237). Dykinson.<\/p>\n\t<\/div>\r\n    \r\n    \r\n\r\n\t\r\n\t\r\n\r\n\r\n<\/div><div id=\"panel-528-3-0-1\" class=\"so-panel widget widget_siteorigin-panels-postloop panel-last-child\" data-index=\"7\" ><\/div><\/div><\/div><\/div><div id=\"pg-528-4\"  class=\"panel-grid panel-no-style\" ><div id=\"pgc-528-4-0\"  class=\"panel-grid-cell\" ><div id=\"panel-528-4-0-0\" class=\"so-panel widget widget_sow-button panel-first-child panel-last-child\" data-index=\"8\" ><div\n\t\t\t\n\t\t\tclass=\"so-widget-sow-button so-widget-sow-button-wire-80810b17e450-2335\"\n\t\t\t\n\t\t><div class=\"ow-button-base ow-button-align-right\"\n>\n\t\t\t<a\n\t\t\t\t\thref=\"https:\/\/institucional.us.es\/docenciaeco\/miembros\/\"\n\t\t\t\t\tclass=\"sowb-button ow-icon-placement-left ow-button-hover\" \t>\n\t\t<span>\n\t\t\t<span class=\"sow-icon-ionicons\" data-sow-icon=\"&#xf3cf;\"\n\t\tstyle=\"color: #000000\" \n\t\taria-hidden=\"true\"><\/span>\n\t\t\tVolver\t\t<\/span>\n\t\t\t<\/a>\n\t<\/div>\n<\/div><\/div><\/div><\/div><\/div>","protected":false},"excerpt":{"rendered":"<p>MAR\u00cdA M\u00c9NDEZ ORENSE \u201cObservadora, diferente y apasionada de la(s) lengua(s)\u201d Universidad de Sevilla mmendez5@us.es ORCID Desde 2015 soy profesora del Departamento de Lengua Espa\u00f1ola, Ling\u00fc\u00edstica y Teor\u00eda de la Literatura de la Universidad de Sevilla. He impartido distintas asignaturas relacionadas con el conocimiento de la Lengua Espa\u00f1ola en la Facultad de Filolog\u00eda y en la Facultad de Comunicaci\u00f3n: he dado clase a estudiantes de los Grados en Filolog\u00eda Hisp\u00e1nica, Estudios Ingleses, Periodismo, Publicidad y RRPP y Comunicaci\u00f3n Audiovisual. Tambi\u00e9n he impartido Aprendizaje y ense\u00f1anza de las materias de lengua y literatura en el MAES, m\u00e1ster en el que he tutorizado TFM, y Destrezas y Habilidades en la Adquisici\u00f3n de la Fon\u00e9tica del Espa\u00f1ol L2 en MASELE. Desde que termin\u00e9 mis estudios universitarios, me he sentido comprometida con la innovaci\u00f3n docente. He participado en cursos y en congresos educativos y publicado materiales docentes sobre la implantaci\u00f3n de t\u00e9cnicas de mejora en la ense\u00f1anza de lenguas en los distintos niveles educativos. Ese compromiso me ha llevado a trabajar ECO con mi alumnado con una gran ilusi\u00f3n.<\/p>\n","protected":false},"author":2,"featured_media":0,"parent":23,"menu_order":0,"comment_status":"closed","ping_status":"closed","template":"","meta":{"inline_featured_image":false,"footnotes":""},"class_list":["post-528","page","type-page","status-publish","hentry","post"],"_links":{"self":[{"href":"https:\/\/institucional.us.es\/docenciaeco\/wp-json\/wp\/v2\/pages\/528","targetHints":{"allow":["GET"]}}],"collection":[{"href":"https:\/\/institucional.us.es\/docenciaeco\/wp-json\/wp\/v2\/pages"}],"about":[{"href":"https:\/\/institucional.us.es\/docenciaeco\/wp-json\/wp\/v2\/types\/page"}],"author":[{"embeddable":true,"href":"https:\/\/institucional.us.es\/docenciaeco\/wp-json\/wp\/v2\/users\/2"}],"replies":[{"embeddable":true,"href":"https:\/\/institucional.us.es\/docenciaeco\/wp-json\/wp\/v2\/comments?post=528"}],"version-history":[{"count":14,"href":"https:\/\/institucional.us.es\/docenciaeco\/wp-json\/wp\/v2\/pages\/528\/revisions"}],"predecessor-version":[{"id":2596,"href":"https:\/\/institucional.us.es\/docenciaeco\/wp-json\/wp\/v2\/pages\/528\/revisions\/2596"}],"up":[{"embeddable":true,"href":"https:\/\/institucional.us.es\/docenciaeco\/wp-json\/wp\/v2\/pages\/23"}],"wp:attachment":[{"href":"https:\/\/institucional.us.es\/docenciaeco\/wp-json\/wp\/v2\/media?parent=528"}],"curies":[{"name":"wp","href":"https:\/\/api.w.org\/{rel}","templated":true}]}}