




{"id":636,"date":"2022-11-18T17:58:37","date_gmt":"2022-11-18T17:58:37","guid":{"rendered":"https:\/\/institucional.us.es\/docenciaeco\/?page_id=636"},"modified":"2025-07-19T00:24:52","modified_gmt":"2025-07-19T00:24:52","slug":"cv-maria-carillo","status":"publish","type":"page","link":"https:\/\/institucional.us.es\/docenciaeco\/miembros\/cv-maria-carillo\/","title":{"rendered":"CV-Mar\u00eda Carrillo"},"content":{"rendered":"<div id=\"pl-636\"  class=\"panel-layout\" ><div id=\"pg-636-0\"  class=\"panel-grid panel-has-style\" ><div class=\"cv-titulo siteorigin-panels-stretch panel-row-style-full-width panel-row-style panel-row-style-for-636-0\" style=\"background-color: #bfaedf; \" data-stretch-type=\"full\" ><div id=\"pgc-636-0-0\"  class=\"panel-grid-cell\" ><div id=\"panel-636-0-0-0\" class=\"so-panel widget widget_sow-image panel-first-child panel-last-child\" data-index=\"0\" ><div class=\"cv-foto panel-widget-style panel-widget-style-for-636-0-0-0\" ><div\n\t\t\t\n\t\t\tclass=\"so-widget-sow-image so-widget-sow-image-default-13f2a8b12fcc-636\"\n\t\t\t\n\t\t>\n<div class=\"sow-image-container\">\n\t\t<img \n\tsrc=\"https:\/\/institucional.us.es\/docenciaeco\/wp-content\/uploads\/2022\/12\/20211216_142039.jpg\" width=\"913\" height=\"1000\" srcset=\"https:\/\/institucional.us.es\/docenciaeco\/wp-content\/uploads\/2022\/12\/20211216_142039.jpg 913w, https:\/\/institucional.us.es\/docenciaeco\/wp-content\/uploads\/2022\/12\/20211216_142039-274x300.jpg 274w, https:\/\/institucional.us.es\/docenciaeco\/wp-content\/uploads\/2022\/12\/20211216_142039-768x841.jpg 768w\" sizes=\"(max-width: 913px) 100vw, 913px\" alt=\"\" \t\tclass=\"so-widget-image\"\/>\n\t<\/div>\n\n<\/div><\/div><\/div><\/div><div id=\"pgc-636-0-1\"  class=\"panel-grid-cell\" ><div id=\"panel-636-0-1-0\" class=\"so-panel widget widget_sow-editor panel-first-child panel-last-child\" data-index=\"1\" ><div\n\t\t\t\n\t\t\tclass=\"so-widget-sow-editor so-widget-sow-editor-base\"\n\t\t\t\n\t\t>\n<div class=\"siteorigin-widget-tinymce textwidget\">\n\t<h1>MAR\u00cdA<br \/>\nCARRILLO RIVAS<\/h1>\n<p><em>\u201cAprendiendo ense\u00f1ar\u00e1s y ense\u00f1ando aprender\u00e1s\u201d<\/em><\/p>\n<\/div>\n<\/div><\/div><\/div><\/div><\/div><div id=\"pg-636-1\"  class=\"panel-grid panel-no-style\" ><div id=\"pgc-636-1-0\"  class=\"panel-grid-cell\" ><div id=\"panel-636-1-0-0\" class=\"so-panel widget widget_sow-editor panel-first-child panel-last-child\" data-index=\"2\" ><div\n\t\t\t\n\t\t\tclass=\"so-widget-sow-editor so-widget-sow-editor-base\"\n\t\t\t\n\t\t>\n<div class=\"siteorigin-widget-tinymce textwidget\">\n\t<p style=\"text-align: center;\"><img loading=\"lazy\" decoding=\"async\" class=\"cv-icono wp-image-436\" src=\"https:\/\/institucional.us.es\/docenciaeco\/wp-content\/uploads\/2022\/11\/loc.svg\" alt=\"\" width=\"20\" height=\"20\"> Universidad de Sevilla<\/p>\n<\/div>\n<\/div><\/div><\/div><div id=\"pgc-636-1-1\"  class=\"panel-grid-cell\" ><div id=\"panel-636-1-1-0\" class=\"so-panel widget widget_sow-editor panel-first-child panel-last-child\" data-index=\"3\" ><div\n\t\t\t\n\t\t\tclass=\"so-widget-sow-editor so-widget-sow-editor-base\"\n\t\t\t\n\t\t>\n<div class=\"siteorigin-widget-tinymce textwidget\">\n\t<p style=\"text-align: center;\"><img loading=\"lazy\" decoding=\"async\" class=\"cv-icono wp-image-437\" src=\"https:\/\/institucional.us.es\/docenciaeco\/wp-content\/uploads\/2022\/11\/mail.svg\" alt=\"\" width=\"20\" height=\"20\">marcarriv7@gmail.com<\/p>\n<div class=\"DgV2h allowTextSelection l8Tnu\">\n<div class=\"lT19A\">\n<div class=\"relTj\">\n<div>\n<div>\n<div data-automation-id=\"visibleContent\">\n<div class=\"ms-FocusZone css-158 ms-CommandBar e7fDs full root-419\" role=\"menubar\" aria-label=\"Acciones en mensajes\" data-focuszone-id=\"FocusZone2450\">\n<div class=\"ms-OverflowSet ms-CommandBar-primaryCommand Iu2vq primarySet-422\" role=\"none\">\n<div class=\"ms-OverflowSet-item item-194\" role=\"none\">\n<div><\/div>\n<\/div>\n<\/div>\n<\/div>\n<\/div>\n<\/div>\n<\/div>\n<\/div>\n<\/div>\n<\/div>\n<div class=\"lDdSm\">\n<div class=\"tVyQ7\">\n<div class=\"full kcAOr t9ThB\">\n<div class=\"ow896\">\n<div class=\"OFD1l MewUv\"><\/div>\n<\/div>\n<\/div>\n<\/div>\n<\/div>\n<p style=\"text-align: center;\">\n<\/div>\n<\/div><\/div><\/div><div id=\"pgc-636-1-2\"  class=\"panel-grid-cell\" ><div id=\"panel-636-1-2-0\" class=\"so-panel widget widget_sow-editor panel-first-child panel-last-child\" data-index=\"4\" ><div\n\t\t\t\n\t\t\tclass=\"so-widget-sow-editor so-widget-sow-editor-base\"\n\t\t\t\n\t\t>\n<div class=\"siteorigin-widget-tinymce textwidget\">\n\t<p style=\"text-align: center;\"><img loading=\"lazy\" decoding=\"async\" class=\"cv-icono wp-image-438\" src=\"https:\/\/institucional.us.es\/docenciaeco\/wp-content\/uploads\/2022\/11\/orcid.svg\" alt=\"\" width=\"20\" height=\"20\"> ORCID<\/p>\n<\/div>\n<\/div><\/div><\/div><\/div><div id=\"pg-636-2\"  class=\"panel-grid panel-has-style\" ><div class=\"panel-row-style panel-row-style-for-636-2\" ><div id=\"pgc-636-2-0\"  class=\"panel-grid-cell\" ><div id=\"panel-636-2-0-0\" class=\"so-panel widget widget_sow-editor panel-first-child panel-last-child\" data-index=\"5\" ><div\n\t\t\t\n\t\t\tclass=\"so-widget-sow-editor so-widget-sow-editor-base\"\n\t\t\t\n\t\t>\n<div class=\"siteorigin-widget-tinymce textwidget\">\n\t<p>&nbsp;<\/p>\n<p>Mar\u00eda Carrillo Rivas es doctora en Estudios filol\u00f3gicos por la Universidad de Sevilla, donde tambi\u00e9n se gradu\u00f3 en Filolog\u00eda hisp\u00e1nica y realiz\u00f3 su M\u00e1ster en Ense\u00f1anza del espa\u00f1ol como lengua extranjera y otras lenguas modernas. Como profesora, compagina su labor en dos vertientes: la docencia de materias universitarias y la docencia de espa\u00f1ol como L2. Respecto a la primera, ha impartido e imparte asignaturas de las \u00e1reas de Lengua espa\u00f1ola (Lengua espa\u00f1ola I, An\u00e1lisis del discurso y pragm\u00e1tica del espa\u00f1ol, Estrategias discursivas de la comunicaci\u00f3n verbal en publicidad y de las relaciones p\u00fablicas) y Ling\u00fc\u00edstica (Ling\u00fc\u00edstica, Factores interculturales en los contenidos y en el desarrollo de las clases de ELE). Este curso 2022\/23 es su primer acercamiento al mundo ECO.<\/p>\n<\/div>\n<\/div><\/div><\/div><\/div><\/div><div id=\"pg-636-3\"  class=\"panel-grid panel-no-style\" ><div id=\"pgc-636-3-0\"  class=\"panel-grid-cell\" ><div id=\"panel-636-3-0-0\" class=\"so-panel widget widget_sow-button panel-first-child panel-last-child\" data-index=\"6\" ><div\n\t\t\t\n\t\t\tclass=\"so-widget-sow-button so-widget-sow-button-wire-80810b17e450-636\"\n\t\t\t\n\t\t><div class=\"ow-button-base ow-button-align-right\"\n>\n\t\t\t<a\n\t\t\t\t\thref=\"https:\/\/institucional.us.es\/docenciaeco\/miembros\/\"\n\t\t\t\t\tclass=\"sowb-button ow-icon-placement-left ow-button-hover\" \t>\n\t\t<span>\n\t\t\t<span class=\"sow-icon-ionicons\" data-sow-icon=\"&#xf3cf;\"\n\t\tstyle=\"color: #000000\" \n\t\taria-hidden=\"true\"><\/span>\n\t\t\tVolver\t\t<\/span>\n\t\t\t<\/a>\n\t<\/div>\n<\/div><\/div><\/div><\/div><\/div>","protected":false},"excerpt":{"rendered":"<p>MAR\u00cdA CARRILLO RIVAS \u201cAprendiendo ense\u00f1ar\u00e1s y ense\u00f1ando aprender\u00e1s\u201d Universidad de Sevilla marcarriv7@gmail.com ORCID<\/p>\n","protected":false},"author":2,"featured_media":0,"parent":23,"menu_order":0,"comment_status":"closed","ping_status":"closed","template":"","meta":{"inline_featured_image":false,"footnotes":""},"class_list":["post-636","page","type-page","status-publish","hentry","post"],"_links":{"self":[{"href":"https:\/\/institucional.us.es\/docenciaeco\/wp-json\/wp\/v2\/pages\/636","targetHints":{"allow":["GET"]}}],"collection":[{"href":"https:\/\/institucional.us.es\/docenciaeco\/wp-json\/wp\/v2\/pages"}],"about":[{"href":"https:\/\/institucional.us.es\/docenciaeco\/wp-json\/wp\/v2\/types\/page"}],"author":[{"embeddable":true,"href":"https:\/\/institucional.us.es\/docenciaeco\/wp-json\/wp\/v2\/users\/2"}],"replies":[{"embeddable":true,"href":"https:\/\/institucional.us.es\/docenciaeco\/wp-json\/wp\/v2\/comments?post=636"}],"version-history":[{"count":20,"href":"https:\/\/institucional.us.es\/docenciaeco\/wp-json\/wp\/v2\/pages\/636\/revisions"}],"predecessor-version":[{"id":2584,"href":"https:\/\/institucional.us.es\/docenciaeco\/wp-json\/wp\/v2\/pages\/636\/revisions\/2584"}],"up":[{"embeddable":true,"href":"https:\/\/institucional.us.es\/docenciaeco\/wp-json\/wp\/v2\/pages\/23"}],"wp:attachment":[{"href":"https:\/\/institucional.us.es\/docenciaeco\/wp-json\/wp\/v2\/media?parent=636"}],"curies":[{"name":"wp","href":"https:\/\/api.w.org\/{rel}","templated":true}]}}