




{"id":657,"date":"2022-11-18T17:58:37","date_gmt":"2022-11-18T17:58:37","guid":{"rendered":"https:\/\/institucional.us.es\/docenciaeco\/?page_id=657"},"modified":"2025-07-19T00:24:36","modified_gmt":"2025-07-19T00:24:36","slug":"cv-ana","status":"publish","type":"page","link":"https:\/\/institucional.us.es\/docenciaeco\/miembros\/cv-ana\/","title":{"rendered":"CV-Ana"},"content":{"rendered":"<div id=\"pl-657\"  class=\"panel-layout\" ><div id=\"pg-657-0\"  class=\"panel-grid panel-has-style\" ><div class=\"cv-titulo siteorigin-panels-stretch panel-row-style-full-width panel-row-style panel-row-style-for-657-0\" style=\"background-color: #bfaedf; \" data-stretch-type=\"full\" ><div id=\"pgc-657-0-0\"  class=\"panel-grid-cell\" ><div id=\"panel-657-0-0-0\" class=\"so-panel widget widget_sow-image panel-first-child panel-last-child\" data-index=\"0\" ><div class=\"cv-foto panel-widget-style panel-widget-style-for-657-0-0-0\" ><div\n\t\t\t\n\t\t\tclass=\"so-widget-sow-image so-widget-sow-image-default-13f2a8b12fcc-657\"\n\t\t\t\n\t\t>\n<div class=\"sow-image-container\">\n\t\t<img \n\tsrc=\"https:\/\/institucional.us.es\/docenciaeco\/wp-content\/uploads\/2022\/11\/WhatsApp-Image-2022-11-25-at-10.47.17.jpeg\" width=\"727\" height=\"1000\" srcset=\"https:\/\/institucional.us.es\/docenciaeco\/wp-content\/uploads\/2022\/11\/WhatsApp-Image-2022-11-25-at-10.47.17.jpeg 727w, https:\/\/institucional.us.es\/docenciaeco\/wp-content\/uploads\/2022\/11\/WhatsApp-Image-2022-11-25-at-10.47.17-218x300.jpeg 218w\" sizes=\"(max-width: 727px) 100vw, 727px\" title=\"WhatsApp Image 2022-11-25 at 10.47.17\" alt=\"\" \t\tclass=\"so-widget-image\"\/>\n\t<\/div>\n\n<\/div><\/div><\/div><\/div><div id=\"pgc-657-0-1\"  class=\"panel-grid-cell\" ><div id=\"panel-657-0-1-0\" class=\"so-panel widget widget_sow-editor panel-first-child panel-last-child\" data-index=\"1\" ><div\n\t\t\t\n\t\t\tclass=\"so-widget-sow-editor so-widget-sow-editor-base\"\n\t\t\t\n\t\t>\n<div class=\"siteorigin-widget-tinymce textwidget\">\n\t<h1>ANA MAR\u00cdA<br \/>\nDE LA CALLE CABRERA<\/h1>\n<p><em>\u201cComprometida con la Educaci\u00f3n\u201d<\/em><\/p>\n<\/div>\n<\/div><\/div><\/div><\/div><\/div><div id=\"pg-657-1\"  class=\"panel-grid panel-no-style\" ><div id=\"pgc-657-1-0\"  class=\"panel-grid-cell\" ><div id=\"panel-657-1-0-0\" class=\"so-panel widget widget_sow-editor panel-first-child panel-last-child\" data-index=\"2\" ><div\n\t\t\t\n\t\t\tclass=\"so-widget-sow-editor so-widget-sow-editor-base\"\n\t\t\t\n\t\t>\n<div class=\"siteorigin-widget-tinymce textwidget\">\n\t<p style=\"text-align: center;\"><img loading=\"lazy\" decoding=\"async\" class=\"cv-icono wp-image-436\" src=\"https:\/\/institucional.us.es\/docenciaeco\/wp-content\/uploads\/2022\/11\/loc.svg\" alt=\"\" width=\"20\" height=\"20\"> Universidad de Sevilla<\/p>\n<\/div>\n<\/div><\/div><\/div><div id=\"pgc-657-1-1\"  class=\"panel-grid-cell\" ><div id=\"panel-657-1-1-0\" class=\"so-panel widget widget_sow-editor panel-first-child panel-last-child\" data-index=\"3\" ><div\n\t\t\t\n\t\t\tclass=\"so-widget-sow-editor so-widget-sow-editor-base\"\n\t\t\t\n\t\t>\n<div class=\"siteorigin-widget-tinymce textwidget\">\n\t<p style=\"text-align: center;\"><img loading=\"lazy\" decoding=\"async\" class=\"cv-icono wp-image-437\" src=\"https:\/\/institucional.us.es\/docenciaeco\/wp-content\/uploads\/2022\/11\/mail.svg\" alt=\"\" width=\"20\" height=\"20\"> anamariadelacalle@us.es<\/p>\n<\/div>\n<\/div><\/div><\/div><div id=\"pgc-657-1-2\"  class=\"panel-grid-cell\" ><div id=\"panel-657-1-2-0\" class=\"so-panel widget widget_sow-editor panel-first-child panel-last-child\" data-index=\"4\" ><div\n\t\t\t\n\t\t\tclass=\"so-widget-sow-editor so-widget-sow-editor-base\"\n\t\t\t\n\t\t>\n<div class=\"siteorigin-widget-tinymce textwidget\">\n\t<p style=\"text-align: center;\"><img loading=\"lazy\" decoding=\"async\" class=\"cv-icono wp-image-438\" src=\"https:\/\/institucional.us.es\/docenciaeco\/wp-content\/uploads\/2022\/11\/orcid.svg\" alt=\"\" width=\"20\" height=\"20\"> <a href=\"https:\/\/orcid.org\/0000-0002-6714-5592\">ORCID<\/a><\/p>\n<\/div>\n<\/div><\/div><\/div><\/div><div id=\"pg-657-2\"  class=\"panel-grid panel-has-style\" ><div class=\"panel-row-style panel-row-style-for-657-2\" ><div id=\"pgc-657-2-0\"  class=\"panel-grid-cell\" ><div id=\"panel-657-2-0-0\" class=\"so-panel widget widget_sow-editor panel-first-child panel-last-child\" data-index=\"5\" ><div\n\t\t\t\n\t\t\tclass=\"so-widget-sow-editor so-widget-sow-editor-base\"\n\t\t\t\n\t\t>\n<div class=\"siteorigin-widget-tinymce textwidget\">\n\t<p>Doctora en Ciencias Sociales y Jur\u00eddicas por la Universidad de C\u00e1diz y profesora del Departamento de Lengua y Did\u00e1ctica de la Literatura de la Universidad de Sevilla. Sus principales l\u00edneas de investigaci\u00f3n se enmarcan en las Ciencias de la Educaci\u00f3n, estando vinculados sus aportes m\u00e1s relevantes a los procesos de alfabetizaci\u00f3n, principalmente desde una perspectiva cognitiva, pero tambi\u00e9n desde una perspectiva social enmarcada en los Nuevos Estudios de Alfabetizaci\u00f3n, el Posthumanismo y la Digitalizaci\u00f3n. Participa en proyectos de investigaci\u00f3n que integran la inclusi\u00f3n social como elemento de inter\u00e9s, que est\u00e1n relacionados con los enfoques m\u00e1s recientes de su investigaci\u00f3n dentro del grupo de investigaci\u00f3n \u201cHUM-1044: LITERACY: Alfabetizaci\u00f3n, multiling\u00fcismo, diversidad y justicia social (LITERACY)\u201d. En esta l\u00ednea, en su trayectoria profesional, ha participado en proyectos de innovaci\u00f3n docente sobre metodolog\u00eda innovadora y problem\u00e1tica social. Actualmente, forma parte del Proyecto ECO.<\/p>\n<\/div>\n<\/div><\/div><\/div><\/div><\/div><div id=\"pg-657-3\"  class=\"panel-grid panel-has-style\" ><div class=\"cont_publicaciones panel-row-style panel-row-style-for-657-3\" ><div id=\"pgc-657-3-0\"  class=\"panel-grid-cell\" ><div id=\"panel-657-3-0-0\" class=\"so-panel widget widget_siteorigin-panels-postloop panel-first-child\" data-index=\"6\" >\t<h2>Publicaciones<\/h2>\r\n\t\t\r\n    <div class=\"entry-content publicacion\">\r\n        <p><span data-olk-copy-source=\"MessageBody\">De la Calle Cabrera, A. M. (2024).\u00a0<i>El canto del colibr\u00ed. Alfabetizaci\u00f3n temprana desde el enfoque mixto: cognitivo, sociocultural y neomaterialista<\/i>. Octaedro. ISBN 978-84-10054-69-1. <\/span><a id=\"OWA14dd2c47-2d18-e9f3-0b50-683c75acd77b\" title=\"https:\/\/octaedro.com\/libro\/el-canto-del-colibri\/\" href=\"https:\/\/octaedro.com\/libro\/el-canto-del-colibri\/\" target=\"_blank\" rel=\"noopener noreferrer\" data-auth=\"NotApplicable\" data-linkindex=\"0\">Disponible en acceso abierto<\/a>.<\/p>\n\t<\/div>\r\n    \r\n    \r\n\r\n\t\r\n    <div class=\"entry-content publicacion\">\r\n        <p>De la Calle Cabrera, A. M. (2024).\u00a0Proyecto cooperaci\u00f3n e innovaci\u00f3n en Per\u00fa: curso electivo de alfabetizaci\u00f3n temprana en el marco del M\u00e9todo ECO en la EESPPA. En <em>Ense\u00f1anza e innovaci\u00f3n educativa en el \u00e1mbito universitario<\/em> (pp. 561-572). Dykinson.<\/p>\n\t<\/div>\r\n    \r\n    \r\n\r\n\t\r\n    <div class=\"entry-content publicacion\">\r\n        <p>De la Calle Cabrera, A. M. (2023). Resonancia: experiencia eco en la asignatura \u00ablengua espa\u00f1ola y su aplicaci\u00f3n a la ling\u00fc\u00edstica infantil\u00bb del grado en educaci\u00f3n infantil. En E. L\u00f3pez Meneses y C. Bernal Bravo (Eds.), <em>Educaci\u00f3n, tecnolog\u00eda, innovaci\u00f3n y transferencia del conocimiento<\/em> (pp. 2535-2544). Dykinson.<\/p>\n\t<\/div>\r\n    \r\n    \r\n\r\n\t\r\n\t\r\n\r\n\r\n<\/div><div id=\"panel-657-3-0-1\" class=\"so-panel widget widget_siteorigin-panels-postloop\" data-index=\"7\" >\r\n\t<h2>Congresos<\/h2>\r\n\t\t\r\n    <div class=\"entry-content publicacion\">\r\n        <p>De la Calle Cabrera, A. M. (2022). <i>Una experiencia de innovaci\u00f3n, transferencia y cooperaci\u00f3n al desarrollo en Per\u00fa sobre alfabetizaci\u00f3n temprana con ECO-(A)NINFA: Are quepay con el Misti<\/i> [Ponencia oral]. VII Congreso Internacional sobre Innovaci\u00f3n Pedag\u00f3gica y Praxis Educativa, INNOVAGOG\u00cdA, 25 de mayo de 2022.<\/p>\n\t<\/div>\r\n    \r\n    \r\n\r\n\t\r\n    <div class=\"entry-content publicacion\">\r\n        <p>De la Calle Cabrera, A. M. (2023). <i>La formaci\u00f3n inicial docente en alfabetizaci\u00f3n temprana para la sostenibilidad social en Per\u00fa<\/i> [Ponencia oral]. II Congreso Internacional sobre Investigaci\u00f3n y Praxis Docente en los Objetivos para el Desarrollo Sostenible (CIIP-ODS), 21 de marzo de 2023.<\/p>\n\t<\/div>\r\n    \r\n    \r\n\r\n\t\r\n    <div class=\"entry-content publicacion\">\r\n        <p>De la Calle Cabrera, A. M. (2023). <i>Resonancia: experiencia ECO en la asignatura Lengua Espa\u00f1ola y su Aplicaci\u00f3n a la Ling\u00fc\u00edstica Infantil del Grado en Educaci\u00f3n Infantil<\/i> [Ponencia oral]. Congreso Internacional de Educaci\u00f3n, Innovaci\u00f3n y Transferencia del Conocimiento, EDUEMER, 25 de mayo de 2023.<\/p>\n\t<\/div>\r\n    \r\n    \r\n\r\n\t\r\n    <div class=\"entry-content publicacion\">\r\n        <p>De la Calle Cabrera, A. M. (2023). <i>C\u00f3mo sistematizar la pr\u00e1ctica pedag\u00f3gica en el aula para la investigaci\u00f3n educativa<\/i> [Ponencia oral]. Bodas de Rub\u00ed de la EESPPA, 31 de mayo de 2023. Escuela Superior Pedag\u00f3gica P\u00fablica Arequipa, Arequipa, Per\u00fa.<\/p>\n\t<\/div>\r\n    \r\n    \r\n\r\n\t\r\n    <div class=\"entry-content publicacion\">\r\n        <p>De la Calle Cabrera, A. M. (2023). <i>El proyecto de cooperaci\u00f3n al desarrollo sobre formaci\u00f3n docente en alfabetizaci\u00f3n temprana, m\u00e9todo ECO y modelo mixto<\/i> [Ponencia oral]. I Congreso de Innovaci\u00f3n Docente: Alfabetizaci\u00f3n temprana desde el modelo mixto: cognitivo, sociocultural y neomaterialista, 27 de junio de 2023. Escuela Superior Pedag\u00f3gica P\u00fablica Arequipa, Arequipa, Per\u00fa.<\/p>\n\t<\/div>\r\n    \r\n    \r\n\r\n\t\r\n    <div class=\"entry-content publicacion\">\r\n        <p>De la Calle Cabrera, A. M. (2024). <i>Formaci\u00f3n experiencial para la mejora social: participaci\u00f3n activa, innovaci\u00f3n educativa y transferencia digital (INSPIRA)<\/i> [Ponencia oral]. II Jornadas Internacionales de Innovaci\u00f3n Docente, 11 de noviembre de 2024. Universidad de Sevilla, Sevilla, Espa\u00f1a.<\/p>\n\t<\/div>\r\n    \r\n    \r\n\r\n\t\r\n    <div class=\"entry-content publicacion\">\r\n        <p>De la Calle Cabrera, A. M. (2024). <i>Una aproximaci\u00f3n al M\u00e9todo ECO-(A)NINFA para atender lo ling\u00fc\u00edstico, lo extraling\u00fc\u00edstico y lo censurado por el lenguaje<\/i> [Ponencia oral]. II Jornadas Internacionales de Innovaci\u00f3n Docente, \u00a011 de noviembre de 2024. Universidad de Sevilla, Sevilla, Espa\u00f1a.<\/p>\n\t<\/div>\r\n    \r\n    \r\n\r\n\t\r\n\t\r\n\r\n\r\n<\/div><div id=\"panel-657-3-0-2\" class=\"so-panel widget widget_siteorigin-panels-postloop panel-last-child\" data-index=\"8\" >\r\n\t<h2>Proyectos<\/h2>\r\n\t\t\r\n    <div class=\"entry-content publicacion\">\r\n        <p>De la Calle Cabrera, A. M. (2023). <em>Proyecto de Cooperaci\u00f3n al Desarrollo: Formaci\u00f3n Docente en Alfabetizaci\u00f3n Temprana en la Escuela de Educaci\u00f3n Superior Pedag\u00f3gica P\u00fablica Arequipa para garantizar una fehaciente transici\u00f3n en el proceso de alfabetizaci\u00f3n de la Educaci\u00f3n Inicial a la Primaria y propiciar el desarrollo, la inclusi\u00f3n y la transformaci\u00f3n social<\/em> (Referencia: AYP\/03\/23). Escuela Superior Pedag\u00f3gica P\u00fablica Arequipa.<\/p>\n\t<\/div>\r\n    \r\n    \r\n\r\n\t\r\n\t\r\n\r\n\r\n<\/div><\/div><\/div><\/div><div id=\"pg-657-4\"  class=\"panel-grid panel-no-style\" ><div id=\"pgc-657-4-0\"  class=\"panel-grid-cell\" ><div id=\"panel-657-4-0-0\" class=\"so-panel widget widget_sow-button panel-first-child panel-last-child\" data-index=\"9\" ><div\n\t\t\t\n\t\t\tclass=\"so-widget-sow-button so-widget-sow-button-wire-4cc949ff70ac-2499\"\n\t\t\t\n\t\t><div class=\"ow-button-base ow-button-align-right\"\n>\n\t\t\t<a\n\t\t\t\t\thref=\"https:\/\/institucional.us.es\/docenciaeco\/miembros\/\"\n\t\t\t\t\tclass=\"sowb-button ow-icon-placement-left ow-button-hover\" \t>\n\t\t<span>\n\t\t\t<span class=\"sow-icon-ionicons\" data-sow-icon=\"&#xf3cf;\"\n\t\tstyle=\"color: #000000\" \n\t\taria-hidden=\"true\"><\/span>\n\t\t\tVolver\t\t<\/span>\n\t\t\t<\/a>\n\t<\/div>\n<\/div><\/div><\/div><\/div><\/div>","protected":false},"excerpt":{"rendered":"<p>ANA MAR\u00cdA DE LA CALLE CABRERA \u201cComprometida con la Educaci\u00f3n\u201d Universidad de Sevilla anamariadelacalle@us.es ORCID Doctora en Ciencias Sociales y Jur\u00eddicas por la Universidad de C\u00e1diz y profesora del Departamento de Lengua y Did\u00e1ctica de la Literatura de la Universidad de Sevilla. Sus principales l\u00edneas de investigaci\u00f3n se enmarcan en las Ciencias de la Educaci\u00f3n, estando vinculados sus aportes m\u00e1s relevantes a los procesos de alfabetizaci\u00f3n, principalmente desde una perspectiva cognitiva, pero tambi\u00e9n desde una perspectiva social enmarcada en los Nuevos Estudios de Alfabetizaci\u00f3n, el Posthumanismo y la Digitalizaci\u00f3n. Participa en proyectos de investigaci\u00f3n que integran la inclusi\u00f3n social como elemento de inter\u00e9s, que est\u00e1n relacionados con los enfoques m\u00e1s recientes de su investigaci\u00f3n dentro del grupo de investigaci\u00f3n \u201cHUM-1044: LITERACY: Alfabetizaci\u00f3n, multiling\u00fcismo, diversidad y justicia social (LITERACY)\u201d. En esta l\u00ednea, en su trayectoria profesional, ha participado en proyectos de innovaci\u00f3n docente sobre metodolog\u00eda innovadora y problem\u00e1tica social. Actualmente, forma parte del Proyecto ECO.<\/p>\n","protected":false},"author":2,"featured_media":0,"parent":23,"menu_order":0,"comment_status":"closed","ping_status":"closed","template":"","meta":{"inline_featured_image":false,"footnotes":""},"class_list":["post-657","page","type-page","status-publish","hentry","post"],"_links":{"self":[{"href":"https:\/\/institucional.us.es\/docenciaeco\/wp-json\/wp\/v2\/pages\/657","targetHints":{"allow":["GET"]}}],"collection":[{"href":"https:\/\/institucional.us.es\/docenciaeco\/wp-json\/wp\/v2\/pages"}],"about":[{"href":"https:\/\/institucional.us.es\/docenciaeco\/wp-json\/wp\/v2\/types\/page"}],"author":[{"embeddable":true,"href":"https:\/\/institucional.us.es\/docenciaeco\/wp-json\/wp\/v2\/users\/2"}],"replies":[{"embeddable":true,"href":"https:\/\/institucional.us.es\/docenciaeco\/wp-json\/wp\/v2\/comments?post=657"}],"version-history":[{"count":14,"href":"https:\/\/institucional.us.es\/docenciaeco\/wp-json\/wp\/v2\/pages\/657\/revisions"}],"predecessor-version":[{"id":2583,"href":"https:\/\/institucional.us.es\/docenciaeco\/wp-json\/wp\/v2\/pages\/657\/revisions\/2583"}],"up":[{"embeddable":true,"href":"https:\/\/institucional.us.es\/docenciaeco\/wp-json\/wp\/v2\/pages\/23"}],"wp:attachment":[{"href":"https:\/\/institucional.us.es\/docenciaeco\/wp-json\/wp\/v2\/media?parent=657"}],"curies":[{"name":"wp","href":"https:\/\/api.w.org\/{rel}","templated":true}]}}