




{"id":900,"date":"2022-11-18T17:58:37","date_gmt":"2022-11-18T17:58:37","guid":{"rendered":"https:\/\/institucional.us.es\/docenciaeco\/?page_id=900"},"modified":"2025-07-19T00:30:35","modified_gmt":"2025-07-19T00:30:35","slug":"cv-marta-leon-castro","status":"publish","type":"page","link":"https:\/\/institucional.us.es\/docenciaeco\/miembros\/cv-marta-leon-castro\/","title":{"rendered":"CV-Marta Le\u00f3n-Castro"},"content":{"rendered":"<div id=\"pl-900\"  class=\"panel-layout\" ><div id=\"pg-900-0\"  class=\"panel-grid panel-has-style\" ><div class=\"cv-titulo siteorigin-panels-stretch panel-row-style-full-width panel-row-style panel-row-style-for-900-0\" style=\"background-color: #bfaedf; \" data-stretch-type=\"full\" ><div id=\"pgc-900-0-0\"  class=\"panel-grid-cell\" ><div id=\"panel-900-0-0-0\" class=\"so-panel widget widget_sow-image panel-first-child panel-last-child\" data-index=\"0\" ><div class=\"cv-foto panel-widget-style panel-widget-style-for-900-0-0-0\" ><div\n\t\t\t\n\t\t\tclass=\"so-widget-sow-image so-widget-sow-image-default-13f2a8b12fcc-900\"\n\t\t\t\n\t\t>\n<div class=\"sow-image-container\">\n\t\t<img \n\tsrc=\"https:\/\/institucional.us.es\/docenciaeco\/wp-content\/uploads\/2022\/12\/Screenshot_20221013_162119-1.jpg\" width=\"617\" height=\"1000\" srcset=\"https:\/\/institucional.us.es\/docenciaeco\/wp-content\/uploads\/2022\/12\/Screenshot_20221013_162119-1.jpg 617w, https:\/\/institucional.us.es\/docenciaeco\/wp-content\/uploads\/2022\/12\/Screenshot_20221013_162119-1-185x300.jpg 185w\" sizes=\"(max-width: 617px) 100vw, 617px\" title=\"Screenshot_20221013_162119 (1)\" alt=\"\" \t\tclass=\"so-widget-image\"\/>\n\t<\/div>\n\n<\/div><\/div><\/div><\/div><div id=\"pgc-900-0-1\"  class=\"panel-grid-cell\" ><div id=\"panel-900-0-1-0\" class=\"so-panel widget widget_sow-editor panel-first-child panel-last-child\" data-index=\"1\" ><div\n\t\t\t\n\t\t\tclass=\"so-widget-sow-editor so-widget-sow-editor-base\"\n\t\t\t\n\t\t>\n<div class=\"siteorigin-widget-tinymce textwidget\">\n\t<h1>MARTA<br \/>\nLE\u00d3N-CASTRO G\u00d3MEZ<\/h1>\n<p><em>\u201cTrabajadora, comprometida y entusiasta\u201d<\/em><\/p>\n<\/div>\n<\/div><\/div><\/div><\/div><\/div><div id=\"pg-900-1\"  class=\"panel-grid panel-no-style\" ><div id=\"pgc-900-1-0\"  class=\"panel-grid-cell\" ><div id=\"panel-900-1-0-0\" class=\"so-panel widget widget_sow-editor panel-first-child panel-last-child\" data-index=\"2\" ><div\n\t\t\t\n\t\t\tclass=\"so-widget-sow-editor so-widget-sow-editor-base\"\n\t\t\t\n\t\t>\n<div class=\"siteorigin-widget-tinymce textwidget\">\n\t<p style=\"text-align: center;\"><img loading=\"lazy\" decoding=\"async\" class=\"cv-icono wp-image-436\" src=\"https:\/\/institucional.us.es\/docenciaeco\/wp-content\/uploads\/2022\/11\/loc.svg\" alt=\"\" width=\"20\" height=\"20\"> Universidad de Sevilla<\/p>\n<\/div>\n<\/div><\/div><\/div><div id=\"pgc-900-1-1\"  class=\"panel-grid-cell\" ><div id=\"panel-900-1-1-0\" class=\"so-panel widget widget_sow-editor panel-first-child panel-last-child\" data-index=\"3\" ><div\n\t\t\t\n\t\t\tclass=\"so-widget-sow-editor so-widget-sow-editor-base\"\n\t\t\t\n\t\t>\n<div class=\"siteorigin-widget-tinymce textwidget\">\n\t<p style=\"text-align: center;\"><img loading=\"lazy\" decoding=\"async\" class=\"cv-icono wp-image-437\" src=\"https:\/\/institucional.us.es\/docenciaeco\/wp-content\/uploads\/2022\/11\/mail.svg\" alt=\"\" width=\"20\" height=\"20\"> mleoncastro@us.es<\/p>\n<\/div>\n<\/div><\/div><\/div><div id=\"pgc-900-1-2\"  class=\"panel-grid-cell\" ><div id=\"panel-900-1-2-0\" class=\"so-panel widget widget_sow-editor panel-first-child panel-last-child\" data-index=\"4\" ><div\n\t\t\t\n\t\t\tclass=\"so-widget-sow-editor so-widget-sow-editor-base\"\n\t\t\t\n\t\t>\n<div class=\"siteorigin-widget-tinymce textwidget\">\n\t<p style=\"text-align: center;\"><img loading=\"lazy\" decoding=\"async\" class=\"cv-icono wp-image-438\" src=\"https:\/\/institucional.us.es\/docenciaeco\/wp-content\/uploads\/2022\/11\/orcid.svg\" alt=\"\" width=\"20\" height=\"20\"> <a href=\"https:\/\/orcid.org\/0000-0001-7646-7238\">ORCID<\/a><\/p>\n<\/div>\n<\/div><\/div><\/div><\/div><div id=\"pg-900-2\"  class=\"panel-grid panel-has-style\" ><div class=\"panel-row-style panel-row-style-for-900-2\" ><div id=\"pgc-900-2-0\"  class=\"panel-grid-cell\" ><div id=\"panel-900-2-0-0\" class=\"so-panel widget widget_sow-editor panel-first-child panel-last-child\" data-index=\"5\" ><div\n\t\t\t\n\t\t\tclass=\"so-widget-sow-editor so-widget-sow-editor-base\"\n\t\t\t\n\t\t>\n<div class=\"siteorigin-widget-tinymce textwidget\">\n\t<p>Doctora en Filolog\u00eda Hisp\u00e1nica y Licenciada en Periodismo. Cuando comenz\u00f3 mi andadura docente, compagin\u00e9 mis clases de grado en el Centro Universitario EUSA con las de Espa\u00f1ol para Extranjeros en el Centro Universitario Internacional de la Universidad Pablo de Olavide. En los \u00faltimos a\u00f1os he sido profesora del Departamento de Lengua Espa\u00f1ola, Ling\u00fc\u00edstica y Teor\u00eda de la Literatura y he impartido distintas asignaturas del \u00e1rea de Lengua Espa\u00f1ola en los diferentes grados de Filolog\u00eda, as\u00ed como en el MAES. Asimismo, he dado clases en los grados de Periodismo, Publicidad y RRPP y Comunicaci\u00f3n Audiovisual en la FCOM y en la actualidad soy Profesora Ayudante Doctora en el Departamento de Did\u00e1ctica de la Lengua y la Literatura y las Filolog\u00edas Integradas. Mi intensa vocaci\u00f3n docente me ha llevado a colaborar en diversos Proyectos de Innovaci\u00f3n y Mejora Docente y a formar parte de mi grupo de la REFID desde 2019.<\/p>\n<\/div>\n<\/div><\/div><\/div><\/div><\/div><div id=\"pg-900-3\"  class=\"panel-grid panel-has-style\" ><div class=\"cont_publicaciones panel-row-style panel-row-style-for-900-3\" ><div id=\"pgc-900-3-0\"  class=\"panel-grid-cell\" ><div id=\"panel-900-3-0-0\" class=\"so-panel widget widget_siteorigin-panels-postloop panel-first-child\" data-index=\"6\" >\t<h2>Publicaciones<\/h2>\r\n\t\t\r\n    <div class=\"entry-content publicacion\">\r\n        <p>Le\u00f3n-Castro G\u00f3mez, Marta (2021). Propuesta did\u00e1ctica para la ense\u00f1anza del g\u00e9nero gramatical y el sexismo ling\u00fc\u00edstico en el \u00e1mbito de los medios de comunicaci\u00f3n. Ciclos de mejora en el aula a\u00f1o 2020: experiencias de innovaci\u00f3n docente de la Universidad de Sevilla \/ coord. por Rafael Porl\u00e1n Ariza, Elisa Navarro Medina, \u00c1ngel Francisco Villarejo Ramos, p\u00e1gs. 2105-2126. ISBN 978-84-472-3100-3<\/p>\n\t<\/div>\r\n    \r\n    \r\n\r\n\t\r\n    <div class=\"entry-content publicacion\">\r\n        <p>Le\u00f3n-Castro G\u00f3mez, M. 2022. La metodolog\u00eda ECO como propuesta de innovaci\u00f3n para el estudio de la fon\u00e9tica y fonolog\u00eda del espa\u00f1ol. En R. Porl\u00e1n, E. Navarro y \u00c1. F Villarejo (coords.), Ciclos de Mejora en el Aula. A\u00f1o 2021. Experiencias de Innovaci\u00f3n docente de la Universidad de Sevilla, pp. 1833 &#8211; 1848. Sevilla: Editorial Universidad de Sevilla (Colecci\u00f3n Ciencias de la Educaci\u00f3n, n.\u00ba 38) https:\/\/dx.doi.org\/10.12795\/9788447222865<\/p>\n\t<\/div>\r\n    \r\n    \r\n\r\n\t\r\n    <div class=\"entry-content publicacion\">\r\n        <p>Le\u00f3n-Castro, M. (2023). C\u00f3mo superar prejuicios ling\u00fc\u00edsticos para ense\u00f1ar sintaxis. En R. Porl\u00e1n Ariza &amp;\u00a0\u00c1. F. Villarejo Ramos (Coords.), <em>Ciclos de mejora en el aula. Curso 2022\/23. Experiencias de innovaci\u00f3n docente de la Universidad de Sevilla<\/em> (pp. 775-788). \u00a0Editorial de la Universidad de Sevilla.<\/p>\n\t<\/div>\r\n    \r\n    \r\n\r\n\t\r\n    <div class=\"entry-content publicacion\">\r\n        <p>Le\u00f3n-Castro, M., &amp; Fern\u00e1ndez, M. (2023). ECO: explora, crea y ofrece. Propuesta de innovaci\u00f3n docente para la ense\u00f1anza del Espa\u00f1ol de Am\u00e9rica. En E. L\u00f3pez Meneses &amp; C. Bernal Bravo (Eds.), <em>Educaci\u00f3n, tecnolog\u00eda, innovaci\u00f3n y transferencia del conocimiento<\/em>\u00a0(pp. 2535-2544). Octaedro.<\/p>\n\t<\/div>\r\n    \r\n    \r\n\r\n\t\r\n\t\r\n\r\n\r\n<\/div><div id=\"panel-900-3-0-1\" class=\"so-panel widget widget_siteorigin-panels-postloop panel-last-child\" data-index=\"7\" >\r\n\t<h2>Congresos<\/h2>\r\n\t\t\r\n    <div class=\"entry-content publicacion\">\r\n        <p>Le\u00f3n-Castro G\u00f3mez, M. (2021): ECO: explora, crea y ofrece. Un reto metodol\u00f3gico para la ense\u00f1anza de Lengua Espa\u00f1ola a estudiantes de Periodismo. IX Jornadas de Innovaci\u00f3n Docente (25 mayo 2021, Universidad de San Jorge).<\/p>\n\t<\/div>\r\n    \r\n    \r\n\r\n\t\r\n\t\r\n\r\n\r\n<\/div><\/div><\/div><\/div><div id=\"pg-900-4\"  class=\"panel-grid panel-no-style\" ><div id=\"pgc-900-4-0\"  class=\"panel-grid-cell\" ><div id=\"panel-900-4-0-0\" class=\"so-panel widget widget_sow-button panel-first-child panel-last-child\" data-index=\"8\" ><div\n\t\t\t\n\t\t\tclass=\"so-widget-sow-button so-widget-sow-button-wire-80810b17e450-1632\"\n\t\t\t\n\t\t><div class=\"ow-button-base ow-button-align-right\"\n>\n\t\t\t<a\n\t\t\t\t\thref=\"https:\/\/institucional.us.es\/docenciaeco\/miembros\/\"\n\t\t\t\t\tclass=\"sowb-button ow-icon-placement-left ow-button-hover\" \t>\n\t\t<span>\n\t\t\t<span class=\"sow-icon-ionicons\" data-sow-icon=\"&#xf3cf;\"\n\t\tstyle=\"color: #000000\" \n\t\taria-hidden=\"true\"><\/span>\n\t\t\tVolver\t\t<\/span>\n\t\t\t<\/a>\n\t<\/div>\n<\/div><\/div><\/div><\/div><\/div>","protected":false},"excerpt":{"rendered":"<p>MARTA LE\u00d3N-CASTRO G\u00d3MEZ \u201cTrabajadora, comprometida y entusiasta\u201d Universidad de Sevilla mleoncastro@us.es ORCID Doctora en Filolog\u00eda Hisp\u00e1nica y Licenciada en Periodismo. Cuando comenz\u00f3 mi andadura docente, compagin\u00e9 mis clases de grado en el Centro Universitario EUSA con las de Espa\u00f1ol para Extranjeros en el Centro Universitario Internacional de la Universidad Pablo de Olavide. En los \u00faltimos a\u00f1os he sido profesora del Departamento de Lengua Espa\u00f1ola, Ling\u00fc\u00edstica y Teor\u00eda de la Literatura y he impartido distintas asignaturas del \u00e1rea de Lengua Espa\u00f1ola en los diferentes grados de Filolog\u00eda, as\u00ed como en el MAES. Asimismo, he dado clases en los grados de Periodismo, Publicidad y RRPP y Comunicaci\u00f3n Audiovisual en la FCOM y en la actualidad soy Profesora Ayudante Doctora en el Departamento de Did\u00e1ctica de la Lengua y la Literatura y las Filolog\u00edas Integradas. Mi intensa vocaci\u00f3n docente me ha llevado a colaborar en diversos Proyectos de Innovaci\u00f3n y Mejora Docente y a formar parte de mi grupo de la REFID desde 2019.<\/p>\n","protected":false},"author":2,"featured_media":0,"parent":23,"menu_order":0,"comment_status":"closed","ping_status":"closed","template":"","meta":{"inline_featured_image":false,"footnotes":""},"class_list":["post-900","page","type-page","status-publish","hentry","post"],"_links":{"self":[{"href":"https:\/\/institucional.us.es\/docenciaeco\/wp-json\/wp\/v2\/pages\/900","targetHints":{"allow":["GET"]}}],"collection":[{"href":"https:\/\/institucional.us.es\/docenciaeco\/wp-json\/wp\/v2\/pages"}],"about":[{"href":"https:\/\/institucional.us.es\/docenciaeco\/wp-json\/wp\/v2\/types\/page"}],"author":[{"embeddable":true,"href":"https:\/\/institucional.us.es\/docenciaeco\/wp-json\/wp\/v2\/users\/2"}],"replies":[{"embeddable":true,"href":"https:\/\/institucional.us.es\/docenciaeco\/wp-json\/wp\/v2\/comments?post=900"}],"version-history":[{"count":12,"href":"https:\/\/institucional.us.es\/docenciaeco\/wp-json\/wp\/v2\/pages\/900\/revisions"}],"predecessor-version":[{"id":2592,"href":"https:\/\/institucional.us.es\/docenciaeco\/wp-json\/wp\/v2\/pages\/900\/revisions\/2592"}],"up":[{"embeddable":true,"href":"https:\/\/institucional.us.es\/docenciaeco\/wp-json\/wp\/v2\/pages\/23"}],"wp:attachment":[{"href":"https:\/\/institucional.us.es\/docenciaeco\/wp-json\/wp\/v2\/media?parent=900"}],"curies":[{"name":"wp","href":"https:\/\/api.w.org\/{rel}","templated":true}]}}