




{"id":96,"date":"2022-11-18T17:58:37","date_gmt":"2022-11-18T17:58:37","guid":{"rendered":"https:\/\/institucional.us.es\/docenciaeco\/?page_id=96"},"modified":"2025-07-19T00:23:32","modified_gmt":"2025-07-19T00:23:32","slug":"cv-francisco","status":"publish","type":"page","link":"https:\/\/institucional.us.es\/docenciaeco\/miembros\/cv-francisco\/","title":{"rendered":"CV-Francisco"},"content":{"rendered":"<div id=\"pl-96\"  class=\"panel-layout\" ><div id=\"pg-96-0\"  class=\"panel-grid panel-has-style\" ><div class=\"cv-titulo siteorigin-panels-stretch panel-row-style-full-width panel-row-style panel-row-style-for-96-0\" style=\"background-color: #bfaedf; \" data-stretch-type=\"full\" ><div id=\"pgc-96-0-0\"  class=\"panel-grid-cell\" ><div id=\"panel-96-0-0-0\" class=\"so-panel widget widget_sow-image panel-first-child panel-last-child\" data-index=\"0\" ><div class=\"cv-foto panel-widget-style panel-widget-style-for-96-0-0-0\" ><div\n\t\t\t\n\t\t\tclass=\"so-widget-sow-image so-widget-sow-image-default-13f2a8b12fcc-96\"\n\t\t\t\n\t\t>\n<div class=\"sow-image-container\">\n\t\t<img \n\tsrc=\"https:\/\/institucional.us.es\/docenciaeco\/wp-content\/uploads\/2022\/11\/FranciscoBaena.jpg\" width=\"1225\" height=\"1225\" srcset=\"https:\/\/institucional.us.es\/docenciaeco\/wp-content\/uploads\/2022\/11\/FranciscoBaena.jpg 1225w, https:\/\/institucional.us.es\/docenciaeco\/wp-content\/uploads\/2022\/11\/FranciscoBaena-300x300.jpg 300w, https:\/\/institucional.us.es\/docenciaeco\/wp-content\/uploads\/2022\/11\/FranciscoBaena-1024x1024.jpg 1024w, https:\/\/institucional.us.es\/docenciaeco\/wp-content\/uploads\/2022\/11\/FranciscoBaena-150x150.jpg 150w, https:\/\/institucional.us.es\/docenciaeco\/wp-content\/uploads\/2022\/11\/FranciscoBaena-768x768.jpg 768w, https:\/\/institucional.us.es\/docenciaeco\/wp-content\/uploads\/2022\/11\/FranciscoBaena-375x375.jpg 375w\" sizes=\"(max-width: 1225px) 100vw, 1225px\" alt=\"\" \t\tclass=\"so-widget-image\"\/>\n\t<\/div>\n\n<\/div><\/div><\/div><\/div><div id=\"pgc-96-0-1\"  class=\"panel-grid-cell\" ><div id=\"panel-96-0-1-0\" class=\"so-panel widget widget_sow-editor panel-first-child panel-last-child\" data-index=\"1\" ><div\n\t\t\t\n\t\t\tclass=\"so-widget-sow-editor so-widget-sow-editor-base\"\n\t\t\t\n\t\t>\n<div class=\"siteorigin-widget-tinymce textwidget\">\n\t<h1>FRANCISCO<br \/>\nBAENA S\u00c1NCHEZ<\/h1>\n<p><em>\u201cQuien ense\u00f1a aprende al ense\u00f1ar, quien aprende ense\u00f1a al aprender\u201d(Paulo Freire)<\/em><\/p>\n<\/div>\n<\/div><\/div><\/div><\/div><\/div><div id=\"pg-96-1\"  class=\"panel-grid panel-no-style\" ><div id=\"pgc-96-1-0\"  class=\"panel-grid-cell\" ><div id=\"panel-96-1-0-0\" class=\"so-panel widget widget_sow-editor panel-first-child panel-last-child\" data-index=\"2\" ><div\n\t\t\t\n\t\t\tclass=\"so-widget-sow-editor so-widget-sow-editor-base\"\n\t\t\t\n\t\t>\n<div class=\"siteorigin-widget-tinymce textwidget\">\n\t<p style=\"text-align: center;\"><img loading=\"lazy\" decoding=\"async\" class=\"cv-icono wp-image-436\" src=\"https:\/\/institucional.us.es\/docenciaeco\/wp-content\/uploads\/2022\/11\/loc.svg\" alt=\"\" width=\"20\" height=\"20\"> Universidad de Sevilla<\/p>\n<\/div>\n<\/div><\/div><\/div><div id=\"pgc-96-1-1\"  class=\"panel-grid-cell\" ><div id=\"panel-96-1-1-0\" class=\"so-panel widget widget_sow-editor panel-first-child panel-last-child\" data-index=\"3\" ><div\n\t\t\t\n\t\t\tclass=\"so-widget-sow-editor so-widget-sow-editor-base\"\n\t\t\t\n\t\t>\n<div class=\"siteorigin-widget-tinymce textwidget\">\n\t<p style=\"text-align: center;\"><img loading=\"lazy\" decoding=\"async\" class=\"cv-icono alignnone wp-image-437\" src=\"https:\/\/institucional.us.es\/docenciaeco\/wp-content\/uploads\/2022\/11\/mail.svg\" alt=\"\" width=\"20\" height=\"20\"> frbaena@us.es<\/p>\n<\/div>\n<\/div><\/div><\/div><div id=\"pgc-96-1-2\"  class=\"panel-grid-cell\" ><div id=\"panel-96-1-2-0\" class=\"so-panel widget widget_sow-editor panel-first-child panel-last-child\" data-index=\"4\" ><div\n\t\t\t\n\t\t\tclass=\"so-widget-sow-editor so-widget-sow-editor-base\"\n\t\t\t\n\t\t>\n<div class=\"siteorigin-widget-tinymce textwidget\">\n\t<p style=\"text-align: center;\"><img loading=\"lazy\" decoding=\"async\" class=\"cv-icono alignnone wp-image-438\" src=\"https:\/\/institucional.us.es\/docenciaeco\/wp-content\/uploads\/2022\/11\/orcid.svg\" alt=\"\" width=\"20\" height=\"20\"> <a href=\"https:\/\/orcid.org\/0000-0002-5304-7924\">ORCID<\/a><\/p>\n<\/div>\n<\/div><\/div><\/div><\/div><div id=\"pg-96-2\"  class=\"panel-grid panel-has-style\" ><div class=\"panel-row-style panel-row-style-for-96-2\" ><div id=\"pgc-96-2-0\"  class=\"panel-grid-cell\" ><div id=\"panel-96-2-0-0\" class=\"so-panel widget widget_sow-editor panel-first-child panel-last-child\" data-index=\"5\" ><div\n\t\t\t\n\t\t\tclass=\"so-widget-sow-editor so-widget-sow-editor-base\"\n\t\t\t\n\t\t>\n<div class=\"siteorigin-widget-tinymce textwidget\">\n\t<p>Soy profesor titular del departamento de Periodismo I de la Universidad de Sevilla y formo parte del grupo de investigaci\u00f3n en \u00abHistoria del periodismo y las lecturas populares en Andaluc\u00eda\u00bb (SEJ070). Estoy especializado en la digitalizaci\u00f3n del patrimonio cultural y en la historia del periodismo en Andaluc\u00eda. He participado en todos los proyectos de innovaci\u00f3n docente basados en el m\u00e9todo ECO, desde su inicio en el curso 2017-18, m\u00e9todo que aplico en la asignatura Historia Social de la Comunicaci\u00f3n, en el primer curso del Grado en Comunicaci\u00f3n Audiovisual. Acumulo una experiencia docente a tiempo completo superior a 10 a\u00f1os, con cerca de 3.000 horas impartidas, que ha recibido un valoraci\u00f3n muy positiva en las encuestas al alumnado, obteniendo siempre calificaciones notablemente superiores a la media del \u00e1rea, de la titulaci\u00f3n y de la universidad. Puedo acreditar tambi\u00e9n publicaciones, congresos y estancias en el extranjero orientados a la docencia universitaria.<\/p>\n<\/div>\n<\/div><\/div><\/div><\/div><\/div><div id=\"pg-96-3\"  class=\"panel-grid panel-no-style\" ><div id=\"pgc-96-3-0\"  class=\"panel-grid-cell\" ><div id=\"panel-96-3-0-0\" class=\"so-panel widget widget_sow-button panel-first-child panel-last-child\" data-index=\"6\" ><div\n\t\t\t\n\t\t\tclass=\"so-widget-sow-button so-widget-sow-button-wire-80810b17e450-96\"\n\t\t\t\n\t\t><div class=\"ow-button-base ow-button-align-right\"\n>\n\t\t\t<a\n\t\t\t\t\thref=\"https:\/\/institucional.us.es\/docenciaeco\/miembros\/\"\n\t\t\t\t\tclass=\"sowb-button ow-icon-placement-left ow-button-hover\" \t>\n\t\t<span>\n\t\t\t<span class=\"sow-icon-ionicons\" data-sow-icon=\"&#xf3cf;\"\n\t\tstyle=\"color: #000000\" \n\t\taria-hidden=\"true\"><\/span>\n\t\t\tVolver\t\t<\/span>\n\t\t\t<\/a>\n\t<\/div>\n<\/div><\/div><\/div><\/div><\/div>","protected":false},"excerpt":{"rendered":"<p>FRANCISCO BAENA S\u00c1NCHEZ \u201cQuien ense\u00f1a aprende al ense\u00f1ar, quien aprende ense\u00f1a al aprender\u201d(Paulo Freire) Universidad de Sevilla frbaena@us.es ORCID<\/p>\n","protected":false},"author":1,"featured_media":0,"parent":23,"menu_order":0,"comment_status":"closed","ping_status":"closed","template":"","meta":{"inline_featured_image":false,"footnotes":""},"class_list":["post-96","page","type-page","status-publish","hentry","post"],"_links":{"self":[{"href":"https:\/\/institucional.us.es\/docenciaeco\/wp-json\/wp\/v2\/pages\/96","targetHints":{"allow":["GET"]}}],"collection":[{"href":"https:\/\/institucional.us.es\/docenciaeco\/wp-json\/wp\/v2\/pages"}],"about":[{"href":"https:\/\/institucional.us.es\/docenciaeco\/wp-json\/wp\/v2\/types\/page"}],"author":[{"embeddable":true,"href":"https:\/\/institucional.us.es\/docenciaeco\/wp-json\/wp\/v2\/users\/1"}],"replies":[{"embeddable":true,"href":"https:\/\/institucional.us.es\/docenciaeco\/wp-json\/wp\/v2\/comments?post=96"}],"version-history":[{"count":89,"href":"https:\/\/institucional.us.es\/docenciaeco\/wp-json\/wp\/v2\/pages\/96\/revisions"}],"predecessor-version":[{"id":2580,"href":"https:\/\/institucional.us.es\/docenciaeco\/wp-json\/wp\/v2\/pages\/96\/revisions\/2580"}],"up":[{"embeddable":true,"href":"https:\/\/institucional.us.es\/docenciaeco\/wp-json\/wp\/v2\/pages\/23"}],"wp:attachment":[{"href":"https:\/\/institucional.us.es\/docenciaeco\/wp-json\/wp\/v2\/media?parent=96"}],"curies":[{"name":"wp","href":"https:\/\/api.w.org\/{rel}","templated":true}]}}