{"id":13,"date":"2015-01-07T12:40:18","date_gmt":"2015-01-07T12:40:18","guid":{"rendered":"https:\/\/institucional.us.es\/newdocgestra\/?page_id=13"},"modified":"2024-12-10T14:40:25","modified_gmt":"2024-12-10T14:40:25","slug":"internacionalizacion","status":"publish","type":"page","link":"https:\/\/institucional.us.es\/docgestra\/?page_id=13","title":{"rendered":"Internacionalizaci\u00f3n"},"content":{"rendered":"<h2><strong>1.- Profesores Internacionales del Programa de Doctorado<\/strong><\/h2>\n<table width=\"435\">\n<tbody>\n<tr>\n<th width=\"435\"><strong>Profesorado Internacional<\/strong><\/th>\n<\/tr>\n<tr>\n<td width=\"435\"><a href=\"https:\/\/scholar.google.com\/citations?user=J8Sr5S4AAAAJ&amp;hl=en\"><em><strong>Oli Kuivalainen<\/strong> <\/em><\/a><em>Lappeenrata University Technology<\/em><\/td>\n<\/tr>\n<tr>\n<td width=\"435\"><a href=\"https:\/\/scholar.google.com\/citations?user=Y-owXs0AAAAJ&#038;hl=en\"><em><strong>Jinyu He<\/strong>\u00a0<\/em><\/a>The Hong Kong University of Science and Technology<\/td>\n<\/tr>\n<tr>\n<td width=\"435\"><a href=\"https:\/\/scholar.google.com\/citations?user=i3GuCzgAAAAJ&#038;hl=en\"><em><strong>Dorothy Leidner<\/strong> <\/em><\/a><em>Baylor University<\/em><\/td>\n<\/tr>\n<tr>\n<td width=\"435\"><a href=\"https:\/\/www.bauer.uh.edu\/Directory\/profile.asp?firstname=Wynne&amp;lastname=Chin\"><em><strong>Wynne Chin<\/strong> <\/em><\/a><em>University of Houston<\/em><\/td>\n<\/tr>\n<tr>\n<td width=\"435\"><a href=\"https:\/\/scholar.google.co.uk\/citations?user=Jhg2DPwAAAAJ&#038;hl=es\"><em><strong>Wagner Kamakura<\/strong> <\/em><\/a><em> Rice University<\/em><\/td>\n<\/tr>\n<tr>\n<td width=\"435\"><a href=\"https:\/\/www.bgsu.edu\/business\/departments-and-programs\/marketing\/faculty-and-staff\/dwayne-d-gremler.html\" target=\"_blank\" rel=\"noopener noreferrer\"><em><strong>Dwayne Gremler<\/strong> <\/em><\/a><em>Bowling Green State University<\/em><\/td>\n<\/tr>\n<tr>\n<td width=\"435\"><a href=\"https:\/\/scholar.google.com\/citations?user=wr4brokAAAAJ&#038;hl=en\"><em><strong>Barb Flynn<\/strong> <\/em><\/a><em> Indiana University<\/em><\/td>\n<\/tr>\n<tr>\n<td width=\"435\"><a href=\"https:\/\/www.researchgate.net\/scientific-contributions\/Michiya-Morita-2163779894\"><em><strong>Michiya Morita<\/strong> <\/em><\/a><em>Gakushuin University<\/em><\/td>\n<\/tr>\n<tr>\n<td width=\"435\"><a href=\"https:\/\/scholar.google.com\/citations?user=15eOri0AAAAJ&#038;hl=en\"><em><strong>Christian F. Durach<\/strong> <\/em><\/a><em> ESCP BUsiness School, Berl\u00edn<\/em><\/td>\n<\/tr>\n<tr>\n<td width=\"435\"><a href=\"https:\/\/scholar.google.com\/citations?user=vmS87MIAAAAJ&#038;hl=es%20target=\"><em><strong>C\u00e9sar Humberto Ortega Jim\u00e9nez<\/strong> <\/em><\/a><em>Universidad Nacional Aut\u00f3noma de Honduras<\/em><\/td>\n<\/tr>\n<\/tr>\n<\/tbody>\n<\/table>\n<h2><strong>2.- Cotutela de Tesis Doctorales<\/strong><\/h2>\n<p>Para optar a esta menci\u00f3n, son necesarios los siguientes requisitos:<br \/>\n\u2022\tUn convenio entre la Universidad de Sevilla y una universidad extranjera, en el marco del cual se realice la tesis doctoral.<br \/>\n\u2022\tTesis doctoral supervisada por dos o m\u00e1s doctores de los que al menos uno pertenezca a la Universidad de Sevilla y otro a la universidad extranjera.<br \/>\n\u2022\tUna estancia m\u00ednima de seis meses en la instituci\u00f3n con la que se establece el convenio de cotutela.<\/p>\n<p>Existen dos modalidades de cotutela:<br \/>\n<strong>MODALIDAD A<\/strong>: Conduce a la obtenci\u00f3n de t\u00edtulo de Doctor\/a por la Universidad de Sevilla<br \/>\n<a href=\"https:\/\/doctorado.us.es\/impresos\/formularios\/C01A_Appendix_I_Official_agreement_for_joint_supervision_of_doctorate_thesis.pdf\" rel=\"noopener noreferrer\" target=\"_blank\">C01A &#8211; Appendix I: Official agreement for joint supervision of doctorate thesis (ES-ENG)<\/a><br \/>\n<a href=\"https:\/\/doctorado.us.es\/impresos\/formularios\/C01A_Anexo_I_convenio-cotutela-ES.pdf\" rel=\"noopener noreferrer\" target=\"_blank\">C01A &#8211; Anexo I: Convenio Cotutela de Tesis Doctoral (ES)<\/a><br \/>\n<a href=\"https:\/\/doctorado.us.es\/impresos\/formularios\/C02A_Anexo_II_solicitud_formalizacion_cotutela-ES.pdf\" rel=\"noopener noreferrer\" target=\"_blank\">CO2A &#8211; Anexo II: Solicitud Cotutela <\/a><br \/>\n<strong>MODALIDAD B<\/strong>: Conduce a la obtenci\u00f3n de t\u00edtulo de Doctor\/a por cada universidad<br \/>\n<a href=\"https:\/\/doctorado.us.es\/impresos\/formularios\/C01B_Appendix_I_Official_Agreement_for_joint_supervision_of_doctorate_thesis_ESP-ENG.pdf\" rel=\"noopener noreferrer\" target=\"_blank\">C01B &#8211; Appendix I: Official agreement for joint supervision of doctorate thesis (ES-ENG)<\/a><br \/>\n<a href=\"https:\/\/doctorado.us.es\/impresos\/formularios\/C01B_Anexo_I_convenio-cotutela-ES.pdf\" rel=\"noopener noreferrer\" target=\"_blank\">C01B &#8211; Anexo I: Convenio Cotutela de Tesis Doctoral (ES)<\/a><br \/>\n<a href=\"https:\/\/doctorado.us.es\/impresos\/formularios\/C02B_Anexo_II_solicitud_formalizacion_cotutela-ES.pdf\" rel=\"noopener noreferrer\" target=\"_blank\">CO2B &#8211; Anexo II: Solicitud Cotutela<\/a><\/p>\n<h2><strong>3.- Menci\u00f3n Internacional del Programa de Doctorado<\/strong><\/h2>\n<p>Para optar a esta menci\u00f3n, son necesarios los siguientes requisitos:<br \/>\n\u2022\tUna estancia m\u00ednima de tres meses fuera de Espa\u00f1a y en un pa\u00eds distinto al de residencia habitual del estudiante.<br \/>\n\u2022\tParte de la tesis doctoral, al menos el resumen y las conclusiones, redactada y presentada en una de las lenguas habituales para la comunicaci\u00f3n cient\u00edfica.<br \/>\n\u2022\tTesis informada por un m\u00ednimo de dos expertos doctores internacionales.<br \/>\n\u2022\tAl menos un experto internacional en el tribunal evaluador de la tesis.<\/p>\n<p><a href=\"https:\/\/doctorado.us.es\/impresos\/formularios\/T04_solicitud_de_mencion_internacional_en_el_titulo_de_doctor.pdf\" rel=\"noopener noreferrer\" target=\"_blank\">T04. SOLICITUD DE MENCI\u00d3N INTERNACIONAL EN EL T\u00cdTULO DE DOCTOR<\/a><\/p>\n<h2><strong>4.- Becas y ayudas de Car\u00e1cter Internacional<\/strong><\/h2>\n<p><a href=\"https:\/\/www.us.es\/internacional\/movilidad\">Becas de Movilidad Internacional<\/a><br \/>\n<a href=\"https:\/\/www.us.es\/estudiar\/becas-ayudas\/becas-y-ayudas-de-movilidad\/propias\">Becas y ayudas de Movilidad de la Universidad de Sevilla<\/a><br \/>\n<a href=\"https:\/\/www.us.es\/estudiar\/becas-ayudas\/becas-y-ayudas-de-movilidad\/externas\">Becas y ayudas de Movilidad Externas<\/a><br \/>\n<a href=\"https:\/\/www.educacionfpydeportes.gob.es\/servicios-al-ciudadano\/catalogo\/profesorado\/profesorado-universitario\/becas-ayudas.html\">Becas y ayudas del Ministerio de Universidades para Personal Docente e Investigador<\/a><\/p>\n<h2><strong>5.- Informaci\u00f3n sobre Internacionalizaci\u00f3n EIDUS<\/strong><\/h2>\n<p>Para conocer m\u00e1s detalles sobre internacionalizaci\u00f3n, <strong><a href=\"https:\/\/doctorado.us.es\/internacional\" rel=\"noopener noreferrer\" target=\"_blank\">pulse aqu\u00ed<\/a><\/strong><\/p>\n","protected":false},"excerpt":{"rendered":"<p>1.- Profesores Internacionales del Programa de Doctorado Profesorado Internacional Oli Kuivalainen Lappeenrata University Technology Jinyu He\u00a0The Hong Kong University of Science and Technology Dorothy Leidner Baylor University Wynne Chin University of Houston Wagner Kamakura Rice University Dwayne Gremler Bowling Green State University Barb Flynn Indiana University Michiya Morita Gakushuin University Christian F. Durach ESCP BUsiness [&hellip;]<\/p>\n","protected":false},"author":1,"featured_media":0,"parent":0,"menu_order":0,"comment_status":"open","ping_status":"open","template":"","meta":{"_kadence_starter_templates_imported_post":false,"footnotes":""},"class_list":["post-13","page","type-page","status-publish","hentry"],"_links":{"self":[{"href":"https:\/\/institucional.us.es\/docgestra\/index.php?rest_route=\/wp\/v2\/pages\/13","targetHints":{"allow":["GET"]}}],"collection":[{"href":"https:\/\/institucional.us.es\/docgestra\/index.php?rest_route=\/wp\/v2\/pages"}],"about":[{"href":"https:\/\/institucional.us.es\/docgestra\/index.php?rest_route=\/wp\/v2\/types\/page"}],"author":[{"embeddable":true,"href":"https:\/\/institucional.us.es\/docgestra\/index.php?rest_route=\/wp\/v2\/users\/1"}],"replies":[{"embeddable":true,"href":"https:\/\/institucional.us.es\/docgestra\/index.php?rest_route=%2Fwp%2Fv2%2Fcomments&post=13"}],"version-history":[{"count":0,"href":"https:\/\/institucional.us.es\/docgestra\/index.php?rest_route=\/wp\/v2\/pages\/13\/revisions"}],"wp:attachment":[{"href":"https:\/\/institucional.us.es\/docgestra\/index.php?rest_route=%2Fwp%2Fv2%2Fmedia&parent=13"}],"curies":[{"name":"wp","href":"https:\/\/api.w.org\/{rel}","templated":true}]}}