{"id":2386,"date":"2013-12-31T06:59:44","date_gmt":"2013-12-31T01:29:44","guid":{"rendered":"http:\/\/wedesignthemes.com\/themes\/dt-guru\/?page_id=8"},"modified":"2026-03-15T11:11:35","modified_gmt":"2026-03-15T11:11:35","slug":"home","status":"publish","type":"page","link":"http:\/\/institucional.us.es\/docgestra\/","title":{"rendered":"Programa de Doctorado en Gesti\u00f3n Estrat\u00e9gica y Negocios Internacionales"},"content":{"rendered":"\t\t<div data-elementor-type=\"wp-page\" data-elementor-id=\"2386\" class=\"elementor elementor-2386\">\n\t\t\t\t<div class=\"elementor-element elementor-element-77756cfe e-flex e-con-boxed e-con e-parent\" data-id=\"77756cfe\" data-element_type=\"container\" data-e-type=\"container\">\n\t\t\t\t\t<div class=\"e-con-inner\">\n\t\t\t\t<div class=\"elementor-element elementor-element-5249d680 elementor-widget elementor-widget-text-editor\" data-id=\"5249d680\" data-element_type=\"widget\" data-e-type=\"widget\" data-widget_type=\"text-editor.default\">\n\t\t\t\t\t\t\t\t\t<p><span style=\"color: #1a4520; font-family: 'Crete Round', serif; font-size: 40px; text-align: start;\">Bienvenido al Programa de Doctorado en Gesti\u00f3n Estrat\u00e9gica y Negocios Internacionales<\/span><\/p>\t\t\t\t\t\t\t\t<\/div>\n\t\t\t\t\t<\/div>\n\t\t\t\t<\/div>\n\t\t<div class=\"elementor-element elementor-element-28dfd4e e-grid e-con-boxed e-con e-parent\" data-id=\"28dfd4e\" data-element_type=\"container\" data-e-type=\"container\">\n\t\t\t\t\t<div class=\"e-con-inner\">\n\t\t\t\t<div class=\"elementor-element elementor-element-27d748d elementor-widget elementor-widget-text-editor\" data-id=\"27d748d\" data-element_type=\"widget\" data-e-type=\"widget\" data-widget_type=\"text-editor.default\">\n\t\t\t\t\t\t\t\t\t<div class=\"dt-sc-iconbox\"><div class=\"dt-sc-icon\"><div class=\"column dt-sc-one-fourth first\"><div class=\"dt-sc-services\"><div class=\"dt-sc-iconbox\"><div class=\"dt-sc-icon\"><a title=\"Presentaci\u00f3n Programa de Doctorado\" href=\"https:\/\/institucional.us.es\/docgestra\/?page_id=28\"><img decoding=\"async\" class=\"alignnone\" src=\"https:\/\/institucional.us.es\/docgestra\/wp-content\/uploads\/2013\/12\/informacion.png\" alt=\"service-alt\" width=\"100\" height=\"100\" \/><\/a><\/div><\/div><h3><a title=\"Presentaci\u00f3n Programa de Doctorado\" href=\"https:\/\/institucional.us.es\/docgestra\/presentacion-pdgeni\/\">Presentaci\u00f3n<\/a><\/h3><p><a title=\"Presentaci\u00f3n Programa de Doctorado\" href=\"https:\/\/institucional.us.es\/docgestra\/presentacion-pdgeni\/\">Informaci\u00f3n, Datos y Competencias del T\u00edtulo<\/a><\/p><\/div><\/div><div class=\"column dt-sc-one-fourth \"><div class=\"dt-sc-services\">\u00a0<\/div><\/div><\/div><\/div>\t\t\t\t\t\t\t\t<\/div>\n\t\t\t\t<div class=\"elementor-element elementor-element-bc3d8f6 elementor-widget elementor-widget-text-editor\" data-id=\"bc3d8f6\" data-element_type=\"widget\" data-e-type=\"widget\" data-widget_type=\"text-editor.default\">\n\t\t\t\t\t\t\t\t\t<div class=\"column dt-sc-one-fourth \">\n<div class=\"dt-sc-services\">\n<div class=\"dt-sc-iconbox\">\n<div class=\"dt-sc-icon\"><a href=\"https:\/\/institucional.us.es\/docgestra\/?page_id=31\"><img decoding=\"async\" src=\"https:\/\/institucional.us.es\/docgestra\/wp-content\/uploads\/2013\/12\/lista.png\" alt=\"service-alt\"><\/a><\/div>\n<\/div>\n<h3>L\u00edneas de Investigaci\u00f3n<\/h3>\n<p>Toda la informaci\u00f3n sobre las L\u00edneas de Investigaci\u00f3n del M\u00e1ster<\/p>\n<\/div>\n<\/div>\t\t\t\t\t\t\t\t<\/div>\n\t\t\t\t<div class=\"elementor-element elementor-element-db1eb57 elementor-widget elementor-widget-text-editor\" data-id=\"db1eb57\" data-element_type=\"widget\" data-e-type=\"widget\" data-widget_type=\"text-editor.default\">\n\t\t\t\t\t\t\t\t\t<div class=\"column dt-sc-one-fourth \"><div class=\"dt-sc-services\"><div class=\"dt-sc-iconbox\"><div class=\"dt-sc-icon\"><a href=\"https:\/\/institucional.us.es\/docgestra\/?page_id=34\"><img decoding=\"async\" src=\"https:\/\/institucional.us.es\/docgestra\/wp-content\/uploads\/2013\/12\/entrance.png\" alt=\"service-alt\" \/><\/a><\/div><\/div><h3>Acceso y Admisi\u00f3n<\/h3><p><a title=\"Acceso y Admisi\u00f3n\" href=\"https:\/\/institucional.us.es\/docgestra\/acceso-y-admision\/\">Informaci\u00f3n para estudiantes de nuevo ingreso, Requisitos de Acceso, Admisi\u00f3n y Complementos de Formaci\u00f3n<\/a><\/p><\/div><\/div><div class=\"dt-sc-hr-invisible \">\u00a0<\/div>\t\t\t\t\t\t\t\t<\/div>\n\t\t\t\t<div class=\"elementor-element elementor-element-37b1743 elementor-widget elementor-widget-text-editor\" data-id=\"37b1743\" data-element_type=\"widget\" data-e-type=\"widget\" data-widget_type=\"text-editor.default\">\n\t\t\t\t\t\t\t\t\t<div class=\"dt-sc-iconbox\"><div class=\"dt-sc-icon\"><div class=\"column dt-sc-one-fourth first\"><div class=\"column dt-sc-one-fourth \"><div class=\"dt-sc-services\"><div class=\"dt-sc-iconbox\"><div class=\"dt-sc-icon\"><a href=\"https:\/\/institucional.us.es\/docgestra\/?page_id=37\"><img decoding=\"async\" src=\"https:\/\/institucional.us.es\/docgestra\/wp-content\/uploads\/2013\/12\/matricula.png\" alt=\"service-alt\" \/><\/a><\/div><\/div><h3>Matr\u00edcula<\/h3><p>Informaci\u00f3n y Orientaci\u00f3n para los estudiantes matriculados y sobre Recursos Materiales disponibles<\/p><\/div><\/div><\/div><\/div><\/div>\t\t\t\t\t\t\t\t<\/div>\n\t\t\t\t\t<\/div>\n\t\t\t\t<\/div>\n\t\t<div class=\"elementor-element elementor-element-084f909 e-flex e-con-boxed e-con e-parent\" data-id=\"084f909\" data-element_type=\"container\" data-e-type=\"container\">\n\t\t\t\t\t<div class=\"e-con-inner\">\n\t\t\t\t<div class=\"elementor-element elementor-element-e3d6f3d elementor-widget elementor-widget-text-editor\" data-id=\"e3d6f3d\" data-element_type=\"widget\" data-e-type=\"widget\" data-widget_type=\"text-editor.default\">\n\t\t\t\t\t\t\t\t\t<h2 style=\"text-align: center;\">EL DOCTORADO EN DATOS<\/h2><p>.<\/p>\t\t\t\t\t\t\t\t<\/div>\n\t\t\t\t\t<\/div>\n\t\t\t\t<\/div>\n\t\t<div class=\"elementor-element elementor-element-dc3c153 e-grid e-con-full e-con e-parent\" data-id=\"dc3c153\" data-element_type=\"container\" data-e-type=\"container\">\n\t\t\t\t<div class=\"elementor-element elementor-element-d68f11b elementor-widget elementor-widget-counter\" data-id=\"d68f11b\" data-element_type=\"widget\" data-e-type=\"widget\" data-widget_type=\"counter.default\">\n\t\t\t\t\t\t\t<div class=\"elementor-counter\">\n\t\t\t<div class=\"elementor-counter-title\">Profesores<\/div>\t\t\t<div class=\"elementor-counter-number-wrapper\">\n\t\t\t\t<span class=\"elementor-counter-number-prefix\"><\/span>\n\t\t\t\t<span class=\"elementor-counter-number\" data-duration=\"2000\" data-to-value=\"61\" data-from-value=\"0\" data-delimiter=\",\">0<\/span>\n\t\t\t\t<span class=\"elementor-counter-number-suffix\"><\/span>\n\t\t\t<\/div>\n\t\t<\/div>\n\t\t\t\t\t\t<\/div>\n\t\t\t\t<div class=\"elementor-element elementor-element-0dc661f elementor-widget elementor-widget-counter\" data-id=\"0dc661f\" data-element_type=\"widget\" data-e-type=\"widget\" data-widget_type=\"counter.default\">\n\t\t\t\t\t\t\t<div class=\"elementor-counter\">\n\t\t\t<div class=\"elementor-counter-title\">Profesores Internacionales<\/div>\t\t\t<div class=\"elementor-counter-number-wrapper\">\n\t\t\t\t<span class=\"elementor-counter-number-prefix\"><\/span>\n\t\t\t\t<span class=\"elementor-counter-number\" data-duration=\"2000\" data-to-value=\"10\" data-from-value=\"0\" data-delimiter=\",\">0<\/span>\n\t\t\t\t<span class=\"elementor-counter-number-suffix\"><\/span>\n\t\t\t<\/div>\n\t\t<\/div>\n\t\t\t\t\t\t<\/div>\n\t\t\t\t<div class=\"elementor-element elementor-element-c26f9e4 elementor-widget elementor-widget-counter\" data-id=\"c26f9e4\" data-element_type=\"widget\" data-e-type=\"widget\" data-widget_type=\"counter.default\">\n\t\t\t\t\t\t\t<div class=\"elementor-counter\">\n\t\t\t<div class=\"elementor-counter-title\">Grupos de Investigaci\u00f3n<\/div>\t\t\t<div class=\"elementor-counter-number-wrapper\">\n\t\t\t\t<span class=\"elementor-counter-number-prefix\"><\/span>\n\t\t\t\t<span class=\"elementor-counter-number\" data-duration=\"2000\" data-to-value=\"19\" data-from-value=\"0\" data-delimiter=\",\">0<\/span>\n\t\t\t\t<span class=\"elementor-counter-number-suffix\"><\/span>\n\t\t\t<\/div>\n\t\t<\/div>\n\t\t\t\t\t\t<\/div>\n\t\t\t\t<div class=\"elementor-element elementor-element-03bb370 elementor-widget elementor-widget-counter\" data-id=\"03bb370\" data-element_type=\"widget\" data-e-type=\"widget\" data-widget_type=\"counter.default\">\n\t\t\t\t\t\t\t<div class=\"elementor-counter\">\n\t\t\t<div class=\"elementor-counter-title\">Nuevas Plazas Anuales<\/div>\t\t\t<div class=\"elementor-counter-number-wrapper\">\n\t\t\t\t<span class=\"elementor-counter-number-prefix\"><\/span>\n\t\t\t\t<span class=\"elementor-counter-number\" data-duration=\"2000\" data-to-value=\"25\" data-from-value=\"0\" data-delimiter=\",\">0<\/span>\n\t\t\t\t<span class=\"elementor-counter-number-suffix\"><\/span>\n\t\t\t<\/div>\n\t\t<\/div>\n\t\t\t\t\t\t<\/div>\n\t\t\t\t<\/div>\n\t\t\t\t<\/div>\n\t\t","protected":false},"excerpt":{"rendered":"<p>Bienvenido al Programa de Doctorado en Gesti\u00f3n Estrat\u00e9gica y Negocios Internacionales Presentaci\u00f3n Informaci\u00f3n, Datos y Competencias del T\u00edtulo \u00a0 L\u00edneas de Investigaci\u00f3n Toda la informaci\u00f3n sobre las L\u00edneas de Investigaci\u00f3n del M\u00e1ster Acceso y Admisi\u00f3n Informaci\u00f3n para estudiantes de nuevo ingreso, Requisitos de Acceso, Admisi\u00f3n y Complementos de Formaci\u00f3n \u00a0 Matr\u00edcula Informaci\u00f3n y Orientaci\u00f3n para [&hellip;]<\/p>\n","protected":false},"author":1,"featured_media":0,"parent":0,"menu_order":0,"comment_status":"open","ping_status":"closed","template":"","meta":{"_kadence_starter_templates_imported_post":false,"footnotes":""},"class_list":["post-2386","page","type-page","status-publish","hentry"],"_links":{"self":[{"href":"https:\/\/institucional.us.es\/docgestra\/index.php?rest_route=\/wp\/v2\/pages\/2386","targetHints":{"allow":["GET"]}}],"collection":[{"href":"https:\/\/institucional.us.es\/docgestra\/index.php?rest_route=\/wp\/v2\/pages"}],"about":[{"href":"https:\/\/institucional.us.es\/docgestra\/index.php?rest_route=\/wp\/v2\/types\/page"}],"author":[{"embeddable":true,"href":"https:\/\/institucional.us.es\/docgestra\/index.php?rest_route=\/wp\/v2\/users\/1"}],"replies":[{"embeddable":true,"href":"https:\/\/institucional.us.es\/docgestra\/index.php?rest_route=%2Fwp%2Fv2%2Fcomments&post=2386"}],"version-history":[{"count":76,"href":"https:\/\/institucional.us.es\/docgestra\/index.php?rest_route=\/wp\/v2\/pages\/2386\/revisions"}],"predecessor-version":[{"id":7756,"href":"https:\/\/institucional.us.es\/docgestra\/index.php?rest_route=\/wp\/v2\/pages\/2386\/revisions\/7756"}],"wp:attachment":[{"href":"https:\/\/institucional.us.es\/docgestra\/index.php?rest_route=%2Fwp%2Fv2%2Fmedia&parent=2386"}],"curies":[{"name":"wp","href":"https:\/\/api.w.org\/{rel}","templated":true}]}}